{"id":9054,"date":"2018-11-21T13:21:27","date_gmt":"2018-11-21T13:21:27","guid":{"rendered":"http:\/\/e-booking.cz\/home-page\/"},"modified":"2022-07-16T14:24:25","modified_gmt":"2022-07-16T12:24:25","slug":"home-page","status":"publish","type":"page","link":"https:\/\/e-booking.cz\/es\/home-page\/","title":{"rendered":"Inicio"},"content":{"rendered":"<div class=\"wpb-content-wrapper\"><p>[vc_row full_width=\u00bbstretch_row_content\u00bb full_height=\u00bbyes\u00bb css=\u00bb.vc_custom_1600519981657{background-image: url(https:\/\/e-booking.cz\/wp-content\/uploads\/2019\/10\/4k-wallpaper-beach-bird-s-eye-view-2956470.jpg?id=14924) !important;background-position: center !important;background-repeat: no-repeat !important;background-size: cover !important;}\u00bb][vc_column]    <div class=\"search-form-wrapper auto-height-form-search normal mix st-search-form-bookingdcst-search-form-custom_2st-search-form-custom_1\">\n                    <h1 class=\"st-heading text-center\">Reserva tus vacaciones<\/h1>            <ul class=\"nav nav-tabs\" role=\"tablist\"><li role=\"bookingdc\" class=\"active\"><a href=\"#bookingdc\" aria-controls=\"bookingdc\" role=\"tab\" data-toggle=\"tab\">Hoteles<\/a><\/li><li role=\"custom_2\" class=\"\"><a href=\"#custom_2\" aria-controls=\"custom_2\" role=\"tab\" data-toggle=\"tab\">Vuelos<\/a><\/li><li role=\"custom_1\" class=\"\"><a href=\"#custom_1\" aria-controls=\"custom_1\" role=\"tab\" data-toggle=\"tab\">Coches<\/a><\/li><\/ul><div class=\"tab-content\"><div role=\"tabpanel\" class=\"tab-pane active\" id=\"bookingdc\"><div class=\"search-form hotel-search-form-home hotel-search-form in_tab\" >\r\n <ins class=\"bookingaff\" data-aid=\"1886718\" data-target_aid=\"1886718\" data-prod=\"nsb\" data-width=\"100%\" data-height=\"auto\" data-lang=\"es\">\n    <!-- Anything inside will go away once widget is loaded. -->\n        <a href=\"\/\/www.booking.com?aid=1886718\">Booking.com<\/a>\n<\/ins>\n<script type=\"text\/javascript\">\n    (function(d, sc, u) {\n      var s = d.createElement(sc), p = d.getElementsByTagName(sc)[0];\n      s.type = 'text\/javascript';\n      s.async = true;\n      s.src = u + '?v=' + (+new Date());\n      p.parentNode.insertBefore(s,p);\n      })(document, 'script', '\/\/aff.bstatic.com\/static\/affiliate_base\/js\/flexiproduct.js');\n<\/script><\/div>\r\n<\/div><div role=\"tabpanel\" class=\"tab-pane \" id=\"custom_2\"><div class=\"tab-content-inner in_tab\" >\n<script charset=\"utf-8\" type=\"text\/javascript\">\n    window.TP_FORM_SETTINGS = window.TP_FORM_SETTINGS || {};\n    window.TP_FORM_SETTINGS[\"a05f32bc94f1635f724616916bd24b3c\"] = {\n\t\"handle\": \"a05f32bc94f1635f724616916bd24b3c\",\n\t\"widget_name\": \"e-booking esp\",\n\t\"border_radius\": \"8\",\n\t\"additional_marker\": null,\n\t\"width\": null,\n\t\"show_logo\": false,\n\t\"show_hotels\": false,\n\t\"form_type\": \"avia\",\n\t\"locale\": \"es\",\n\t\"currency\": \"eur\",\n\t\"sizes\": \"default\",\n\t\"search_target\": \"_blank\",\n\t\"active_tab\": \"avia\",\n\t\"search_host\": \"search.e-booking.cz\/flights\",\n\t\"hotels_host\": \"search.hotellook.com\",\n\t\"hotel\": \"\",\n\t\"hotel_alt\": \"\",\n\t\"avia_alt\": \"\",\n\t\"retargeting\": true,\n\t\"trip_class\": \"economy\",\n\t\"depart_date\": null,\n\t\"return_date\": null,\n\t\"check_in_date\": null,\n\t\"check_out_date\": null,\n\t\"no_track\": false,\n\t\"powered_by\": false,\n\t\"id\": 209799,\n\t\"marker\": 240010,\n\t\"origin\": {\n\t\t\"name\": \"\"\n\t},\n\t\"destination\": {\n\t\t\"name\": \"\"\n\t},\n\t\"color_scheme\": {\n\t\t\"name\": \"custom\",\n\t\t\"icons\": \"icons_blue\",\n\t\t\"background\": \"#1a2b48\",\n\t\t\"color\": \"#ffffff\",\n\t\t\"border_color\": \"#c1c1c1\",\n\t\t\"button\": \"#0ca532\",\n\t\t\"button_text_color\": \"#ffffff\",\n\t\t\"input_border\": \"#ffffff\"\n\t},\n\t\"hotels_type\": \"hotellook_host\",\n\t\"best_offer\": {\n\t\t\"locale\": \"es\",\n\t\t\"currency\": \"eur\",\n\t\t\"marker\": 240010,\n\t\t\"search_host\": \"search.e-booking.cz\/flights\",\n\t\t\"offers_switch\": false,\n\t\t\"api_url\": \"\/\/minprices-jetradar.aviasales.ru\/minimal_prices\/offers.json\",\n\t\t\"routes\": []\n\t},\n\t\"hotel_logo_host\": null,\n\t\"search_logo_host\": \"jetradar.es\",\n\t\"hotel_marker_format\": null,\n\t\"hotelscombined_marker\": null,\n\t\"responsive\": true,\n\t\"height\": 409\n};\n<\/script>\n<script charset=\"utf-8\" src=\"\/\/old.travelpayouts.com\/widgets\/a05f32bc94f1635f724616916bd24b3c.js?v=1939\" async><\/script>\n<\/div>\n<\/div><div role=\"tabpanel\" class=\"tab-pane \" id=\"custom_1\"><div class=\"tab-content-inner in_tab\" >\n<script src=\"https:\/\/tp.media\/content?promo_id=4578&shmarker=240010&campaign_id=130&trs=31944&locale=es&powered_by=false&border_radius=5&plain=true&show_logo=true&color_background=%23FFFFFF&color_button=%230CA532\" charset=\"utf-8\"><\/script><\/div>\n<\/div><\/div>                <\/div>\n    [\/vc_column][\/vc_row][vc_row full_width=\u00bbstretch_row_content\u00bb css=\u00bb.vc_custom_1600519993582{padding-top: 20px !important;padding-bottom: 5px !important;}\u00bb][vc_column width=\u00bb1\/3&#8243;]<div class=\"st-featured-item image-left\">\r\n    <div class=\"image\">\r\n        <img decoding=\"async\" src=\"https:\/\/e-booking.cz\/wp-content\/uploads\/2018\/12\/ico_eath.svg\" class=\"img-responsive\" alt=\"\u00bfPor qu\u00e9 e-booking.cz?\">    <\/div>\r\n    <div class=\"content\">\r\n        <h3 class=\"title\">\u00bfPor qu\u00e9 e-booking.cz?<\/h3>\r\n        <div class=\"desc\">Todos los principales servicios de viajes con confirmaci\u00f3n instant\u00e1nea en un lugar.<\/div>\r\n    <\/div>\r\n<\/div>\r\n[\/vc_column][vc_column width=\u00bb1\/3&#8243;]<div class=\"st-featured-item image-left\">\r\n    <div class=\"image\">\r\n        <img decoding=\"async\" src=\"https:\/\/e-booking.cz\/wp-content\/uploads\/2018\/12\/ico_insurance.svg\" class=\"img-responsive\" alt=\"Nuestra experiencia\">    <\/div>\r\n    <div class=\"content\">\r\n        <h3 class=\"title\">Nuestra experiencia<\/h3>\r\n        <div class=\"desc\">Tenemos muchos a\u00f1os de experiencia en viajes.<\/div>\r\n    <\/div>\r\n<\/div>\r\n[\/vc_column][vc_column width=\u00bb1\/3&#8243;]<div class=\"st-featured-item image-left\">\r\n    <div class=\"image\">\r\n        <img decoding=\"async\" src=\"https:\/\/e-booking.cz\/wp-content\/uploads\/2018\/12\/ico_piggy-bank.svg\" class=\"img-responsive\" alt=\"Confianza\">    <\/div>\r\n    <div class=\"content\">\r\n        <h3 class=\"title\">Confianza<\/h3>\r\n        <div class=\"desc\">Ofertas confiables y transparentes de proveedores l\u00edderes<\/div>\r\n    <\/div>\r\n<\/div>\r\n[\/vc_column][\/vc_row][vc_row][vc_column][vc_empty_space][\/vc_column][\/vc_row][vc_row][vc_column][vc_column_text]<\/p>\n<h2 style=\"text-align: center;\">Vuelos al mejor precio<\/h2>\n<p>[\/vc_column_text][\/vc_column][\/vc_row][vc_row][vc_column width=\u00bb1\/4&#8243;][vc_hoverbox image=\u00bb15245&#8243; primary_title=\u00bbDubai\u00bb hover_title=\u00bbDubai\u00bb hover_background_color=\u00bbcustom\u00bb hover_btn_title=\u00bbBuscar\u00bb hover_btn_style=\u00bbcustom\u00bb hover_btn_custom_background=\u00bb#0ca532&#8243; hover_btn_custom_text=\u00bb#ffffff\u00bb hover_btn_size=\u00bblg\u00bb hover_add_button=\u00bbtrue\u00bb hover_custom_background=\u00bb#1a2b48&#8243; hover_btn_link=\u00bburl:https%3A%2F%2Fwww.pelikan.cz%2Fen%2Fakcni-letenky%2FAT%3ADXB%2CS%3AREC%3Fa_aid%3De-bookingcz|target:_blank\u00bb el_class=\u00bbebc-hover-button\u00bb]<\/p>\n<h5 class=\"title\" style=\"text-align: center;\"><span style=\"color: #ffffff;\">Busca los vuelos m\u00e1s baratos entre m\u00e1s de mil aerol\u00edneas<\/span><\/h5>\n<p>[\/vc_hoverbox][\/vc_column][vc_column width=\u00bb1\/4&#8243;][vc_hoverbox image=\u00bb15249&#8243; primary_title=\u00bbLos \u00c1ngeles\u00bb hover_title=\u00bbLos \u00c1ngeles\u00bb hover_background_color=\u00bbcustom\u00bb hover_btn_title=\u00bbBuscar\u00bb hover_btn_style=\u00bbcustom\u00bb hover_btn_custom_background=\u00bb#0ca532&#8243; hover_btn_custom_text=\u00bb#ffffff\u00bb hover_btn_size=\u00bblg\u00bb hover_add_button=\u00bbtrue\u00bb hover_custom_background=\u00bb#1a2b48&#8243; hover_btn_link=\u00bburl:https%3A%2F%2Fwww.pelikan.cz%2Fen%2Fakcni-letenky%2FAT%3ALAX%2CS%3AREC%3Fa_aid%3De-bookingcz|target:_blank\u00bb el_class=\u00bbebc-hover-button\u00bb]<\/p>\n<h5 class=\"title\" style=\"text-align: center;\"><span style=\"color: #ffffff;\">Busca los vuelos m\u00e1s baratos entre m\u00e1s de mil aerol\u00edneas<\/span><\/h5>\n<p>[\/vc_hoverbox][\/vc_column][vc_column width=\u00bb1\/4&#8243;][vc_hoverbox image=\u00bb13179&#8243; primary_title=\u00bbNueva York\u00bb hover_title=\u00bbNueva York\u00bb hover_background_color=\u00bbcustom\u00bb hover_btn_title=\u00bbBuscar\u00bb hover_btn_style=\u00bbcustom\u00bb hover_btn_custom_background=\u00bb#0ca532&#8243; hover_btn_custom_text=\u00bb#ffffff\u00bb hover_btn_size=\u00bblg\u00bb hover_add_button=\u00bbtrue\u00bb hover_custom_background=\u00bb#1a2b48&#8243; hover_btn_link=\u00bburl:https%3A%2F%2Fwww.pelikan.cz%2Fen%2Fakcni-letenky%2FAT%3ANYC%2CS%3AREC%3Fa_aid%3De-bookingcz|target:_blank\u00bb el_class=\u00bbebc-hover-button\u00bb]<\/p>\n<h5 class=\"title\" style=\"text-align: center;\"><span style=\"color: #ffffff;\">Busca los vuelos m\u00e1s baratos entre m\u00e1s de mil aerol\u00edneas<\/span><\/h5>\n<p>[\/vc_hoverbox][\/vc_column][vc_column width=\u00bb1\/4&#8243;][vc_hoverbox image=\u00bb13616&#8243; primary_title=\u00bbPhuket\u00bb hover_title=\u00bbPhuket\u00bb hover_background_color=\u00bbcustom\u00bb hover_btn_title=\u00bbBuscar\u00bb hover_btn_style=\u00bbcustom\u00bb hover_btn_custom_background=\u00bb#0ca532&#8243; hover_btn_custom_text=\u00bb#ffffff\u00bb hover_btn_size=\u00bblg\u00bb hover_add_button=\u00bbtrue\u00bb hover_custom_background=\u00bb#1a2b48&#8243; hover_btn_link=\u00bburl:https%3A%2F%2Fwww.pelikan.cz%2Fen%2Fakcni-letenky%2FAT%3AHKT%2CS%3AREC%3Fa_aid%3De-bookingcz|target:_blank\u00bb el_class=\u00bbebc-hover-button\u00bb]<\/p>\n<h5 class=\"title\" style=\"text-align: center;\"><span style=\"color: #ffffff;\">Busca los vuelos m\u00e1s baratos entre m\u00e1s de mil aerol\u00edneas<\/span><\/h5>\n<p>[\/vc_hoverbox][\/vc_column][\/vc_row][vc_row][vc_column][vc_empty_space][\/vc_column][\/vc_row][vc_row][vc_column width=\u00bb1\/4&#8243;][vc_hoverbox image=\u00bb14748&#8243; primary_title=\u00bbRoma\u00bb hover_title=\u00bbRoma\u00bb hover_background_color=\u00bbcustom\u00bb hover_btn_title=\u00bbBuscar\u00bb hover_btn_style=\u00bbcustom\u00bb hover_btn_custom_background=\u00bb#0ca532&#8243; hover_btn_custom_text=\u00bb#ffffff\u00bb hover_btn_size=\u00bblg\u00bb hover_add_button=\u00bbtrue\u00bb hover_custom_background=\u00bb#1a2b48&#8243; hover_btn_link=\u00bburl:https%3A%2F%2Fwww.pelikan.cz%2Fen%2Fakcni-letenky%2FAT%3AROM%2CS%3AREC%3Fa_aid%3De-bookingcz|target:_blank\u00bb el_class=\u00bbebc-hover-button\u00bb]<\/p>\n<h5 class=\"title\" style=\"text-align: center;\"><span style=\"color: #ffffff;\">Busca los vuelos m\u00e1s baratos entre m\u00e1s de mil aerol\u00edneas<\/span><\/h5>\n<p>[\/vc_hoverbox][\/vc_column][vc_column width=\u00bb1\/4&#8243;][vc_hoverbox image=\u00bb14751&#8243; primary_title=\u00bbParis\u00bb hover_title=\u00bbParis\u00bb hover_background_color=\u00bbcustom\u00bb hover_btn_title=\u00bbBuscar\u00bb hover_btn_style=\u00bbcustom\u00bb hover_btn_custom_background=\u00bb#0ca532&#8243; hover_btn_custom_text=\u00bb#ffffff\u00bb hover_btn_size=\u00bblg\u00bb hover_add_button=\u00bbtrue\u00bb hover_custom_background=\u00bb#1a2b48&#8243; hover_btn_link=\u00bburl:https%3A%2F%2Fwww.pelikan.cz%2Fen%2Fakcni-letenky%2FAT%3APAR%2CS%3AREC%3Fa_aid%3De-bookingcz|target:_blank\u00bb el_class=\u00bbebc-hover-button\u00bb]<\/p>\n<h5 class=\"title\" style=\"text-align: center;\"><span style=\"color: #ffffff;\">Busca los vuelos m\u00e1s baratos entre m\u00e1s de mil aerol\u00edneas<\/span><\/h5>\n<p>[\/vc_hoverbox][\/vc_column][vc_column width=\u00bb1\/4&#8243;][vc_hoverbox image=\u00bb14700&#8243; primary_title=\u00bbLondres\u00bb hover_title=\u00bbLondres\u00bb hover_background_color=\u00bbcustom\u00bb hover_btn_title=\u00bbBuscar\u00bb hover_btn_style=\u00bbcustom\u00bb hover_btn_custom_background=\u00bb#0ca532&#8243; hover_btn_custom_text=\u00bb#ffffff\u00bb hover_btn_size=\u00bblg\u00bb hover_add_button=\u00bbtrue\u00bb hover_custom_background=\u00bb#1a2b48&#8243; hover_btn_link=\u00bburl:https%3A%2F%2Fwww.pelikan.cz%2Fen%2Fakcni-letenky%2FAT%3ALON%2CS%3AREC%3Fa_aid%3De-bookingcz|target:_blank\u00bb el_class=\u00bbebc-hover-button\u00bb]<\/p>\n<h5 class=\"title\" style=\"text-align: center;\"><span style=\"color: #ffffff;\">Busca los vuelos m\u00e1s baratos entre m\u00e1s de mil aerol\u00edneas<\/span><\/h5>\n<p>[\/vc_hoverbox][\/vc_column][vc_column width=\u00bb1\/4&#8243;][vc_hoverbox image=\u00bb15232&#8243; primary_title=\u00bbBarcelona\u00bb hover_title=\u00bbBarcelona\u00bb hover_background_color=\u00bbcustom\u00bb hover_btn_title=\u00bbBuscar\u00bb hover_btn_style=\u00bbcustom\u00bb hover_btn_custom_background=\u00bb#0ca532&#8243; hover_btn_custom_text=\u00bb#ffffff\u00bb hover_btn_size=\u00bblg\u00bb hover_add_button=\u00bbtrue\u00bb hover_custom_background=\u00bb#1a2b48&#8243; hover_btn_link=\u00bburl:https%3A%2F%2Fwww.pelikan.cz%2Fen%2Fakcni-letenky%2FAT%3ABCN%2CS%3AREC%3Fa_aid%3De-bookingcz|target:_blank\u00bb el_class=\u00bbebc-hover-button\u00bb]<\/p>\n<h5 class=\"title\" style=\"text-align: center;\"><span style=\"color: #ffffff;\">Busca los vuelos m\u00e1s baratos entre m\u00e1s de mil aerol\u00edneas<\/span><\/h5>\n<p>[\/vc_hoverbox][\/vc_column][\/vc_row][vc_row][vc_column][vc_empty_space][\/vc_column][\/vc_row][vc_row][vc_column][vc_facebook][\/vc_column][\/vc_row][vc_row][vc_column][vc_empty_space][\/vc_column][\/vc_row][vc_row][vc_column][vc_column_text]<\/p>\n<h2 style=\"text-align: center;\">Encuentra las mejores ofertas de entradas atracciones<\/h2>\n<p>[\/vc_column_text][\/vc_column][\/vc_row][vc_row][vc_column][vc_raw_html]JTNDZGl2JTIwZGF0YS1neWctaHJlZiUzRCUyMmh0dHBzJTNBJTJGJTJGd2lkZ2V0LmdldHlvdXJndWlkZS5jb20lMkZkZWZhdWx0JTJGYWN0aXZpdGVzLmZyYW1lJTIyJTIwZGF0YS1neWctbG9jYWxlLWNvZGUlM0QlMjJlcy1FUyUyMiUyMGRhdGEtZ3lnLXdpZGdldCUzRCUyMmFjdGl2aXRpZXMlMjIlMjBkYXRhLWd5Zy1udW1iZXItb2YtaXRlbXMlM0QlMjI0JTIyJTIwZGF0YS1neWctY3VycmVuY3klM0QlMjJFVVIlMjIlMjBkYXRhLWd5Zy1wYXJ0bmVyLWlkJTNEJTIyVEVaWjcwNiUyMiUyMGRhdGEtZ3lnLXRvdXItaWRzJTNEJTIyMTMwMjAzJTJDMTcwNDUxJTJDMjE3NTI3JTJDMjg4ODA1JTJDNDkwMTklMkMxNzQ0MjklMkMxNDE2NDglMkMxOTUyODQlMjIlM0UlM0MlMkZkaXYlM0U=[\/vc_raw_html][\/vc_column][\/vc_row][vc_row][vc_column][vc_raw_html]JTNDc2NyaXB0JTIwYXN5bmMlMjBkZWZlciUyMHNyYyUzRCUyMmh0dHBzJTNBJTJGJTJGd2lkZ2V0LmdldHlvdXJndWlkZS5jb20lMkZ2MiUyRndpZGdldC5qcyUyMiUzRSUzQyUyRnNjcmlwdCUzRQ==[\/vc_raw_html][\/vc_column][\/vc_row][vc_row][vc_column][vc_empty_space][\/vc_column][\/vc_row][vc_row][vc_column][vc_column_text]<\/p>\n<h2 style=\"text-align: center;\">Hoteles<\/h2>\n<p>[\/vc_column_text][\/vc_column][\/vc_row][vc_row][vc_column width=\u00bb1\/3&#8243;][vc_column_text]<\/p>\n<h3>Nueva York<\/h3>\n<p>[\/vc_column_text][vc_raw_html]JTNDc2NyaXB0JTIwYXN5bmMlMjBzcmMlM0QlMjIlMkYlMkZ3d3cudHJhdmVscGF5b3V0cy5jb20lMkZibGlzc2V5JTJGc2NyaXB0c19lcy5qcyUzRmNhdGVnb3JpZXMlM0Rwb3B1bGFyaXR5JTI1MkNjZW50ZXIlMjUyQ3ByaWNlJTI2aWQlM0Q3ODk2JTI2dHlwZSUzRGNvbXBhY3QlMjZjdXJyZW5jeSUzRGV1ciUyNmhvc3QlM0RzZWFyY2guaG90ZWxsb29rLmNvbSUyNm1hcmtlciUzRDI0MDAxMC4lMjZsaW1pdCUzRDQlMjZwb3dlcmVkX2J5JTNEdHJ1ZSUyMiUyMGNoYXJzZXQlM0QlMjJVVEYtOCUyMiUzRSUzQyUyRnNjcmlwdCUzRQ==[\/vc_raw_html][\/vc_column][vc_column width=\u00bb1\/3&#8243;][vc_column_text]<\/p>\n<h3>Par\u00eds<\/h3>\n<p>[\/vc_column_text][vc_raw_html]JTNDc2NyaXB0JTIwYXN5bmMlMjBzcmMlM0QlMjIlMkYlMkZ3d3cudHJhdmVscGF5b3V0cy5jb20lMkZibGlzc2V5JTJGc2NyaXB0c19lcy5qcyUzRmNhdGVnb3JpZXMlM0Rwb3B1bGFyaXR5JTI1MkNjZW50ZXIlMjUyQ3ByaWNlJTI2aWQlM0QxNTU0MiUyNnR5cGUlM0Rjb21wYWN0JTI2Y3VycmVuY3klM0RldXIlMjZob3N0JTNEc2VhcmNoLmhvdGVsbG9vay5jb20lMjZtYXJrZXIlM0QyNDAwMTAuJTI2bGltaXQlM0Q0JTI2cG93ZXJlZF9ieSUzRHRydWUlMjIlMjBjaGFyc2V0JTNEJTIyVVRGLTglMjIlM0UlM0MlMkZzY3JpcHQlM0U=[\/vc_raw_html][\/vc_column][vc_column width=\u00bb1\/3&#8243;][vc_column_text]<\/p>\n<h3>Londres<\/h3>\n<p>[\/vc_column_text][vc_raw_html]JTNDc2NyaXB0JTIwYXN5bmMlMjBzcmMlM0QlMjIlMkYlMkZ3d3cudHJhdmVscGF5b3V0cy5jb20lMkZibGlzc2V5JTJGc2NyaXB0c19lcy5qcyUzRmNhdGVnb3JpZXMlM0Rwb3B1bGFyaXR5JTI1MkNjZW50ZXIlMjUyQ3ByaWNlJTI2aWQlM0QyMDg1NyUyNnR5cGUlM0Rjb21wYWN0JTI2Y3VycmVuY3klM0RldXIlMjZob3N0JTNEc2VhcmNoLmhvdGVsbG9vay5jb20lMjZtYXJrZXIlM0QyNDAwMTAuJTI2bGltaXQlM0Q0JTI2cG93ZXJlZF9ieSUzRHRydWUlMjIlMjBjaGFyc2V0JTNEJTIyVVRGLTglMjIlM0UlM0MlMkZzY3JpcHQlM0U=[\/vc_raw_html][\/vc_column][\/vc_row][vc_row][vc_column][vc_empty_space][\/vc_column][\/vc_row][vc_row][vc_column][vc_facebook][\/vc_column][\/vc_row]<\/p>\n<\/div>","protected":false},"excerpt":{"rendered":"<p>[vc_row full_width=\u00bbstretch_row_content\u00bb full_height=\u00bbyes\u00bb css=\u00bb.vc_custom_1600519981657{background-image: url(https:\/\/e-booking.cz\/wp-content\/uploads\/2019\/10\/4k-wallpaper-beach-bird-s-eye-view-2956470.jpg?id=14924) !important;background-position: center !important;background-repeat: no-repeat !important;background-size: cover !important;}\u00bb][vc_column][\/vc_column][\/vc_row][vc_row full_width=\u00bbstretch_row_content\u00bb css=\u00bb.vc_custom_1600519993582{padding-top: 20px !important;padding-bottom: 5px !important;}\u00bb][vc_column width=\u00bb1\/3&#8243;][\/vc_column][vc_column width=\u00bb1\/3&#8243;][\/vc_column][vc_column width=\u00bb1\/3&#8243;][\/vc_column][\/vc_row][vc_row][vc_column][vc_empty_space][\/vc_column][\/vc_row][vc_row][vc_column][vc_column_text] Vuelos al mejor precio [\/vc_column_text][\/vc_column][\/vc_row][vc_row][vc_column width=\u00bb1\/4&#8243;][vc_hoverbox image=\u00bb15245&#8243; primary_title=\u00bbDubai\u00bb hover_title=\u00bbDubai\u00bb hover_background_color=\u00bbcustom\u00bb hover_btn_title=\u00bbBuscar\u00bb hover_btn_style=\u00bbcustom\u00bb hover_btn_custom_background=\u00bb#0ca532&#8243; hover_btn_custom_text=\u00bb#ffffff\u00bb hover_btn_size=\u00bblg\u00bb hover_add_button=\u00bbtrue\u00bb hover_custom_background=\u00bb#1a2b48&#8243; hover_btn_link=\u00bburl:https%3A%2F%2Fwww.pelikan.cz%2Fen%2Fakcni-letenky%2FAT%3ADXB%2CS%3AREC%3Fa_aid%3De-bookingcz|target:_blank\u00bb el_class=\u00bbebc-hover-button\u00bb] Busca los vuelos m\u00e1s baratos entre m\u00e1s de mil aerol\u00edneas [\/vc_hoverbox][\/vc_column][vc_column width=\u00bb1\/4&#8243;][vc_hoverbox image=\u00bb15249&#8243; primary_title=\u00bbLos \u00c1ngeles\u00bb [&hellip;]<\/p>\n","protected":false},"author":1,"featured_media":0,"parent":0,"menu_order":0,"comment_status":"closed","ping_status":"closed","template":"template-home-modern.php","meta":{"footnotes":""},"class_list":["post-9054","page","type-page","status-publish","has-post-thumbnail","hentry"],"yoast_head":"<!-- This site is optimized with the Yoast SEO Premium plugin v26.1 (Yoast SEO v27.2) - https:\/\/yoast.com\/product\/yoast-seo-premium-wordpress\/ -->\n<title>Reserva tu vuelo m\u00e1s hotel barato con e-booking.cz<\/title>\n<meta name=\"description\" content=\"Encuentra los vuelos y hoteles m\u00e1s baratos. Sin Gastos Extras. Precio Final Garantizado. Tipos: Viajes, Vuelo Hotel, Ofertas.\" \/>\n<meta name=\"robots\" content=\"index, follow, max-snippet:-1, max-image-preview:large, max-video-preview:-1\" \/>\n<link rel=\"canonical\" href=\"https:\/\/e-booking.cz\/es\/home-page\/\" \/>\n<meta name=\"twitter:card\" content=\"summary_large_image\" \/>\n<meta name=\"twitter:title\" content=\"Reserva tu vuelo m\u00e1s hotel barato con e-booking.cz\" \/>\n<meta name=\"twitter:description\" content=\"Encuentra los vuelos y hoteles m\u00e1s baratos. Sin Gastos Extras. Precio Final Garantizado. Tipos: Viajes, Vuelo Hotel, Ofertas.\" \/>\n<meta name=\"twitter:site\" content=\"@EBookingcz\" \/>\n<meta name=\"twitter:label1\" content=\"Tiempo de lectura\" \/>\n\t<meta name=\"twitter:data1\" content=\"8 minutos\" \/>\n<script type=\"application\/ld+json\" class=\"yoast-schema-graph\">{\"@context\":\"https:\/\/schema.org\",\"@graph\":[{\"@type\":\"WebPage\",\"@id\":\"https:\/\/e-booking.cz\/es\/home-page\/\",\"url\":\"https:\/\/e-booking.cz\/es\/home-page\/\",\"name\":\"Reserva tu vuelo m\u00e1s hotel barato con e-booking.cz\",\"isPartOf\":{\"@id\":\"https:\/\/e-booking.cz\/#website\"},\"datePublished\":\"2018-11-21T13:21:27+00:00\",\"dateModified\":\"2022-07-16T12:24:25+00:00\",\"description\":\"Encuentra los vuelos y hoteles m\u00e1s baratos. Sin Gastos Extras. Precio Final Garantizado. Tipos: Viajes, Vuelo Hotel, Ofertas.\",\"breadcrumb\":{\"@id\":\"https:\/\/e-booking.cz\/es\/home-page\/#breadcrumb\"},\"inLanguage\":\"es\",\"potentialAction\":[{\"@type\":\"ReadAction\",\"target\":[\"https:\/\/e-booking.cz\/es\/home-page\/\"]}]},{\"@type\":\"BreadcrumbList\",\"@id\":\"https:\/\/e-booking.cz\/es\/home-page\/#breadcrumb\",\"itemListElement\":[{\"@type\":\"ListItem\",\"position\":1,\"name\":\"Dom\u016f\",\"item\":\"https:\/\/e-booking.cz\/es\/\"},{\"@type\":\"ListItem\",\"position\":2,\"name\":\"Inicio\"}]},{\"@type\":\"WebSite\",\"@id\":\"https:\/\/e-booking.cz\/#website\",\"url\":\"https:\/\/e-booking.cz\/\",\"name\":\"e-booking.cz\",\"description\":\"\",\"publisher\":{\"@id\":\"https:\/\/e-booking.cz\/#organization\"},\"potentialAction\":[{\"@type\":\"SearchAction\",\"target\":{\"@type\":\"EntryPoint\",\"urlTemplate\":\"https:\/\/e-booking.cz\/?s={search_term_string}\"},\"query-input\":{\"@type\":\"PropertyValueSpecification\",\"valueRequired\":true,\"valueName\":\"search_term_string\"}}],\"inLanguage\":\"es\"},{\"@type\":\"Organization\",\"@id\":\"https:\/\/e-booking.cz\/#organization\",\"name\":\"e-booking.cz\",\"url\":\"https:\/\/e-booking.cz\/\",\"logo\":{\"@type\":\"ImageObject\",\"inLanguage\":\"es\",\"@id\":\"https:\/\/e-booking.cz\/#\/schema\/logo\/image\/\",\"url\":\"https:\/\/e-booking.cz\/wp-content\/uploads\/2019\/08\/logo-ebooking-e1565277525708.png\",\"contentUrl\":\"https:\/\/e-booking.cz\/wp-content\/uploads\/2019\/08\/logo-ebooking-e1565277525708.png\",\"width\":130,\"height\":24,\"caption\":\"e-booking.cz\"},\"image\":{\"@id\":\"https:\/\/e-booking.cz\/#\/schema\/logo\/image\/\"},\"sameAs\":[\"https:\/\/www.facebook.com\/ebookingcz\",\"https:\/\/x.com\/EBookingcz\",\"https:\/\/www.instagram.com\/ebooking.cz\/\"]}]}<\/script>\n<!-- \/ Yoast SEO Premium plugin. -->","yoast_head_json":{"title":"Reserva tu vuelo m\u00e1s hotel barato con e-booking.cz","description":"Encuentra los vuelos y hoteles m\u00e1s baratos. Sin Gastos Extras. Precio Final Garantizado. Tipos: Viajes, Vuelo Hotel, Ofertas.","robots":{"index":"index","follow":"follow","max-snippet":"max-snippet:-1","max-image-preview":"max-image-preview:large","max-video-preview":"max-video-preview:-1"},"canonical":"https:\/\/e-booking.cz\/es\/home-page\/","twitter_card":"summary_large_image","twitter_title":"Reserva tu vuelo m\u00e1s hotel barato con e-booking.cz","twitter_description":"Encuentra los vuelos y hoteles m\u00e1s baratos. Sin Gastos Extras. Precio Final Garantizado. Tipos: Viajes, Vuelo Hotel, Ofertas.","twitter_site":"@EBookingcz","twitter_misc":{"Tiempo de lectura":"8 minutos"},"schema":{"@context":"https:\/\/schema.org","@graph":[{"@type":"WebPage","@id":"https:\/\/e-booking.cz\/es\/home-page\/","url":"https:\/\/e-booking.cz\/es\/home-page\/","name":"Reserva tu vuelo m\u00e1s hotel barato con e-booking.cz","isPartOf":{"@id":"https:\/\/e-booking.cz\/#website"},"datePublished":"2018-11-21T13:21:27+00:00","dateModified":"2022-07-16T12:24:25+00:00","description":"Encuentra los vuelos y hoteles m\u00e1s baratos. Sin Gastos Extras. Precio Final Garantizado. Tipos: Viajes, Vuelo Hotel, Ofertas.","breadcrumb":{"@id":"https:\/\/e-booking.cz\/es\/home-page\/#breadcrumb"},"inLanguage":"es","potentialAction":[{"@type":"ReadAction","target":["https:\/\/e-booking.cz\/es\/home-page\/"]}]},{"@type":"BreadcrumbList","@id":"https:\/\/e-booking.cz\/es\/home-page\/#breadcrumb","itemListElement":[{"@type":"ListItem","position":1,"name":"Dom\u016f","item":"https:\/\/e-booking.cz\/es\/"},{"@type":"ListItem","position":2,"name":"Inicio"}]},{"@type":"WebSite","@id":"https:\/\/e-booking.cz\/#website","url":"https:\/\/e-booking.cz\/","name":"e-booking.cz","description":"","publisher":{"@id":"https:\/\/e-booking.cz\/#organization"},"potentialAction":[{"@type":"SearchAction","target":{"@type":"EntryPoint","urlTemplate":"https:\/\/e-booking.cz\/?s={search_term_string}"},"query-input":{"@type":"PropertyValueSpecification","valueRequired":true,"valueName":"search_term_string"}}],"inLanguage":"es"},{"@type":"Organization","@id":"https:\/\/e-booking.cz\/#organization","name":"e-booking.cz","url":"https:\/\/e-booking.cz\/","logo":{"@type":"ImageObject","inLanguage":"es","@id":"https:\/\/e-booking.cz\/#\/schema\/logo\/image\/","url":"https:\/\/e-booking.cz\/wp-content\/uploads\/2019\/08\/logo-ebooking-e1565277525708.png","contentUrl":"https:\/\/e-booking.cz\/wp-content\/uploads\/2019\/08\/logo-ebooking-e1565277525708.png","width":130,"height":24,"caption":"e-booking.cz"},"image":{"@id":"https:\/\/e-booking.cz\/#\/schema\/logo\/image\/"},"sameAs":["https:\/\/www.facebook.com\/ebookingcz","https:\/\/x.com\/EBookingcz","https:\/\/www.instagram.com\/ebooking.cz\/"]}]}},"_links":{"self":[{"href":"https:\/\/e-booking.cz\/es\/wp-json\/wp\/v2\/pages\/9054","targetHints":{"allow":["GET"]}}],"collection":[{"href":"https:\/\/e-booking.cz\/es\/wp-json\/wp\/v2\/pages"}],"about":[{"href":"https:\/\/e-booking.cz\/es\/wp-json\/wp\/v2\/types\/page"}],"author":[{"embeddable":true,"href":"https:\/\/e-booking.cz\/es\/wp-json\/wp\/v2\/users\/1"}],"replies":[{"embeddable":true,"href":"https:\/\/e-booking.cz\/es\/wp-json\/wp\/v2\/comments?post=9054"}],"version-history":[{"count":43,"href":"https:\/\/e-booking.cz\/es\/wp-json\/wp\/v2\/pages\/9054\/revisions"}],"predecessor-version":[{"id":46463,"href":"https:\/\/e-booking.cz\/es\/wp-json\/wp\/v2\/pages\/9054\/revisions\/46463"}],"wp:attachment":[{"href":"https:\/\/e-booking.cz\/es\/wp-json\/wp\/v2\/media?parent=9054"}],"curies":[{"name":"wp","href":"https:\/\/api.w.org\/{rel}","templated":true}]}}