{"id":8205,"date":"2019-01-11T08:28:00","date_gmt":"2019-01-11T08:28:00","guid":{"rendered":"http:\/\/shinetheme.com\/travelerdata\/hotel\/?page_id=8205"},"modified":"2024-07-16T18:43:16","modified_gmt":"2024-07-16T16:43:16","slug":"cestovnipojisteni","status":"publish","type":"page","link":"https:\/\/e-booking.cz\/es\/cestovnipojisteni\/","title":{"rendered":"Cestovn\u00ed poji\u0161t\u011bn\u00ed"},"content":{"rendered":"<div class=\"wpb-content-wrapper\"><p>[vc_row][vc_column][vc_empty_space][vc_raw_html]JTNDaWZyYW1lJTIwc3JjJTNEJTIyaHR0cHMlM0ElMkYlMkZlc3BvbHVwcmFjZWN6LmdvMmNsb3VkLm9yZyUyRmFmZl9jJTNGb2ZmZXJfaWQlM0QyJTI2YWZmX2lkJTNEMjI2NjMlMjZmaWxlX2lkJTNENDI4NzclMjZ1cmxfaWQlM0QxOTkzJTI2dXRtX3Rlcm0lM0QxOTkzJTIyJTIwd2lkdGglM0QlMjIxMDAlMjUlMjIlMjBoZWlnaHQlM0QlMjIzODAwJTIyJTIwZnJhbWVib3JkZXIlM0QlMjIwJTIyJTIwc2Nyb2xsaW5nJTNEJTIybm8lMjIlM0UlM0MlMkZpZnJhbWUlM0UlM0NpbWclMjBzcmMlM0QlMjJodHRwcyUzQSUyRiUyRmVzcG9sdXByYWNlY3ouZ28yY2xvdWQub3JnJTJGYWZmX2klM0ZvZmZlcl9pZCUzRDIlMjZmaWxlX2lkJTNENDI4NzclMjZhZmZfaWQlM0QyMjY2MyUyMiUyMHdpZHRoJTNEJTIyMCUyMiUyMGhlaWdodCUzRCUyMjAlMjIlMjBzdHlsZSUzRCUyMnBvc2l0aW9uJTNBYWJzb2x1dGUlM0J2aXNpYmlsaXR5JTNBaGlkZGVuJTNCJTIyJTIwYm9yZGVyJTNEJTIyMCUyMiUyMCUyRiUzRQ==[\/vc_raw_html][\/vc_column][\/vc_row]<\/p>\n<\/div>","protected":false},"excerpt":{"rendered":"<p>[vc_row][vc_column][vc_empty_space][vc_raw_html]JTNDaWZyYW1lJTIwc3JjJTNEJTIyaHR0cHMlM0ElMkYlMkZlc3BvbHVwcmFjZWN6LmdvMmNsb3VkLm9yZyUyRmFmZl9jJTNGb2ZmZXJfaWQlM0QyJTI2YWZmX2lkJTNEMjI2NjMlMjZmaWxlX2lkJTNENDI4NzclMjZ1cmxfaWQlM0QxOTkzJTI2dXRtX3Rlcm0lM0QxOTkzJTIyJTIwd2lkdGglM0QlMjIxMDAlMjUlMjIlMjBoZWlnaHQlM0QlMjIzODAwJTIyJTIwZnJhbWVib3JkZXIlM0QlMjIwJTIyJTIwc2Nyb2xsaW5nJTNEJTIybm8lMjIlM0UlM0MlMkZpZnJhbWUlM0UlM0NpbWclMjBzcmMlM0QlMjJodHRwcyUzQSUyRiUyRmVzcG9sdXByYWNlY3ouZ28yY2xvdWQub3JnJTJGYWZmX2klM0ZvZmZlcl9pZCUzRDIlMjZmaWxlX2lkJTNENDI4NzclMjZhZmZfaWQlM0QyMjY2MyUyMiUyMHdpZHRoJTNEJTIyMCUyMiUyMGhlaWdodCUzRCUyMjAlMjIlMjBzdHlsZSUzRCUyMnBvc2l0aW9uJTNBYWJzb2x1dGUlM0J2aXNpYmlsaXR5JTNBaGlkZGVuJTNCJTIyJTIwYm9yZGVyJTNEJTIyMCUyMiUyMCUyRiUzRQ==[\/vc_raw_html][\/vc_column][\/vc_row]<\/p>\n","protected":false},"author":1,"featured_media":49830,"parent":0,"menu_order":0,"comment_status":"closed","ping_status":"closed","template":"template-home-modern.php","meta":{"footnotes":""},"class_list":["post-8205","page","type-page","status-publish","has-post-thumbnail","hentry"],"yoast_head":"<!-- This site is optimized with the Yoast SEO Premium plugin v26.1 (Yoast SEO v27.2) - https:\/\/yoast.com\/product\/yoast-seo-premium-wordpress\/ -->\n<title>Cestovn\u00ed poji\u0161t\u011bn\u00ed pro radost a pocit bezpe\u010d\u00ed z cestov\u00e1n\u00ed- e-booking.cz<\/title>\n<meta name=\"description\" content=\"Pro pohodln\u00e9 cestov\u00e1n\u00ed bez obav. Vyberete si z na\u0161\u00ed nab\u00eddky n\u011bkolika poji\u0161\u0165oven, zapla\u0165te kartou, v\u0161e v\u00e1m po\u0161leme na e-mail a m\u016f\u017eete vyrazit.\" \/>\n<meta name=\"robots\" content=\"index, follow, max-snippet:-1, max-image-preview:large, max-video-preview:-1\" \/>\n<link rel=\"canonical\" href=\"https:\/\/e-booking.cz\/cestovnipojisteni\/\" \/>\n<meta name=\"twitter:card\" content=\"summary_large_image\" \/>\n<meta name=\"twitter:title\" content=\"Cestovn\u00ed poji\u0161t\u011bn\u00ed pro radost a pocit bezpe\u010d\u00ed z cestov\u00e1n\u00ed- e-booking.cz\" \/>\n<meta name=\"twitter:description\" content=\"Pro pohodln\u00e9 cestov\u00e1n\u00ed bez obav. Vyberete si z na\u0161\u00ed nab\u00eddky n\u011bkolika poji\u0161\u0165oven, zapla\u0165te kartou, v\u0161e v\u00e1m po\u0161leme na e-mail a m\u016f\u017eete vyrazit.\" \/>\n<meta name=\"twitter:image\" content=\"https:\/\/e-booking.cz\/wp-content\/uploads\/2023\/05\/tmave_modra.png\" \/>\n<meta name=\"twitter:site\" content=\"@EBookingcz\" \/>\n<meta name=\"twitter:label1\" content=\"Tiempo de lectura\" \/>\n\t<meta name=\"twitter:data1\" content=\"1 minuto\" \/>\n<script type=\"application\/ld+json\" class=\"yoast-schema-graph\">{\"@context\":\"https:\/\/schema.org\",\"@graph\":[{\"@type\":\"WebPage\",\"@id\":\"https:\/\/e-booking.cz\/cestovnipojisteni\/\",\"url\":\"https:\/\/e-booking.cz\/cestovnipojisteni\/\",\"name\":\"Cestovn\u00ed poji\u0161t\u011bn\u00ed pro radost a pocit bezpe\u010d\u00ed z cestov\u00e1n\u00ed- e-booking.cz\",\"isPartOf\":{\"@id\":\"https:\/\/e-booking.cz\/#website\"},\"primaryImageOfPage\":{\"@id\":\"https:\/\/e-booking.cz\/cestovnipojisteni\/#primaryimage\"},\"image\":{\"@id\":\"https:\/\/e-booking.cz\/cestovnipojisteni\/#primaryimage\"},\"thumbnailUrl\":\"https:\/\/e-booking.cz\/wp-content\/uploads\/2023\/05\/tmave_modra.png\",\"datePublished\":\"2019-01-11T08:28:00+00:00\",\"dateModified\":\"2024-07-16T16:43:16+00:00\",\"description\":\"Pro pohodln\u00e9 cestov\u00e1n\u00ed bez obav. Vyberete si z na\u0161\u00ed nab\u00eddky n\u011bkolika poji\u0161\u0165oven, zapla\u0165te kartou, v\u0161e v\u00e1m po\u0161leme na e-mail a m\u016f\u017eete vyrazit.\",\"breadcrumb\":{\"@id\":\"https:\/\/e-booking.cz\/cestovnipojisteni\/#breadcrumb\"},\"inLanguage\":\"es\",\"potentialAction\":[{\"@type\":\"ReadAction\",\"target\":[\"https:\/\/e-booking.cz\/cestovnipojisteni\/\"]}]},{\"@type\":\"ImageObject\",\"inLanguage\":\"es\",\"@id\":\"https:\/\/e-booking.cz\/cestovnipojisteni\/#primaryimage\",\"url\":\"https:\/\/e-booking.cz\/wp-content\/uploads\/2023\/05\/tmave_modra.png\",\"contentUrl\":\"https:\/\/e-booking.cz\/wp-content\/uploads\/2023\/05\/tmave_modra.png\",\"width\":1200,\"height\":400,\"caption\":\"back, pozadi, color\"},{\"@type\":\"BreadcrumbList\",\"@id\":\"https:\/\/e-booking.cz\/cestovnipojisteni\/#breadcrumb\",\"itemListElement\":[{\"@type\":\"ListItem\",\"position\":1,\"name\":\"Dom\u016f\",\"item\":\"https:\/\/e-booking.cz\/es\/\"},{\"@type\":\"ListItem\",\"position\":2,\"name\":\"Cestovn\u00ed poji\u0161t\u011bn\u00ed\"}]},{\"@type\":\"WebSite\",\"@id\":\"https:\/\/e-booking.cz\/#website\",\"url\":\"https:\/\/e-booking.cz\/\",\"name\":\"e-booking.cz\",\"description\":\"\",\"publisher\":{\"@id\":\"https:\/\/e-booking.cz\/#organization\"},\"potentialAction\":[{\"@type\":\"SearchAction\",\"target\":{\"@type\":\"EntryPoint\",\"urlTemplate\":\"https:\/\/e-booking.cz\/?s={search_term_string}\"},\"query-input\":{\"@type\":\"PropertyValueSpecification\",\"valueRequired\":true,\"valueName\":\"search_term_string\"}}],\"inLanguage\":\"es\"},{\"@type\":\"Organization\",\"@id\":\"https:\/\/e-booking.cz\/#organization\",\"name\":\"e-booking.cz\",\"url\":\"https:\/\/e-booking.cz\/\",\"logo\":{\"@type\":\"ImageObject\",\"inLanguage\":\"es\",\"@id\":\"https:\/\/e-booking.cz\/#\/schema\/logo\/image\/\",\"url\":\"https:\/\/e-booking.cz\/wp-content\/uploads\/2019\/08\/logo-ebooking-e1565277525708.png\",\"contentUrl\":\"https:\/\/e-booking.cz\/wp-content\/uploads\/2019\/08\/logo-ebooking-e1565277525708.png\",\"width\":130,\"height\":24,\"caption\":\"e-booking.cz\"},\"image\":{\"@id\":\"https:\/\/e-booking.cz\/#\/schema\/logo\/image\/\"},\"sameAs\":[\"https:\/\/www.facebook.com\/ebookingcz\",\"https:\/\/x.com\/EBookingcz\",\"https:\/\/www.instagram.com\/ebooking.cz\/\"]}]}<\/script>\n<!-- \/ Yoast SEO Premium plugin. -->","yoast_head_json":{"title":"Cestovn\u00ed poji\u0161t\u011bn\u00ed pro radost a pocit bezpe\u010d\u00ed z cestov\u00e1n\u00ed- e-booking.cz","description":"Pro pohodln\u00e9 cestov\u00e1n\u00ed bez obav. Vyberete si z na\u0161\u00ed nab\u00eddky n\u011bkolika poji\u0161\u0165oven, zapla\u0165te kartou, v\u0161e v\u00e1m po\u0161leme na e-mail a m\u016f\u017eete vyrazit.","robots":{"index":"index","follow":"follow","max-snippet":"max-snippet:-1","max-image-preview":"max-image-preview:large","max-video-preview":"max-video-preview:-1"},"canonical":"https:\/\/e-booking.cz\/cestovnipojisteni\/","twitter_card":"summary_large_image","twitter_title":"Cestovn\u00ed poji\u0161t\u011bn\u00ed pro radost a pocit bezpe\u010d\u00ed z cestov\u00e1n\u00ed- e-booking.cz","twitter_description":"Pro pohodln\u00e9 cestov\u00e1n\u00ed bez obav. Vyberete si z na\u0161\u00ed nab\u00eddky n\u011bkolika poji\u0161\u0165oven, zapla\u0165te kartou, v\u0161e v\u00e1m po\u0161leme na e-mail a m\u016f\u017eete vyrazit.","twitter_image":"https:\/\/e-booking.cz\/wp-content\/uploads\/2023\/05\/tmave_modra.png","twitter_site":"@EBookingcz","twitter_misc":{"Tiempo de lectura":"1 minuto"},"schema":{"@context":"https:\/\/schema.org","@graph":[{"@type":"WebPage","@id":"https:\/\/e-booking.cz\/cestovnipojisteni\/","url":"https:\/\/e-booking.cz\/cestovnipojisteni\/","name":"Cestovn\u00ed poji\u0161t\u011bn\u00ed pro radost a pocit bezpe\u010d\u00ed z cestov\u00e1n\u00ed- e-booking.cz","isPartOf":{"@id":"https:\/\/e-booking.cz\/#website"},"primaryImageOfPage":{"@id":"https:\/\/e-booking.cz\/cestovnipojisteni\/#primaryimage"},"image":{"@id":"https:\/\/e-booking.cz\/cestovnipojisteni\/#primaryimage"},"thumbnailUrl":"https:\/\/e-booking.cz\/wp-content\/uploads\/2023\/05\/tmave_modra.png","datePublished":"2019-01-11T08:28:00+00:00","dateModified":"2024-07-16T16:43:16+00:00","description":"Pro pohodln\u00e9 cestov\u00e1n\u00ed bez obav. Vyberete si z na\u0161\u00ed nab\u00eddky n\u011bkolika poji\u0161\u0165oven, zapla\u0165te kartou, v\u0161e v\u00e1m po\u0161leme na e-mail a m\u016f\u017eete vyrazit.","breadcrumb":{"@id":"https:\/\/e-booking.cz\/cestovnipojisteni\/#breadcrumb"},"inLanguage":"es","potentialAction":[{"@type":"ReadAction","target":["https:\/\/e-booking.cz\/cestovnipojisteni\/"]}]},{"@type":"ImageObject","inLanguage":"es","@id":"https:\/\/e-booking.cz\/cestovnipojisteni\/#primaryimage","url":"https:\/\/e-booking.cz\/wp-content\/uploads\/2023\/05\/tmave_modra.png","contentUrl":"https:\/\/e-booking.cz\/wp-content\/uploads\/2023\/05\/tmave_modra.png","width":1200,"height":400,"caption":"back, pozadi, color"},{"@type":"BreadcrumbList","@id":"https:\/\/e-booking.cz\/cestovnipojisteni\/#breadcrumb","itemListElement":[{"@type":"ListItem","position":1,"name":"Dom\u016f","item":"https:\/\/e-booking.cz\/es\/"},{"@type":"ListItem","position":2,"name":"Cestovn\u00ed poji\u0161t\u011bn\u00ed"}]},{"@type":"WebSite","@id":"https:\/\/e-booking.cz\/#website","url":"https:\/\/e-booking.cz\/","name":"e-booking.cz","description":"","publisher":{"@id":"https:\/\/e-booking.cz\/#organization"},"potentialAction":[{"@type":"SearchAction","target":{"@type":"EntryPoint","urlTemplate":"https:\/\/e-booking.cz\/?s={search_term_string}"},"query-input":{"@type":"PropertyValueSpecification","valueRequired":true,"valueName":"search_term_string"}}],"inLanguage":"es"},{"@type":"Organization","@id":"https:\/\/e-booking.cz\/#organization","name":"e-booking.cz","url":"https:\/\/e-booking.cz\/","logo":{"@type":"ImageObject","inLanguage":"es","@id":"https:\/\/e-booking.cz\/#\/schema\/logo\/image\/","url":"https:\/\/e-booking.cz\/wp-content\/uploads\/2019\/08\/logo-ebooking-e1565277525708.png","contentUrl":"https:\/\/e-booking.cz\/wp-content\/uploads\/2019\/08\/logo-ebooking-e1565277525708.png","width":130,"height":24,"caption":"e-booking.cz"},"image":{"@id":"https:\/\/e-booking.cz\/#\/schema\/logo\/image\/"},"sameAs":["https:\/\/www.facebook.com\/ebookingcz","https:\/\/x.com\/EBookingcz","https:\/\/www.instagram.com\/ebooking.cz\/"]}]}},"_links":{"self":[{"href":"https:\/\/e-booking.cz\/es\/wp-json\/wp\/v2\/pages\/8205","targetHints":{"allow":["GET"]}}],"collection":[{"href":"https:\/\/e-booking.cz\/es\/wp-json\/wp\/v2\/pages"}],"about":[{"href":"https:\/\/e-booking.cz\/es\/wp-json\/wp\/v2\/types\/page"}],"author":[{"embeddable":true,"href":"https:\/\/e-booking.cz\/es\/wp-json\/wp\/v2\/users\/1"}],"replies":[{"embeddable":true,"href":"https:\/\/e-booking.cz\/es\/wp-json\/wp\/v2\/comments?post=8205"}],"version-history":[{"count":41,"href":"https:\/\/e-booking.cz\/es\/wp-json\/wp\/v2\/pages\/8205\/revisions"}],"predecessor-version":[{"id":54963,"href":"https:\/\/e-booking.cz\/es\/wp-json\/wp\/v2\/pages\/8205\/revisions\/54963"}],"wp:featuredmedia":[{"embeddable":true,"href":"https:\/\/e-booking.cz\/es\/wp-json\/wp\/v2\/media\/49830"}],"wp:attachment":[{"href":"https:\/\/e-booking.cz\/es\/wp-json\/wp\/v2\/media?parent=8205"}],"curies":[{"name":"wp","href":"https:\/\/api.w.org\/{rel}","templated":true}]}}