{"id":63941,"date":"2026-02-21T19:13:46","date_gmt":"2026-02-21T18:13:46","guid":{"rendered":"https:\/\/e-booking.cz\/?page_id=63941"},"modified":"2026-02-25T23:52:02","modified_gmt":"2026-02-25T22:52:02","slug":"ads","status":"publish","type":"page","link":"https:\/\/e-booking.cz\/es\/ads\/","title":{"rendered":"ADS"},"content":{"rendered":"<div class=\"wpb-content-wrapper\"><p>[vc_row full_width=\u00bbstretch_row_content\u00bb full_height=\u00bbyes\u00bb equal_height=\u00bbyes\u00bb css=\u00bb.vc_custom_1771724087067{padding-top: -200px !important;padding-right: -200px !important;padding-bottom: -200px !important;padding-left: -200px !important;background: #c9c9c9 url(http:\/\/e-booking.cz\/wp-content\/uploads\/2026\/02\/iStock-1006274284-scaled.jpg?id=63979) !important;background-position: center !important;background-repeat: no-repeat !important;background-size: cover !important;}\u00bb][vc_column css=\u00bb.vc_custom_1692053384671{border-radius: 35px !important;}\u00bb][vc_empty_space height=\u00bb62px\u00bb][vc_custom_heading text=\u00bbRezervujte si hotel, dovolenou nebo l\u00e1zn\u011b\u00bb font_container=\u00bbtag:h2|font_size:40|text_align:left|color:%23FFFFFF\u00bb use_theme_fonts=\u00bbyes\u00bb css=\u00bb.vc_custom_1771846865602{margin-top: 50px !important;}\u00bb][vc_empty_space][vc_raw_js]JTNDc2NyaXB0JTIwYXN5bmMlMjBzcmMlM0QlMjJodHRwcyUzQSUyRiUyRnRwd2RnLmNvbSUyRmNvbnRlbnQlM0Z0cnMlM0QzMTk0NCUyNnNobWFya2VyJTNEMjQwMDEwJTI2bG9jYWxlJTNEY3MlMjZzdXN0YWluYWJsZSUzRGZhbHNlJTI2ZGVhbHMlM0RmYWxzZSUyNmJvcmRlcl9yYWRpdXMlM0QwJTI2cGxhaW4lM0R0cnVlJTI2cG93ZXJlZF9ieSUzRGZhbHNlJTI2cHJvbW9faWQlM0QyNjkzJTI2Y2FtcGFpZ25faWQlM0Q4NCUyMiUyMGNoYXJzZXQlM0QlMjJ1dGYtOCUyMiUzRSUzQyUyRnNjcmlwdCUzRQ==[\/vc_raw_js][vc_empty_space height=\u00bb62px\u00bb][vc_raw_js]JTNDJTIxLS0lMjBFbGZzaWdodCUyME51bWJlciUyMENvdW50ZXIlMjAlN0MlMjBBRFMlMjBTVFJBTktBJTIwLS0lM0UlMEElM0NzY3JpcHQlMjBzcmMlM0QlMjJodHRwcyUzQSUyRiUyRmVsZnNpZ2h0Y2RuLmNvbSUyRnBsYXRmb3JtLmpzJTIyJTIwYXN5bmMlM0UlM0MlMkZzY3JpcHQlM0UlMEElM0NkaXYlMjBjbGFzcyUzRCUyMmVsZnNpZ2h0LWFwcC0wMDMyYTVlOS00NTQzLTRlODgtODBjMS1hNjk5NjA0MDNlOGYlMjIlMjBkYXRhLWVsZnNpZ2h0LWFwcC1sYXp5JTNFJTNDJTJGZGl2JTNF[\/vc_raw_js][vc_empty_space height=\u00bb62px\u00bb][\/vc_column][\/vc_row][vc_row css=\u00bb.vc_custom_1771797815673{border-radius: 35px !important;border-color: #E3E1E1 !important;}\u00bb][vc_column][vc_empty_space height=\u00bb62px\u00bb][vc_row_inner][vc_column_inner][vc_raw_js]JTNDJTIxLS0lMjBFbGZzaWdodCUyMFByaWNpbmclMjBUYWJsZSUyMCU3QyUyMFVudGl0bGVkJTIwUHJpY2luZyUyMFRhYmxlJTIwLS0lM0UlMEElM0NzY3JpcHQlMjBzcmMlM0QlMjJodHRwcyUzQSUyRiUyRmVsZnNpZ2h0Y2RuLmNvbSUyRnBsYXRmb3JtLmpzJTIyJTIwYXN5bmMlM0UlM0MlMkZzY3JpcHQlM0UlMEElM0NkaXYlMjBjbGFzcyUzRCUyMmVsZnNpZ2h0LWFwcC02ZTlhNmU5ZS0zMzNlLTRiYmEtODA1OS0zNDEwYTQ3YTdiMDMlMjIlMjBkYXRhLWVsZnNpZ2h0LWFwcC1sYXp5JTNFJTNDJTJGZGl2JTNF[\/vc_raw_js][\/vc_column_inner][\/vc_row_inner][vc_empty_space height=\u00bb62px\u00bb][\/vc_column][\/vc_row][vc_row full_width=\u00bbstretch_row\u00bb css=\u00bb.vc_custom_1771721090547{background-color: #1A2B48 !important;background-position: center !important;background-repeat: no-repeat !important;background-size: contain !important;}\u00bb][vc_column][vc_empty_space height=\u00bb52px\u00bb][vc_raw_js]JTNDJTIxLS0lMjBFbGZzaWdodCUyMFByaWNpbmclMjBUYWJsZSUyMCU3QyUyMEFEUyUyMGUtYm9vayUyMG5hYiVDMyVBRGRrYSUyMC0tJTNFJTBBJTNDc2NyaXB0JTIwc3JjJTNEJTIyaHR0cHMlM0ElMkYlMkZlbGZzaWdodGNkbi5jb20lMkZwbGF0Zm9ybS5qcyUyMiUyMGFzeW5jJTNFJTNDJTJGc2NyaXB0JTNFJTBBJTNDZGl2JTIwY2xhc3MlM0QlMjJlbGZzaWdodC1hcHAtNDEwMTRhNGYtZWUyOC00ZTk5LWFjYzctNDUxZDU2NmIzYTA4JTIyJTIwZGF0YS1lbGZzaWdodC1hcHAtbGF6eSUzRSUzQyUyRmRpdiUzRQ==[\/vc_raw_js][vc_empty_space height=\u00bb52px\u00bb][\/vc_column][\/vc_row][vc_row][vc_column][vc_empty_space][vc_raw_js]JTNDJTIxLS0lMjBFbGZzaWdodCUyMFByaWNpbmclMjBUYWJsZSUyMCU3QyUyMEhPVEVMJTIwS29sb3RvJUM0JThEJTIwLS0lM0UlMEElM0NzY3JpcHQlMjBzcmMlM0QlMjJodHRwcyUzQSUyRiUyRmVsZnNpZ2h0Y2RuLmNvbSUyRnBsYXRmb3JtLmpzJTIyJTIwYXN5bmMlM0UlM0MlMkZzY3JpcHQlM0UlMEElM0NkaXYlMjBjbGFzcyUzRCUyMmVsZnNpZ2h0LWFwcC1jMTMwMmFjNC04Yzc1LTRhNDQtYjg3YS1lMjlkMDhjMjIzYTYlMjIlMjBkYXRhLWVsZnNpZ2h0LWFwcC1sYXp5JTNFJTNDJTJGZGl2JTNF[\/vc_raw_js][\/vc_column][\/vc_row][vc_row][vc_column][vc_empty_space height=\u00bb52px\u00bb][vc_raw_js]JTNDc2NyaXB0JTIwZGVmZXIlMjBhc3luYyUyMHNyYyUzRCUyN2h0dHBzJTNBJTJGJTJGY2RuLnRydXN0aW5kZXguaW8lMkZsb2FkZXIuanMlM0Y4Mjk3OTEyNTA1M2U5OTM4YjQyNmZlOTg5OWUlMjclM0UlM0MlMkZzY3JpcHQlM0U=[\/vc_raw_js][vc_empty_space][\/vc_column][\/vc_row][vc_row][vc_column width=\u00bb1\/3&#8243;][vc_empty_space height=\u00bb52px\u00bb][vc_raw_js]JTNDYSUyMGhyZWYlM0QlMjJodHRwcyUzQSUyRiUyRnd3dy5qZG9xb2N5LmNvbSUyRmNsaWNrLTEwMTUzMjAxMC0xNTg4MjM3MCUyMiUyMHRhcmdldCUzRCUyMl90b3AlMjIlM0UlMEElM0NpbWclMjBzcmMlM0QlMjJodHRwcyUzQSUyRiUyRnd3dy50cWxrZy5jb20lMkZpbWFnZS0xMDE1MzIwMTAtMTU4ODIzNzAlMjIlMjB3aWR0aCUzRCUyMjMwMCUyMiUyMGhlaWdodCUzRCUyMjI1MCUyMiUyMGFsdCUzRCUyMiUyMiUyMGJvcmRlciUzRCUyMjAlMjIlMkYlM0UlM0MlMkZhJTNF[\/vc_raw_js][\/vc_column][vc_column width=\u00bb1\/3&#8243;][vc_empty_space height=\u00bb52px\u00bb][vc_raw_js]JTNDYSUyMGhyZWYlM0QlMjJodHRwcyUzQSUyRiUyRnd3dy5kcGJvbHZ3Lm5ldCUyRmNsaWNrLTEwMTUzMjAxMC0xNDQ0NjQwOCUyMiUyMHRhcmdldCUzRCUyMl90b3AlMjIlM0UlMEElM0NpbWclMjBzcmMlM0QlMjJodHRwcyUzQSUyRiUyRnd3dy5sZHVodHJwLm5ldCUyRmltYWdlLTEwMTUzMjAxMC0xNDQ0NjQwOCUyMiUyMHdpZHRoJTNEJTIyMzAwJTIyJTIwaGVpZ2h0JTNEJTIyMjUwJTIyJTIwYWx0JTNEJTIyJTIyJTIwYm9yZGVyJTNEJTIyMCUyMiUyRiUzRSUzQyUyRmElM0U=[\/vc_raw_js][\/vc_column][vc_column width=\u00bb1\/3&#8243;][vc_empty_space height=\u00bb52px\u00bb][vc_raw_js]JTNDYSUyMGhyZWYlM0QlMjJodHRwcyUzQSUyRiUyRnd3dy5qZG9xb2N5LmNvbSUyRmNsaWNrLTEwMTUzMjAxMC0xNTUzNDk3NCUyMiUyMHRhcmdldCUzRCUyMl90b3AlMjIlM0UlMEElM0NpbWclMjBzcmMlM0QlMjJodHRwcyUzQSUyRiUyRnd3dy5mdGpjZnguY29tJTJGaW1hZ2UtMTAxNTMyMDEwLTE1NTM0OTc0JTIyJTIwd2lkdGglM0QlMjIzMDAlMjIlMjBoZWlnaHQlM0QlMjIyNTAlMjIlMjBhbHQlM0QlMjIlMjIlMjBib3JkZXIlM0QlMjIwJTIyJTJGJTNFJTNDJTJGYSUzRQ==[\/vc_raw_js][\/vc_column][\/vc_row][vc_row][vc_column][vc_empty_space height=\u00bb62px\u00bb][vc_column_text css=\u00bb\u00bb]<\/p>\n<div class=\"flex flex-col text-sm pb-25\">\n<article class=\"text-token-text-primary w-full focus:outline-none [--shadow-height:45px] has-data-writing-block:pointer-events-none has-data-writing-block:-mt-(--shadow-height) has-data-writing-block:pt-(--shadow-height) [&amp;:has([data-writing-block])&gt;*]:pointer-events-auto scroll-mt-[calc(var(--header-height)+min(200px,max(70px,20svh)))]\" dir=\"auto\" tabindex=\"-1\" data-turn-id=\"request-69999ef0-c86c-8386-8ef0-32b5cb48ed81-20\" data-testid=\"conversation-turn-26\" data-scroll-anchor=\"true\" data-turn=\"assistant\">\n<div class=\"text-base my-auto mx-auto pb-10 [--thread-content-margin:--spacing(4)] @w-sm\/main:[--thread-content-margin:--spacing(6)] @w-lg\/main:[--thread-content-margin:--spacing(16)] px-(--thread-content-margin)\">\n<div class=\"[--thread-content-max-width:40rem] @w-lg\/main:[--thread-content-max-width:48rem] mx-auto max-w-(--thread-content-max-width) flex-1 group\/turn-messages focus-visible:outline-hidden relative flex w-full min-w-0 flex-col agent-turn\" tabindex=\"-1\">\n<div class=\"flex max-w-full flex-col grow\">\n<div class=\"min-h-8 text-message relative flex w-full flex-col items-end gap-2 text-start break-words whitespace-normal [.text-message+&amp;]:mt-1\" dir=\"auto\" data-message-author-role=\"assistant\" data-message-id=\"885ada16-9861-4217-82bc-69c9f24467d6\" data-message-model-slug=\"gpt-5-2\">\n<div class=\"flex w-full flex-col gap-1 empty:hidden first:pt-[1px]\">\n<div class=\"markdown prose dark:prose-invert w-full wrap-break-word light markdown-new-styling\">\n<p data-start=\"0\" data-end=\"586\"><span style=\"color: #999999;\">Webov\u00e1 str\u00e1nka e-booking.cz je provozov\u00e1na spole\u010dnost\u00ed eShopper Czech s.r.o. se s\u00eddlem v Praze a zam\u011b\u0159uje se na zprost\u0159edkov\u00e1n\u00ed cestovn\u00edch slu\u017eeb. Prost\u0159ednictv\u00edm platformy mohou z\u00e1kazn\u00edci rezervovat ubytov\u00e1n\u00ed, letenky, cestovn\u00ed poji\u0161t\u011bn\u00ed, pron\u00e1jem vozidel a vyu\u017e\u00edt nab\u00eddku dovolen\u00fdch partnersk\u00fdch cestovn\u00edch kancel\u00e1\u0159\u00ed, jako jsou TUI, \u010cedok a Dovolena.cz. e-booking.cz se rovn\u011b\u017e specializuje na rezervace cestovn\u00edch slu\u017eeb s mo\u017enost\u00ed \u00fahrady prost\u0159ednictv\u00edm zam\u011bstnaneck\u00fdch benefit\u016f a fond\u016f FKSP, co\u017e umo\u017e\u0148uje klient\u016fm pohodln\u011b vyu\u017e\u00edt jejich v\u00fdhody na dovolenou, wellness a dal\u0161\u00ed pobyty.<\/span><\/p>\n<\/div>\n<\/div>\n<\/div>\n<\/div>\n<div class=\"z-0 flex min-h-[46px] justify-start\"><\/div>\n<div class=\"mt-3 w-full empty:hidden\">\n<div class=\"text-center\"><\/div>\n<\/div>\n<\/div>\n<\/div>\n<\/article>\n<\/div>\n<div class=\"pointer-events-none h-px w-px absolute bottom-0\" aria-hidden=\"true\" data-edge=\"true\"><\/div>\n<p>[\/vc_column_text][\/vc_column][\/vc_row]<\/p>\n<\/div>","protected":false},"excerpt":{"rendered":"<p>[vc_row full_width=\u00bbstretch_row_content\u00bb full_height=\u00bbyes\u00bb equal_height=\u00bbyes\u00bb css=\u00bb.vc_custom_1771724087067{padding-top: -200px !important;padding-right: -200px !important;padding-bottom: -200px !important;padding-left: -200px !important;background: #c9c9c9 url(http:\/\/e-booking.cz\/wp-content\/uploads\/2026\/02\/iStock-1006274284-scaled.jpg?id=63979) !important;background-position: center !important;background-repeat: no-repeat !important;background-size: cover !important;}\u00bb][vc_column css=\u00bb.vc_custom_1692053384671{border-radius: 35px !important;}\u00bb][vc_empty_space height=\u00bb62px\u00bb][vc_custom_heading text=\u00bbRezervujte si hotel, dovolenou nebo l\u00e1zn\u011b\u00bb font_container=\u00bbtag:h2|font_size:40|text_align:left|color:%23FFFFFF\u00bb use_theme_fonts=\u00bbyes\u00bb css=\u00bb.vc_custom_1771846865602{margin-top: 50px !important;}\u00bb][vc_empty_space][vc_raw_js]JTNDc2NyaXB0JTIwYXN5bmMlMjBzcmMlM0QlMjJodHRwcyUzQSUyRiUyRnRwd2RnLmNvbSUyRmNvbnRlbnQlM0Z0cnMlM0QzMTk0NCUyNnNobWFya2VyJTNEMjQwMDEwJTI2bG9jYWxlJTNEY3MlMjZzdXN0YWluYWJsZSUzRGZhbHNlJTI2ZGVhbHMlM0RmYWxzZSUyNmJvcmRlcl9yYWRpdXMlM0QwJTI2cGxhaW4lM0R0cnVlJTI2cG93ZXJlZF9ieSUzRGZhbHNlJTI2cHJvbW9faWQlM0QyNjkzJTI2Y2FtcGFpZ25faWQlM0Q4NCUyMiUyMGNoYXJzZXQlM0QlMjJ1dGYtOCUyMiUzRSUzQyUyRnNjcmlwdCUzRQ==[\/vc_raw_js][vc_empty_space height=\u00bb62px\u00bb][vc_raw_js]JTNDJTIxLS0lMjBFbGZzaWdodCUyME51bWJlciUyMENvdW50ZXIlMjAlN0MlMjBBRFMlMjBTVFJBTktBJTIwLS0lM0UlMEElM0NzY3JpcHQlMjBzcmMlM0QlMjJodHRwcyUzQSUyRiUyRmVsZnNpZ2h0Y2RuLmNvbSUyRnBsYXRmb3JtLmpzJTIyJTIwYXN5bmMlM0UlM0MlMkZzY3JpcHQlM0UlMEElM0NkaXYlMjBjbGFzcyUzRCUyMmVsZnNpZ2h0LWFwcC0wMDMyYTVlOS00NTQzLTRlODgtODBjMS1hNjk5NjA0MDNlOGYlMjIlMjBkYXRhLWVsZnNpZ2h0LWFwcC1sYXp5JTNFJTNDJTJGZGl2JTNF[\/vc_raw_js][vc_empty_space height=\u00bb62px\u00bb][\/vc_column][\/vc_row][vc_row css=\u00bb.vc_custom_1771797815673{border-radius: 35px !important;border-color: #E3E1E1 !important;}\u00bb][vc_column][vc_empty_space height=\u00bb62px\u00bb][vc_row_inner][vc_column_inner][vc_raw_js]JTNDJTIxLS0lMjBFbGZzaWdodCUyMFByaWNpbmclMjBUYWJsZSUyMCU3QyUyMFVudGl0bGVkJTIwUHJpY2luZyUyMFRhYmxlJTIwLS0lM0UlMEElM0NzY3JpcHQlMjBzcmMlM0QlMjJodHRwcyUzQSUyRiUyRmVsZnNpZ2h0Y2RuLmNvbSUyRnBsYXRmb3JtLmpzJTIyJTIwYXN5bmMlM0UlM0MlMkZzY3JpcHQlM0UlMEElM0NkaXYlMjBjbGFzcyUzRCUyMmVsZnNpZ2h0LWFwcC02ZTlhNmU5ZS0zMzNlLTRiYmEtODA1OS0zNDEwYTQ3YTdiMDMlMjIlMjBkYXRhLWVsZnNpZ2h0LWFwcC1sYXp5JTNFJTNDJTJGZGl2JTNF[\/vc_raw_js][\/vc_column_inner][\/vc_row_inner][vc_empty_space height=\u00bb62px\u00bb][\/vc_column][\/vc_row][vc_row full_width=\u00bbstretch_row\u00bb css=\u00bb.vc_custom_1771721090547{background-color: #1A2B48 !important;background-position: center !important;background-repeat: no-repeat !important;background-size: contain [&hellip;]<\/p>\n","protected":false},"author":3,"featured_media":63431,"parent":0,"menu_order":0,"comment_status":"open","ping_status":"closed","template":"template-home-modern.php","meta":{"footnotes":""},"class_list":["post-63941","page","type-page","status-publish","has-post-thumbnail","hentry"],"yoast_head":"<!-- This site is optimized with the Yoast SEO Premium plugin v26.1 (Yoast SEO v27.2) - https:\/\/yoast.com\/product\/yoast-seo-premium-wordpress\/ -->\n<title>Ubytov\u00e1n\u00ed, wellness a dovolen\u00e1 s benefity | e-booking.cz<\/title>\n<meta name=\"description\" content=\"Najd\u011bte ide\u00e1ln\u00ed ubytov\u00e1n\u00ed b\u011bhem p\u00e1r vte\u0159in. Hotely, wellness i dovolen\u00e1 s vyu\u017eit\u00edm benefit\u016f zam\u011bstnavatele na e-booking.cz\" \/>\n<meta name=\"robots\" content=\"index, follow, max-snippet:-1, max-image-preview:large, max-video-preview:-1\" \/>\n<link rel=\"canonical\" href=\"https:\/\/e-booking.cz\/ads\/\" \/>\n<meta name=\"twitter:card\" content=\"summary_large_image\" \/>\n<meta name=\"twitter:title\" content=\"Ubytov\u00e1n\u00ed, wellness a dovolen\u00e1 s benefity | e-booking.cz\" \/>\n<meta name=\"twitter:description\" content=\"Najd\u011bte ide\u00e1ln\u00ed ubytov\u00e1n\u00ed b\u011bhem p\u00e1r vte\u0159in. Hotely, wellness i dovolen\u00e1 s vyu\u017eit\u00edm benefit\u016f zam\u011bstnavatele na e-booking.cz\" \/>\n<meta name=\"twitter:image\" content=\"https:\/\/e-booking.cz\/wp-content\/uploads\/2025\/11\/iStock-1445875946-scaled.jpg\" \/>\n<meta name=\"twitter:site\" content=\"@EBookingcz\" \/>\n<meta name=\"twitter:label1\" content=\"Tiempo de lectura\" \/>\n\t<meta name=\"twitter:data1\" content=\"2 minutos\" \/>\n<script type=\"application\/ld+json\" class=\"yoast-schema-graph\">{\"@context\":\"https:\/\/schema.org\",\"@graph\":[{\"@type\":\"WebPage\",\"@id\":\"https:\/\/e-booking.cz\/ads\/\",\"url\":\"https:\/\/e-booking.cz\/ads\/\",\"name\":\"Ubytov\u00e1n\u00ed, wellness a dovolen\u00e1 s benefity | e-booking.cz\",\"isPartOf\":{\"@id\":\"https:\/\/e-booking.cz\/#website\"},\"primaryImageOfPage\":{\"@id\":\"https:\/\/e-booking.cz\/ads\/#primaryimage\"},\"image\":{\"@id\":\"https:\/\/e-booking.cz\/ads\/#primaryimage\"},\"thumbnailUrl\":\"https:\/\/e-booking.cz\/wp-content\/uploads\/2025\/11\/iStock-1445875946-scaled.jpg\",\"datePublished\":\"2026-02-21T18:13:46+00:00\",\"dateModified\":\"2026-02-25T22:52:02+00:00\",\"description\":\"Najd\u011bte ide\u00e1ln\u00ed ubytov\u00e1n\u00ed b\u011bhem p\u00e1r vte\u0159in. Hotely, wellness i dovolen\u00e1 s vyu\u017eit\u00edm benefit\u016f zam\u011bstnavatele na e-booking.cz\",\"breadcrumb\":{\"@id\":\"https:\/\/e-booking.cz\/ads\/#breadcrumb\"},\"inLanguage\":\"es\",\"potentialAction\":[{\"@type\":\"ReadAction\",\"target\":[\"https:\/\/e-booking.cz\/ads\/\"]}]},{\"@type\":\"ImageObject\",\"inLanguage\":\"es\",\"@id\":\"https:\/\/e-booking.cz\/ads\/#primaryimage\",\"url\":\"https:\/\/e-booking.cz\/wp-content\/uploads\/2025\/11\/iStock-1445875946-scaled.jpg\",\"contentUrl\":\"https:\/\/e-booking.cz\/wp-content\/uploads\/2025\/11\/iStock-1445875946-scaled.jpg\",\"width\":2560,\"height\":2560,\"caption\":\"Relax couple, spa stone back massage and luxury wellness for zen therapy, beauty and rich skincare. Calm, peace and sleeping people on salon bed for healthy stress relief or happy holistic body detox\"},{\"@type\":\"BreadcrumbList\",\"@id\":\"https:\/\/e-booking.cz\/ads\/#breadcrumb\",\"itemListElement\":[{\"@type\":\"ListItem\",\"position\":1,\"name\":\"Dom\u016f\",\"item\":\"https:\/\/e-booking.cz\/es\/\"},{\"@type\":\"ListItem\",\"position\":2,\"name\":\"ADS\"}]},{\"@type\":\"WebSite\",\"@id\":\"https:\/\/e-booking.cz\/#website\",\"url\":\"https:\/\/e-booking.cz\/\",\"name\":\"e-booking.cz\",\"description\":\"\",\"publisher\":{\"@id\":\"https:\/\/e-booking.cz\/#organization\"},\"potentialAction\":[{\"@type\":\"SearchAction\",\"target\":{\"@type\":\"EntryPoint\",\"urlTemplate\":\"https:\/\/e-booking.cz\/?s={search_term_string}\"},\"query-input\":{\"@type\":\"PropertyValueSpecification\",\"valueRequired\":true,\"valueName\":\"search_term_string\"}}],\"inLanguage\":\"es\"},{\"@type\":\"Organization\",\"@id\":\"https:\/\/e-booking.cz\/#organization\",\"name\":\"e-booking.cz\",\"url\":\"https:\/\/e-booking.cz\/\",\"logo\":{\"@type\":\"ImageObject\",\"inLanguage\":\"es\",\"@id\":\"https:\/\/e-booking.cz\/#\/schema\/logo\/image\/\",\"url\":\"https:\/\/e-booking.cz\/wp-content\/uploads\/2019\/08\/logo-ebooking-e1565277525708.png\",\"contentUrl\":\"https:\/\/e-booking.cz\/wp-content\/uploads\/2019\/08\/logo-ebooking-e1565277525708.png\",\"width\":130,\"height\":24,\"caption\":\"e-booking.cz\"},\"image\":{\"@id\":\"https:\/\/e-booking.cz\/#\/schema\/logo\/image\/\"},\"sameAs\":[\"https:\/\/www.facebook.com\/ebookingcz\",\"https:\/\/x.com\/EBookingcz\",\"https:\/\/www.instagram.com\/ebooking.cz\/\"]}]}<\/script>\n<!-- \/ Yoast SEO Premium plugin. -->","yoast_head_json":{"title":"Ubytov\u00e1n\u00ed, wellness a dovolen\u00e1 s benefity | e-booking.cz","description":"Najd\u011bte ide\u00e1ln\u00ed ubytov\u00e1n\u00ed b\u011bhem p\u00e1r vte\u0159in. Hotely, wellness i dovolen\u00e1 s vyu\u017eit\u00edm benefit\u016f zam\u011bstnavatele na e-booking.cz","robots":{"index":"index","follow":"follow","max-snippet":"max-snippet:-1","max-image-preview":"max-image-preview:large","max-video-preview":"max-video-preview:-1"},"canonical":"https:\/\/e-booking.cz\/ads\/","twitter_card":"summary_large_image","twitter_title":"Ubytov\u00e1n\u00ed, wellness a dovolen\u00e1 s benefity | e-booking.cz","twitter_description":"Najd\u011bte ide\u00e1ln\u00ed ubytov\u00e1n\u00ed b\u011bhem p\u00e1r vte\u0159in. Hotely, wellness i dovolen\u00e1 s vyu\u017eit\u00edm benefit\u016f zam\u011bstnavatele na e-booking.cz","twitter_image":"https:\/\/e-booking.cz\/wp-content\/uploads\/2025\/11\/iStock-1445875946-scaled.jpg","twitter_site":"@EBookingcz","twitter_misc":{"Tiempo de lectura":"2 minutos"},"schema":{"@context":"https:\/\/schema.org","@graph":[{"@type":"WebPage","@id":"https:\/\/e-booking.cz\/ads\/","url":"https:\/\/e-booking.cz\/ads\/","name":"Ubytov\u00e1n\u00ed, wellness a dovolen\u00e1 s benefity | e-booking.cz","isPartOf":{"@id":"https:\/\/e-booking.cz\/#website"},"primaryImageOfPage":{"@id":"https:\/\/e-booking.cz\/ads\/#primaryimage"},"image":{"@id":"https:\/\/e-booking.cz\/ads\/#primaryimage"},"thumbnailUrl":"https:\/\/e-booking.cz\/wp-content\/uploads\/2025\/11\/iStock-1445875946-scaled.jpg","datePublished":"2026-02-21T18:13:46+00:00","dateModified":"2026-02-25T22:52:02+00:00","description":"Najd\u011bte ide\u00e1ln\u00ed ubytov\u00e1n\u00ed b\u011bhem p\u00e1r vte\u0159in. Hotely, wellness i dovolen\u00e1 s vyu\u017eit\u00edm benefit\u016f zam\u011bstnavatele na e-booking.cz","breadcrumb":{"@id":"https:\/\/e-booking.cz\/ads\/#breadcrumb"},"inLanguage":"es","potentialAction":[{"@type":"ReadAction","target":["https:\/\/e-booking.cz\/ads\/"]}]},{"@type":"ImageObject","inLanguage":"es","@id":"https:\/\/e-booking.cz\/ads\/#primaryimage","url":"https:\/\/e-booking.cz\/wp-content\/uploads\/2025\/11\/iStock-1445875946-scaled.jpg","contentUrl":"https:\/\/e-booking.cz\/wp-content\/uploads\/2025\/11\/iStock-1445875946-scaled.jpg","width":2560,"height":2560,"caption":"Relax couple, spa stone back massage and luxury wellness for zen therapy, beauty and rich skincare. Calm, peace and sleeping people on salon bed for healthy stress relief or happy holistic body detox"},{"@type":"BreadcrumbList","@id":"https:\/\/e-booking.cz\/ads\/#breadcrumb","itemListElement":[{"@type":"ListItem","position":1,"name":"Dom\u016f","item":"https:\/\/e-booking.cz\/es\/"},{"@type":"ListItem","position":2,"name":"ADS"}]},{"@type":"WebSite","@id":"https:\/\/e-booking.cz\/#website","url":"https:\/\/e-booking.cz\/","name":"e-booking.cz","description":"","publisher":{"@id":"https:\/\/e-booking.cz\/#organization"},"potentialAction":[{"@type":"SearchAction","target":{"@type":"EntryPoint","urlTemplate":"https:\/\/e-booking.cz\/?s={search_term_string}"},"query-input":{"@type":"PropertyValueSpecification","valueRequired":true,"valueName":"search_term_string"}}],"inLanguage":"es"},{"@type":"Organization","@id":"https:\/\/e-booking.cz\/#organization","name":"e-booking.cz","url":"https:\/\/e-booking.cz\/","logo":{"@type":"ImageObject","inLanguage":"es","@id":"https:\/\/e-booking.cz\/#\/schema\/logo\/image\/","url":"https:\/\/e-booking.cz\/wp-content\/uploads\/2019\/08\/logo-ebooking-e1565277525708.png","contentUrl":"https:\/\/e-booking.cz\/wp-content\/uploads\/2019\/08\/logo-ebooking-e1565277525708.png","width":130,"height":24,"caption":"e-booking.cz"},"image":{"@id":"https:\/\/e-booking.cz\/#\/schema\/logo\/image\/"},"sameAs":["https:\/\/www.facebook.com\/ebookingcz","https:\/\/x.com\/EBookingcz","https:\/\/www.instagram.com\/ebooking.cz\/"]}]}},"_links":{"self":[{"href":"https:\/\/e-booking.cz\/es\/wp-json\/wp\/v2\/pages\/63941","targetHints":{"allow":["GET"]}}],"collection":[{"href":"https:\/\/e-booking.cz\/es\/wp-json\/wp\/v2\/pages"}],"about":[{"href":"https:\/\/e-booking.cz\/es\/wp-json\/wp\/v2\/types\/page"}],"author":[{"embeddable":true,"href":"https:\/\/e-booking.cz\/es\/wp-json\/wp\/v2\/users\/3"}],"replies":[{"embeddable":true,"href":"https:\/\/e-booking.cz\/es\/wp-json\/wp\/v2\/comments?post=63941"}],"version-history":[{"count":51,"href":"https:\/\/e-booking.cz\/es\/wp-json\/wp\/v2\/pages\/63941\/revisions"}],"predecessor-version":[{"id":63961,"href":"https:\/\/e-booking.cz\/es\/wp-json\/wp\/v2\/pages\/63941\/revisions\/63961"}],"wp:featuredmedia":[{"embeddable":true,"href":"https:\/\/e-booking.cz\/es\/wp-json\/wp\/v2\/media\/63431"}],"wp:attachment":[{"href":"https:\/\/e-booking.cz\/es\/wp-json\/wp\/v2\/media?parent=63941"}],"curies":[{"name":"wp","href":"https:\/\/api.w.org\/{rel}","templated":true}]}}