{"id":62191,"date":"2025-07-26T00:53:59","date_gmt":"2025-07-25T22:53:59","guid":{"rendered":"https:\/\/e-booking.cz\/?page_id=62191"},"modified":"2025-08-12T12:55:01","modified_gmt":"2025-08-12T10:55:01","slug":"platba","status":"publish","type":"page","link":"https:\/\/e-booking.cz\/es\/platba\/","title":{"rendered":"Platba"},"content":{"rendered":"<div class=\"wpb-content-wrapper\"><p>[vc_row][vc_column][vc_column_text css=\u00bb\u00bb]<\/p>\n<h1>Zapla\u0165te jednodu\u0161e svoji objedn\u00e1vku<\/h1>\n<p>[\/vc_column_text][\/vc_column][\/vc_row][vc_row full_width=\u00bbstretch_row_content\u00bb css=\u00bb.vc_custom_1658588286275{background-position: center !important;background-repeat: no-repeat !important;background-size: contain !important;}\u00bb][vc_column width=\u00bb2\/3&#8243;][vc_column_text css=\u00bb\u00bb]<\/p>\n<p data-start=\"88\" data-end=\"193\">Pro rychlej\u0161\u00ed zpracov\u00e1n\u00ed Va\u0161\u00ed objedn\u00e1vky m\u016f\u017eete vyu\u017e\u00edt <strong data-start=\"149\" data-end=\"192\">okam\u017eitou online platbu platebn\u00ed kartou<\/strong>.\u00a0Nemus\u00edte \u010dekat na vystaven\u00ed faktury \u2013 zapla\u0165te jednodu\u0161e i na \u010d\u00edslo objedn\u00e1vky:<\/p>\n<ul data-start=\"254\" data-end=\"344\">\n<li data-start=\"254\" data-end=\"276\">\n<p data-start=\"256\" data-end=\"276\"><strong data-start=\"256\" data-end=\"274\">kartou EDENRED<\/strong><\/p>\n<\/li>\n<li data-start=\"277\" data-end=\"294\">\n<p data-start=\"279\" data-end=\"294\"><strong data-start=\"279\" data-end=\"292\">kartou UP<\/strong><\/p>\n<\/li>\n<li data-start=\"295\" data-end=\"344\">\n<p data-start=\"297\" data-end=\"344\"><strong data-start=\"297\" data-end=\"344\">soukromou platebn\u00ed kartou (VISA\/MasterCard)<\/strong><\/p>\n<\/li>\n<li data-start=\"295\" data-end=\"344\"><strong>NOVINKA: Zapla\u0165te ve 3 bez\u00faro\u010dn\u00fdch spl\u00e1tk\u00e1ch se slu\u017ebou Klarna<\/strong><\/li>\n<\/ul>\n<p data-start=\"346\" data-end=\"445\">Va\u0161e platba bude ihned za\u00fa\u010dtov\u00e1na jako <strong data-start=\"385\" data-end=\"403\">p\u0159ijat\u00e1 z\u00e1loha<\/strong> a n\u00e1sledn\u011b \u0159\u00e1dn\u011b <strong data-start=\"421\" data-end=\"444\">vy\u00fa\u010dtov\u00e1na fakturou<\/strong>.<\/p>\n<p data-start=\"447\" data-end=\"521\">V p\u0159\u00edpad\u011b dotaz\u016f nebo pot\u0159eby jin\u00e9 formy \u00fahrady n\u00e1s nev\u00e1hejte <a href=\"https:\/\/e-booking.cz\/kontakt\/\">kontaktovat<\/a>.<\/p>\n<p>[\/vc_column_text][vc_empty_space height=\u00bb80px\u00bb][\/vc_column][vc_column width=\u00bb1\/3&#8243;][vc_raw_js]JTNDc2NyaXB0JTIwYXN5bmMlMEElMjAlMjBzcmMlM0QlMjJodHRwcyUzQSUyRiUyRmpzLnN0cmlwZS5jb20lMkZ2MyUyRmJ1eS1idXR0b24uanMlMjIlM0UlMEElM0MlMkZzY3JpcHQlM0UlMEElMEElM0NzdHJpcGUtYnV5LWJ1dHRvbiUwQSUyMCUyMGJ1eS1idXR0b24taWQlM0QlMjJidXlfYnRuXzFSdXV2cUREQTZpeDM3NTJ6SnlzZ3BtNyUyMiUwQSUyMCUyMHB1Ymxpc2hhYmxlLWtleSUzRCUyMnBrX2xpdmVfNTFOVFBUVkREQTZpeDM3NTJnT1RoUTlVdEhEcG1DT29XVXhIMVFxcWI0OUlVNVp1NHV6SWtlM0FTNVd5d1owVlhSdXFSMnJpckE5V1BPNWdsYWxpRFlIVzYwMERCbFdQemlYJTIyJTBBJTNFJTBBJTNDJTJGc3RyaXBlLWJ1eS1idXR0b24lM0U=[\/vc_raw_js][vc_empty_space height=\u00bb80px\u00bb][\/vc_column][\/vc_row][vc_row full_width=\u00bbstretch_row_content\u00bb css=\u00bb.vc_custom_1754343825147{background-color: #1A2B48 !important;}\u00bb][vc_column][vc_column_text css=\u00bb\u00bb]<\/p>\n<h2 class=\"title\"><span style=\"color: #ffffff;\">V\u00edce \u010dasu na zaplacen\u00ed<\/span><\/h2>\n<h4 class=\"desc\"><span style=\"color: #ffffff;\">Rezervujte si nyn\u00ed dovolenou a z\u00edskejte v\u00edce \u010dasu na zaplacen\u00ed. Platbu si jednodu\u0161e rozd\u011blte do 3 m\u011bs\u00edc\u016f a bez \u00farok\u016f.<\/span><\/h4>\n<p>&nbsp;<\/p>\n<p>[\/vc_column_text][vc_row_inner][vc_column_inner width=\u00bb1\/3&#8243;][vc_cta h2=\u00bb\u00bb h4=\u00bbPlatebn\u00ed pl\u00e1n\u00bb css=\u00bb.vc_custom_1754344824765{border-radius: 35px !important;}\u00bb]Prvn\u00ed platba se prov\u00e1d\u00ed p\u0159i n\u00e1kupu a zb\u00fdvaj\u00edc\u00ed dv\u011b platby jsou napl\u00e1nov\u00e1ny automaticky ka\u017ed\u00fdch 30 dn\u00ed.[\/vc_cta][\/vc_column_inner][vc_column_inner width=\u00bb1\/3&#8243;][vc_cta h2=\u00bb\u00bb h4=\u00bbPrvn\u00ed platba\u00bb css=\u00bb.vc_custom_1754345184077{border-radius: 35px !important;}\u00bb]Po potvrzen\u00ed objedn\u00e1vky Klarna strhne prvn\u00ed platbu z va\u0161\u00ed karty. Za\u0161leme v\u00e1m ozn\u00e1men\u00ed, jakmile platba bude zpracov\u00e1na.[\/vc_cta][\/vc_column_inner][vc_column_inner width=\u00bb1\/3&#8243;][vc_cta h2=\u00bb\u00bb h4=\u00bbZapla\u0165te ka\u017ed\u00fdch 30 dn\u00ed\u00bb css=\u00bb.vc_custom_1754345397947{border-radius: 35px !important;}\u00bb]Ka\u017ed\u00fdch 30 dn\u00ed automaticky strhneme zb\u00fdvaj\u00edc\u00ed platby z karty. D\u00e1me v\u00e1m v\u017edy p\u0159edem v\u011bd\u011bt. \u017d\u00e1dn\u00e9 \u00faroky ani poplatky.[\/vc_cta][\/vc_column_inner][\/vc_row_inner][vc_row_inner][vc_column_inner width=\u00bb1\/2&#8243;][vc_column_text css=\u00bb\u00bb]<\/p>\n<h3><span style=\"color: #ffffff;\">Co je to Klarna?<\/span><\/h3>\n<p><span style=\"color: #ffffff;\">Jedn\u00e1 se o nejv\u011bt\u0161\u00ed evropskou fintech spole\u010dnost p\u016fvodem ze \u0160v\u00e9dska, kter\u00e1 p\u016fsob\u00ed ve v\u00edce ne\u017e 45 zem\u00edch a zam\u011bstn\u00e1v\u00e1 p\u0159es \u0161est tis\u00edc lid\u00ed. <\/span><\/p>\n<p><span style=\"color: #ffffff;\">Ve zn\u00e1most ve\u0161la p\u0159edev\u0161\u00edm d\u00edky slu\u017eb\u011b \u201ekup nyn\u00ed, zapla\u0165 pozd\u011bji\u201c, kterou poskytuje obchodn\u00edk\u016fm i koncov\u00fdm z\u00e1kazn\u00edk\u016fm.<\/span>[\/vc_column_text][\/vc_column_inner][vc_column_inner width=\u00bb1\/2&#8243;][vc_column_text css=\u00bb\u00bb]<\/p>\n<h3><span style=\"color: #ffffff;\">Jak na platbu?<\/span><\/h3>\n<p><span style=\"color: #ffffff;\">Z\u00e1kazn\u00edk vybere mo\u017enost Klarna v platebn\u00ed br\u00e1n\u011b a zad\u00e1 \u00fadaje sv\u00e9 debetn\u00ed nebo kreditn\u00ed karty. Cena se rozlo\u017e\u00ed do t\u0159\u00ed bez\u00faro\u010dn\u00fdch plateb. Klarna provede kontrolu u \u00fav\u011brov\u00e9 referen\u010dn\u00ed agentury, kter\u00e1 ov\u011b\u0159\u00ed z\u00e1kazn\u00edkovu zp\u016fsobilost. Pot\u00e9 se provede prvn\u00ed platba a zb\u00fdvaj\u00edc\u00ed dv\u011b platby jsou napl\u00e1nov\u00e1ny automaticky ka\u017ed\u00fdch t\u0159icet dn\u00ed. Klarna si ne\u00fa\u010dtuje \u017e\u00e1dn\u00e9 \u00faroky ani poplatky.<\/span>[\/vc_column_text][\/vc_column_inner][\/vc_row_inner][\/vc_column][\/vc_row]<\/p>\n<\/div>","protected":false},"excerpt":{"rendered":"<p>[vc_row][vc_column][vc_column_text css=\u00bb\u00bb] Zapla\u0165te jednodu\u0161e svoji objedn\u00e1vku [\/vc_column_text][\/vc_column][\/vc_row][vc_row full_width=\u00bbstretch_row_content\u00bb css=\u00bb.vc_custom_1658588286275{background-position: center !important;background-repeat: no-repeat !important;background-size: contain !important;}\u00bb][vc_column width=\u00bb2\/3&#8243;][vc_column_text css=\u00bb\u00bb] Pro rychlej\u0161\u00ed zpracov\u00e1n\u00ed Va\u0161\u00ed objedn\u00e1vky m\u016f\u017eete vyu\u017e\u00edt okam\u017eitou online platbu platebn\u00ed kartou.\u00a0Nemus\u00edte \u010dekat na vystaven\u00ed faktury \u2013 zapla\u0165te jednodu\u0161e i na \u010d\u00edslo objedn\u00e1vky: kartou EDENRED kartou UP soukromou platebn\u00ed kartou (VISA\/MasterCard) NOVINKA: Zapla\u0165te ve 3 bez\u00faro\u010dn\u00fdch spl\u00e1tk\u00e1ch se [&hellip;]<\/p>\n","protected":false},"author":3,"featured_media":62193,"parent":0,"menu_order":0,"comment_status":"closed","ping_status":"closed","template":"template-home-modern.php","meta":{"footnotes":""},"class_list":["post-62191","page","type-page","status-publish","has-post-thumbnail","hentry"],"yoast_head":"<!-- This site is optimized with the Yoast SEO Premium plugin v26.1 (Yoast SEO v27.2) - https:\/\/yoast.com\/product\/yoast-seo-premium-wordpress\/ -->\n<title>Platba rezervace hotelu online nebo na t\u0159etinky - e-booking.cz<\/title>\n<meta name=\"description\" content=\"Informace o platb\u00e1ch: zapla\u0165te svoji rezervaci na Booking kartou, nebo si rozd\u011blte v\u011bt\u0161\u00ed v\u00fddaje na t\u0159etiny. Bez nav\u00fd\u0161en\u00ed a bez poplatk\u016f.\" \/>\n<meta name=\"robots\" content=\"index, follow, max-snippet:-1, max-image-preview:large, max-video-preview:-1\" \/>\n<link rel=\"canonical\" href=\"https:\/\/e-booking.cz\/platba\/\" \/>\n<meta name=\"twitter:card\" content=\"summary_large_image\" \/>\n<meta name=\"twitter:title\" content=\"Platba rezervace hotelu online nebo na t\u0159etinky - e-booking.cz\" \/>\n<meta name=\"twitter:description\" content=\"Informace o platb\u00e1ch: zapla\u0165te svoji rezervaci na Booking kartou, nebo si rozd\u011blte v\u011bt\u0161\u00ed v\u00fddaje na t\u0159etiny. Bez nav\u00fd\u0161en\u00ed a bez poplatk\u016f.\" \/>\n<meta name=\"twitter:image\" content=\"https:\/\/e-booking.cz\/wp-content\/uploads\/2025\/07\/iStock-912413320-scaled.jpg\" \/>\n<meta name=\"twitter:site\" content=\"@EBookingcz\" \/>\n<meta name=\"twitter:label1\" content=\"Tiempo de lectura\" \/>\n\t<meta name=\"twitter:data1\" content=\"2 minutos\" \/>\n<script type=\"application\/ld+json\" class=\"yoast-schema-graph\">{\"@context\":\"https:\/\/schema.org\",\"@graph\":[{\"@type\":\"WebPage\",\"@id\":\"https:\/\/e-booking.cz\/platba\/\",\"url\":\"https:\/\/e-booking.cz\/platba\/\",\"name\":\"Platba rezervace hotelu online nebo na t\u0159etinky - e-booking.cz\",\"isPartOf\":{\"@id\":\"https:\/\/e-booking.cz\/#website\"},\"primaryImageOfPage\":{\"@id\":\"https:\/\/e-booking.cz\/platba\/#primaryimage\"},\"image\":{\"@id\":\"https:\/\/e-booking.cz\/platba\/#primaryimage\"},\"thumbnailUrl\":\"https:\/\/e-booking.cz\/wp-content\/uploads\/2025\/07\/iStock-912413320-scaled.jpg\",\"datePublished\":\"2025-07-25T22:53:59+00:00\",\"dateModified\":\"2025-08-12T10:55:01+00:00\",\"description\":\"Informace o platb\u00e1ch: zapla\u0165te svoji rezervaci na Booking kartou, nebo si rozd\u011blte v\u011bt\u0161\u00ed v\u00fddaje na t\u0159etiny. Bez nav\u00fd\u0161en\u00ed a bez poplatk\u016f.\",\"breadcrumb\":{\"@id\":\"https:\/\/e-booking.cz\/platba\/#breadcrumb\"},\"inLanguage\":\"es\",\"potentialAction\":[{\"@type\":\"ReadAction\",\"target\":[\"https:\/\/e-booking.cz\/platba\/\"]}]},{\"@type\":\"ImageObject\",\"inLanguage\":\"es\",\"@id\":\"https:\/\/e-booking.cz\/platba\/#primaryimage\",\"url\":\"https:\/\/e-booking.cz\/wp-content\/uploads\/2025\/07\/iStock-912413320-scaled.jpg\",\"contentUrl\":\"https:\/\/e-booking.cz\/wp-content\/uploads\/2025\/07\/iStock-912413320-scaled.jpg\",\"width\":2560,\"height\":2560,\"caption\":\"Business woman hand holds a credit card and uses a telephone to shop online.On the table there is a laptop computer and pen notepad.\"},{\"@type\":\"BreadcrumbList\",\"@id\":\"https:\/\/e-booking.cz\/platba\/#breadcrumb\",\"itemListElement\":[{\"@type\":\"ListItem\",\"position\":1,\"name\":\"Dom\u016f\",\"item\":\"https:\/\/e-booking.cz\/es\/\"},{\"@type\":\"ListItem\",\"position\":2,\"name\":\"Platba\"}]},{\"@type\":\"WebSite\",\"@id\":\"https:\/\/e-booking.cz\/#website\",\"url\":\"https:\/\/e-booking.cz\/\",\"name\":\"e-booking.cz\",\"description\":\"\",\"publisher\":{\"@id\":\"https:\/\/e-booking.cz\/#organization\"},\"potentialAction\":[{\"@type\":\"SearchAction\",\"target\":{\"@type\":\"EntryPoint\",\"urlTemplate\":\"https:\/\/e-booking.cz\/?s={search_term_string}\"},\"query-input\":{\"@type\":\"PropertyValueSpecification\",\"valueRequired\":true,\"valueName\":\"search_term_string\"}}],\"inLanguage\":\"es\"},{\"@type\":\"Organization\",\"@id\":\"https:\/\/e-booking.cz\/#organization\",\"name\":\"e-booking.cz\",\"url\":\"https:\/\/e-booking.cz\/\",\"logo\":{\"@type\":\"ImageObject\",\"inLanguage\":\"es\",\"@id\":\"https:\/\/e-booking.cz\/#\/schema\/logo\/image\/\",\"url\":\"https:\/\/e-booking.cz\/wp-content\/uploads\/2019\/08\/logo-ebooking-e1565277525708.png\",\"contentUrl\":\"https:\/\/e-booking.cz\/wp-content\/uploads\/2019\/08\/logo-ebooking-e1565277525708.png\",\"width\":130,\"height\":24,\"caption\":\"e-booking.cz\"},\"image\":{\"@id\":\"https:\/\/e-booking.cz\/#\/schema\/logo\/image\/\"},\"sameAs\":[\"https:\/\/www.facebook.com\/ebookingcz\",\"https:\/\/x.com\/EBookingcz\",\"https:\/\/www.instagram.com\/ebooking.cz\/\"]}]}<\/script>\n<!-- \/ Yoast SEO Premium plugin. -->","yoast_head_json":{"title":"Platba rezervace hotelu online nebo na t\u0159etinky - e-booking.cz","description":"Informace o platb\u00e1ch: zapla\u0165te svoji rezervaci na Booking kartou, nebo si rozd\u011blte v\u011bt\u0161\u00ed v\u00fddaje na t\u0159etiny. Bez nav\u00fd\u0161en\u00ed a bez poplatk\u016f.","robots":{"index":"index","follow":"follow","max-snippet":"max-snippet:-1","max-image-preview":"max-image-preview:large","max-video-preview":"max-video-preview:-1"},"canonical":"https:\/\/e-booking.cz\/platba\/","twitter_card":"summary_large_image","twitter_title":"Platba rezervace hotelu online nebo na t\u0159etinky - e-booking.cz","twitter_description":"Informace o platb\u00e1ch: zapla\u0165te svoji rezervaci na Booking kartou, nebo si rozd\u011blte v\u011bt\u0161\u00ed v\u00fddaje na t\u0159etiny. Bez nav\u00fd\u0161en\u00ed a bez poplatk\u016f.","twitter_image":"https:\/\/e-booking.cz\/wp-content\/uploads\/2025\/07\/iStock-912413320-scaled.jpg","twitter_site":"@EBookingcz","twitter_misc":{"Tiempo de lectura":"2 minutos"},"schema":{"@context":"https:\/\/schema.org","@graph":[{"@type":"WebPage","@id":"https:\/\/e-booking.cz\/platba\/","url":"https:\/\/e-booking.cz\/platba\/","name":"Platba rezervace hotelu online nebo na t\u0159etinky - e-booking.cz","isPartOf":{"@id":"https:\/\/e-booking.cz\/#website"},"primaryImageOfPage":{"@id":"https:\/\/e-booking.cz\/platba\/#primaryimage"},"image":{"@id":"https:\/\/e-booking.cz\/platba\/#primaryimage"},"thumbnailUrl":"https:\/\/e-booking.cz\/wp-content\/uploads\/2025\/07\/iStock-912413320-scaled.jpg","datePublished":"2025-07-25T22:53:59+00:00","dateModified":"2025-08-12T10:55:01+00:00","description":"Informace o platb\u00e1ch: zapla\u0165te svoji rezervaci na Booking kartou, nebo si rozd\u011blte v\u011bt\u0161\u00ed v\u00fddaje na t\u0159etiny. Bez nav\u00fd\u0161en\u00ed a bez poplatk\u016f.","breadcrumb":{"@id":"https:\/\/e-booking.cz\/platba\/#breadcrumb"},"inLanguage":"es","potentialAction":[{"@type":"ReadAction","target":["https:\/\/e-booking.cz\/platba\/"]}]},{"@type":"ImageObject","inLanguage":"es","@id":"https:\/\/e-booking.cz\/platba\/#primaryimage","url":"https:\/\/e-booking.cz\/wp-content\/uploads\/2025\/07\/iStock-912413320-scaled.jpg","contentUrl":"https:\/\/e-booking.cz\/wp-content\/uploads\/2025\/07\/iStock-912413320-scaled.jpg","width":2560,"height":2560,"caption":"Business woman hand holds a credit card and uses a telephone to shop online.On the table there is a laptop computer and pen notepad."},{"@type":"BreadcrumbList","@id":"https:\/\/e-booking.cz\/platba\/#breadcrumb","itemListElement":[{"@type":"ListItem","position":1,"name":"Dom\u016f","item":"https:\/\/e-booking.cz\/es\/"},{"@type":"ListItem","position":2,"name":"Platba"}]},{"@type":"WebSite","@id":"https:\/\/e-booking.cz\/#website","url":"https:\/\/e-booking.cz\/","name":"e-booking.cz","description":"","publisher":{"@id":"https:\/\/e-booking.cz\/#organization"},"potentialAction":[{"@type":"SearchAction","target":{"@type":"EntryPoint","urlTemplate":"https:\/\/e-booking.cz\/?s={search_term_string}"},"query-input":{"@type":"PropertyValueSpecification","valueRequired":true,"valueName":"search_term_string"}}],"inLanguage":"es"},{"@type":"Organization","@id":"https:\/\/e-booking.cz\/#organization","name":"e-booking.cz","url":"https:\/\/e-booking.cz\/","logo":{"@type":"ImageObject","inLanguage":"es","@id":"https:\/\/e-booking.cz\/#\/schema\/logo\/image\/","url":"https:\/\/e-booking.cz\/wp-content\/uploads\/2019\/08\/logo-ebooking-e1565277525708.png","contentUrl":"https:\/\/e-booking.cz\/wp-content\/uploads\/2019\/08\/logo-ebooking-e1565277525708.png","width":130,"height":24,"caption":"e-booking.cz"},"image":{"@id":"https:\/\/e-booking.cz\/#\/schema\/logo\/image\/"},"sameAs":["https:\/\/www.facebook.com\/ebookingcz","https:\/\/x.com\/EBookingcz","https:\/\/www.instagram.com\/ebooking.cz\/"]}]}},"_links":{"self":[{"href":"https:\/\/e-booking.cz\/es\/wp-json\/wp\/v2\/pages\/62191","targetHints":{"allow":["GET"]}}],"collection":[{"href":"https:\/\/e-booking.cz\/es\/wp-json\/wp\/v2\/pages"}],"about":[{"href":"https:\/\/e-booking.cz\/es\/wp-json\/wp\/v2\/types\/page"}],"author":[{"embeddable":true,"href":"https:\/\/e-booking.cz\/es\/wp-json\/wp\/v2\/users\/3"}],"replies":[{"embeddable":true,"href":"https:\/\/e-booking.cz\/es\/wp-json\/wp\/v2\/comments?post=62191"}],"version-history":[{"count":14,"href":"https:\/\/e-booking.cz\/es\/wp-json\/wp\/v2\/pages\/62191\/revisions"}],"predecessor-version":[{"id":62531,"href":"https:\/\/e-booking.cz\/es\/wp-json\/wp\/v2\/pages\/62191\/revisions\/62531"}],"wp:featuredmedia":[{"embeddable":true,"href":"https:\/\/e-booking.cz\/es\/wp-json\/wp\/v2\/media\/62193"}],"wp:attachment":[{"href":"https:\/\/e-booking.cz\/es\/wp-json\/wp\/v2\/media?parent=62191"}],"curies":[{"name":"wp","href":"https:\/\/api.w.org\/{rel}","templated":true}]}}