{"id":59552,"date":"2018-11-21T13:21:27","date_gmt":"2018-11-21T13:21:27","guid":{"rendered":"https:\/\/e-booking.cz\/domu\/"},"modified":"2025-11-19T12:35:10","modified_gmt":"2025-11-19T11:35:10","slug":"domu","status":"publish","type":"page","link":"https:\/\/e-booking.cz\/es\/","title":{"rendered":"Dom\u016f"},"content":{"rendered":"<div class=\"wpb-content-wrapper\"><p>[vc_row full_width=\u00bbstretch_row_content\u00bb full_height=\u00bbyes\u00bb equal_height=\u00bbyes\u00bb content_placement=\u00bbmiddle\u00bb css=\u00bb.vc_custom_1724253430178{border-bottom-width: 40px !important;background-image: url(https:\/\/e-booking.cz\/wp-content\/uploads\/2024\/03\/iStock-1300077585-scaled.jpg?id=55892) !important;background-position: center !important;background-repeat: no-repeat !important;background-size: cover !important;}\u00bb][vc_column css=\u00bb.vc_custom_1676983684372{border-radius: 35px !important;}\u00bb]    <div class=\"search-form-wrapper auto-height-form-search normal mix st-search-form-custom_1st-search-form-custom_2st-search-form-custom_7st-search-form-custom_8\">\n                    <h1 class=\"st-heading text-center\">Tu viaje empieza aqu\u00ed<\/h1>            <div class=\"sub-heading text-center\">Compare. Reserve. Disfrute. \u00a1Qu\u00e9 f\u00e1cil!<\/div><ul class=\"nav nav-tabs\" role=\"tablist\"><li role=\"custom_1\" class=\"active\"><a href=\"#custom_1\" aria-controls=\"custom_1\" role=\"tab\" data-toggle=\"tab\">Vuelos<\/a><\/li><li role=\"custom_2\" class=\"\"><a href=\"#custom_2\" aria-controls=\"custom_2\" role=\"tab\" data-toggle=\"tab\">Hoteles<\/a><\/li><li role=\"custom_7\" class=\"\"><a href=\"#custom_7\" aria-controls=\"custom_7\" role=\"tab\" data-toggle=\"tab\">Alquiler de coches<\/a><\/li><li role=\"custom_8\" class=\"\"><a href=\"#custom_8\" aria-controls=\"custom_8\" role=\"tab\" data-toggle=\"tab\">eSIM<\/a><\/li><\/ul><div class=\"tab-content\"><div role=\"tabpanel\" class=\"tab-pane active\" id=\"custom_1\"><div class=\"tab-content-inner in_tab\" >\n<script async src=\"https:\/\/tp.media\/content?currency=czk&trs=31944&shmarker=240010&show_hotels=false&powered_by=false&locale=es&searchUrl=search.e-booking.cz%2Fflights&color_button=%230ca532&color_icons=%230ca532&dark=%231A2B48&light=%23FFFFFF&secondary=%231a2b48&special=%231A2B48&color_focused=%23FFFFFf&border_radius=10&no_labels=true&plain=true&promo_id=7879&campaign_id=100\" charset=\"utf-8\"><\/script><\/div>\n<\/div><div role=\"tabpanel\" class=\"tab-pane \" id=\"custom_2\"><div class=\"tab-content-inner in_tab\" >\n<script async src=\"https:\/\/tpwdg.com\/content?trs=31944&shmarker=240010&locale=es&sustainable=false&deals=false&border_radius=0&plain=true&powered_by=false&promo_id=2693&campaign_id=84\" charset=\"utf-8\"><\/script><\/div>\n<\/div><div role=\"tabpanel\" class=\"tab-pane \" id=\"custom_7\"><div class=\"tab-content-inner in_tab\" >\n<script async src=\"https:\/\/tp.media\/content?trs=31944&shmarker=240010&locale=es&powered_by=false&border_radius=0&plain=true&show_logo=true&color_background=%231a2b48&color_button=%230ca532&promo_id=4578&campaign_id=130\" charset=\"utf-8\"><\/script><\/div>\n<\/div><div role=\"tabpanel\" class=\"tab-pane \" id=\"custom_8\"><div class=\"tab-content-inner in_tab\" >\n<script async src=\"https:\/\/tp.media\/content?trs=31944&shmarker=240010&locale=es&powered_by=false&color_button=%230ca532&color_focused=%230ca532&secondary=%231A2B48&dark=%23FFFFFF&light=%23FFFFFF&special=%231a2b48&border_radius=6&plain=true&no_labels=&promo_id=8588&campaign_id=541\" charset=\"utf-8\"><\/script><\/div>\n<\/div><\/div>                <\/div>\n    [vc_empty_space height=\u00bb82px\u00bb][\/vc_column][\/vc_row][vc_row full_width=\u00bbstretch_row\u00bb css=\u00bb.vc_custom_1724253418624{background-position: center !important;background-repeat: no-repeat !important;background-size: cover !important;}\u00bb][vc_column][vc_empty_space height=\u00bb82px\u00bb][vc_row_inner equal_height=\u00bbyes\u00bb content_placement=\u00bbmiddle\u00bb][vc_column_inner width=\u00bb1\/3&#8243;]<div class=\"st-featured-item image-top-3\">\r\n    <div class=\"image\">\r\n            <\/div>\r\n    <div class=\"content\">\r\n        <h3 class=\"title\">Las mejores ofertas de hoteles<\/h3>\r\n        <div class=\"desc\">Ve las ofertas de m\u00e1s de 3 millones de hoteles y alojamientos en un solo lugar.<\/div>\r\n    <\/div>\r\n<\/div>\r\n[\/vc_column_inner][vc_column_inner width=\u00bb1\/3&#8243;]<div class=\"st-featured-item image-top-3\">\r\n    <div class=\"image\">\r\n            <\/div>\r\n    <div class=\"content\">\r\n        <h3 class=\"title\">Cancelaci\u00f3n gratuita<\/h3>\r\n        <div class=\"desc\">Utiliza nuestro filtro para encontrar estancias con cancelaci\u00f3n gratuita.<\/div>\r\n    <\/div>\r\n<\/div>\r\n[\/vc_column_inner][vc_column_inner width=\u00bb1\/3&#8243;]<div class=\"st-featured-item image-top-3\">\r\n    <div class=\"image\">\r\n            <\/div>\r\n    <div class=\"content\">\r\n        <h3 class=\"title\">Estancias para cada necesidad<\/h3>\r\n        <div class=\"desc\">Encuentra tu estancia ideal entre nuestras muchas propiedades.<\/div>\r\n    <\/div>\r\n<\/div>\r\n[\/vc_column_inner][\/vc_row_inner][vc_empty_space height=\u00bb42px\u00bb][\/vc_column][\/vc_row][vc_row full_width=\u00bbstretch_row_content\u00bb equal_height=\u00bbyes\u00bb css=\u00bb.vc_custom_1724974367833{margin-top: 6rem !important;background-image: url(https:\/\/e-booking.cz\/wp-content\/uploads\/2023\/08\/iStock-1392907323-scaled.jpg?id=51555) !important;background-position: center !important;background-repeat: no-repeat !important;background-size: cover !important;}\u00bb][vc_column width=\u00bb1\/2&#8243; css=\u00bb.vc_custom_1725107649059{margin-left: -100px !important;background-color: #013B94 !important;}\u00bb]<div class=\"st-offer-new item has-matchHeight\">\r\n    <div class=\"featured-text btn btn-primary\">Ofertas de temporada<\/div><h2 class=\"item-title\">Booking.com: Ahorra un 15% o m\u00e1s<\/h2><p class=\"item-sub-title\">Hasta el 7 de enero de 2025.<\/p><a href=\"https:\/\/bit.ly\/36nZgRL\" class=\"btn btn-default\" target=&quot;_blank&quot;>Vyhledat<\/a>    <div class=\"img-cover \"><\/div>\r\n<\/div>\r\n[\/vc_column][vc_column width=\u00bb1\/2&#8243;][\/vc_column][\/vc_row][vc_row full_width=\u00bbstretch_row_content\u00bb css=\u00bb.vc_custom_1724931938532{background-color: #EEEEEE !important;background-position: center !important;background-repeat: no-repeat !important;background-size: cover !important;}\u00bb][vc_column][vc_empty_space][\/vc_column][\/vc_row][vc_row full_width=\u00bbstretch_row_content\u00bb css=\u00bb.vc_custom_1724930975300{background-color: #EEEEEE !important;background-position: center !important;background-repeat: no-repeat !important;background-size: cover !important;}\u00bb][vc_column][vc_empty_space][vc_column_text css=\u00bb\u00bb]<\/p>\n<h2 style=\"text-align: center;\">Alojamientos y\u00a0Hoteles\u00a0baratos<\/h2>\n<p>[\/vc_column_text][vc_separator color=\u00bbgreen\u00bb style=\u00bbdouble\u00bb][vc_row_inner][vc_column_inner width=\u00bb1\/4&#8243;][vc_single_image image=\u00bb46850&#8243; img_size=\u00bbfull\u00bb][vc_column_text css=\u00bb\u00bb]<\/p>\n<h5>Apartm\u00e1ny Ladn\u00e1****<\/h5>\n<p>[\/vc_column_text][vc_btn title=\u00bbReserva ya\u00bb style=\u00bboutline\u00bb color=\u00bbgreen\u00bb align=\u00bbcenter\u00bb css=\u00bb\u00bb button_block=\u00bbtrue\u00bb link=\u00bburl:https%3A%2F%2Fbooking.tpx.gr%2FpRWNnqGp|target:_blank\u00bb][\/vc_column_inner][vc_column_inner width=\u00bb1\/4&#8243;][vc_single_image image=\u00bb46855&#8243; img_size=\u00bbfull\u00bb][vc_column_text css=\u00bb\u00bb]<\/p>\n<h5>Chateau Mcely*****<\/h5>\n<p>[\/vc_column_text][vc_btn title=\u00bbReserva ya\u00bb style=\u00bboutline\u00bb color=\u00bbgreen\u00bb align=\u00bbcenter\u00bb css=\u00bb\u00bb button_block=\u00bbtrue\u00bb link=\u00bburl:https%3A%2F%2Fbooking.tpx.gr%2FU3uaf8dO|target:_blank\u00bb][\/vc_column_inner][vc_column_inner width=\u00bb1\/4&#8243;][vc_single_image image=\u00bb63269&#8243; img_size=\u00bbfull\u00bb css=\u00bb\u00bb][vc_column_text css=\u00bb\u00bb]<\/p>\n<h5>Resort \u010cap\u00ed Hn\u00edzdo<\/h5>\n<p>[\/vc_column_text][vc_btn title=\u00bbReserva ya\u00bb style=\u00bboutline\u00bb color=\u00bbgreen\u00bb align=\u00bbcenter\u00bb css=\u00bb\u00bb button_block=\u00bbtrue\u00bb link=\u00bburl:https%3A%2F%2Fbooking.tpx.gr%2FSJtCms9P|target:_blank\u00bb][\/vc_column_inner][vc_column_inner width=\u00bb1\/4&#8243;][vc_single_image image=\u00bb46864&#8243; img_size=\u00bbfull\u00bb][vc_column_text css=\u00bb\u00bb]<\/p>\n<h5>PROSECCO RESIDENCE MARKO<\/h5>\n<p>[\/vc_column_text][vc_btn title=\u00bbReserva ya\u00bb style=\u00bboutline\u00bb color=\u00bbgreen\u00bb align=\u00bbcenter\u00bb css=\u00bb\u00bb button_block=\u00bbtrue\u00bb link=\u00bburl:https%3A%2F%2Fbooking.tpx.gr%2FZjNg04AZ|target:_blank\u00bb][\/vc_column_inner][\/vc_row_inner][vc_empty_space][\/vc_column][\/vc_row][vc_row full_width=\u00bbstretch_row_content\u00bb equal_height=\u00bbyes\u00bb content_placement=\u00bbmiddle\u00bb css=\u00bb.vc_custom_1725119721663{background-color: #0ca532 !important;background-position: center !important;background-repeat: no-repeat !important;background-size: cover !important;}\u00bb][vc_column]<div class=\"st-offer-new item has-matchHeight\">\r\n    <div class=\"featured-text btn btn-primary\">Recomendamos<\/div><h2 class=\"item-title\">Pagos de estancias por parte del empleador (FKSP)<\/h2><p class=\"item-sub-title\">\u00bfContribuye tu empleador a las estancias vacacionales? Combina los descuentos de temporada, los descuentos de Genius de Booking.com, los descuentos para dispositivos m\u00f3viles y las contribuciones de FKSP en una sola reserva<\/p><a href=\"https:\/\/e-booking.cz\/en\/fksp\/\" class=\"btn btn-default\" >M\u00e1s<\/a>    <div class=\"img-cover \"><\/div>\r\n<\/div>\r\n[\/vc_column][\/vc_row][vc_row full_width=\u00bbstretch_row_content\u00bb css=\u00bb.vc_custom_1724872719688{padding-top: 5rem !important;}\u00bb][vc_column][vc_row_inner css=\u00bb.vc_custom_1724874792658{background-position: center !important;background-repeat: no-repeat !important;background-size: cover !important;}\u00bb][vc_column_inner][vc_column_text css=\u00bb\u00bb]<\/p>\n<h2 class=\"f49c3e3e97 fb4fcd9c72 css-1vmdt0v\" style=\"text-align: center;\">Atracciones, actividades y experiencias<\/h2>\n<p>[\/vc_column_text][\/vc_column_inner][\/vc_row_inner][vc_separator color=\u00bbgreen\u00bb style=\u00bbdouble\u00bb][vc_raw_js]JTNDc2NyaXB0JTIwYXN5bmMlMjBzcmMlM0QlMjJodHRwcyUzQSUyRiUyRmM4OS50cmF2ZWxwYXlvdXRzLmNvbSUyRmNvbnRlbnQlM0ZjdXJyZW5jeSUzREVVUiUyNnRycyUzRDMxOTQ0JTI2c2htYXJrZXIlM0QyNDAwMTAlMjZwcm9kdWN0JTNEOTc0MDgyJTI1MkM5ODE0NzIlMjUyQzkxODI1NiUyNTJDOTc0MTU1JTI2bGFuZ3VhZ2UlM0RlcyUyNmxheW91dCUzRHZlcnRpY2FsJTI2cG93ZXJlZF9ieSUzRGZhbHNlJTI2cHJvbW9faWQlM0QzOTQ4JTIyJTIwY2hhcnNldCUzRCUyMnV0Zi04JTIyJTNFJTNDJTJGc2NyaXB0JTNF[\/vc_raw_js][vc_btn title=\u00bbBuscar m\u00e1s\u00bb style=\u00bboutline\u00bb color=\u00bbgreen\u00bb size=\u00bblg\u00bb align=\u00bbcenter\u00bb css=\u00bb\u00bb button_block=\u00bbtrue\u00bb link=\u00bburl:https%3A%2F%2Fe-booking.cz%2Fes%2Fatracciones%2F|title:M%C3%A1s|target:_blank\u00bb][\/vc_column][\/vc_row]<\/p>\n<\/div>","protected":false},"excerpt":{"rendered":"<p>[vc_row full_width=\u00bbstretch_row_content\u00bb full_height=\u00bbyes\u00bb equal_height=\u00bbyes\u00bb content_placement=\u00bbmiddle\u00bb css=\u00bb.vc_custom_1724253430178{border-bottom-width: 40px !important;background-image: url(https:\/\/e-booking.cz\/wp-content\/uploads\/2024\/03\/iStock-1300077585-scaled.jpg?id=55892) !important;background-position: center !important;background-repeat: no-repeat !important;background-size: cover !important;}\u00bb][vc_column css=\u00bb.vc_custom_1676983684372{border-radius: 35px !important;}\u00bb][vc_empty_space height=\u00bb82px\u00bb][\/vc_column][\/vc_row][vc_row full_width=\u00bbstretch_row\u00bb css=\u00bb.vc_custom_1724253418624{background-position: center !important;background-repeat: no-repeat !important;background-size: cover !important;}\u00bb][vc_column][vc_empty_space height=\u00bb82px\u00bb][vc_row_inner equal_height=\u00bbyes\u00bb content_placement=\u00bbmiddle\u00bb][vc_column_inner width=\u00bb1\/3&#8243;][\/vc_column_inner][vc_column_inner width=\u00bb1\/3&#8243;][\/vc_column_inner][vc_column_inner width=\u00bb1\/3&#8243;][\/vc_column_inner][\/vc_row_inner][vc_empty_space height=\u00bb42px\u00bb][\/vc_column][\/vc_row][vc_row full_width=\u00bbstretch_row_content\u00bb equal_height=\u00bbyes\u00bb css=\u00bb.vc_custom_1724974367833{margin-top: 6rem !important;background-image: url(https:\/\/e-booking.cz\/wp-content\/uploads\/2023\/08\/iStock-1392907323-scaled.jpg?id=51555) !important;background-position: center !important;background-repeat: no-repeat !important;background-size: cover !important;}\u00bb][vc_column width=\u00bb1\/2&#8243; css=\u00bb.vc_custom_1725107649059{margin-left: -100px !important;background-color: #013B94 !important;}\u00bb][\/vc_column][vc_column width=\u00bb1\/2&#8243;][\/vc_column][\/vc_row][vc_row [&hellip;]<\/p>\n","protected":false},"author":3,"featured_media":0,"parent":0,"menu_order":0,"comment_status":"closed","ping_status":"closed","template":"template-home-modern.php","meta":{"footnotes":""},"class_list":["post-59552","page","type-page","status-publish","has-post-thumbnail","hentry"],"yoast_head":"<!-- This site is optimized with the Yoast SEO Premium plugin v26.1 (Yoast SEO v27.2) - https:\/\/yoast.com\/product\/yoast-seo-premium-wordpress\/ -->\n<title>Busca y compara ofertas m\u00e1s baratas e-booking.cz<\/title>\n<meta name=\"description\" content=\"Encuentra los mejores precios en hoteles viajes, vuelos, vacaciones, escapadas y disfruta de tu tiempo libre e-booking.cz\" \/>\n<meta name=\"robots\" content=\"index, follow, max-snippet:-1, max-image-preview:large, max-video-preview:-1\" \/>\n<link rel=\"canonical\" href=\"https:\/\/e-booking.cz\/es\/\" \/>\n<meta name=\"twitter:card\" content=\"summary_large_image\" \/>\n<meta name=\"twitter:title\" content=\"Busca y compara ofertas m\u00e1s baratas e-booking.cz\" \/>\n<meta name=\"twitter:description\" content=\"Encuentra los mejores precios en hoteles viajes, vuelos, vacaciones, escapadas y disfruta de tu tiempo libre e-booking.cz\" \/>\n<meta name=\"twitter:image\" content=\"https:\/\/e-booking.cz\/wp-content\/uploads\/2023\/01\/iStock-1315226476-scaled.jpg\" \/>\n<meta name=\"twitter:site\" content=\"@EBookingcz\" \/>\n<meta name=\"twitter:label1\" content=\"Tiempo de lectura\" \/>\n\t<meta name=\"twitter:data1\" content=\"3 minutos\" \/>\n<script type=\"application\/ld+json\" class=\"yoast-schema-graph\">{\"@context\":\"https:\/\/schema.org\",\"@graph\":[{\"@type\":\"WebPage\",\"@id\":\"https:\/\/e-booking.cz\/es\/\",\"url\":\"https:\/\/e-booking.cz\/es\/\",\"name\":\"Busca y compara ofertas m\u00e1s baratas e-booking.cz\",\"isPartOf\":{\"@id\":\"https:\/\/e-booking.cz\/#website\"},\"datePublished\":\"2018-11-21T13:21:27+00:00\",\"dateModified\":\"2025-11-19T11:35:10+00:00\",\"description\":\"Encuentra los mejores precios en hoteles viajes, vuelos, vacaciones, escapadas y disfruta de tu tiempo libre e-booking.cz\",\"breadcrumb\":{\"@id\":\"https:\/\/e-booking.cz\/es\/#breadcrumb\"},\"inLanguage\":\"es\",\"potentialAction\":[{\"@type\":\"ReadAction\",\"target\":[\"https:\/\/e-booking.cz\/es\/\"]}]},{\"@type\":\"BreadcrumbList\",\"@id\":\"https:\/\/e-booking.cz\/es\/#breadcrumb\",\"itemListElement\":[{\"@type\":\"ListItem\",\"position\":1,\"name\":\"Dom\u016f\",\"item\":\"https:\/\/e-booking.cz\/es\/\"},{\"@type\":\"ListItem\",\"position\":2,\"name\":\"Dom\u016f\"}]},{\"@type\":\"WebSite\",\"@id\":\"https:\/\/e-booking.cz\/#website\",\"url\":\"https:\/\/e-booking.cz\/\",\"name\":\"e-booking.cz\",\"description\":\"\",\"publisher\":{\"@id\":\"https:\/\/e-booking.cz\/#organization\"},\"potentialAction\":[{\"@type\":\"SearchAction\",\"target\":{\"@type\":\"EntryPoint\",\"urlTemplate\":\"https:\/\/e-booking.cz\/?s={search_term_string}\"},\"query-input\":{\"@type\":\"PropertyValueSpecification\",\"valueRequired\":true,\"valueName\":\"search_term_string\"}}],\"inLanguage\":\"es\"},{\"@type\":\"Organization\",\"@id\":\"https:\/\/e-booking.cz\/#organization\",\"name\":\"e-booking.cz\",\"url\":\"https:\/\/e-booking.cz\/\",\"logo\":{\"@type\":\"ImageObject\",\"inLanguage\":\"es\",\"@id\":\"https:\/\/e-booking.cz\/#\/schema\/logo\/image\/\",\"url\":\"https:\/\/e-booking.cz\/wp-content\/uploads\/2019\/08\/logo-ebooking-e1565277525708.png\",\"contentUrl\":\"https:\/\/e-booking.cz\/wp-content\/uploads\/2019\/08\/logo-ebooking-e1565277525708.png\",\"width\":130,\"height\":24,\"caption\":\"e-booking.cz\"},\"image\":{\"@id\":\"https:\/\/e-booking.cz\/#\/schema\/logo\/image\/\"},\"sameAs\":[\"https:\/\/www.facebook.com\/ebookingcz\",\"https:\/\/x.com\/EBookingcz\",\"https:\/\/www.instagram.com\/ebooking.cz\/\"]}]}<\/script>\n<!-- \/ Yoast SEO Premium plugin. -->","yoast_head_json":{"title":"Busca y compara ofertas m\u00e1s baratas e-booking.cz","description":"Encuentra los mejores precios en hoteles viajes, vuelos, vacaciones, escapadas y disfruta de tu tiempo libre e-booking.cz","robots":{"index":"index","follow":"follow","max-snippet":"max-snippet:-1","max-image-preview":"max-image-preview:large","max-video-preview":"max-video-preview:-1"},"canonical":"https:\/\/e-booking.cz\/es\/","twitter_card":"summary_large_image","twitter_title":"Busca y compara ofertas m\u00e1s baratas e-booking.cz","twitter_description":"Encuentra los mejores precios en hoteles viajes, vuelos, vacaciones, escapadas y disfruta de tu tiempo libre e-booking.cz","twitter_image":"https:\/\/e-booking.cz\/wp-content\/uploads\/2023\/01\/iStock-1315226476-scaled.jpg","twitter_site":"@EBookingcz","twitter_misc":{"Tiempo de lectura":"3 minutos"},"schema":{"@context":"https:\/\/schema.org","@graph":[{"@type":"WebPage","@id":"https:\/\/e-booking.cz\/es\/","url":"https:\/\/e-booking.cz\/es\/","name":"Busca y compara ofertas m\u00e1s baratas e-booking.cz","isPartOf":{"@id":"https:\/\/e-booking.cz\/#website"},"datePublished":"2018-11-21T13:21:27+00:00","dateModified":"2025-11-19T11:35:10+00:00","description":"Encuentra los mejores precios en hoteles viajes, vuelos, vacaciones, escapadas y disfruta de tu tiempo libre e-booking.cz","breadcrumb":{"@id":"https:\/\/e-booking.cz\/es\/#breadcrumb"},"inLanguage":"es","potentialAction":[{"@type":"ReadAction","target":["https:\/\/e-booking.cz\/es\/"]}]},{"@type":"BreadcrumbList","@id":"https:\/\/e-booking.cz\/es\/#breadcrumb","itemListElement":[{"@type":"ListItem","position":1,"name":"Dom\u016f","item":"https:\/\/e-booking.cz\/es\/"},{"@type":"ListItem","position":2,"name":"Dom\u016f"}]},{"@type":"WebSite","@id":"https:\/\/e-booking.cz\/#website","url":"https:\/\/e-booking.cz\/","name":"e-booking.cz","description":"","publisher":{"@id":"https:\/\/e-booking.cz\/#organization"},"potentialAction":[{"@type":"SearchAction","target":{"@type":"EntryPoint","urlTemplate":"https:\/\/e-booking.cz\/?s={search_term_string}"},"query-input":{"@type":"PropertyValueSpecification","valueRequired":true,"valueName":"search_term_string"}}],"inLanguage":"es"},{"@type":"Organization","@id":"https:\/\/e-booking.cz\/#organization","name":"e-booking.cz","url":"https:\/\/e-booking.cz\/","logo":{"@type":"ImageObject","inLanguage":"es","@id":"https:\/\/e-booking.cz\/#\/schema\/logo\/image\/","url":"https:\/\/e-booking.cz\/wp-content\/uploads\/2019\/08\/logo-ebooking-e1565277525708.png","contentUrl":"https:\/\/e-booking.cz\/wp-content\/uploads\/2019\/08\/logo-ebooking-e1565277525708.png","width":130,"height":24,"caption":"e-booking.cz"},"image":{"@id":"https:\/\/e-booking.cz\/#\/schema\/logo\/image\/"},"sameAs":["https:\/\/www.facebook.com\/ebookingcz","https:\/\/x.com\/EBookingcz","https:\/\/www.instagram.com\/ebooking.cz\/"]}]}},"_links":{"self":[{"href":"https:\/\/e-booking.cz\/es\/wp-json\/wp\/v2\/pages\/59552","targetHints":{"allow":["GET"]}}],"collection":[{"href":"https:\/\/e-booking.cz\/es\/wp-json\/wp\/v2\/pages"}],"about":[{"href":"https:\/\/e-booking.cz\/es\/wp-json\/wp\/v2\/types\/page"}],"author":[{"embeddable":true,"href":"https:\/\/e-booking.cz\/es\/wp-json\/wp\/v2\/users\/3"}],"replies":[{"embeddable":true,"href":"https:\/\/e-booking.cz\/es\/wp-json\/wp\/v2\/comments?post=59552"}],"version-history":[{"count":8,"href":"https:\/\/e-booking.cz\/es\/wp-json\/wp\/v2\/pages\/59552\/revisions"}],"predecessor-version":[{"id":63386,"href":"https:\/\/e-booking.cz\/es\/wp-json\/wp\/v2\/pages\/59552\/revisions\/63386"}],"wp:attachment":[{"href":"https:\/\/e-booking.cz\/es\/wp-json\/wp\/v2\/media?parent=59552"}],"curies":[{"name":"wp","href":"https:\/\/api.w.org\/{rel}","templated":true}]}}