{"id":47715,"date":"2022-08-23T23:06:10","date_gmt":"2022-08-23T21:06:10","guid":{"rendered":"https:\/\/e-booking.cz\/?page_id=47715"},"modified":"2025-01-18T15:38:15","modified_gmt":"2025-01-18T14:38:15","slug":"hotel","status":"publish","type":"page","link":"https:\/\/e-booking.cz\/es\/hotel\/","title":{"rendered":"Pobyty pro Va\u0161\u00ed dovolenou"},"content":{"rendered":"<div class=\"wpb-content-wrapper\"><p>[vc_row full_width=\u00bbstretch_row_content\u00bb full_height=\u00bbyes\u00bb css=\u00bb.vc_custom_1733329690747{background: #1A2B48 url(https:\/\/e-booking.cz\/wp-content\/uploads\/2023\/09\/kanC3A1l-v-amsterdamu-nizozemsko-domy-C599eka-amstel.jpg_s1024x1024wisk20cltvpftg_MvxNn6vnlhhSdvkPidExsGqLJOWwgwi4Zh4.jpg?id=52382) !important;background-position: center !important;background-repeat: no-repeat !important;background-size: cover !important;}\u00bb][vc_column][vc_empty_space height=\u00bb100px\u00bb][vc_row_inner][vc_column_inner width=\u00bb1\/6&#8243;][\/vc_column_inner][vc_column_inner width=\u00bb2\/3&#8243; css=\u00bb.vc_custom_1733328631742{padding-top: 40px !important;padding-right: 20px !important;padding-bottom: -40px !important;padding-left: 20px !important;border-radius: 35px !important;}\u00bb][vc_raw_js]JTNDc2NyaXB0JTIwYXN5bmMlMjBzcmMlM0QlMjJodHRwcyUzQSUyRiUyRnRwLm1lZGlhJTJGY29udGVudCUzRnRycyUzRDMxOTQ0JTI2c2htYXJrZXIlM0QyNDAwMTAlMjZsb2NhbGUlM0RjcyUyNnBvd2VyZWRfYnklM0RmYWxzZSUyNnByaW1hcnlfb3ZlcnJpZGUlM0QlMjUyMzBjYTUzMiUyNmNvbG9yX2J1dHRvbiUzRCUyNTIzMGNhNTMyJTI2Y29sb3JfaWNvbnMlM0QlMjUyMzBjYTUzMiUyNmRhcmslM0QlMjUyMzI2MjYyNiUyNmNvbG9yX2JvcmRlciUzRCUyNTIzRTVFOEVFZmYlMjZjb2xvcl9mb2N1c2VkJTNEJTI1MjMzMmE4ZGQlMjZib3JkZXJfcmFkaXVzJTNEMTYlMjZwbGFpbiUzRHRydWUlMjZwcm9tb19pZCUzRDgzMDMlMjZjYW1wYWlnbl9pZCUzRDEwNCUyMiUyMGNoYXJzZXQlM0QlMjJ1dGYtOCUyMiUzRSUzQyUyRnNjcmlwdCUzRQ==[\/vc_raw_js][\/vc_column_inner][vc_column_inner width=\u00bb1\/6&#8243;][\/vc_column_inner][vc_column_inner][\/vc_column_inner][\/vc_row_inner][vc_empty_space][vc_row_inner][vc_column_inner width=\u00bb1\/2&#8243;][vc_facebook][\/vc_column_inner][vc_column_inner width=\u00bb1\/2&#8243;][vc_column_text]<\/p>\n<p style=\"text-align: right;\"><span style=\"color: #ffffff;\"><a style=\"color: #ffffff;\" href=\"https:\/\/e-booking.cz\/fksp\">Chcete vyu\u017e\u00edt p\u0159\u00edsp\u011bvek FKSP?<\/a><\/span><\/p>\n<p>[\/vc_column_text][\/vc_column_inner][\/vc_row_inner][\/vc_column][\/vc_row][vc_row full_width=\u00bbstretch_row_content\u00bb css=\u00bb.vc_custom_1733329750768{margin-bottom: 30px !important;background-color: #1A2B48 !important;background-position: center !important;background-repeat: no-repeat !important;background-size: cover !important;}\u00bb][vc_column css=\u00bb.vc_custom_1733329652213{background-color: #1A2B48 !important;}\u00bb][vc_empty_space height=\u00bb50px\u00bb][vc_creativelink style=\u00bbcl-effect-10&#8243; align=\u00bbcenter\u00bb use_theme_fonts=\u00bbyes\u00bb size=\u00bb20&#8243; text=\u00bbBooking.com: Speci\u00e1ln\u00ed nab\u00eddka pobyt\u016f se slevou od 15%\u00bb url=\u00bburl:https%3A%2F%2Fbit.ly%2F36nZgRL\u00bb bgclr=\u00bb#ffffff\u00bb hoverclr=\u00bb#ffffff\u00bb hoverbg=\u00bb#0ca532&#8243;][vc_empty_space height=\u00bb50px\u00bb][\/vc_column][\/vc_row][vc_row el_class=\u00bbst-number-box\u00bb][vc_column][vc_empty_space height=\u00bb50px\u00bb][vc_column_text]<\/p>\n<h2 style=\"text-align: center;\">Najd\u011bte prostory, kter\u00e9 vyhovuj\u00ed va\u0161emu stylu<\/h2>\n<p>[\/vc_column_text][vc_text_separator title=\u00bb\u00bb i_icon_fontawesome=\u00bbfar fa-check-square\u00bb i_color=\u00bbgreen\u00bb i_size=\u00bblg\u00bb color=\u00bbgreen\u00bb add_icon=\u00bbtrue\u00bb][vc_row_inner][vc_column_inner width=\u00bb1\/6&#8243;][vc_btn title=\u00bbWellness hotely\u00bb style=\u00bboutline\u00bb color=\u00bbgreen\u00bb align=\u00bbcenter\u00bb button_block=\u00bbtrue\u00bb link=\u00bburl:https%3A%2F%2Fwww.booking.com%2Fspa%2Findex.cs.html%3Faid%3D1808548|target:_blank\u00bb][\/vc_column_inner][vc_column_inner width=\u00bb1\/6&#8243;][vc_btn title=\u00bbLy\u017eov\u00e1n\u00ed\u00bb style=\u00bboutline\u00bb color=\u00bbgreen\u00bb align=\u00bbcenter\u00bb button_block=\u00bbtrue\u00bb link=\u00bburl:https%3A%2F%2Fwww.booking.com%2Fski%2Fcountry%2Fcz.cs.html%3Faid%3D1808548|target:_blank\u00bb][\/vc_column_inner][vc_column_inner width=\u00bb1\/6&#8243;][vc_btn title=\u00bbHotely s baz\u00e9nem\u00bb style=\u00bboutline\u00bb color=\u00bbgreen\u00bb align=\u00bbcenter\u00bb button_block=\u00bbtrue\u00bb link=\u00bburl:https%3A%2F%2Fwww.booking.com%2Fpool%2Fcountry%2Fcz.cs.html%3Faid%3D1808548|target:_blank\u00bb][\/vc_column_inner][vc_column_inner width=\u00bb1\/6&#8243;][vc_btn title=\u00bbPobyty s mazl\u00ed\u010dky\u00bb style=\u00bboutline\u00bb color=\u00bbgreen\u00bb align=\u00bbcenter\u00bb button_block=\u00bbtrue\u00bb link=\u00bburl:https%3A%2F%2Fwww.booking.com%2Fpets%2Fcountry%2Fcz.cs.html%3Faid%3D1808548|target:_blank\u00bb][\/vc_column_inner][vc_column_inner width=\u00bb1\/6&#8243;][vc_btn title=\u00bbPenziony\u00bb style=\u00bboutline\u00bb color=\u00bbgreen\u00bb align=\u00bbcenter\u00bb button_block=\u00bbtrue\u00bb link=\u00bburl:https%3A%2F%2Fwww.booking.com%2Fguest-house%2Findex.html%3Faid%3D1808548|target:_blank\u00bb][\/vc_column_inner][vc_column_inner width=\u00bb1\/6&#8243;][vc_btn title=\u00bbHostely\u00bb style=\u00bboutline\u00bb color=\u00bbgreen\u00bb align=\u00bbcenter\u00bb button_block=\u00bbtrue\u00bb link=\u00bburl:https%3A%2F%2Fwww.booking.com%2Fhostels%2Fcountry%2Fcz.cs.html%3Faid%3D1808548|target:_blank\u00bb][\/vc_column_inner][\/vc_row_inner][\/vc_column][vc_column][vc_row_inner][vc_column_inner][vc_empty_space height=\u00bb52px\u00bb][\/vc_column_inner][\/vc_row_inner][\/vc_column][\/vc_row][vc_row full_width=\u00bbstretch_row_content\u00bb css=\u00bb.vc_custom_1677173650486{background-color: #1a2b48 !important;background-position: center !important;background-repeat: no-repeat !important;background-size: cover !important;}\u00bb][vc_column][vc_empty_space height=\u00bb42px\u00bb][vc_column_text]<\/p>\n<h2 class=\"bui-segment-header\" style=\"text-align: center;\"><span style=\"color: #ffffff;\">Nej\u010dast\u011bji rezervovan\u00e9 hotely za posledn\u00ed m\u011bs\u00edc<\/span><\/h2>\n<p>[\/vc_column_text][vc_text_separator title=\u00bb\u00bb i_icon_fontawesome=\u00bbfar fa-check-square\u00bb i_color=\u00bbgreen\u00bb i_size=\u00bblg\u00bb color=\u00bbgreen\u00bb add_icon=\u00bbtrue\u00bb][vc_row_inner][vc_column_inner width=\u00bb1\/2&#8243;][vc_raw_html]JTNDc2NyaXB0JTIwYXN5bmMlMjBzcmMlM0QlMjJodHRwcyUzQSUyRiUyRnRwLm1lZGlhJTJGY29udGVudCUzRmN1cnJlbmN5JTNEY3prJTI2dHJzJTNEMzE5NDQlMjZzaG1hcmtlciUzRDI0MDAxMCUyNnR5cGUlM0Rjb21wYWN0JTI2aG9zdCUzRHNlYXJjaC5ob3RlbGxvb2suY29tJTI2bG9jYWxlJTNEY3MlMjZsaW1pdCUzRDEwJTI2cG93ZXJlZF9ieSUzRGZhbHNlJTI2bm9ib29raW5nJTNEJTI2aWRzJTNEMTg1NzgxJTI1MkMxODU4NTAlMjUyQzEzNzYyJTI1MkMxODYwMzglMjZwcmltYXJ5JTNEJTI1MjMwY2E1MzIlMjZzcGVjaWFsJTNEJTI1MjNlMGUwZTAlMjZwcm9tb19pZCUzRDQwMjYlMjZjYW1wYWlnbl9pZCUzRDEwMSUyMiUyMGNoYXJzZXQlM0QlMjJ1dGYtOCUyMiUzRSUzQyUyRnNjcmlwdCUzRQ==[\/vc_raw_html][\/vc_column_inner][vc_column_inner width=\u00bb1\/2&#8243;][vc_raw_html]JTNDc2NyaXB0JTIwYXN5bmMlMjBzcmMlM0QlMjJodHRwcyUzQSUyRiUyRnRwLm1lZGlhJTJGY29udGVudCUzRmN1cnJlbmN5JTNEY3prJTI2dHJzJTNEMzE5NDQlMjZzaG1hcmtlciUzRDI0MDAxMCUyNnR5cGUlM0Rjb21wYWN0JTI2aG9zdCUzRHNlYXJjaC5ob3RlbGxvb2suY29tJTI2bG9jYWxlJTNEY3MlMjZsaW1pdCUzRDEwJTI2cG93ZXJlZF9ieSUzRGZhbHNlJTI2bm9ib29raW5nJTNEJTI2aWRzJTNEMTg2MDkxJTI1MkMxODYyNTglMjUyQzE1Mjg5MzQlMjUyQzE5MTUxMjc1NjMlMjZwcmltYXJ5JTNEJTI1MjMwY2E1MzIlMjZzcGVjaWFsJTNEJTI1MjNlMGUwZTAlMjZwcm9tb19pZCUzRDQwMjYlMjZjYW1wYWlnbl9pZCUzRDEwMSUyMiUyMGNoYXJzZXQlM0QlMjJ1dGYtOCUyMiUzRSUzQyUyRnNjcmlwdCUzRQ==[\/vc_raw_html][\/vc_column_inner][\/vc_row_inner][\/vc_column][\/vc_row][vc_row][vc_column][vc_empty_space height=\u00bb72px\u00bb][vc_row_inner][vc_column_inner width=\u00bb1\/3&#8243;][vc_icon icon_fontawesome=\u00bbfas fa-search\u00bb color=\u00bbcustom\u00bb size=\u00bblg\u00bb align=\u00bbcenter\u00bb custom_color=\u00bb#1a2b48&#8243;][vc_column_text]<\/p>\n<h3 style=\"text-align: center;\">Vyhledejte pobyt<\/h3>\n<p style=\"text-align: center;\">Porovnejte ceny, lokalitu a podm\u00ednky rezervace. Neztr\u00e1cejte \u010das dal\u0161\u00edm hled\u00e1n\u00edm \u2013 vyhledejte si pobyty na nejv\u011bt\u0161\u00edm sv\u011btov\u00e9m port\u00e1lu Booking com!<\/p>\n<p>[\/vc_column_text][\/vc_column_inner][vc_column_inner width=\u00bb1\/3&#8243;][vc_icon icon_fontawesome=\u00bbfas fa-calendar-alt\u00bb color=\u00bbcustom\u00bb size=\u00bblg\u00bb align=\u00bbcenter\u00bb custom_color=\u00bb#1a2b48&#8243;][vc_column_text]<\/p>\n<h3 style=\"text-align: center;\">Rezervace online<\/h3>\n<p style=\"text-align: center;\">Na\u0161e str\u00e1nky jsou bez skryt\u00fdch poplatk\u016f a u \u0159ady pobyt\u016f s mo\u017enost\u00ed zru\u0161en\u00ed zdarma. Vyu\u017eijte sez\u00f3nn\u00ed slevy, lastminute nab\u00eddky a upgrade pokoje zdarma.<\/p>\n<p>[\/vc_column_text][\/vc_column_inner][vc_column_inner width=\u00bb1\/3&#8243;][vc_icon icon_fontawesome=\u00bbfas fa-h-square\u00bb color=\u00bbcustom\u00bb size=\u00bblg\u00bb align=\u00bbcenter\u00bb custom_color=\u00bb#1a2b48&#8243;][vc_column_text]<\/p>\n<h3 class=\"wNb7-title\" style=\"text-align: center;\">Okam\u017eit\u00e9 potvrzen\u00ed<\/h3>\n<p style=\"text-align: center;\">Vyb\u00edrejte z mnoha typ\u016f ubytov\u00e1n\u00ed a najd\u011bte sv\u016fj ide\u00e1ln\u00ed pobyt s okam\u017eit\u00fdm potvrzen\u00edm rezervace. Rezervaci m\u016f\u017eete podle podm\u00ednek upravit online.<\/p>\n<p>[\/vc_column_text][\/vc_column_inner][\/vc_row_inner][vc_empty_space height=\u00bb72px\u00bb][\/vc_column][\/vc_row][vc_row full_width=\u00bbstretch_row_content\u00bb full_height=\u00bbyes\u00bb css=\u00bb.vc_custom_1661287826197{background-image: url(https:\/\/e-booking.cz\/wp-content\/uploads\/2020\/04\/johan-mouchet-Z95viY3WaZs-unsplash.jpg?id=26793) !important;background-position: center !important;background-repeat: no-repeat !important;background-size: cover !important;}\u00bb][vc_column][vc_row_inner][vc_column_inner][vc_raw_html css=\u00bb.vc_custom_1737211088114{border-radius: 35px !important;}\u00bb el_class=\u00bbborder-radius: 5%\u00bb]JTNDc2NyaXB0JTIwYXN5bmMlMjBzcmMlM0QlMjJodHRwcyUzQSUyRiUyRnRwLm1lZGlhJTJGY29udGVudCUzRnRycyUzRDMxOTQ0JTI2c2htYXJrZXIlM0QyNDAwMTAlMjZsb2NhbGUlM0RjcyUyNnBvd2VyZWRfYnklM0RmYWxzZSUyNnByaW1hcnlfb3ZlcnJpZGUlM0QlMjUyMzBjYTUzMiUyNmNvbG9yX2J1dHRvbiUzRCUyNTIzMGNhNTMyJTI2Y29sb3JfaWNvbnMlM0QlMjUyMzBjYTUzMiUyNmRhcmslM0QlMjUyMzI2MjYyNiUyNmNvbG9yX2JvcmRlciUzRCUyNTIzRTVFOEVFZmYlMjZjb2xvcl9mb2N1c2VkJTNEJTI1MjMzMmE4ZGQlMjZib3JkZXJfcmFkaXVzJTNEMTYlMjZwbGFpbiUzRHRydWUlMjZwcm9tb19pZCUzRDgzMDMlMjZjYW1wYWlnbl9pZCUzRDEwNCUyMiUyMGNoYXJzZXQlM0QlMjJ1dGYtOCUyMiUzRSUzQyUyRnNjcmlwdCUzRQ==[\/vc_raw_html][\/vc_column_inner][\/vc_row_inner][\/vc_column][\/vc_row][vc_row][vc_column][vc_empty_space height=\u00bb63px\u00bb][vc_column_text]<\/p>\n<h2 style=\"text-align: center;\">Rychl\u00e9 vyhled\u00e1n\u00ed ubytov\u00e1n\u00ed<\/h2>\n<p>[\/vc_column_text][vc_text_separator title=\u00bb\u00bb i_icon_fontawesome=\u00bbfar fa-check-square\u00bb i_color=\u00bbgreen\u00bb i_size=\u00bblg\u00bb color=\u00bbgreen\u00bb add_icon=\u00bbtrue\u00bb][vc_raw_html]JTNDaW5zJTIwY2xhc3MlM0QlMjJib29raW5nYWZmJTIyJTIwZGF0YS1haWQlM0QlMjIxODA4NTYxJTIyJTIwZGF0YS10YXJnZXRfYWlkJTNEJTIyMTgwODU2MSUyMiUyMGRhdGEtcHJvZCUzRCUyMm1hcCUyMiUyMGRhdGEtd2lkdGglM0QlMjIxMDAlMjUlMjIlMjBkYXRhLWhlaWdodCUzRCUyMjU5MCUyMiUyMGRhdGEtbGFuZyUzRCUyMmNzJTIyJTIwZGF0YS1kZXN0X2lkJTNEJTIyMCUyMiUyMGRhdGEtZGVzdF90eXBlJTNEJTIybGFuZG1hcmslMjIlMjBkYXRhLWxhdGl0dWRlJTNEJTIyNTAuMDc1NTM4MSUyMiUyMGRhdGEtbG9uZ2l0dWRlJTNEJTIyMTQuNDM3ODAwNSUyMiUyMGRhdGEtbGFuZG1hcmtfbmFtZSUzRCUyMlByYWhhJTIyJTIwZGF0YS1td2hzYiUzRCUyMjAlMjIlMjBkYXRhLWFkZHJlc3MlM0QlMjJQcmFoYSUyQyUyMEN6ZWNoaWElMjIlM0UlMEElMjAlMjAlMjAlMjAlM0MlMjEtLSUyMEFueXRoaW5nJTIwaW5zaWRlJTIwd2lsbCUyMGdvJTIwYXdheSUyMG9uY2UlMjB3aWRnZXQlMjBpcyUyMGxvYWRlZC4lMjAtLSUzRSUwQSUyMCUyMCUyMCUyMCUyMCUyMCUyMCUyMCUzQ2ElMjBocmVmJTNEJTIyJTJGJTJGd3d3LmJvb2tpbmcuY29tJTNGYWlkJTNEMTgwODU2MSUyMiUzRUJvb2tpbmcuY29tJTNDJTJGYSUzRSUwQSUzQyUyRmlucyUzRSUwQSUzQ3NjcmlwdCUyMHR5cGUlM0QlMjJ0ZXh0JTJGamF2YXNjcmlwdCUyMiUzRSUwQSUyMCUyMCUyMCUyMCUyOGZ1bmN0aW9uJTI4ZCUyQyUyMHNjJTJDJTIwdSUyOSUyMCU3QiUwQSUyMCUyMCUyMCUyMCUyMCUyMHZhciUyMHMlMjAlM0QlMjBkLmNyZWF0ZUVsZW1lbnQlMjhzYyUyOSUyQyUyMHAlMjAlM0QlMjBkLmdldEVsZW1lbnRzQnlUYWdOYW1lJTI4c2MlMjklNUIwJTVEJTNCJTBBJTIwJTIwJTIwJTIwJTIwJTIwcy50eXBlJTIwJTNEJTIwJTI3dGV4dCUyRmphdmFzY3JpcHQlMjclM0IlMEElMjAlMjAlMjAlMjAlMjAlMjBzLmFzeW5jJTIwJTNEJTIwdHJ1ZSUzQiUwQSUyMCUyMCUyMCUyMCUyMCUyMHMuc3JjJTIwJTNEJTIwdSUyMCUyQiUyMCUyNyUzRnYlM0QlMjclMjAlMkIlMjAlMjglMkJuZXclMjBEYXRlJTI4JTI5JTI5JTNCJTBBJTIwJTIwJTIwJTIwJTIwJTIwcC5wYXJlbnROb2RlLmluc2VydEJlZm9yZSUyOHMlMkNwJTI5JTNCJTBBJTIwJTIwJTIwJTIwJTIwJTIwJTdEJTI5JTI4ZG9jdW1lbnQlMkMlMjAlMjdzY3JpcHQlMjclMkMlMjAlMjclMkYlMkZjZi5ic3RhdGljLmNvbSUyRnN0YXRpYyUyRmFmZmlsaWF0ZV9iYXNlJTJGanMlMkZmbGV4aXByb2R1Y3QuanMlMjclMjklM0IlMEElM0MlMkZzY3JpcHQlM0U=[\/vc_raw_html][vc_empty_space][vc_row_inner][vc_column_inner width=\u00bb1\/3&#8243;]<div class=\"st-offer-new item has-matchHeight\">\r\n    <div class=\"featured-text btn btn-primary\">Slevy 15% a v\u00edce<\/div><h2 class=\"item-title\">Levn\u011bj\u0161\u00ed pobyty od Booking.com<\/h2><p class=\"item-sub-title\">Nab\u00eddka je \u010dasov\u011b omezena!<\/p><a href=\"https:\/\/bit.ly\/36nZgRL\" class=\"btn btn-default\" target=&quot;_blank&quot;>Rezervovat<\/a>    <div class=\"img-cover st_1778610818\"><\/div>\r\n<\/div>\r\n[vc_empty_space height=\u00bb22px\u00bb][\/vc_column_inner][vc_column_inner width=\u00bb1\/3&#8243;]<div class=\"st-offer-new st-offer-item-new item has-matchHeight\">\r\n\t<\/p>\n<h2><span style=\"color: #ffffff;\">V\u00fdhodn\u00e9 Cestovn\u00ed poji\u0161t\u011bn\u00ed<\/span><\/h2>\n<p>\t        <p class=\"st_but\">\r\n        \t<a href=\"https:\/\/e-booking.cz\/cestovni\/\" class=\"btn btn-default \" target=&quot;_blank&quot;>Chci cestovn\u00ed poji\u0161t\u011bn\u00ed<\/a>\r\n        <\/p>\r\n        <div class=\"img-cover st_1778610819\"><\/div>\r\n<\/div>[vc_empty_space height=\u00bb22px\u00bb][\/vc_column_inner][vc_column_inner width=\u00bb1\/3&#8243;]<div class=\"st-offer-new st-offer-item-new item has-matchHeight\">\r\n\t<\/p>\n<h2><span style=\"color: #ffffff;\">Pobyty s p\u0159\u00edsp\u011bvkem FKSP<\/span><\/h2>\n<p>\t        <p class=\"st_but\">\r\n        \t<a href=\"https:\/\/e-booking.cz\/fksp\" class=\"btn btn-default \" target=&quot;_blank&quot;>P\u0159\u00edsp\u011bvek FKSP<\/a>\r\n        <\/p>\r\n        <div class=\"img-cover st_1778610820\"><\/div>\r\n<\/div>[\/vc_column_inner][\/vc_row_inner][\/vc_column][\/vc_row]<\/p>\n<\/div>","protected":false},"excerpt":{"rendered":"<p>[vc_row full_width=\u00bbstretch_row_content\u00bb full_height=\u00bbyes\u00bb css=\u00bb.vc_custom_1733329690747{background: #1A2B48 url(https:\/\/e-booking.cz\/wp-content\/uploads\/2023\/09\/kanC3A1l-v-amsterdamu-nizozemsko-domy-C599eka-amstel.jpg_s1024x1024wisk20cltvpftg_MvxNn6vnlhhSdvkPidExsGqLJOWwgwi4Zh4.jpg?id=52382) !important;background-position: center !important;background-repeat: no-repeat !important;background-size: cover !important;}\u00bb][vc_column][vc_empty_space height=\u00bb100px\u00bb][vc_row_inner][vc_column_inner width=\u00bb1\/6&#8243;][\/vc_column_inner][vc_column_inner width=\u00bb2\/3&#8243; css=\u00bb.vc_custom_1733328631742{padding-top: 40px !important;padding-right: 20px !important;padding-bottom: -40px !important;padding-left: 20px !important;border-radius: 35px !important;}\u00bb][vc_raw_js]JTNDc2NyaXB0JTIwYXN5bmMlMjBzcmMlM0QlMjJodHRwcyUzQSUyRiUyRnRwLm1lZGlhJTJGY29udGVudCUzRnRycyUzRDMxOTQ0JTI2c2htYXJrZXIlM0QyNDAwMTAlMjZsb2NhbGUlM0RjcyUyNnBvd2VyZWRfYnklM0RmYWxzZSUyNnByaW1hcnlfb3ZlcnJpZGUlM0QlMjUyMzBjYTUzMiUyNmNvbG9yX2J1dHRvbiUzRCUyNTIzMGNhNTMyJTI2Y29sb3JfaWNvbnMlM0QlMjUyMzBjYTUzMiUyNmRhcmslM0QlMjUyMzI2MjYyNiUyNmNvbG9yX2JvcmRlciUzRCUyNTIzRTVFOEVFZmYlMjZjb2xvcl9mb2N1c2VkJTNEJTI1MjMzMmE4ZGQlMjZib3JkZXJfcmFkaXVzJTNEMTYlMjZwbGFpbiUzRHRydWUlMjZwcm9tb19pZCUzRDgzMDMlMjZjYW1wYWlnbl9pZCUzRDEwNCUyMiUyMGNoYXJzZXQlM0QlMjJ1dGYtOCUyMiUzRSUzQyUyRnNjcmlwdCUzRQ==[\/vc_raw_js][\/vc_column_inner][vc_column_inner width=\u00bb1\/6&#8243;][\/vc_column_inner][vc_column_inner][\/vc_column_inner][\/vc_row_inner][vc_empty_space][vc_row_inner][vc_column_inner width=\u00bb1\/2&#8243;][vc_facebook][\/vc_column_inner][vc_column_inner width=\u00bb1\/2&#8243;][vc_column_text] Chcete vyu\u017e\u00edt p\u0159\u00edsp\u011bvek FKSP? [\/vc_column_text][\/vc_column_inner][\/vc_row_inner][\/vc_column][\/vc_row][vc_row full_width=\u00bbstretch_row_content\u00bb css=\u00bb.vc_custom_1733329750768{margin-bottom: 30px !important;background-color: #1A2B48 !important;background-position: center !important;background-repeat: no-repeat !important;background-size: cover !important;}\u00bb][vc_column css=\u00bb.vc_custom_1733329652213{background-color: #1A2B48 !important;}\u00bb][vc_empty_space height=\u00bb50px\u00bb][vc_creativelink style=\u00bbcl-effect-10&#8243; align=\u00bbcenter\u00bb use_theme_fonts=\u00bbyes\u00bb size=\u00bb20&#8243; [&hellip;]<\/p>\n","protected":false},"author":3,"featured_media":47305,"parent":0,"menu_order":0,"comment_status":"open","ping_status":"closed","template":"template-home-modern.php","meta":{"footnotes":""},"class_list":["post-47715","page","type-page","status-publish","has-post-thumbnail","hentry"],"yoast_head":"<!-- This site is optimized with the Yoast SEO Premium plugin v26.1 (Yoast SEO v27.2) - https:\/\/yoast.com\/product\/yoast-seo-premium-wordpress\/ -->\n<title>e-booking.cz: nejlep\u0161\u00ed pobyty v hotelu, apartm\u00e1nu nebo na chat\u011b<\/title>\n<meta name=\"description\" content=\"Hotely online za nejni\u017e\u0161\u00ed ceny. Ubytov\u00e1n\u00ed, penziony, apartm\u00e1ny, wellness. Pobyty s dom\u00e1c\u00edmi mazl\u00ed\u010dky, s v\u00ed\u0159ivkou nebo v kempu.\" \/>\n<meta name=\"robots\" content=\"index, follow, max-snippet:-1, max-image-preview:large, max-video-preview:-1\" \/>\n<link rel=\"canonical\" href=\"https:\/\/e-booking.cz\/hotel\/\" \/>\n<meta name=\"twitter:card\" content=\"summary_large_image\" \/>\n<meta name=\"twitter:title\" content=\"e-booking.cz: nejlep\u0161\u00ed pobyty v hotelu, apartm\u00e1nu nebo na chat\u011b\" \/>\n<meta name=\"twitter:description\" content=\"Hotely online za nejni\u017e\u0161\u00ed ceny. Ubytov\u00e1n\u00ed, penziony, apartm\u00e1ny, wellness. Pobyty s dom\u00e1c\u00edmi mazl\u00ed\u010dky, s v\u00ed\u0159ivkou nebo v kempu.\" \/>\n<meta name=\"twitter:image\" content=\"https:\/\/e-booking.cz\/wp-content\/uploads\/2022\/08\/antonella-vilardo-QYNIaf4dFCI-unsplash-scaled.jpg\" \/>\n<meta name=\"twitter:site\" content=\"@EBookingcz\" \/>\n<meta name=\"twitter:label1\" content=\"Tiempo de lectura\" \/>\n\t<meta name=\"twitter:data1\" content=\"3 minutos\" \/>\n<script type=\"application\/ld+json\" class=\"yoast-schema-graph\">{\"@context\":\"https:\/\/schema.org\",\"@graph\":[{\"@type\":\"WebPage\",\"@id\":\"https:\/\/e-booking.cz\/hotel\/\",\"url\":\"https:\/\/e-booking.cz\/hotel\/\",\"name\":\"e-booking.cz: nejlep\u0161\u00ed pobyty v hotelu, apartm\u00e1nu nebo na chat\u011b\",\"isPartOf\":{\"@id\":\"https:\/\/e-booking.cz\/#website\"},\"primaryImageOfPage\":{\"@id\":\"https:\/\/e-booking.cz\/hotel\/#primaryimage\"},\"image\":{\"@id\":\"https:\/\/e-booking.cz\/hotel\/#primaryimage\"},\"thumbnailUrl\":\"https:\/\/e-booking.cz\/wp-content\/uploads\/2022\/08\/antonella-vilardo-QYNIaf4dFCI-unsplash-scaled.jpg\",\"datePublished\":\"2022-08-23T21:06:10+00:00\",\"dateModified\":\"2025-01-18T14:38:15+00:00\",\"description\":\"Hotely online za nejni\u017e\u0161\u00ed ceny. Ubytov\u00e1n\u00ed, penziony, apartm\u00e1ny, wellness. Pobyty s dom\u00e1c\u00edmi mazl\u00ed\u010dky, s v\u00ed\u0159ivkou nebo v kempu.\",\"breadcrumb\":{\"@id\":\"https:\/\/e-booking.cz\/hotel\/#breadcrumb\"},\"inLanguage\":\"es\",\"potentialAction\":[{\"@type\":\"ReadAction\",\"target\":[\"https:\/\/e-booking.cz\/hotel\/\"]}]},{\"@type\":\"ImageObject\",\"inLanguage\":\"es\",\"@id\":\"https:\/\/e-booking.cz\/hotel\/#primaryimage\",\"url\":\"https:\/\/e-booking.cz\/wp-content\/uploads\/2022\/08\/antonella-vilardo-QYNIaf4dFCI-unsplash-scaled.jpg\",\"contentUrl\":\"https:\/\/e-booking.cz\/wp-content\/uploads\/2022\/08\/antonella-vilardo-QYNIaf4dFCI-unsplash-scaled.jpg\",\"width\":2560,\"height\":2560},{\"@type\":\"BreadcrumbList\",\"@id\":\"https:\/\/e-booking.cz\/hotel\/#breadcrumb\",\"itemListElement\":[{\"@type\":\"ListItem\",\"position\":1,\"name\":\"Dom\u016f\",\"item\":\"https:\/\/e-booking.cz\/es\/\"},{\"@type\":\"ListItem\",\"position\":2,\"name\":\"Pobyty pro Va\u0161\u00ed dovolenou\"}]},{\"@type\":\"WebSite\",\"@id\":\"https:\/\/e-booking.cz\/#website\",\"url\":\"https:\/\/e-booking.cz\/\",\"name\":\"e-booking.cz\",\"description\":\"\",\"publisher\":{\"@id\":\"https:\/\/e-booking.cz\/#organization\"},\"potentialAction\":[{\"@type\":\"SearchAction\",\"target\":{\"@type\":\"EntryPoint\",\"urlTemplate\":\"https:\/\/e-booking.cz\/?s={search_term_string}\"},\"query-input\":{\"@type\":\"PropertyValueSpecification\",\"valueRequired\":true,\"valueName\":\"search_term_string\"}}],\"inLanguage\":\"es\"},{\"@type\":\"Organization\",\"@id\":\"https:\/\/e-booking.cz\/#organization\",\"name\":\"e-booking.cz\",\"url\":\"https:\/\/e-booking.cz\/\",\"logo\":{\"@type\":\"ImageObject\",\"inLanguage\":\"es\",\"@id\":\"https:\/\/e-booking.cz\/#\/schema\/logo\/image\/\",\"url\":\"https:\/\/e-booking.cz\/wp-content\/uploads\/2019\/08\/logo-ebooking-e1565277525708.png\",\"contentUrl\":\"https:\/\/e-booking.cz\/wp-content\/uploads\/2019\/08\/logo-ebooking-e1565277525708.png\",\"width\":130,\"height\":24,\"caption\":\"e-booking.cz\"},\"image\":{\"@id\":\"https:\/\/e-booking.cz\/#\/schema\/logo\/image\/\"},\"sameAs\":[\"https:\/\/www.facebook.com\/ebookingcz\",\"https:\/\/x.com\/EBookingcz\",\"https:\/\/www.instagram.com\/ebooking.cz\/\"]}]}<\/script>\n<!-- \/ Yoast SEO Premium plugin. -->","yoast_head_json":{"title":"e-booking.cz: nejlep\u0161\u00ed pobyty v hotelu, apartm\u00e1nu nebo na chat\u011b","description":"Hotely online za nejni\u017e\u0161\u00ed ceny. Ubytov\u00e1n\u00ed, penziony, apartm\u00e1ny, wellness. Pobyty s dom\u00e1c\u00edmi mazl\u00ed\u010dky, s v\u00ed\u0159ivkou nebo v kempu.","robots":{"index":"index","follow":"follow","max-snippet":"max-snippet:-1","max-image-preview":"max-image-preview:large","max-video-preview":"max-video-preview:-1"},"canonical":"https:\/\/e-booking.cz\/hotel\/","twitter_card":"summary_large_image","twitter_title":"e-booking.cz: nejlep\u0161\u00ed pobyty v hotelu, apartm\u00e1nu nebo na chat\u011b","twitter_description":"Hotely online za nejni\u017e\u0161\u00ed ceny. Ubytov\u00e1n\u00ed, penziony, apartm\u00e1ny, wellness. Pobyty s dom\u00e1c\u00edmi mazl\u00ed\u010dky, s v\u00ed\u0159ivkou nebo v kempu.","twitter_image":"https:\/\/e-booking.cz\/wp-content\/uploads\/2022\/08\/antonella-vilardo-QYNIaf4dFCI-unsplash-scaled.jpg","twitter_site":"@EBookingcz","twitter_misc":{"Tiempo de lectura":"3 minutos"},"schema":{"@context":"https:\/\/schema.org","@graph":[{"@type":"WebPage","@id":"https:\/\/e-booking.cz\/hotel\/","url":"https:\/\/e-booking.cz\/hotel\/","name":"e-booking.cz: nejlep\u0161\u00ed pobyty v hotelu, apartm\u00e1nu nebo na chat\u011b","isPartOf":{"@id":"https:\/\/e-booking.cz\/#website"},"primaryImageOfPage":{"@id":"https:\/\/e-booking.cz\/hotel\/#primaryimage"},"image":{"@id":"https:\/\/e-booking.cz\/hotel\/#primaryimage"},"thumbnailUrl":"https:\/\/e-booking.cz\/wp-content\/uploads\/2022\/08\/antonella-vilardo-QYNIaf4dFCI-unsplash-scaled.jpg","datePublished":"2022-08-23T21:06:10+00:00","dateModified":"2025-01-18T14:38:15+00:00","description":"Hotely online za nejni\u017e\u0161\u00ed ceny. Ubytov\u00e1n\u00ed, penziony, apartm\u00e1ny, wellness. Pobyty s dom\u00e1c\u00edmi mazl\u00ed\u010dky, s v\u00ed\u0159ivkou nebo v kempu.","breadcrumb":{"@id":"https:\/\/e-booking.cz\/hotel\/#breadcrumb"},"inLanguage":"es","potentialAction":[{"@type":"ReadAction","target":["https:\/\/e-booking.cz\/hotel\/"]}]},{"@type":"ImageObject","inLanguage":"es","@id":"https:\/\/e-booking.cz\/hotel\/#primaryimage","url":"https:\/\/e-booking.cz\/wp-content\/uploads\/2022\/08\/antonella-vilardo-QYNIaf4dFCI-unsplash-scaled.jpg","contentUrl":"https:\/\/e-booking.cz\/wp-content\/uploads\/2022\/08\/antonella-vilardo-QYNIaf4dFCI-unsplash-scaled.jpg","width":2560,"height":2560},{"@type":"BreadcrumbList","@id":"https:\/\/e-booking.cz\/hotel\/#breadcrumb","itemListElement":[{"@type":"ListItem","position":1,"name":"Dom\u016f","item":"https:\/\/e-booking.cz\/es\/"},{"@type":"ListItem","position":2,"name":"Pobyty pro Va\u0161\u00ed dovolenou"}]},{"@type":"WebSite","@id":"https:\/\/e-booking.cz\/#website","url":"https:\/\/e-booking.cz\/","name":"e-booking.cz","description":"","publisher":{"@id":"https:\/\/e-booking.cz\/#organization"},"potentialAction":[{"@type":"SearchAction","target":{"@type":"EntryPoint","urlTemplate":"https:\/\/e-booking.cz\/?s={search_term_string}"},"query-input":{"@type":"PropertyValueSpecification","valueRequired":true,"valueName":"search_term_string"}}],"inLanguage":"es"},{"@type":"Organization","@id":"https:\/\/e-booking.cz\/#organization","name":"e-booking.cz","url":"https:\/\/e-booking.cz\/","logo":{"@type":"ImageObject","inLanguage":"es","@id":"https:\/\/e-booking.cz\/#\/schema\/logo\/image\/","url":"https:\/\/e-booking.cz\/wp-content\/uploads\/2019\/08\/logo-ebooking-e1565277525708.png","contentUrl":"https:\/\/e-booking.cz\/wp-content\/uploads\/2019\/08\/logo-ebooking-e1565277525708.png","width":130,"height":24,"caption":"e-booking.cz"},"image":{"@id":"https:\/\/e-booking.cz\/#\/schema\/logo\/image\/"},"sameAs":["https:\/\/www.facebook.com\/ebookingcz","https:\/\/x.com\/EBookingcz","https:\/\/www.instagram.com\/ebooking.cz\/"]}]}},"_links":{"self":[{"href":"https:\/\/e-booking.cz\/es\/wp-json\/wp\/v2\/pages\/47715","targetHints":{"allow":["GET"]}}],"collection":[{"href":"https:\/\/e-booking.cz\/es\/wp-json\/wp\/v2\/pages"}],"about":[{"href":"https:\/\/e-booking.cz\/es\/wp-json\/wp\/v2\/types\/page"}],"author":[{"embeddable":true,"href":"https:\/\/e-booking.cz\/es\/wp-json\/wp\/v2\/users\/3"}],"replies":[{"embeddable":true,"href":"https:\/\/e-booking.cz\/es\/wp-json\/wp\/v2\/comments?post=47715"}],"version-history":[{"count":75,"href":"https:\/\/e-booking.cz\/es\/wp-json\/wp\/v2\/pages\/47715\/revisions"}],"predecessor-version":[{"id":60898,"href":"https:\/\/e-booking.cz\/es\/wp-json\/wp\/v2\/pages\/47715\/revisions\/60898"}],"wp:featuredmedia":[{"embeddable":true,"href":"https:\/\/e-booking.cz\/es\/wp-json\/wp\/v2\/media\/47305"}],"wp:attachment":[{"href":"https:\/\/e-booking.cz\/es\/wp-json\/wp\/v2\/media?parent=47715"}],"curies":[{"name":"wp","href":"https:\/\/api.w.org\/{rel}","templated":true}]}}