{"id":38343,"date":"2022-03-07T23:50:57","date_gmt":"2022-03-07T22:50:57","guid":{"rendered":"https:\/\/e-booking.cz\/?page_id=38343"},"modified":"2025-05-28T17:51:20","modified_gmt":"2025-05-28T15:51:20","slug":"jizdenky","status":"publish","type":"page","link":"https:\/\/e-booking.cz\/es\/jizdenky\/","title":{"rendered":"J\u00edzdenky"},"content":{"rendered":"<div class=\"wpb-content-wrapper\"><p>[vc_row full_width=\u00bbstretch_row_content_no_spaces\u00bb full_height=\u00bbyes\u00bb css=\u00bb.vc_custom_1747771054015{background-color: #1A2B48 !important;}\u00bb][vc_column][vc_empty_space height=\u00bb52px\u00bb][vc_custom_heading text=\u00bbRezervujte si j\u00edzdenky na vlak a autobus\u00bb font_container=\u00bbtag:h2|font_size:55|text_align:left|color:%23FFFFFF\u00bb use_theme_fonts=\u00bbyes\u00bb css=\u00bb\u00bb][vc_empty_space height=\u00bb22px\u00bb][vc_raw_html css=\u00bb\u00bb]JTNDc2NyaXB0JTIwYXN5bmMlMjBzcmMlM0QlMjJodHRwcyUzQSUyRiUyRmM5MS50cmF2ZWxwYXlvdXRzLmNvbSUyRmNvbnRlbnQlM0ZjdXJyZW5jeSUzRENaSyUyNnRycyUzRDMxOTQ0JTI2c2htYXJrZXIlM0QyNDAwMTAlMjZwb3dlcmVkX2J5JTNEZmFsc2UlMjZsb2NhbGUlM0RjcyUyNm1vZGUlM0RidXMlMjZ0aGVtZSUzRHdoaXRlJTI2bGF5b3V0JTNEZmx1aWQlMjZwcm9tb19pZCUzRDQ3NzAlMjIlMjBjaGFyc2V0JTNEJTIydXRmLTglMjIlM0UlM0MlMkZzY3JpcHQlM0U=[\/vc_raw_html][vc_empty_space height=\u00bb52px\u00bb][\/vc_column][\/vc_row][vc_row][vc_column]<div class=\"st-offer-new st-offer-item-new item has-matchHeight\">\r\n\t<\/p>\r\n<h2 data-start=\"108\" data-end=\"283\">Cestujte chyt\u0159e po Evrop\u011b \u2013 levn\u011b a pohodln\u011b!<\/h2>\r\n<p data-start=\"108\" data-end=\"283\">S na\u0161\u00edm partnerem <strong data-start=\"126\" data-end=\"137\">Omio.cz<\/strong> m\u00e1te Evropu jako na dlani!<br data-start=\"164\" data-end=\"167\" \/>Pl\u00e1nujte jednodu\u0161e cesty <strong data-start=\"192\" data-end=\"228\">vlakem, autobusem nebo trajektem<\/strong> a vyb\u00edrejte z nab\u00eddky tis\u00edc\u016f spoj\u016f nap\u0159\u00ed\u010d kontinentem.<\/p>\r\n<p data-start=\"285\" data-end=\"347\">Rezervujte j\u00edzdenky u <strong data-start=\"307\" data-end=\"341\">nejv\u011bt\u0161\u00edch evropsk\u00fdch dopravc\u016f<\/strong> jako:<\/p>\r\n<ul data-start=\"349\" data-end=\"733\">\r\n<li data-start=\"349\" data-end=\"417\">\r\n<p data-start=\"351\" data-end=\"417\">\ud83d\ude86 <strong data-start=\"354\" data-end=\"371\">Deutsche Bahn<\/strong> a <strong data-start=\"374\" data-end=\"381\">\u00d6BB<\/strong> \u2013 pro cesty po N\u011bmecku a Rakousku<\/p>\r\n<\/li>\r\n<li data-start=\"418\" data-end=\"473\">\r\n<p data-start=\"420\" data-end=\"473\">\ud83c\uddee\ud83c\uddf9 <strong data-start=\"425\" data-end=\"439\">Trenitalia<\/strong> \u2013 pohodln\u00e9 vlaky po cel\u00e9 It\u00e1lii<\/p>\r\n<\/li>\r\n<li data-start=\"474\" data-end=\"517\">\r\n<p data-start=\"476\" data-end=\"517\">\ud83c\uddeb\ud83c\uddf7 <strong data-start=\"481\" data-end=\"489\">SNCF<\/strong> \u2013 rychl\u00e9 vlaky po Francii<\/p>\r\n<\/li>\r\n<li data-start=\"518\" data-end=\"567\">\r\n<p data-start=\"520\" data-end=\"567\">\ud83c\uddea\ud83c\uddf8 <strong data-start=\"525\" data-end=\"534\">Renfe<\/strong> \u2013 pozn\u00e1vejte \u0160pan\u011blsko stylov\u011b<\/p>\r\n<\/li>\r\n<li data-start=\"568\" data-end=\"642\">\r\n<p data-start=\"570\" data-end=\"642\">\ud83c\udde8\ud83c\uddff <strong data-start=\"575\" data-end=\"587\">RegioJet<\/strong>, <strong data-start=\"589\" data-end=\"604\">Leo Express<\/strong>, <strong data-start=\"606\" data-end=\"612\">\u010cD<\/strong> \u2013 obl\u00edben\u00ed dopravci v \u010cesku<\/p>\r\n<\/li>\r\n<li data-start=\"643\" data-end=\"733\">\r\n<p data-start=\"645\" data-end=\"733\">\ud83d\ude8c <strong data-start=\"648\" data-end=\"659\">Flixbus<\/strong>, <strong data-start=\"661\" data-end=\"674\">Eurolines<\/strong>, <strong data-start=\"676\" data-end=\"686\">Arriva<\/strong> \u2013 spolehliv\u00e9 d\u00e1lkov\u00e9 autobusy po cel\u00e9 Evrop\u011b<\/p>\r\n<\/li>\r\n<\/ul>\r\n<p data-start=\"735\" data-end=\"816\">\ud83d\udc49 Najd\u011bte tu nejlep\u0161\u00ed j\u00edzdenku b\u011bhem p\u00e1r kliknut\u00ed \u2013 jednodu\u0161e, rychle a v\u00fdhodn\u011b!<\/p>\r\n<p>\t        <p class=\"st_but\">\r\n        \t<a href=\"\" class=\"btn btn-default style-2\" ><\/a>\r\n        <\/p>\r\n        <div class=\"img-cover \"><\/div>\r\n<\/div>[\/vc_column][\/vc_row][vc_row][vc_column width=\u00bb1\/4&#8243;][vc_empty_space][vc_cta h2=\u00bbBratislava\u00bb style=\u00bbcustom\u00bb add_button=\u00bbbottom\u00bb btn_title=\u00bbVyhledat\u00bb btn_style=\u00bboutline\u00bb btn_color=\u00bbblack\u00bb btn_size=\u00bblg\u00bb css=\u00bb.vc_custom_1747771982946{background-position: center !important;background-repeat: no-repeat !important;background-size: contain !important;}\u00bb btn_link=\u00bburl:https%3A%2F%2Fomio.tp.st%2FhGiO1gOW|target:_blank\u00bb custom_text=\u00bb#1A2B48&#8243;][\/vc_cta][\/vc_column][vc_column width=\u00bb1\/4&#8243;][vc_empty_space][vc_cta h2=\u00bbOlomouc\u00bb style=\u00bbcustom\u00bb add_button=\u00bbbottom\u00bb btn_title=\u00bbVyhledat\u00bb btn_style=\u00bboutline\u00bb btn_color=\u00bbblack\u00bb btn_size=\u00bblg\u00bb css=\u00bb.vc_custom_1747772134734{background-position: center !important;background-repeat: no-repeat !important;background-size: contain !important;}\u00bb btn_link=\u00bburl:https%3A%2F%2Fomio.tp.st%2Fm3UyxDxy|target:_blank\u00bb custom_text=\u00bb#1A2B48&#8243;][\/vc_cta][\/vc_column][vc_column width=\u00bb1\/4&#8243;][vc_empty_space][vc_cta h2=\u00bbKrakov\u00bb style=\u00bbcustom\u00bb add_button=\u00bbbottom\u00bb btn_title=\u00bbVyhledat\u00bb btn_style=\u00bboutline\u00bb btn_color=\u00bbblack\u00bb btn_size=\u00bblg\u00bb css=\u00bb.vc_custom_1747772208247{background-position: center !important;background-repeat: no-repeat !important;background-size: contain !important;}\u00bb btn_link=\u00bburl:https%3A%2F%2Fomio.tp.st%2FQeGyTxQE|target:_blank\u00bb custom_text=\u00bb#1A2B48&#8243;][\/vc_cta][\/vc_column][vc_column width=\u00bb1\/4&#8243;][vc_empty_space][vc_cta h2=\u00bbBudape\u0161\u0165\u00bb style=\u00bbcustom\u00bb add_button=\u00bbbottom\u00bb btn_title=\u00bbVyhledat\u00bb btn_style=\u00bboutline\u00bb btn_color=\u00bbblack\u00bb btn_size=\u00bblg\u00bb css=\u00bb.vc_custom_1747772417179{background-position: center !important;background-repeat: no-repeat !important;background-size: contain !important;}\u00bb btn_link=\u00bburl:https%3A%2F%2Fomio.tp.st%2FAkN4ougC|target:_blank\u00bb custom_text=\u00bb#1A2B48&#8243;][\/vc_cta][\/vc_column][\/vc_row][vc_row][vc_column][vc_column_text css=\u00bb\u00bb]<\/p>\r\n<h2 class=\"_2f9dc\" style=\"text-align: left;\">Vlaky<\/h2>\r\n<p>[\/vc_column_text][vc_row_inner][vc_column_inner width=\u00bb1\/4&#8243;][vc_empty_space][vc_cta h2=\u00bbBerl\u00edn\u00bb style=\u00bbcustom\u00bb add_button=\u00bbbottom\u00bb btn_title=\u00bbVyhledat\u00bb btn_style=\u00bboutline\u00bb btn_color=\u00bbblack\u00bb btn_size=\u00bblg\u00bb css=\u00bb.vc_custom_1747772768600{background-position: center !important;background-repeat: no-repeat !important;background-size: contain !important;}\u00bb btn_link=\u00bburl:https%3A%2F%2Fomio.tp.st%2FpjF7soyY|target:_blank\u00bb custom_text=\u00bb#1A2B48&#8243;][\/vc_cta][\/vc_column_inner][vc_column_inner width=\u00bb1\/4&#8243;][vc_empty_space][vc_cta h2=\u00bbMnichov\u00bb style=\u00bbcustom\u00bb add_button=\u00bbbottom\u00bb btn_title=\u00bbVyhledat\u00bb btn_style=\u00bboutline\u00bb btn_color=\u00bbblack\u00bb btn_size=\u00bblg\u00bb css=\u00bb.vc_custom_1747772828934{background-position: center !important;background-repeat: no-repeat !important;background-size: contain !important;}\u00bb btn_link=\u00bburl:https%3A%2F%2Fomio.tp.st%2F2wQ95sAz|target:_blank\u00bb custom_text=\u00bb#1A2B48&#8243;][\/vc_cta][\/vc_column_inner][vc_column_inner width=\u00bb1\/4&#8243;][vc_empty_space][vc_cta h2=\u00bbCurych\u00bb style=\u00bbcustom\u00bb add_button=\u00bbbottom\u00bb btn_title=\u00bbVyhledat\u00bb btn_style=\u00bboutline\u00bb btn_color=\u00bbblack\u00bb btn_size=\u00bblg\u00bb css=\u00bb.vc_custom_1747773136942{background-position: center !important;background-repeat: no-repeat !important;background-size: contain !important;}\u00bb btn_link=\u00bburl:https%3A%2F%2Fomio.tp.st%2FHvBAblgI|target:_blank\u00bb custom_text=\u00bb#1A2B48&#8243;][\/vc_cta][\/vc_column_inner][vc_column_inner width=\u00bb1\/4&#8243;][vc_empty_space][vc_cta h2=\u00bbNorimberk\u00bb style=\u00bbcustom\u00bb add_button=\u00bbbottom\u00bb btn_title=\u00bbVyhledat\u00bb btn_style=\u00bboutline\u00bb btn_color=\u00bbblack\u00bb btn_size=\u00bblg\u00bb css=\u00bb.vc_custom_1747773223728{background-position: center !important;background-repeat: no-repeat !important;background-size: contain !important;}\u00bb btn_link=\u00bburl:https%3A%2F%2Fomio.tp.st%2F1VukIrWS|target:_blank\u00bb custom_text=\u00bb#1A2B48&#8243;][\/vc_cta][\/vc_column_inner][\/vc_row_inner][\/vc_column][\/vc_row][vc_row full_width=\u00bbstretch_row\u00bb full_height=\u00bbyes\u00bb equal_height=\u00bbyes\u00bb content_placement=\u00bbmiddle\u00bb parallax=\u00bbcontent-moving\u00bb css=\u00bb.vc_custom_1646692950980{background-position: center;background-repeat: no-repeat !important;background-size: cover !important;}\u00bb][vc_column][vc_column_text css=\u00bb\u00bb]<\/p>\r\n<h2 class=\"_2f9dc\" style=\"text-align: left;\">Obl\u00edben\u00e9 j\u00edzdenky<\/h2>\r\n<p>[\/vc_column_text][vc_row_inner][vc_column_inner width=\u00bb1\/2&#8243;][vc_column_text css=\u00bb\u00bb]<\/p>\r\n<p><a href=\"https:\/\/omio.tp.st\/ay4CvwEu\" target=\"_blank\" rel=\"noreferrer noopener\">Praha &#8211; Brno<\/a><\/p>\r\n<p>\r\n\r\n<a href=\"https:\/\/omio.tp.st\/NJyq5nY9\" target=\"_blank\" rel=\"noreferrer noopener\">Praha &#8211; Ostrava<\/a><\/p>\r\n<p>\r\n\r\n<a href=\"https:\/\/omio.tp.st\/Ozbee5n5\" target=\"_blank\" rel=\"noreferrer noopener\">Praha &#8211; Olomouc<\/a><\/p>\r\n<p>\r\n\r\n<a href=\"https:\/\/omio.tp.st\/uGpfDHme\" target=\"_blank\" rel=\"noreferrer noopener\">Praha &#8211; Plze\u0148<\/a><\/p>\r\n<p>&nbsp;<\/p>\r\n<p>[\/vc_column_text][\/vc_column_inner][vc_column_inner width=\u00bb1\/2&#8243;][vc_column_text css=\u00bb\u00bb]<\/p>\r\n<p>\r\n\r\n<a href=\"https:\/\/omio.tp.st\/rQq1yPSW\" target=\"_blank\" rel=\"noreferrer noopener\">Praha &#8211; Berl\u00edn<\/a><\/p>\r\n<p>\r\n\r\n<a href=\"https:\/\/omio.tp.st\/vbHWx8hk\" target=\"_blank\" rel=\"noreferrer noopener\">Praha &#8211; Dr\u00e1\u017e\u010fany<\/a><\/p>\r\n<p>\r\n\r\n<a href=\"https:\/\/12go.tp.st\/mv9iejIP\" target=\"_blank\" rel=\"noreferrer noopener\">Praha &#8211; Katowice<\/a><\/p>\r\n<p>\r\n\r\n<a href=\"https:\/\/omio.tp.st\/oRs4zy6F\" target=\"_blank\" rel=\"noreferrer noopener\">Praha &#8211; Var\u0161ava<\/a><\/p>\r\n<p>[\/vc_column_text][\/vc_column_inner][\/vc_row_inner][vc_empty_space height=\u00bb12px\u00bb][\/vc_column][\/vc_row]<\/p><\/div>","protected":false},"excerpt":{"rendered":"<p>[vc_row full_width=\u00bbstretch_row_content_no_spaces\u00bb full_height=\u00bbyes\u00bb css=\u00bb.vc_custom_1747771054015{background-color: #1A2B48 !important;}\u00bb][vc_column][vc_empty_space height=\u00bb52px\u00bb][vc_custom_heading text=\u00bbRezervujte si j\u00edzdenky na vlak a autobus\u00bb font_container=\u00bbtag:h2|font_size:55|text_align:left|color:%23FFFFFF\u00bb use_theme_fonts=\u00bbyes\u00bb css=\u00bb\u00bb][vc_empty_space height=\u00bb22px\u00bb][vc_raw_html css=\u00bb\u00bb]JTNDc2NyaXB0JTIwYXN5bmMlMjBzcmMlM0QlMjJodHRwcyUzQSUyRiUyRmM5MS50cmF2ZWxwYXlvdXRzLmNvbSUyRmNvbnRlbnQlM0ZjdXJyZW5jeSUzRENaSyUyNnRycyUzRDMxOTQ0JTI2c2htYXJrZXIlM0QyNDAwMTAlMjZwb3dlcmVkX2J5JTNEZmFsc2UlMjZsb2NhbGUlM0RjcyUyNm1vZGUlM0RidXMlMjZ0aGVtZSUzRHdoaXRlJTI2bGF5b3V0JTNEZmx1aWQlMjZwcm9tb19pZCUzRDQ3NzAlMjIlMjBjaGFyc2V0JTNEJTIydXRmLTglMjIlM0UlM0MlMkZzY3JpcHQlM0U=[\/vc_raw_html][vc_empty_space height=\u00bb52px\u00bb][\/vc_column][\/vc_row][vc_row][vc_column][\/vc_column][\/vc_row][vc_row][vc_column width=\u00bb1\/4&#8243;][vc_empty_space][vc_cta h2=\u00bbBratislava\u00bb style=\u00bbcustom\u00bb add_button=\u00bbbottom\u00bb btn_title=\u00bbVyhledat\u00bb btn_style=\u00bboutline\u00bb btn_color=\u00bbblack\u00bb btn_size=\u00bblg\u00bb css=\u00bb.vc_custom_1747771982946{background-position: center !important;background-repeat: no-repeat !important;background-size: contain !important;}\u00bb btn_link=\u00bburl:https%3A%2F%2Fomio.tp.st%2FhGiO1gOW|target:_blank\u00bb custom_text=\u00bb#1A2B48&#8243;][\/vc_cta][\/vc_column][vc_column width=\u00bb1\/4&#8243;][vc_empty_space][vc_cta h2=\u00bbOlomouc\u00bb style=\u00bbcustom\u00bb add_button=\u00bbbottom\u00bb btn_title=\u00bbVyhledat\u00bb btn_style=\u00bboutline\u00bb btn_color=\u00bbblack\u00bb btn_size=\u00bblg\u00bb css=\u00bb.vc_custom_1747772134734{background-position: center !important;background-repeat: no-repeat !important;background-size: contain !important;}\u00bb btn_link=\u00bburl:https%3A%2F%2Fomio.tp.st%2Fm3UyxDxy|target:_blank\u00bb custom_text=\u00bb#1A2B48&#8243;][\/vc_cta][\/vc_column][vc_column width=\u00bb1\/4&#8243;][vc_empty_space][vc_cta [&hellip;]<\/p>\n","protected":false},"author":3,"featured_media":47622,"parent":0,"menu_order":0,"comment_status":"closed","ping_status":"closed","template":"template-home-modern.php","meta":{"footnotes":""},"class_list":["post-38343","page","type-page","status-publish","has-post-thumbnail","hentry"],"yoast_head":"<!-- This site is optimized with the Yoast SEO Premium plugin v26.1 (Yoast SEO v27.2) - https:\/\/yoast.com\/product\/yoast-seo-premium-wordpress\/ -->\n<title>J\u00edzdenky na vlak a autobus \u010cesko i Evropa - e-booking.cz<\/title>\n<meta name=\"description\" content=\"Pl\u00e1nujete v\u00fdlet po \u010cesku nebo dovolenou do zahrani\u010d\u00ed? Vyberte si z na\u0161\u00ed \u0161irok\u00e9 nab\u00eddky: j\u00edzdenky na autobus nebo vlak.\" \/>\n<meta name=\"robots\" content=\"index, follow, max-snippet:-1, max-image-preview:large, max-video-preview:-1\" \/>\n<link rel=\"canonical\" href=\"https:\/\/e-booking.cz\/jizdenky\/\" \/>\n<meta name=\"twitter:card\" content=\"summary_large_image\" \/>\n<meta name=\"twitter:title\" content=\"J\u00edzdenky na vlak a autobus \u010cesko i Evropa - e-booking.cz\" \/>\n<meta name=\"twitter:description\" content=\"Pl\u00e1nujete v\u00fdlet po \u010cesku nebo dovolenou do zahrani\u010d\u00ed? Vyberte si z na\u0161\u00ed \u0161irok\u00e9 nab\u00eddky: j\u00edzdenky na autobus nebo vlak.\" \/>\n<meta name=\"twitter:image\" content=\"https:\/\/e-booking.cz\/wp-content\/uploads\/2022\/08\/pexels-scott-webb-136739-scaled.jpg\" \/>\n<meta name=\"twitter:site\" content=\"@EBookingcz\" \/>\n<meta name=\"twitter:label1\" content=\"Tiempo de lectura\" \/>\n\t<meta name=\"twitter:data1\" content=\"2 minutos\" \/>\n<script type=\"application\/ld+json\" class=\"yoast-schema-graph\">{\"@context\":\"https:\/\/schema.org\",\"@graph\":[{\"@type\":\"WebPage\",\"@id\":\"https:\/\/e-booking.cz\/jizdenky\/\",\"url\":\"https:\/\/e-booking.cz\/jizdenky\/\",\"name\":\"J\u00edzdenky na vlak a autobus \u010cesko i Evropa - e-booking.cz\",\"isPartOf\":{\"@id\":\"https:\/\/e-booking.cz\/#website\"},\"primaryImageOfPage\":{\"@id\":\"https:\/\/e-booking.cz\/jizdenky\/#primaryimage\"},\"image\":{\"@id\":\"https:\/\/e-booking.cz\/jizdenky\/#primaryimage\"},\"thumbnailUrl\":\"https:\/\/e-booking.cz\/wp-content\/uploads\/2022\/08\/pexels-scott-webb-136739-scaled.jpg\",\"datePublished\":\"2022-03-07T22:50:57+00:00\",\"dateModified\":\"2025-05-28T15:51:20+00:00\",\"description\":\"Pl\u00e1nujete v\u00fdlet po \u010cesku nebo dovolenou do zahrani\u010d\u00ed? Vyberte si z na\u0161\u00ed \u0161irok\u00e9 nab\u00eddky: j\u00edzdenky na autobus nebo vlak.\",\"breadcrumb\":{\"@id\":\"https:\/\/e-booking.cz\/jizdenky\/#breadcrumb\"},\"inLanguage\":\"es\",\"potentialAction\":[{\"@type\":\"ReadAction\",\"target\":[\"https:\/\/e-booking.cz\/jizdenky\/\"]}]},{\"@type\":\"ImageObject\",\"inLanguage\":\"es\",\"@id\":\"https:\/\/e-booking.cz\/jizdenky\/#primaryimage\",\"url\":\"https:\/\/e-booking.cz\/wp-content\/uploads\/2022\/08\/pexels-scott-webb-136739-scaled.jpg\",\"contentUrl\":\"https:\/\/e-booking.cz\/wp-content\/uploads\/2022\/08\/pexels-scott-webb-136739-scaled.jpg\",\"width\":2560,\"height\":2560},{\"@type\":\"BreadcrumbList\",\"@id\":\"https:\/\/e-booking.cz\/jizdenky\/#breadcrumb\",\"itemListElement\":[{\"@type\":\"ListItem\",\"position\":1,\"name\":\"Dom\u016f\",\"item\":\"https:\/\/e-booking.cz\/es\/\"},{\"@type\":\"ListItem\",\"position\":2,\"name\":\"J\u00edzdenky\"}]},{\"@type\":\"WebSite\",\"@id\":\"https:\/\/e-booking.cz\/#website\",\"url\":\"https:\/\/e-booking.cz\/\",\"name\":\"e-booking.cz\",\"description\":\"\",\"publisher\":{\"@id\":\"https:\/\/e-booking.cz\/#organization\"},\"potentialAction\":[{\"@type\":\"SearchAction\",\"target\":{\"@type\":\"EntryPoint\",\"urlTemplate\":\"https:\/\/e-booking.cz\/?s={search_term_string}\"},\"query-input\":{\"@type\":\"PropertyValueSpecification\",\"valueRequired\":true,\"valueName\":\"search_term_string\"}}],\"inLanguage\":\"es\"},{\"@type\":\"Organization\",\"@id\":\"https:\/\/e-booking.cz\/#organization\",\"name\":\"e-booking.cz\",\"url\":\"https:\/\/e-booking.cz\/\",\"logo\":{\"@type\":\"ImageObject\",\"inLanguage\":\"es\",\"@id\":\"https:\/\/e-booking.cz\/#\/schema\/logo\/image\/\",\"url\":\"https:\/\/e-booking.cz\/wp-content\/uploads\/2019\/08\/logo-ebooking-e1565277525708.png\",\"contentUrl\":\"https:\/\/e-booking.cz\/wp-content\/uploads\/2019\/08\/logo-ebooking-e1565277525708.png\",\"width\":130,\"height\":24,\"caption\":\"e-booking.cz\"},\"image\":{\"@id\":\"https:\/\/e-booking.cz\/#\/schema\/logo\/image\/\"},\"sameAs\":[\"https:\/\/www.facebook.com\/ebookingcz\",\"https:\/\/x.com\/EBookingcz\",\"https:\/\/www.instagram.com\/ebooking.cz\/\"]}]}<\/script>\n<!-- \/ Yoast SEO Premium plugin. -->","yoast_head_json":{"title":"J\u00edzdenky na vlak a autobus \u010cesko i Evropa - e-booking.cz","description":"Pl\u00e1nujete v\u00fdlet po \u010cesku nebo dovolenou do zahrani\u010d\u00ed? Vyberte si z na\u0161\u00ed \u0161irok\u00e9 nab\u00eddky: j\u00edzdenky na autobus nebo vlak.","robots":{"index":"index","follow":"follow","max-snippet":"max-snippet:-1","max-image-preview":"max-image-preview:large","max-video-preview":"max-video-preview:-1"},"canonical":"https:\/\/e-booking.cz\/jizdenky\/","twitter_card":"summary_large_image","twitter_title":"J\u00edzdenky na vlak a autobus \u010cesko i Evropa - e-booking.cz","twitter_description":"Pl\u00e1nujete v\u00fdlet po \u010cesku nebo dovolenou do zahrani\u010d\u00ed? Vyberte si z na\u0161\u00ed \u0161irok\u00e9 nab\u00eddky: j\u00edzdenky na autobus nebo vlak.","twitter_image":"https:\/\/e-booking.cz\/wp-content\/uploads\/2022\/08\/pexels-scott-webb-136739-scaled.jpg","twitter_site":"@EBookingcz","twitter_misc":{"Tiempo de lectura":"2 minutos"},"schema":{"@context":"https:\/\/schema.org","@graph":[{"@type":"WebPage","@id":"https:\/\/e-booking.cz\/jizdenky\/","url":"https:\/\/e-booking.cz\/jizdenky\/","name":"J\u00edzdenky na vlak a autobus \u010cesko i Evropa - e-booking.cz","isPartOf":{"@id":"https:\/\/e-booking.cz\/#website"},"primaryImageOfPage":{"@id":"https:\/\/e-booking.cz\/jizdenky\/#primaryimage"},"image":{"@id":"https:\/\/e-booking.cz\/jizdenky\/#primaryimage"},"thumbnailUrl":"https:\/\/e-booking.cz\/wp-content\/uploads\/2022\/08\/pexels-scott-webb-136739-scaled.jpg","datePublished":"2022-03-07T22:50:57+00:00","dateModified":"2025-05-28T15:51:20+00:00","description":"Pl\u00e1nujete v\u00fdlet po \u010cesku nebo dovolenou do zahrani\u010d\u00ed? Vyberte si z na\u0161\u00ed \u0161irok\u00e9 nab\u00eddky: j\u00edzdenky na autobus nebo vlak.","breadcrumb":{"@id":"https:\/\/e-booking.cz\/jizdenky\/#breadcrumb"},"inLanguage":"es","potentialAction":[{"@type":"ReadAction","target":["https:\/\/e-booking.cz\/jizdenky\/"]}]},{"@type":"ImageObject","inLanguage":"es","@id":"https:\/\/e-booking.cz\/jizdenky\/#primaryimage","url":"https:\/\/e-booking.cz\/wp-content\/uploads\/2022\/08\/pexels-scott-webb-136739-scaled.jpg","contentUrl":"https:\/\/e-booking.cz\/wp-content\/uploads\/2022\/08\/pexels-scott-webb-136739-scaled.jpg","width":2560,"height":2560},{"@type":"BreadcrumbList","@id":"https:\/\/e-booking.cz\/jizdenky\/#breadcrumb","itemListElement":[{"@type":"ListItem","position":1,"name":"Dom\u016f","item":"https:\/\/e-booking.cz\/es\/"},{"@type":"ListItem","position":2,"name":"J\u00edzdenky"}]},{"@type":"WebSite","@id":"https:\/\/e-booking.cz\/#website","url":"https:\/\/e-booking.cz\/","name":"e-booking.cz","description":"","publisher":{"@id":"https:\/\/e-booking.cz\/#organization"},"potentialAction":[{"@type":"SearchAction","target":{"@type":"EntryPoint","urlTemplate":"https:\/\/e-booking.cz\/?s={search_term_string}"},"query-input":{"@type":"PropertyValueSpecification","valueRequired":true,"valueName":"search_term_string"}}],"inLanguage":"es"},{"@type":"Organization","@id":"https:\/\/e-booking.cz\/#organization","name":"e-booking.cz","url":"https:\/\/e-booking.cz\/","logo":{"@type":"ImageObject","inLanguage":"es","@id":"https:\/\/e-booking.cz\/#\/schema\/logo\/image\/","url":"https:\/\/e-booking.cz\/wp-content\/uploads\/2019\/08\/logo-ebooking-e1565277525708.png","contentUrl":"https:\/\/e-booking.cz\/wp-content\/uploads\/2019\/08\/logo-ebooking-e1565277525708.png","width":130,"height":24,"caption":"e-booking.cz"},"image":{"@id":"https:\/\/e-booking.cz\/#\/schema\/logo\/image\/"},"sameAs":["https:\/\/www.facebook.com\/ebookingcz","https:\/\/x.com\/EBookingcz","https:\/\/www.instagram.com\/ebooking.cz\/"]}]}},"_links":{"self":[{"href":"https:\/\/e-booking.cz\/es\/wp-json\/wp\/v2\/pages\/38343","targetHints":{"allow":["GET"]}}],"collection":[{"href":"https:\/\/e-booking.cz\/es\/wp-json\/wp\/v2\/pages"}],"about":[{"href":"https:\/\/e-booking.cz\/es\/wp-json\/wp\/v2\/types\/page"}],"author":[{"embeddable":true,"href":"https:\/\/e-booking.cz\/es\/wp-json\/wp\/v2\/users\/3"}],"replies":[{"embeddable":true,"href":"https:\/\/e-booking.cz\/es\/wp-json\/wp\/v2\/comments?post=38343"}],"version-history":[{"count":37,"href":"https:\/\/e-booking.cz\/es\/wp-json\/wp\/v2\/pages\/38343\/revisions"}],"predecessor-version":[{"id":61661,"href":"https:\/\/e-booking.cz\/es\/wp-json\/wp\/v2\/pages\/38343\/revisions\/61661"}],"wp:featuredmedia":[{"embeddable":true,"href":"https:\/\/e-booking.cz\/es\/wp-json\/wp\/v2\/media\/47622"}],"wp:attachment":[{"href":"https:\/\/e-booking.cz\/es\/wp-json\/wp\/v2\/media?parent=38343"}],"curies":[{"name":"wp","href":"https:\/\/api.w.org\/{rel}","templated":true}]}}