{"id":3,"date":"2019-08-08T16:02:37","date_gmt":"2019-08-08T14:02:37","guid":{"rendered":"http:\/\/e-booking.cz\/domains\/e-booking.cz\/?page_id=3"},"modified":"2023-12-09T21:09:19","modified_gmt":"2023-12-09T20:09:19","slug":"ochrana-osobnich-udaju","status":"publish","type":"page","link":"https:\/\/e-booking.cz\/es\/ochrana-osobnich-udaju\/","title":{"rendered":"Z\u00e1sady ochrany osobn\u00edch \u00fadaj\u016f"},"content":{"rendered":"\n<p style=\"font-size:22px\"><\/p>\n\n\n\n<h3 class=\"wp-block-heading\" id=\"h-kdo-jsme\"><strong>Kdo jsme<\/strong><\/h3>\n\n\n\n<p>Na\u0161e webov\u00e1 adresa je: http:\/\/e-booking.cz<\/p>\n\n\n\n<p>Spr\u00e1vcem osobn\u00edch \u00fadaj\u016f podle \u010dl. 4 bod 7 na\u0159\u00edzen\u00ed Evropsk\u00e9ho parlamentu a Rady (EU) 2016\/679 o ochran\u011b fyzick\u00fdch osob v souvislosti se zpracov\u00e1n\u00edm osobn\u00edch \u00fadaj\u016f a o voln\u00e9m pohybu t\u011bchto \u00fadaj\u016f (d\u00e1le jen: \u201e<strong>GDPR<\/strong>\u201d) je <strong><strong>eShopper Czech s.r.o.<\/strong>, se s\u00eddlem&nbsp;<strong>Vale\u010dovsk\u00e1 837\/1, 190 00 Praha 9<\/strong>, identifika\u010dn\u00ed \u010d\u00edslo:&nbsp;<strong>10843906<\/strong>, (d\u00e1le jen: \u201e<strong>spr\u00e1vce<\/strong>\u201c).<\/strong><\/p>\n\n\n\n<p>Kontaktn\u00ed \u00fadaje spr\u00e1vce jsou<\/p>\n\n\n\n<p>adresa: <strong>Vale\u010dovsk\u00e1 837\/1, 190 00 Praha 9<\/strong>, identifika\u010dn\u00ed \u010d\u00edslo:\u00a0<strong>10843906<\/strong>,<\/p>\n\n\n\n<p>email: info@e-booking.cz<\/p>\n\n\n\n<p>telefon: +420 704 733 655<\/p>\n\n\n\n<p>Osobn\u00edmi \u00fadaji se rozum\u00ed ve\u0161ker\u00e9 informace o identifikovan\u00e9 nebo identifikovateln\u00e9 fyzick\u00e9 osob\u011b; identifikovatelnou fyzickou osobou je fyzick\u00e1 osoba, kterou lze p\u0159\u00edmo \u010di nep\u0159\u00edmo identifikovat, zejm\u00e9na odkazem na ur\u010dit\u00fd identifik\u00e1tor, nap\u0159\u00edklad jm\u00e9no, identifika\u010dn\u00ed \u010d\u00edslo, loka\u010dn\u00ed \u00fadaje, s\u00ed\u0165ov\u00fd identifik\u00e1tor nebo na jeden \u010di v\u00edce zvl\u00e1\u0161tn\u00edch prvk\u016f fyzick\u00e9, fyziologick\u00e9, genetick\u00e9, psychick\u00e9, ekonomick\u00e9, kulturn\u00ed nebo spole\u010densk\u00e9 identity t\u00e9to fyzick\u00e9 osoby.<\/p>\n\n\n\n<div style=\"height:100px\" aria-hidden=\"true\" class=\"wp-block-spacer\"><\/div>\n\n\n\n<h5 class=\"wp-block-heading\" id=\"h-jake-shromazdujeme-osobni-udaje-a-proc-je-shromazdujeme\">Jak\u00e9 shroma\u017e\u010fujeme osobn\u00ed \u00fadaje a pro\u010d je shroma\u017e\u010fujeme<\/h5>\n\n\n\n<h5 class=\"wp-block-heading\" id=\"h-komentare\">Koment\u00e1\u0159e<\/h5>\n\n\n\n<p>Kdy\u017e n\u00e1v\u0161t\u011bvn\u00edci p\u0159idaj\u00ed koment\u00e1\u0159 na tento web, jsou shroma\u017e\u010fov\u00e1ny \u00fadaje zobrazen\u00e9 ve formul\u00e1\u0159i pro koment\u00e1\u0159, d\u00e1le IP adresa n\u00e1v\u0161t\u011bvn\u00edka a \u0159et\u011bzec user agent definuj\u00edc\u00ed prohl\u00ed\u017ee\u010d, co\u017e pom\u00e1h\u00e1 k detekci spamu.<\/p>\n\n\n\n<p>Slu\u017eb\u011b Gravatar m\u016f\u017ee b\u00fdt poskytnut anonymn\u00ed \u0159et\u011bzec vytvo\u0159en\u00fd z va\u0161\u00ed emailov\u00e9 adresy (naz\u00fdvan\u00fd tak\u00e9 hash), d\u00edky kter\u00e9mu lze ur\u010dit jestli tuto slu\u017ebu pou\u017e\u00edv\u00e1te. Z\u00e1sady ochrany osobn\u00edch \u00fadaj\u016f slu\u017eby Gravatar jsou k dispozici zde: https:\/\/automattic.com\/privacy\/. Po schv\u00e1len\u00ed va\u0161eho koment\u00e1\u0159e je v\u00e1\u0161 profilov\u00fd obr\u00e1zek viditeln\u00fd pro ve\u0159ejnost v kontextu va\u0161eho koment\u00e1\u0159e.<\/p>\n\n\n\n<h5 class=\"wp-block-heading\" id=\"h-media\">M\u00e9dia<\/h5>\n\n\n\n<p>Pokud nahr\u00e1v\u00e1te obr\u00e1zky na tento web, m\u011bli byste se vyhnout nahr\u00e1v\u00e1n\u00ed obr\u00e1zk\u016f s vlo\u017een\u00fdmi \u00fadaji o poloze (EXIF GPS). N\u00e1v\u0161t\u011bvn\u00edci webu mohou st\u00e1hnout a zobrazit libovoln\u00e9 data o poloze z obr\u00e1zk\u016f na webu.<\/p>\n\n\n\n<h3 class=\"wp-block-heading\" id=\"h-kontaktni-formulare\">Kontaktn\u00ed formul\u00e1\u0159e<\/h3>\n\n\n\n<h5 class=\"wp-block-heading\" id=\"h-cookies\">Cookies<\/h5>\n\n\n\n<p>Pokud na na\u0161e str\u00e1nky p\u0159id\u00e1te koment\u00e1\u0159, m\u016f\u017eete povolit ulo\u017een\u00ed jm\u00e9na, emailov\u00e9 adresy a webov\u00e9 str\u00e1nky do cookies. T\u00edmto zp\u016fsobem se sna\u017e\u00edme zv\u00fd\u0161it v\u00e1\u0161 komfort, kdy\u017e budete ps\u00e1t nov\u00fd koment\u00e1\u0159 u\u017e pak nebudete muset tyto \u00fadaje znovu vypl\u0148ovat. Tyto soubory cookies budou m\u00edt \u017eivotnost jeden rok.<\/p>\n\n\n\n<p>Pokud nav\u0161t\u00edv\u00edte na\u0161i p\u0159ihla\u0161ovac\u00ed str\u00e1nku, nastav\u00edme do\u010dasn\u00e9 cookies pro ov\u011b\u0159en\u00ed, zda v\u00e1\u0161 prohl\u00ed\u017ee\u010d p\u0159ij\u00edm\u00e1 soubory cookies. Tento soubor cookies neobsahuje \u017e\u00e1dn\u00e1 osobn\u00ed data a p\u0159i zav\u0159en\u00ed prohl\u00ed\u017ee\u010de se zru\u0161\u00ed.<\/p>\n\n\n\n<p>P\u0159i p\u0159ihla\u0161ov\u00e1n\u00ed v\u00e1m nastav\u00edme tak\u00e9 n\u011bkolik soubor\u016f cookies pro ulo\u017een\u00ed va\u0161ich p\u0159ihla\u0161ovac\u00edch \u00fadaj\u016f a pro nastaven\u00ed zobrazen\u00ed obrazovky. P\u0159ihla\u0161ovac\u00ed soubory cookies maj\u00ed \u017eivotnost dva dny a cookies pro nastaven\u00ed zobrazen\u00ed maj\u00ed \u017eivotnost jeden rok. Pokud potvrd\u00edte mo\u017enost \u201eZapamatovat si m\u011b\u201c, va\u0161e p\u0159ihl\u00e1\u0161en\u00ed bude trvat dva t\u00fddny. Pokud se ze sv\u00e9ho \u00fa\u010dtu odhl\u00e1s\u00edte, p\u0159ihla\u0161ovac\u00ed cookies budou odstran\u011bny.<\/p>\n\n\n\n<p>Pokud upravujete nebo publikujete \u010dl\u00e1nek, bude ve va\u0161em prohl\u00ed\u017ee\u010di ulo\u017een dal\u0161\u00ed cookie. Tento cookie neobsahuje \u017e\u00e1dn\u00e1 osobn\u00ed data a jednodu\u0161e ozna\u010duje ID p\u0159\u00edsp\u011bvku, kter\u00fd jste pr\u00e1v\u011b upravili. Jeho platnost vypr\u0161\u00ed po 1 dni.<\/p>\n\n\n\n<h5 class=\"wp-block-heading\" id=\"h-vlozeny-obsah-z-dalsich-webu\">Vlo\u017een\u00fd obsah z dal\u0161\u00edch web\u016f<\/h5>\n\n\n\n<p>P\u0159\u00edsp\u011bvky na t\u011bchto str\u00e1nk\u00e1ch mohou obsahovat vlo\u017een\u00fd obsah (nap\u0159\u00edklad videa, obr\u00e1zky, \u010dl\u00e1nky atd.). Vlo\u017een\u00fd obsah z jin\u00fdch webov\u00fdch str\u00e1nek se chov\u00e1 stejn\u00fdm zp\u016fsobem, jako kdyby n\u00e1v\u0161t\u011bvn\u00edk nav\u0161t\u00edvil jin\u00fd web.<\/p>\n\n\n\n<p>Tyto webov\u00e9 str\u00e1nky mohou shroma\u017e\u010fovat data o v\u00e1s, pou\u017e\u00edvat soubory cookies, vkl\u00e1dat dal\u0161\u00ed sledov\u00e1n\u00ed od t\u0159et\u00edch stran a sledovat va\u0161i interakci s t\u00edmto vlo\u017een\u00fdm obsahem, v\u010detn\u011b sledov\u00e1n\u00ed interakce s vlo\u017een\u00fdm obsahem, pokud m\u00e1te \u00fa\u010det a jste p\u0159ihl\u00e1\u0161eni na danou webovou str\u00e1nku.<\/p>\n\n\n\n<h3 class=\"wp-block-heading\" id=\"h-analytika\">Analytika<\/h3>\n\n\n\n<h5 class=\"wp-block-heading\" id=\"h-s-kym-sdilime-vase-udaje\">S k\u00fdm sd\u00edl\u00edme va\u0161e \u00fadaje<\/h5>\n\n\n\n<h5 class=\"wp-block-heading\" id=\"h-jak-dlouho-uchovavame-vase-udaje\">Jak dlouho uchov\u00e1v\u00e1me va\u0161e \u00fadaje<\/h5>\n\n\n\n<p>Pokud p\u0159id\u00e1te koment\u00e1\u0159, koment\u00e1\u0159 a jeho metadata budou uchov\u00e1v\u00e1na po dobu neur\u010ditou. \u00dadaje jsou uchov\u00e1v\u00e1ny za \u00fa\u010delem automatick\u00e9ho rozpozn\u00e1n\u00ed a schv\u00e1len\u00ed v\u0161ech n\u00e1sledn\u00fdch koment\u00e1\u0159\u016f, m\u00edsto jejich dr\u017een\u00ed ve front\u011b moderov\u00e1n\u00ed.<\/p>\n\n\n\n<p>Pro u\u017eivatele, kte\u0159\u00ed se registruj\u00ed na tomto webu (pokud maj\u00ed tuto mo\u017enost), ukl\u00e1d\u00e1me tak\u00e9 osobn\u00ed \u00fadaje, kter\u00e9 uv\u00e1d\u011bj\u00ed ve sv\u00e9m u\u017eivatelsk\u00e9m profilu. V\u0161ichni u\u017eivatel\u00e9 mohou kdykoliv vid\u011bt, upravovat nebo smazat sv\u00e9 osobn\u00ed \u00fadaje (s v\u00fdjimkou toho, \u017ee nemohou zm\u011bnit sv\u00e9 u\u017eivatelsk\u00e9 jm\u00e9no). Administr\u00e1to\u0159i webu mohou tak\u00e9 tyto informace zobrazit a upravovat.<\/p>\n\n\n\n<h5 class=\"wp-block-heading\" id=\"h-jaka-mate-prava\">Jak\u00e1 m\u00e1te pr\u00e1va?<\/h5>\n\n\n\n<p>Pokud m\u00e1te na tomto webu \u00fa\u010det nebo jste zde p\u0159idali koment\u00e1\u0159e, m\u016f\u017eete po\u017e\u00e1dat o obdr\u017een\u00ed souboru s exportem osobn\u00edch \u00fadaj\u016f, kter\u00e9 o v\u00e1s uchov\u00e1v\u00e1me, v\u010detn\u011b v\u0161ech \u00fadaj\u016f, kter\u00e9 jste n\u00e1m poskytli. M\u016f\u017eete tak\u00e9 po\u017e\u00e1dat o odstran\u011bn\u00ed ve\u0161ker\u00fdch osobn\u00edch \u00fadaj\u016f, kter\u00e9 o v\u00e1s uchov\u00e1v\u00e1me. Tato mo\u017enost nezahrnuje \u00fadaje, kter\u00e9 jsme povinni uchov\u00e1vat z administrativn\u00edch, pr\u00e1vn\u00edch nebo bezpe\u010dnostn\u00edch d\u016fvod\u016f.<\/p>\n\n\n\n<h5 class=\"wp-block-heading\" id=\"h-kam-posilame-vase-data\">Kam pos\u00edl\u00e1me va\u0161e data?<\/h5>\n\n\n\n<p>Koment\u00e1\u0159e n\u00e1v\u0161t\u011bvn\u00edk\u016f mohou b\u00fdt kontrolov\u00e1ny prost\u0159ednictv\u00edm automatizovan\u00e9 slu\u017eby detekce spamu, kter\u00e1 m\u016f\u017ee b\u00fdt um\u00edst\u011bna v zahrani\u010d\u00ed.<\/p>\n\n\n\n<h5 class=\"wp-block-heading\" id=\"h-jake-udaje-zpracovavame\">Jak\u00e9 \u00fadaje zpracov\u00e1v\u00e1me?<\/h5>\n\n\n\n<p>Pro \u00fa\u010dely, kter\u00e9 jsou pops\u00e1ny d\u00e1le, zpracov\u00e1v\u00e1me tyto kategorie osobn\u00edch \u00fadaj\u016f:<\/p>\n\n\n\n<ul class=\"wp-block-list\">\n<li>identifika\u010dn\u00ed \u00fadaje: jm\u00e9no, p\u0159\u00edjmen\u00ed, datum narozen\u00ed, \u010d\u00edslo a platnost cestovn\u00edch doklad\u016f, rodn\u00e9 \u010d\u00edslo, adresa trval\u00e9ho bydli\u0161t\u011b, doru\u010dovac\u00ed nebo jin\u00e1 kontaktn\u00ed adresa, p\u0159\u00edstupov\u00e9 \u00fadaje pro personalizovan\u00fd p\u0159\u00edstup do z\u00e1kaznick\u00e9ho syst\u00e9mu,&nbsp;<\/li>\n\n\n\n<li>kontaktn\u00ed \u00fadaje: telefon, mobiln\u00ed telefon, fax, e-mailov\u00e1 adresa,&nbsp;<\/li>\n\n\n\n<li>dal\u0161\u00ed osobn\u00ed \u00fadaje pot\u0159ebn\u00e9 pro pln\u011bn\u00ed smlouvy: \u010d\u00edslo bankovn\u00edho \u00fa\u010dtu, \u00fadaje o objednan\u00fdch slu\u017eb\u00e1ch, \u00fadaje o zdravotn\u00edm stavu (nap\u0159. alergie, zdravotn\u00ed hendikep \u010di t\u011bhotenstv\u00ed), \u00fadaje o reklamac\u00edch, spolucestuj\u00edc\u00edch,<\/li>\n\n\n\n<li>\u00fadaje z va\u0161eho hodnocen\u00ed na\u0161ich slu\u017eeb: zejm\u00e9na se jedn\u00e1 o \u00fadaje z va\u0161ich recenz\u00ed hotel\u016f \u010di koment\u00e1\u0159\u016f k recenz\u00edm, v\u010detn\u011b fotografi\u00ed, kter\u00e9 k nim p\u0159ipoj\u00edte,&nbsp;<\/li>\n\n\n\n<li>\u00fadaje o va\u0161em chov\u00e1n\u00ed na na\u0161ich webech a p\u0159i \u010dten\u00ed zpr\u00e1v, kter\u00e9 v\u00e1m zas\u00edl\u00e1me: IP adresa, typ a verze za\u0159\u00edzen\u00ed, opera\u010dn\u00ed syst\u00e9m, technick\u00e9 parametry za\u0159\u00edzen\u00ed, str\u00e1nka, z n\u00ed\u017e jste na n\u00e1\u0161 web p\u0159i\u0161li, \u010das a doba n\u00e1v\u0161t\u011bvy, zobrazovan\u00e9 str\u00e1nky, informace ze soubor\u016f cookie a z nich odvozen\u00e9 \u00fadaje, nap\u0159. va\u0161e z\u00e1jmy, n\u00e1kupn\u00ed chov\u00e1n\u00ed, v\u011bk \u010di finan\u010dn\u00ed situace,<\/li>\n\n\n\n<li>\u00fadaje z va\u0161eho nastaven\u00ed v z\u00e1kaznick\u00e9m syst\u00e9mu: zejm\u00e9na jde o e-mailovou adresu, nastaven\u00ed newsletter\u016f nebo parametr\u016f z\u00e1jezd\u016f, o kter\u00e9 m\u00e1te z\u00e1jem,<\/li>\n\n\n\n<li>\u00fadaje z va\u0161\u00ed komunikace s n\u00e1mi: zpr\u00e1vy, kter\u00e9 n\u00e1m zas\u00edl\u00e1te, z\u00e1znamy telefonick\u00fdch hovor\u016f, p\u0159\u00edpadn\u011b kamerov\u00e9 z\u00e1znamy z na\u0161ich pobo\u010dek.&nbsp;<\/li>\n<\/ul>\n\n\n\n<h5 class=\"wp-block-heading\" id=\"h-pro-jake-ucely-zpracovavame-osobni-udaje\">Pro jak\u00e9 \u00fa\u010dely zpracov\u00e1v\u00e1me osobn\u00ed \u00fadaje?<\/h5>\n\n\n\n<p>Va\u0161e osobn\u00ed \u00fadaje zpracov\u00e1v\u00e1me bu\u010f na z\u00e1klad\u011b va\u0161eho souhlasu nebo bez va\u0161eho souhlasu na z\u00e1klad\u011b pln\u011bn\u00ed smlouvy, z d\u016fvodu, \u017ee n\u00e1m to ukl\u00e1d\u00e1 z\u00e1kon nebo z na\u0161eho opr\u00e1vn\u011bn\u00e9ho z\u00e1jmu.<\/p>\n\n\n\n<p>Jde o zpracov\u00e1n\u00ed osobn\u00edch \u00fadaj\u016f:<\/p>\n\n\n\n<ol class=\"wp-block-list\">\n<li>pro \u00fa\u010dely pln\u011bn\u00ed smluvn\u00edho vztahu, a p\u0159i vy\u0159izov\u00e1n\u00ed va\u0161ich reklamac\u00ed,&nbsp;<\/li>\n\n\n\n<li>pro \u00fa\u010dely p\u0159\u00edm\u00e9ho marketingu,&nbsp;<\/li>\n\n\n\n<li>pro \u00fa\u010dely pln\u011bn\u00ed na\u0161ich z\u00e1konn\u00fdch povinnost\u00ed,&nbsp;<\/li>\n\n\n\n<li>pro \u00fa\u010dely na\u0161ich opr\u00e1vn\u011bn\u00fdch z\u00e1jm\u016f, zejm\u00e9na z d\u016fvodu zaji\u0161t\u011bn\u00ed bezpe\u010dnosti na\u0161ich slu\u017eeb, jejich zkvalitn\u011bn\u00ed a p\u0159izp\u016fsoben\u00ed z\u00e1kazn\u00edk\u016fm na m\u00edru.&nbsp;<\/li>\n<\/ol>\n\n\n\n<h5 class=\"wp-block-heading\" id=\"h-jaka-jsou-vase-prava\">Jak\u00e1 jsou va\u0161e pr\u00e1va?<\/h5>\n\n\n\n<p>Podle z\u00e1kona o ochran\u011b osobn\u00edch \u00fadaj\u016f m\u00e1te:&nbsp;<\/p>\n\n\n\n<ul class=\"wp-block-list\">\n<li>pr\u00e1vo na p\u0159\u00edstup k va\u0161im osobn\u00edm \u00fadaj\u016fm a po\u0159\u00edzen\u00ed kopie osobn\u00edch \u00fadaj\u016f, kter\u00e9 zpracov\u00e1v\u00e1me,&nbsp;<\/li>\n\n\n\n<li>pr\u00e1vo na opravu a dopln\u011bn\u00ed va\u0161ich osobn\u00edch \u00fadaj\u016f v p\u0159\u00edpad\u011b, \u017ee zjist\u00edte, \u017ee zpracov\u00e1v\u00e1me nespr\u00e1vn\u00e9 nebo nep\u0159esn\u00e9 osobn\u00ed \u00fadaje,&nbsp;<\/li>\n\n\n\n<li>pr\u00e1vo na v\u00fdmaz va\u0161ich osobn\u00edch \u00fadaj\u016f. My tak u\u010din\u00edme, pokud to nebude v rozporu s platn\u00fdmi pr\u00e1vn\u00edmi p\u0159edpisy a na\u0161imi opr\u00e1vn\u011bn\u00fdmi z\u00e1jmy,&nbsp;<\/li>\n\n\n\n<li>pr\u00e1vo na omezen\u00ed zpracov\u00e1n\u00ed va\u0161ich osobn\u00edch \u00fadaj\u016f. Na va\u0161i \u017e\u00e1dost m\u016f\u017eeme za ur\u010dit\u00fdch, pr\u00e1vn\u00edmi p\u0159edpisy stanoven\u00fdch, podm\u00ednek omezit nakl\u00e1d\u00e1n\u00ed s va\u0161imi osobn\u00edmi \u00fadaji,&nbsp;<\/li>\n\n\n\n<li>pr\u00e1vo na p\u0159enositelnost. V p\u0159\u00edpad\u011b, \u017ee zpracov\u00e1v\u00e1me va\u0161e osobn\u00ed \u00fadaje na z\u00e1klad\u011b va\u0161eho souhlasu nebo pro \u00fa\u010dely pln\u011bn\u00ed smlouvy, m\u00e1te pr\u00e1vo na p\u0159enos takov\u00fdch osobn\u00edch \u00fadaj\u016f jin\u00e9mu spr\u00e1vci,<\/li>\n\n\n\n<li>pr\u00e1vo vzn\u00e9st n\u00e1mitku proti zpracov\u00e1n\u00ed osobn\u00edch \u00fadaj\u016f, kter\u00e9 zpracov\u00e1v\u00e1me z d\u016fvodu na\u0161eho opr\u00e1vn\u011bn\u00e9ho z\u00e1jmu. Jedn\u00e1-li se o zpracov\u00e1n\u00ed kv\u016fli marketingov\u00fdm \u00fa\u010del\u016fm, p\u0159estaneme tyto \u00fadaje zpracov\u00e1vat, v ostatn\u00edch p\u0159\u00edpadech tak u\u010din\u00edme, nebude-li to v rozporu s platn\u00fdmi pr\u00e1vn\u00edmi p\u0159edpisy,&nbsp;<\/li>\n\n\n\n<li>v p\u0159\u00edpad\u011b pochybnost\u00ed o dodr\u017eov\u00e1n\u00ed povinnost\u00ed souvisej\u00edc\u00edch se zpracov\u00e1n\u00edm osobn\u00edch \u00fadaj\u016f se m\u016f\u017eete obr\u00e1tit na \u00da\u0159ad pro ochranu osobn\u00edch \u00fadaj\u016f nebo na jin\u00e9ho p\u0159\u00edslu\u0161n\u00e9ho dozorov\u00e9ho \u00fa\u0159adu.&nbsp;<\/li>\n<\/ul>\n","protected":false},"excerpt":{"rendered":"<p>Kdo jsme Na\u0161e webov\u00e1 adresa je: http:\/\/e-booking.cz Spr\u00e1vcem osobn\u00edch \u00fadaj\u016f podle \u010dl. 4 bod 7 na\u0159\u00edzen\u00ed Evropsk\u00e9ho parlamentu a Rady (EU) 2016\/679 o ochran\u011b fyzick\u00fdch osob v souvislosti se zpracov\u00e1n\u00edm osobn\u00edch \u00fadaj\u016f a o voln\u00e9m pohybu t\u011bchto \u00fadaj\u016f (d\u00e1le jen: \u201eGDPR\u201d) je eShopper Czech s.r.o., se s\u00eddlem&nbsp;Vale\u010dovsk\u00e1 837\/1, 190 00 Praha 9, identifika\u010dn\u00ed \u010d\u00edslo:&nbsp;10843906, (d\u00e1le [&hellip;]<\/p>\n","protected":false},"author":1,"featured_media":39415,"parent":0,"menu_order":0,"comment_status":"closed","ping_status":"open","template":"template-home-modern.php","meta":{"footnotes":""},"class_list":["post-3","page","type-page","status-publish","has-post-thumbnail","hentry"],"yoast_head":"<!-- This site is optimized with the Yoast SEO Premium plugin v26.1 (Yoast SEO v27.2) - https:\/\/yoast.com\/product\/yoast-seo-premium-wordpress\/ -->\n<title>Z\u00e1sady ochrany osobn\u00edch \u00fadaj\u016f - e-booking.cz<\/title>\n<meta name=\"description\" content=\"Ochrana Va\u0161ich osobn\u00edch \u00fadaj\u016f je pro n\u00e1s d\u016fle\u017eit\u00e1. Va\u0161e osobn\u00ed \u00fadaje zpracov\u00e1v\u00e1me v souladu s p\u0159\u00edslu\u0161n\u00fdmi pr\u00e1vn\u00edmi p\u0159edpisy na ochranu osobn\u00edch \u00fadaj\u016f.\" \/>\n<meta name=\"robots\" content=\"index, follow, max-snippet:-1, max-image-preview:large, max-video-preview:-1\" \/>\n<link rel=\"canonical\" href=\"https:\/\/e-booking.cz\/ochrana-osobnich-udaju\/\" \/>\n<meta name=\"twitter:card\" content=\"summary_large_image\" \/>\n<meta name=\"twitter:title\" content=\"Z\u00e1sady ochrany osobn\u00edch \u00fadaj\u016f - e-booking.cz\" \/>\n<meta name=\"twitter:description\" content=\"Ochrana Va\u0161ich osobn\u00edch \u00fadaj\u016f je pro n\u00e1s d\u016fle\u017eit\u00e1. Va\u0161e osobn\u00ed \u00fadaje zpracov\u00e1v\u00e1me v souladu s p\u0159\u00edslu\u0161n\u00fdmi pr\u00e1vn\u00edmi p\u0159edpisy na ochranu osobn\u00edch \u00fadaj\u016f.\" \/>\n<meta name=\"twitter:image\" content=\"https:\/\/e-booking.cz\/wp-content\/uploads\/2022\/07\/pexels-leon-ardho-1642552-scaled.jpg\" \/>\n<meta name=\"twitter:site\" content=\"@EBookingcz\" \/>\n<meta name=\"twitter:label1\" content=\"Tiempo de lectura\" \/>\n\t<meta name=\"twitter:data1\" content=\"7 minutos\" \/>\n<script type=\"application\/ld+json\" class=\"yoast-schema-graph\">{\"@context\":\"https:\/\/schema.org\",\"@graph\":[{\"@type\":\"WebPage\",\"@id\":\"https:\/\/e-booking.cz\/ochrana-osobnich-udaju\/\",\"url\":\"https:\/\/e-booking.cz\/ochrana-osobnich-udaju\/\",\"name\":\"Z\u00e1sady ochrany osobn\u00edch \u00fadaj\u016f - e-booking.cz\",\"isPartOf\":{\"@id\":\"https:\/\/e-booking.cz\/#website\"},\"primaryImageOfPage\":{\"@id\":\"https:\/\/e-booking.cz\/ochrana-osobnich-udaju\/#primaryimage\"},\"image\":{\"@id\":\"https:\/\/e-booking.cz\/ochrana-osobnich-udaju\/#primaryimage\"},\"thumbnailUrl\":\"https:\/\/e-booking.cz\/wp-content\/uploads\/2022\/07\/pexels-leon-ardho-1642552-scaled.jpg\",\"datePublished\":\"2019-08-08T14:02:37+00:00\",\"dateModified\":\"2023-12-09T20:09:19+00:00\",\"description\":\"Ochrana Va\u0161ich osobn\u00edch \u00fadaj\u016f je pro n\u00e1s d\u016fle\u017eit\u00e1. Va\u0161e osobn\u00ed \u00fadaje zpracov\u00e1v\u00e1me v souladu s p\u0159\u00edslu\u0161n\u00fdmi pr\u00e1vn\u00edmi p\u0159edpisy na ochranu osobn\u00edch \u00fadaj\u016f.\",\"breadcrumb\":{\"@id\":\"https:\/\/e-booking.cz\/ochrana-osobnich-udaju\/#breadcrumb\"},\"inLanguage\":\"es\",\"potentialAction\":[{\"@type\":\"ReadAction\",\"target\":[\"https:\/\/e-booking.cz\/ochrana-osobnich-udaju\/\"]}]},{\"@type\":\"ImageObject\",\"inLanguage\":\"es\",\"@id\":\"https:\/\/e-booking.cz\/ochrana-osobnich-udaju\/#primaryimage\",\"url\":\"https:\/\/e-booking.cz\/wp-content\/uploads\/2022\/07\/pexels-leon-ardho-1642552-scaled.jpg\",\"contentUrl\":\"https:\/\/e-booking.cz\/wp-content\/uploads\/2022\/07\/pexels-leon-ardho-1642552-scaled.jpg\",\"width\":2560,\"height\":2560},{\"@type\":\"BreadcrumbList\",\"@id\":\"https:\/\/e-booking.cz\/ochrana-osobnich-udaju\/#breadcrumb\",\"itemListElement\":[{\"@type\":\"ListItem\",\"position\":1,\"name\":\"Dom\u016f\",\"item\":\"https:\/\/e-booking.cz\/es\/\"},{\"@type\":\"ListItem\",\"position\":2,\"name\":\"Z\u00e1sady ochrany osobn\u00edch \u00fadaj\u016f\"}]},{\"@type\":\"WebSite\",\"@id\":\"https:\/\/e-booking.cz\/#website\",\"url\":\"https:\/\/e-booking.cz\/\",\"name\":\"e-booking.cz\",\"description\":\"\",\"publisher\":{\"@id\":\"https:\/\/e-booking.cz\/#organization\"},\"potentialAction\":[{\"@type\":\"SearchAction\",\"target\":{\"@type\":\"EntryPoint\",\"urlTemplate\":\"https:\/\/e-booking.cz\/?s={search_term_string}\"},\"query-input\":{\"@type\":\"PropertyValueSpecification\",\"valueRequired\":true,\"valueName\":\"search_term_string\"}}],\"inLanguage\":\"es\"},{\"@type\":\"Organization\",\"@id\":\"https:\/\/e-booking.cz\/#organization\",\"name\":\"e-booking.cz\",\"url\":\"https:\/\/e-booking.cz\/\",\"logo\":{\"@type\":\"ImageObject\",\"inLanguage\":\"es\",\"@id\":\"https:\/\/e-booking.cz\/#\/schema\/logo\/image\/\",\"url\":\"https:\/\/e-booking.cz\/wp-content\/uploads\/2019\/08\/logo-ebooking-e1565277525708.png\",\"contentUrl\":\"https:\/\/e-booking.cz\/wp-content\/uploads\/2019\/08\/logo-ebooking-e1565277525708.png\",\"width\":130,\"height\":24,\"caption\":\"e-booking.cz\"},\"image\":{\"@id\":\"https:\/\/e-booking.cz\/#\/schema\/logo\/image\/\"},\"sameAs\":[\"https:\/\/www.facebook.com\/ebookingcz\",\"https:\/\/x.com\/EBookingcz\",\"https:\/\/www.instagram.com\/ebooking.cz\/\"]}]}<\/script>\n<!-- \/ Yoast SEO Premium plugin. -->","yoast_head_json":{"title":"Z\u00e1sady ochrany osobn\u00edch \u00fadaj\u016f - e-booking.cz","description":"Ochrana Va\u0161ich osobn\u00edch \u00fadaj\u016f je pro n\u00e1s d\u016fle\u017eit\u00e1. Va\u0161e osobn\u00ed \u00fadaje zpracov\u00e1v\u00e1me v souladu s p\u0159\u00edslu\u0161n\u00fdmi pr\u00e1vn\u00edmi p\u0159edpisy na ochranu osobn\u00edch \u00fadaj\u016f.","robots":{"index":"index","follow":"follow","max-snippet":"max-snippet:-1","max-image-preview":"max-image-preview:large","max-video-preview":"max-video-preview:-1"},"canonical":"https:\/\/e-booking.cz\/ochrana-osobnich-udaju\/","twitter_card":"summary_large_image","twitter_title":"Z\u00e1sady ochrany osobn\u00edch \u00fadaj\u016f - e-booking.cz","twitter_description":"Ochrana Va\u0161ich osobn\u00edch \u00fadaj\u016f je pro n\u00e1s d\u016fle\u017eit\u00e1. Va\u0161e osobn\u00ed \u00fadaje zpracov\u00e1v\u00e1me v souladu s p\u0159\u00edslu\u0161n\u00fdmi pr\u00e1vn\u00edmi p\u0159edpisy na ochranu osobn\u00edch \u00fadaj\u016f.","twitter_image":"https:\/\/e-booking.cz\/wp-content\/uploads\/2022\/07\/pexels-leon-ardho-1642552-scaled.jpg","twitter_site":"@EBookingcz","twitter_misc":{"Tiempo de lectura":"7 minutos"},"schema":{"@context":"https:\/\/schema.org","@graph":[{"@type":"WebPage","@id":"https:\/\/e-booking.cz\/ochrana-osobnich-udaju\/","url":"https:\/\/e-booking.cz\/ochrana-osobnich-udaju\/","name":"Z\u00e1sady ochrany osobn\u00edch \u00fadaj\u016f - e-booking.cz","isPartOf":{"@id":"https:\/\/e-booking.cz\/#website"},"primaryImageOfPage":{"@id":"https:\/\/e-booking.cz\/ochrana-osobnich-udaju\/#primaryimage"},"image":{"@id":"https:\/\/e-booking.cz\/ochrana-osobnich-udaju\/#primaryimage"},"thumbnailUrl":"https:\/\/e-booking.cz\/wp-content\/uploads\/2022\/07\/pexels-leon-ardho-1642552-scaled.jpg","datePublished":"2019-08-08T14:02:37+00:00","dateModified":"2023-12-09T20:09:19+00:00","description":"Ochrana Va\u0161ich osobn\u00edch \u00fadaj\u016f je pro n\u00e1s d\u016fle\u017eit\u00e1. Va\u0161e osobn\u00ed \u00fadaje zpracov\u00e1v\u00e1me v souladu s p\u0159\u00edslu\u0161n\u00fdmi pr\u00e1vn\u00edmi p\u0159edpisy na ochranu osobn\u00edch \u00fadaj\u016f.","breadcrumb":{"@id":"https:\/\/e-booking.cz\/ochrana-osobnich-udaju\/#breadcrumb"},"inLanguage":"es","potentialAction":[{"@type":"ReadAction","target":["https:\/\/e-booking.cz\/ochrana-osobnich-udaju\/"]}]},{"@type":"ImageObject","inLanguage":"es","@id":"https:\/\/e-booking.cz\/ochrana-osobnich-udaju\/#primaryimage","url":"https:\/\/e-booking.cz\/wp-content\/uploads\/2022\/07\/pexels-leon-ardho-1642552-scaled.jpg","contentUrl":"https:\/\/e-booking.cz\/wp-content\/uploads\/2022\/07\/pexels-leon-ardho-1642552-scaled.jpg","width":2560,"height":2560},{"@type":"BreadcrumbList","@id":"https:\/\/e-booking.cz\/ochrana-osobnich-udaju\/#breadcrumb","itemListElement":[{"@type":"ListItem","position":1,"name":"Dom\u016f","item":"https:\/\/e-booking.cz\/es\/"},{"@type":"ListItem","position":2,"name":"Z\u00e1sady ochrany osobn\u00edch \u00fadaj\u016f"}]},{"@type":"WebSite","@id":"https:\/\/e-booking.cz\/#website","url":"https:\/\/e-booking.cz\/","name":"e-booking.cz","description":"","publisher":{"@id":"https:\/\/e-booking.cz\/#organization"},"potentialAction":[{"@type":"SearchAction","target":{"@type":"EntryPoint","urlTemplate":"https:\/\/e-booking.cz\/?s={search_term_string}"},"query-input":{"@type":"PropertyValueSpecification","valueRequired":true,"valueName":"search_term_string"}}],"inLanguage":"es"},{"@type":"Organization","@id":"https:\/\/e-booking.cz\/#organization","name":"e-booking.cz","url":"https:\/\/e-booking.cz\/","logo":{"@type":"ImageObject","inLanguage":"es","@id":"https:\/\/e-booking.cz\/#\/schema\/logo\/image\/","url":"https:\/\/e-booking.cz\/wp-content\/uploads\/2019\/08\/logo-ebooking-e1565277525708.png","contentUrl":"https:\/\/e-booking.cz\/wp-content\/uploads\/2019\/08\/logo-ebooking-e1565277525708.png","width":130,"height":24,"caption":"e-booking.cz"},"image":{"@id":"https:\/\/e-booking.cz\/#\/schema\/logo\/image\/"},"sameAs":["https:\/\/www.facebook.com\/ebookingcz","https:\/\/x.com\/EBookingcz","https:\/\/www.instagram.com\/ebooking.cz\/"]}]}},"_links":{"self":[{"href":"https:\/\/e-booking.cz\/es\/wp-json\/wp\/v2\/pages\/3","targetHints":{"allow":["GET"]}}],"collection":[{"href":"https:\/\/e-booking.cz\/es\/wp-json\/wp\/v2\/pages"}],"about":[{"href":"https:\/\/e-booking.cz\/es\/wp-json\/wp\/v2\/types\/page"}],"author":[{"embeddable":true,"href":"https:\/\/e-booking.cz\/es\/wp-json\/wp\/v2\/users\/1"}],"replies":[{"embeddable":true,"href":"https:\/\/e-booking.cz\/es\/wp-json\/wp\/v2\/comments?post=3"}],"version-history":[{"count":10,"href":"https:\/\/e-booking.cz\/es\/wp-json\/wp\/v2\/pages\/3\/revisions"}],"predecessor-version":[{"id":53810,"href":"https:\/\/e-booking.cz\/es\/wp-json\/wp\/v2\/pages\/3\/revisions\/53810"}],"wp:featuredmedia":[{"embeddable":true,"href":"https:\/\/e-booking.cz\/es\/wp-json\/wp\/v2\/media\/39415"}],"wp:attachment":[{"href":"https:\/\/e-booking.cz\/es\/wp-json\/wp\/v2\/media?parent=3"}],"curies":[{"name":"wp","href":"https:\/\/api.w.org\/{rel}","templated":true}]}}