{"id":22946,"date":"2020-01-28T22:39:49","date_gmt":"2020-01-28T21:39:49","guid":{"rendered":"https:\/\/e-booking.cz\/?page_id=22946"},"modified":"2020-02-02T14:27:34","modified_gmt":"2020-02-02T13:27:34","slug":"coches","status":"publish","type":"page","link":"https:\/\/e-booking.cz\/es\/coches\/","title":{"rendered":"Coches"},"content":{"rendered":"<div class=\"wpb-content-wrapper\"><p>[vc_row][vc_column][vc_column_text]<\/p>\n<h1 class=\"title\">Busca y compara las mejores ofertas de alquiler de coches<\/h1>\n<p>[\/vc_column_text][\/vc_column][\/vc_row][vc_row][vc_column][vc_empty_space height=\u00bb62px\u00bb][\/vc_column][\/vc_row][vc_row][vc_column][vc_raw_js]JTNDc2NyaXB0JTIwc3JjJTNEJTIyJTJGJTJGYzEzMC50cmF2ZWxwYXlvdXRzLmNvbSUyRmNvbnRlbnQlM0Zwcm9tb19pZCUzRDM4NzglMjZzaG1hcmtlciUzRDI0MDAxMCUyNmxvY2FsZSUzRGVzJTI2dGVtcGxhdGUlM0R1bml2ZXJzYWwlMjZyYWRpdXMlM0Q3JTI2YnV0dG9uLXJhZGl1cyUzRDclMjZmb3JtLXBhZGRpbmclM0QyOSUyNmhpZGUtaGVhZGVyJTNEJTI2bGFyZ2VfYnV0dG9uJTNEbGFyZ2UlMjZmb3JtLWhvbGxvdyUzRGZhbHNlJTI2aGlkZTElM0QlMjZoaWRlMiUzRGNhcnMlMjZoaWRlMyUzRCUyNmhpZGU0JTNEJTI2aGlkZTUlM0QlMjZoaWRlNiUzRCUyNnByaW1hcnklM0QwNzcxQzUlMjZwcmltYXJ5LXRleHQlM0RGRkZGRkYlMjZ0ZXh0JTNEMDAwMDAwJTI2Zm9ybS1iZyUzREY1RDM2MSUyNmZvcm0tdGV4dCUzRDAwMDAwMCUyNnBvd2VyZWRfYnklM0R0cnVlJTIyJTIwY2hhcnNldCUzRCUyMnV0Zi04JTIyJTIwYXN5bmMlM0QlMjJ0cnVlJTIyJTNFJTNDJTJGc2NyaXB0JTNF[\/vc_raw_js][\/vc_column][\/vc_row][vc_row][vc_column][vc_empty_space height=\u00bb92px\u00bb][\/vc_column][\/vc_row][vc_row][vc_column width=\u00bb1\/2&#8243;][vc_column_text]<\/p>\n<h3 class=\"bui-f-font-featured bui-f-font-strong cb-u-margin-bottom-small\">La compa\u00f1\u00eda online de alquiler de coches l\u00edder del mercado<\/h3>\n<p>[\/vc_column_text][vc_column_text]Con m\u00e1s de 900 proveedores en 160 pa\u00edses, tenga por seguro que encontrar\u00e1 el coche adecuado en el lugar adecuado, al precio adecuado.[\/vc_column_text][\/vc_column][vc_column width=\u00bb1\/2&#8243;][vc_column_text]<\/p>\n<h3 class=\"bui-f-font-featured bui-f-font-strong cb-u-margin-bottom-small\">M\u00e1s de 3,5 millones de clientes han valorado a nuestros proveedores.<\/h3>\n<p>[\/vc_column_text][vc_column_text]Pedimos a nuestros clientes que hagan una valoraci\u00f3n de la compa\u00f1\u00eda que les proporcion\u00f3 el veh\u00edculo. Eche un vistazo a las opiniones previas para tomar la decisi\u00f3n correcta en su pr\u00f3xima reserva.[\/vc_column_text][\/vc_column][\/vc_row][vc_row][vc_column][vc_empty_space][\/vc_column][\/vc_row][vc_row][vc_column][vc_toggle title=\u00bbPreguntas m\u00e1s frecuentes\u00bb use_custom_heading=\u00bbtrue\u00bb]<\/p>\n<h3>\u00bfQu\u00e9 necesito para alquilar un coche?<\/h3>\n<p>&nbsp;<\/p>\n<p>Para reservar su coche, tan solo necesita una tarjeta de cr\u00e9dito o d\u00e9bito. Al retirar el veh\u00edculo necesitar\u00e1:<\/p>\n<ul class=\"cb-o-list cb-o-list--bullet cb-u-margin-bottom-xlarge cb-u-margin-top-xlarge\">\n<li class=\"cb-o-list__item\">El vale de confirmaci\u00f3n o vale electr\u00f3nico, como prueba de que su reserva est\u00e1 prepagada.<\/li>\n<li class=\"cb-o-list__item\">La tarjeta de cr\u00e9dito\/d\u00e9bito del conductor principal, con saldo suficiente para cubrir el dep\u00f3sito de seguridad.<\/li>\n<li class=\"cb-o-list__item\">El permiso de conducir del conductor principal, con una antig\u00fcedad m\u00ednima de 12 meses (en ocasiones, de 24 meses).<\/li>\n<li class=\"cb-o-list__item\">Su pasaporte o documento de identidad y cualquier otro documento que el proveedor requiera.<\/li>\n<\/ul>\n<p>&nbsp;<\/p>\n<h3 class=\"bui-f-font-body cb-u-margin-bottom-none\">\u00bfQu\u00e9 edad debo tener para alquilar un coche?<\/h3>\n<p>La mayor\u00eda de nuestros proveedores exigen que el conductor principal tenga una edad de entre 21 y 70 a\u00f1os. Si el conductor es menor de 25 a\u00f1os o mayor de 70, es posible que tenga que abonar una tasa adicional.<\/p>\n<p>&nbsp;<\/p>\n<h3 class=\"bui-f-font-body cb-u-margin-bottom-none\">\u00bfPuedo reservar un coche para otra persona?<\/h3>\n<p>S\u00ed, siempre y cuando dicha persona cumpla con estos requisitos. S\u00f3lo tendr\u00e1 que introducir sus datos al realizar la reserva.<\/p>\n<p>&nbsp;<\/p>\n<h3 class=\"bui-f-font-body cb-u-margin-bottom-none\">\u00bfC\u00f3mo puedo encontrar las mejores ofertas en coches de alquiler?<\/h3>\n<p>Trabajamos con las principales compa\u00f1\u00edas de alquiler de coches (y con m\u00faltiples empresas locales) para poder ofrecerle la mayor variedad de veh\u00edculos y precios. De este modo, le garantizamos las mejores ofertas en m\u00e1s de 60,000 destinos de todo el mundo. Utilice nuestro buscador para comparar precios y ver nuestras mejores ofertas.[\/vc_toggle][\/vc_column][\/vc_row]<\/p>\n<\/div>","protected":false},"excerpt":{"rendered":"<p>[vc_row][vc_column][vc_column_text] Busca y compara las mejores ofertas de alquiler de coches [\/vc_column_text][\/vc_column][\/vc_row][vc_row][vc_column][vc_empty_space height=\u00bb62px\u00bb][\/vc_column][\/vc_row][vc_row][vc_column][vc_raw_js]JTNDc2NyaXB0JTIwc3JjJTNEJTIyJTJGJTJGYzEzMC50cmF2ZWxwYXlvdXRzLmNvbSUyRmNvbnRlbnQlM0Zwcm9tb19pZCUzRDM4NzglMjZzaG1hcmtlciUzRDI0MDAxMCUyNmxvY2FsZSUzRGVzJTI2dGVtcGxhdGUlM0R1bml2ZXJzYWwlMjZyYWRpdXMlM0Q3JTI2YnV0dG9uLXJhZGl1cyUzRDclMjZmb3JtLXBhZGRpbmclM0QyOSUyNmhpZGUtaGVhZGVyJTNEJTI2bGFyZ2VfYnV0dG9uJTNEbGFyZ2UlMjZmb3JtLWhvbGxvdyUzRGZhbHNlJTI2aGlkZTElM0QlMjZoaWRlMiUzRGNhcnMlMjZoaWRlMyUzRCUyNmhpZGU0JTNEJTI2aGlkZTUlM0QlMjZoaWRlNiUzRCUyNnByaW1hcnklM0QwNzcxQzUlMjZwcmltYXJ5LXRleHQlM0RGRkZGRkYlMjZ0ZXh0JTNEMDAwMDAwJTI2Zm9ybS1iZyUzREY1RDM2MSUyNmZvcm0tdGV4dCUzRDAwMDAwMCUyNnBvd2VyZWRfYnklM0R0cnVlJTIyJTIwY2hhcnNldCUzRCUyMnV0Zi04JTIyJTIwYXN5bmMlM0QlMjJ0cnVlJTIyJTNFJTNDJTJGc2NyaXB0JTNF[\/vc_raw_js][\/vc_column][\/vc_row][vc_row][vc_column][vc_empty_space height=\u00bb92px\u00bb][\/vc_column][\/vc_row][vc_row][vc_column width=\u00bb1\/2&#8243;][vc_column_text] La compa\u00f1\u00eda online de alquiler de coches l\u00edder del mercado [\/vc_column_text][vc_column_text]Con m\u00e1s de 900 proveedores en 160 pa\u00edses, tenga por seguro que encontrar\u00e1 el coche adecuado en el lugar adecuado, al precio adecuado.[\/vc_column_text][\/vc_column][vc_column width=\u00bb1\/2&#8243;][vc_column_text] M\u00e1s de 3,5 millones de clientes [&hellip;]<\/p>\n","protected":false},"author":3,"featured_media":8599,"parent":0,"menu_order":0,"comment_status":"closed","ping_status":"closed","template":"template-home-modern.php","meta":{"footnotes":""},"class_list":["post-22946","page","type-page","status-publish","has-post-thumbnail","hentry"],"yoast_head":"<!-- This site is optimized with the Yoast SEO Premium plugin v26.1 (Yoast SEO v27.2) - https:\/\/yoast.com\/product\/yoast-seo-premium-wordpress\/ -->\n<title>Alquiler de Coches Baratos | Tu Comparador - e-booking.cz<\/title>\n<meta name=\"description\" content=\"Busca y Compara Hoy Los Proveedores Lideres de Alquiler de Coche. Precios Imbatibles. Hablamos Tu Idioma. Sin costes ocultos. Cambios Gratis Reservas.\" \/>\n<meta name=\"robots\" content=\"index, follow, max-snippet:-1, max-image-preview:large, max-video-preview:-1\" \/>\n<link rel=\"canonical\" href=\"https:\/\/e-booking.cz\/es\/coches\/\" \/>\n<meta name=\"twitter:card\" content=\"summary_large_image\" \/>\n<meta name=\"twitter:title\" content=\"Alquiler de Coches Baratos | Tu Comparador - e-booking.cz\" \/>\n<meta name=\"twitter:description\" content=\"Busca y Compara Hoy Los Proveedores Lideres de Alquiler de Coche. Precios Imbatibles. Hablamos Tu Idioma. Sin costes ocultos. Cambios Gratis Reservas.\" \/>\n<meta name=\"twitter:image\" content=\"https:\/\/e-booking.cz\/wp-content\/uploads\/2019\/08\/The-Best-Cars-At-The-2014-Concorso-Italiano-In-Pebble-Beach-Supercompressor_com.jpeg\" \/>\n<meta name=\"twitter:site\" content=\"@EBookingcz\" \/>\n<meta name=\"twitter:label1\" content=\"Tiempo de lectura\" \/>\n\t<meta name=\"twitter:data1\" content=\"3 minutos\" \/>\n<script type=\"application\/ld+json\" class=\"yoast-schema-graph\">{\"@context\":\"https:\/\/schema.org\",\"@graph\":[{\"@type\":\"WebPage\",\"@id\":\"https:\/\/e-booking.cz\/es\/coches\/\",\"url\":\"https:\/\/e-booking.cz\/es\/coches\/\",\"name\":\"Alquiler de Coches Baratos | Tu Comparador - e-booking.cz\",\"isPartOf\":{\"@id\":\"https:\/\/e-booking.cz\/#website\"},\"primaryImageOfPage\":{\"@id\":\"https:\/\/e-booking.cz\/es\/coches\/#primaryimage\"},\"image\":{\"@id\":\"https:\/\/e-booking.cz\/es\/coches\/#primaryimage\"},\"thumbnailUrl\":\"https:\/\/e-booking.cz\/wp-content\/uploads\/2019\/08\/The-Best-Cars-At-The-2014-Concorso-Italiano-In-Pebble-Beach-Supercompressor_com.jpeg\",\"datePublished\":\"2020-01-28T21:39:49+00:00\",\"dateModified\":\"2020-02-02T13:27:34+00:00\",\"description\":\"Busca y Compara Hoy Los Proveedores Lideres de Alquiler de Coche. Precios Imbatibles. Hablamos Tu Idioma. Sin costes ocultos. Cambios Gratis Reservas.\",\"breadcrumb\":{\"@id\":\"https:\/\/e-booking.cz\/es\/coches\/#breadcrumb\"},\"inLanguage\":\"es\",\"potentialAction\":[{\"@type\":\"ReadAction\",\"target\":[\"https:\/\/e-booking.cz\/es\/coches\/\"]}]},{\"@type\":\"ImageObject\",\"inLanguage\":\"es\",\"@id\":\"https:\/\/e-booking.cz\/es\/coches\/#primaryimage\",\"url\":\"https:\/\/e-booking.cz\/wp-content\/uploads\/2019\/08\/The-Best-Cars-At-The-2014-Concorso-Italiano-In-Pebble-Beach-Supercompressor_com.jpeg\",\"contentUrl\":\"https:\/\/e-booking.cz\/wp-content\/uploads\/2019\/08\/The-Best-Cars-At-The-2014-Concorso-Italiano-In-Pebble-Beach-Supercompressor_com.jpeg\",\"width\":1023,\"height\":694,\"caption\":\"Luxusn\u00ed v\u016fz\"},{\"@type\":\"BreadcrumbList\",\"@id\":\"https:\/\/e-booking.cz\/es\/coches\/#breadcrumb\",\"itemListElement\":[{\"@type\":\"ListItem\",\"position\":1,\"name\":\"Dom\u016f\",\"item\":\"https:\/\/e-booking.cz\/es\/\"},{\"@type\":\"ListItem\",\"position\":2,\"name\":\"Coches\"}]},{\"@type\":\"WebSite\",\"@id\":\"https:\/\/e-booking.cz\/#website\",\"url\":\"https:\/\/e-booking.cz\/\",\"name\":\"e-booking.cz\",\"description\":\"\",\"publisher\":{\"@id\":\"https:\/\/e-booking.cz\/#organization\"},\"potentialAction\":[{\"@type\":\"SearchAction\",\"target\":{\"@type\":\"EntryPoint\",\"urlTemplate\":\"https:\/\/e-booking.cz\/?s={search_term_string}\"},\"query-input\":{\"@type\":\"PropertyValueSpecification\",\"valueRequired\":true,\"valueName\":\"search_term_string\"}}],\"inLanguage\":\"es\"},{\"@type\":\"Organization\",\"@id\":\"https:\/\/e-booking.cz\/#organization\",\"name\":\"e-booking.cz\",\"url\":\"https:\/\/e-booking.cz\/\",\"logo\":{\"@type\":\"ImageObject\",\"inLanguage\":\"es\",\"@id\":\"https:\/\/e-booking.cz\/#\/schema\/logo\/image\/\",\"url\":\"https:\/\/e-booking.cz\/wp-content\/uploads\/2019\/08\/logo-ebooking-e1565277525708.png\",\"contentUrl\":\"https:\/\/e-booking.cz\/wp-content\/uploads\/2019\/08\/logo-ebooking-e1565277525708.png\",\"width\":130,\"height\":24,\"caption\":\"e-booking.cz\"},\"image\":{\"@id\":\"https:\/\/e-booking.cz\/#\/schema\/logo\/image\/\"},\"sameAs\":[\"https:\/\/www.facebook.com\/ebookingcz\",\"https:\/\/x.com\/EBookingcz\",\"https:\/\/www.instagram.com\/ebooking.cz\/\"]}]}<\/script>\n<!-- \/ Yoast SEO Premium plugin. -->","yoast_head_json":{"title":"Alquiler de Coches Baratos | Tu Comparador - e-booking.cz","description":"Busca y Compara Hoy Los Proveedores Lideres de Alquiler de Coche. Precios Imbatibles. Hablamos Tu Idioma. Sin costes ocultos. Cambios Gratis Reservas.","robots":{"index":"index","follow":"follow","max-snippet":"max-snippet:-1","max-image-preview":"max-image-preview:large","max-video-preview":"max-video-preview:-1"},"canonical":"https:\/\/e-booking.cz\/es\/coches\/","twitter_card":"summary_large_image","twitter_title":"Alquiler de Coches Baratos | Tu Comparador - e-booking.cz","twitter_description":"Busca y Compara Hoy Los Proveedores Lideres de Alquiler de Coche. Precios Imbatibles. Hablamos Tu Idioma. Sin costes ocultos. Cambios Gratis Reservas.","twitter_image":"https:\/\/e-booking.cz\/wp-content\/uploads\/2019\/08\/The-Best-Cars-At-The-2014-Concorso-Italiano-In-Pebble-Beach-Supercompressor_com.jpeg","twitter_site":"@EBookingcz","twitter_misc":{"Tiempo de lectura":"3 minutos"},"schema":{"@context":"https:\/\/schema.org","@graph":[{"@type":"WebPage","@id":"https:\/\/e-booking.cz\/es\/coches\/","url":"https:\/\/e-booking.cz\/es\/coches\/","name":"Alquiler de Coches Baratos | Tu Comparador - e-booking.cz","isPartOf":{"@id":"https:\/\/e-booking.cz\/#website"},"primaryImageOfPage":{"@id":"https:\/\/e-booking.cz\/es\/coches\/#primaryimage"},"image":{"@id":"https:\/\/e-booking.cz\/es\/coches\/#primaryimage"},"thumbnailUrl":"https:\/\/e-booking.cz\/wp-content\/uploads\/2019\/08\/The-Best-Cars-At-The-2014-Concorso-Italiano-In-Pebble-Beach-Supercompressor_com.jpeg","datePublished":"2020-01-28T21:39:49+00:00","dateModified":"2020-02-02T13:27:34+00:00","description":"Busca y Compara Hoy Los Proveedores Lideres de Alquiler de Coche. Precios Imbatibles. Hablamos Tu Idioma. Sin costes ocultos. Cambios Gratis Reservas.","breadcrumb":{"@id":"https:\/\/e-booking.cz\/es\/coches\/#breadcrumb"},"inLanguage":"es","potentialAction":[{"@type":"ReadAction","target":["https:\/\/e-booking.cz\/es\/coches\/"]}]},{"@type":"ImageObject","inLanguage":"es","@id":"https:\/\/e-booking.cz\/es\/coches\/#primaryimage","url":"https:\/\/e-booking.cz\/wp-content\/uploads\/2019\/08\/The-Best-Cars-At-The-2014-Concorso-Italiano-In-Pebble-Beach-Supercompressor_com.jpeg","contentUrl":"https:\/\/e-booking.cz\/wp-content\/uploads\/2019\/08\/The-Best-Cars-At-The-2014-Concorso-Italiano-In-Pebble-Beach-Supercompressor_com.jpeg","width":1023,"height":694,"caption":"Luxusn\u00ed v\u016fz"},{"@type":"BreadcrumbList","@id":"https:\/\/e-booking.cz\/es\/coches\/#breadcrumb","itemListElement":[{"@type":"ListItem","position":1,"name":"Dom\u016f","item":"https:\/\/e-booking.cz\/es\/"},{"@type":"ListItem","position":2,"name":"Coches"}]},{"@type":"WebSite","@id":"https:\/\/e-booking.cz\/#website","url":"https:\/\/e-booking.cz\/","name":"e-booking.cz","description":"","publisher":{"@id":"https:\/\/e-booking.cz\/#organization"},"potentialAction":[{"@type":"SearchAction","target":{"@type":"EntryPoint","urlTemplate":"https:\/\/e-booking.cz\/?s={search_term_string}"},"query-input":{"@type":"PropertyValueSpecification","valueRequired":true,"valueName":"search_term_string"}}],"inLanguage":"es"},{"@type":"Organization","@id":"https:\/\/e-booking.cz\/#organization","name":"e-booking.cz","url":"https:\/\/e-booking.cz\/","logo":{"@type":"ImageObject","inLanguage":"es","@id":"https:\/\/e-booking.cz\/#\/schema\/logo\/image\/","url":"https:\/\/e-booking.cz\/wp-content\/uploads\/2019\/08\/logo-ebooking-e1565277525708.png","contentUrl":"https:\/\/e-booking.cz\/wp-content\/uploads\/2019\/08\/logo-ebooking-e1565277525708.png","width":130,"height":24,"caption":"e-booking.cz"},"image":{"@id":"https:\/\/e-booking.cz\/#\/schema\/logo\/image\/"},"sameAs":["https:\/\/www.facebook.com\/ebookingcz","https:\/\/x.com\/EBookingcz","https:\/\/www.instagram.com\/ebooking.cz\/"]}]}},"_links":{"self":[{"href":"https:\/\/e-booking.cz\/es\/wp-json\/wp\/v2\/pages\/22946","targetHints":{"allow":["GET"]}}],"collection":[{"href":"https:\/\/e-booking.cz\/es\/wp-json\/wp\/v2\/pages"}],"about":[{"href":"https:\/\/e-booking.cz\/es\/wp-json\/wp\/v2\/types\/page"}],"author":[{"embeddable":true,"href":"https:\/\/e-booking.cz\/es\/wp-json\/wp\/v2\/users\/3"}],"replies":[{"embeddable":true,"href":"https:\/\/e-booking.cz\/es\/wp-json\/wp\/v2\/comments?post=22946"}],"version-history":[{"count":3,"href":"https:\/\/e-booking.cz\/es\/wp-json\/wp\/v2\/pages\/22946\/revisions"}],"predecessor-version":[{"id":23240,"href":"https:\/\/e-booking.cz\/es\/wp-json\/wp\/v2\/pages\/22946\/revisions\/23240"}],"wp:featuredmedia":[{"embeddable":true,"href":"https:\/\/e-booking.cz\/es\/wp-json\/wp\/v2\/media\/8599"}],"wp:attachment":[{"href":"https:\/\/e-booking.cz\/es\/wp-json\/wp\/v2\/media?parent=22946"}],"curies":[{"name":"wp","href":"https:\/\/api.w.org\/{rel}","templated":true}]}}