{"id":16052,"date":"2019-10-22T18:23:56","date_gmt":"2019-10-22T16:23:56","guid":{"rendered":"https:\/\/e-booking.cz\/?page_id=16052"},"modified":"2020-02-19T23:53:14","modified_gmt":"2020-02-19T22:53:14","slug":"povinne-ruceni","status":"publish","type":"page","link":"https:\/\/e-booking.cz\/es\/povinne-ruceni\/","title":{"rendered":"Povinn\u00e9 ru\u010den\u00ed"},"content":{"rendered":"<div class=\"wpb-content-wrapper\"><p>[vc_row][vc_column][vc_column_text]<\/p>\n<h1 class=\"h1--sub\">Povinn\u00e9 ru\u010den\u00ed snadno, rychle a levn\u011b<\/h1>\n<p>[\/vc_column_text][\/vc_column][\/vc_row][vc_row][vc_column][vc_raw_html]JTNDaWZyYW1lJTIwc3JjJTNEJTIyaHR0cHMlM0ElMkYlMkZlc3BvbHVwcmFjZWN6LmdvMmNsb3VkLm9yZyUyRmFmZl9jJTNGb2ZmZXJfaWQlM0QyJTI2YWZmX2lkJTNEMjI2NjMlMjZmaWxlX2lkJTNENDAxNDYlMjZ1cmxfaWQlM0QxNDAxJTI2dXRtX3Rlcm0lM0QxNDAxJTIyJTIwd2lkdGglM0QlMjI3MDAlMjIlMjBoZWlnaHQlM0QlMjIzMDAwJTIyJTIwZnJhbWVib3JkZXIlM0QlMjIwJTIyJTIwc2Nyb2xsaW5nJTNEJTIyeWVzJTIyJTNFJTNDJTJGaWZyYW1lJTNFJTNDaW1nJTIwc3JjJTNEJTIyaHR0cHMlM0ElMkYlMkZlc3BvbHVwcmFjZWN6LmdvMmNsb3VkLm9yZyUyRmFmZl9pJTNGb2ZmZXJfaWQlM0QyJTI2ZmlsZV9pZCUzRDQwMTQ2JTI2YWZmX2lkJTNEMjI2NjMlMjIlMjB3aWR0aCUzRCUyMjAlMjIlMjBoZWlnaHQlM0QlMjIwJTIyJTIwc3R5bGUlM0QlMjJwb3NpdGlvbiUzQWFic29sdXRlJTNCdmlzaWJpbGl0eSUzQWhpZGRlbiUzQiUyMiUyMGJvcmRlciUzRCUyMjAlMjIlMjAlMkYlM0U=[\/vc_raw_html][\/vc_column][\/vc_row]<\/p>\n<\/div>","protected":false},"excerpt":{"rendered":"<p>[vc_row][vc_column][vc_column_text] Povinn\u00e9 ru\u010den\u00ed snadno, rychle a levn\u011b [\/vc_column_text][\/vc_column][\/vc_row][vc_row][vc_column][vc_raw_html]JTNDaWZyYW1lJTIwc3JjJTNEJTIyaHR0cHMlM0ElMkYlMkZlc3BvbHVwcmFjZWN6LmdvMmNsb3VkLm9yZyUyRmFmZl9jJTNGb2ZmZXJfaWQlM0QyJTI2YWZmX2lkJTNEMjI2NjMlMjZmaWxlX2lkJTNENDAxNDYlMjZ1cmxfaWQlM0QxNDAxJTI2dXRtX3Rlcm0lM0QxNDAxJTIyJTIwd2lkdGglM0QlMjI3MDAlMjIlMjBoZWlnaHQlM0QlMjIzMDAwJTIyJTIwZnJhbWVib3JkZXIlM0QlMjIwJTIyJTIwc2Nyb2xsaW5nJTNEJTIyeWVzJTIyJTNFJTNDJTJGaWZyYW1lJTNFJTNDaW1nJTIwc3JjJTNEJTIyaHR0cHMlM0ElMkYlMkZlc3BvbHVwcmFjZWN6LmdvMmNsb3VkLm9yZyUyRmFmZl9pJTNGb2ZmZXJfaWQlM0QyJTI2ZmlsZV9pZCUzRDQwMTQ2JTI2YWZmX2lkJTNEMjI2NjMlMjIlMjB3aWR0aCUzRCUyMjAlMjIlMjBoZWlnaHQlM0QlMjIwJTIyJTIwc3R5bGUlM0QlMjJwb3NpdGlvbiUzQWFic29sdXRlJTNCdmlzaWJpbGl0eSUzQWhpZGRlbiUzQiUyMiUyMGJvcmRlciUzRCUyMjAlMjIlMjAlMkYlM0U=[\/vc_raw_html][\/vc_column][\/vc_row]<\/p>\n","protected":false},"author":3,"featured_media":16053,"parent":0,"menu_order":0,"comment_status":"closed","ping_status":"closed","template":"template-home-modern.php","meta":{"footnotes":""},"class_list":["post-16052","page","type-page","status-publish","has-post-thumbnail","hentry"],"yoast_head":"<!-- This site is optimized with the Yoast SEO Premium plugin v26.1 (Yoast SEO v27.2) - https:\/\/yoast.com\/product\/yoast-seo-premium-wordpress\/ -->\n<title>Povinn\u00e9 ru\u010den\u00ed - e-booking.cz pro radost a pocit bezpe\u010d\u00ed z cestov\u00e1n\u00ed<\/title>\n<meta name=\"description\" content=\"Online srovn\u00e1n\u00ed poji\u0161\u0165oven. Jednodu\u0161e a rychle do 2 minut. Zelen\u00e1 karta ihned na V\u00e1\u0161 email. \u00daspora a\u017e 70 %.\" \/>\n<meta name=\"robots\" content=\"index, follow, max-snippet:-1, max-image-preview:large, max-video-preview:-1\" \/>\n<link rel=\"canonical\" href=\"https:\/\/e-booking.cz\/povinne-ruceni\/\" \/>\n<meta name=\"twitter:card\" content=\"summary_large_image\" \/>\n<meta name=\"twitter:title\" content=\"Povinn\u00e9 ru\u010den\u00ed - e-booking.cz pro radost a pocit bezpe\u010d\u00ed z cestov\u00e1n\u00ed\" \/>\n<meta name=\"twitter:description\" content=\"Online srovn\u00e1n\u00ed poji\u0161\u0165oven. Jednodu\u0161e a rychle do 2 minut. Zelen\u00e1 karta ihned na V\u00e1\u0161 email. \u00daspora a\u017e 70 %.\" \/>\n<meta name=\"twitter:image\" content=\"https:\/\/e-booking.cz\/wp-content\/uploads\/2019\/10\/jesse-collins-lrmo2hlFYE4-unsplash.jpg\" \/>\n<meta name=\"twitter:site\" content=\"@EBookingcz\" \/>\n<script type=\"application\/ld+json\" class=\"yoast-schema-graph\">{\"@context\":\"https:\/\/schema.org\",\"@graph\":[{\"@type\":\"WebPage\",\"@id\":\"https:\/\/e-booking.cz\/povinne-ruceni\/\",\"url\":\"https:\/\/e-booking.cz\/povinne-ruceni\/\",\"name\":\"Povinn\u00e9 ru\u010den\u00ed - e-booking.cz pro radost a pocit bezpe\u010d\u00ed z cestov\u00e1n\u00ed\",\"isPartOf\":{\"@id\":\"https:\/\/e-booking.cz\/#website\"},\"primaryImageOfPage\":{\"@id\":\"https:\/\/e-booking.cz\/povinne-ruceni\/#primaryimage\"},\"image\":{\"@id\":\"https:\/\/e-booking.cz\/povinne-ruceni\/#primaryimage\"},\"thumbnailUrl\":\"https:\/\/e-booking.cz\/wp-content\/uploads\/2019\/10\/jesse-collins-lrmo2hlFYE4-unsplash.jpg\",\"datePublished\":\"2019-10-22T16:23:56+00:00\",\"dateModified\":\"2020-02-19T22:53:14+00:00\",\"description\":\"Online srovn\u00e1n\u00ed poji\u0161\u0165oven. Jednodu\u0161e a rychle do 2 minut. Zelen\u00e1 karta ihned na V\u00e1\u0161 email. \u00daspora a\u017e 70 %.\",\"breadcrumb\":{\"@id\":\"https:\/\/e-booking.cz\/povinne-ruceni\/#breadcrumb\"},\"inLanguage\":\"es\",\"potentialAction\":[{\"@type\":\"ReadAction\",\"target\":[\"https:\/\/e-booking.cz\/povinne-ruceni\/\"]}]},{\"@type\":\"ImageObject\",\"inLanguage\":\"es\",\"@id\":\"https:\/\/e-booking.cz\/povinne-ruceni\/#primaryimage\",\"url\":\"https:\/\/e-booking.cz\/wp-content\/uploads\/2019\/10\/jesse-collins-lrmo2hlFYE4-unsplash.jpg\",\"contentUrl\":\"https:\/\/e-booking.cz\/wp-content\/uploads\/2019\/10\/jesse-collins-lrmo2hlFYE4-unsplash.jpg\",\"width\":6000,\"height\":4000},{\"@type\":\"BreadcrumbList\",\"@id\":\"https:\/\/e-booking.cz\/povinne-ruceni\/#breadcrumb\",\"itemListElement\":[{\"@type\":\"ListItem\",\"position\":1,\"name\":\"Dom\u016f\",\"item\":\"https:\/\/e-booking.cz\/es\/\"},{\"@type\":\"ListItem\",\"position\":2,\"name\":\"Povinn\u00e9 ru\u010den\u00ed\"}]},{\"@type\":\"WebSite\",\"@id\":\"https:\/\/e-booking.cz\/#website\",\"url\":\"https:\/\/e-booking.cz\/\",\"name\":\"e-booking.cz\",\"description\":\"\",\"publisher\":{\"@id\":\"https:\/\/e-booking.cz\/#organization\"},\"potentialAction\":[{\"@type\":\"SearchAction\",\"target\":{\"@type\":\"EntryPoint\",\"urlTemplate\":\"https:\/\/e-booking.cz\/?s={search_term_string}\"},\"query-input\":{\"@type\":\"PropertyValueSpecification\",\"valueRequired\":true,\"valueName\":\"search_term_string\"}}],\"inLanguage\":\"es\"},{\"@type\":\"Organization\",\"@id\":\"https:\/\/e-booking.cz\/#organization\",\"name\":\"e-booking.cz\",\"url\":\"https:\/\/e-booking.cz\/\",\"logo\":{\"@type\":\"ImageObject\",\"inLanguage\":\"es\",\"@id\":\"https:\/\/e-booking.cz\/#\/schema\/logo\/image\/\",\"url\":\"https:\/\/e-booking.cz\/wp-content\/uploads\/2019\/08\/logo-ebooking-e1565277525708.png\",\"contentUrl\":\"https:\/\/e-booking.cz\/wp-content\/uploads\/2019\/08\/logo-ebooking-e1565277525708.png\",\"width\":130,\"height\":24,\"caption\":\"e-booking.cz\"},\"image\":{\"@id\":\"https:\/\/e-booking.cz\/#\/schema\/logo\/image\/\"},\"sameAs\":[\"https:\/\/www.facebook.com\/ebookingcz\",\"https:\/\/x.com\/EBookingcz\",\"https:\/\/www.instagram.com\/ebooking.cz\/\"]}]}<\/script>\n<!-- \/ Yoast SEO Premium plugin. -->","yoast_head_json":{"title":"Povinn\u00e9 ru\u010den\u00ed - e-booking.cz pro radost a pocit bezpe\u010d\u00ed z cestov\u00e1n\u00ed","description":"Online srovn\u00e1n\u00ed poji\u0161\u0165oven. Jednodu\u0161e a rychle do 2 minut. Zelen\u00e1 karta ihned na V\u00e1\u0161 email. \u00daspora a\u017e 70 %.","robots":{"index":"index","follow":"follow","max-snippet":"max-snippet:-1","max-image-preview":"max-image-preview:large","max-video-preview":"max-video-preview:-1"},"canonical":"https:\/\/e-booking.cz\/povinne-ruceni\/","twitter_card":"summary_large_image","twitter_title":"Povinn\u00e9 ru\u010den\u00ed - e-booking.cz pro radost a pocit bezpe\u010d\u00ed z cestov\u00e1n\u00ed","twitter_description":"Online srovn\u00e1n\u00ed poji\u0161\u0165oven. Jednodu\u0161e a rychle do 2 minut. Zelen\u00e1 karta ihned na V\u00e1\u0161 email. \u00daspora a\u017e 70 %.","twitter_image":"https:\/\/e-booking.cz\/wp-content\/uploads\/2019\/10\/jesse-collins-lrmo2hlFYE4-unsplash.jpg","twitter_site":"@EBookingcz","schema":{"@context":"https:\/\/schema.org","@graph":[{"@type":"WebPage","@id":"https:\/\/e-booking.cz\/povinne-ruceni\/","url":"https:\/\/e-booking.cz\/povinne-ruceni\/","name":"Povinn\u00e9 ru\u010den\u00ed - e-booking.cz pro radost a pocit bezpe\u010d\u00ed z cestov\u00e1n\u00ed","isPartOf":{"@id":"https:\/\/e-booking.cz\/#website"},"primaryImageOfPage":{"@id":"https:\/\/e-booking.cz\/povinne-ruceni\/#primaryimage"},"image":{"@id":"https:\/\/e-booking.cz\/povinne-ruceni\/#primaryimage"},"thumbnailUrl":"https:\/\/e-booking.cz\/wp-content\/uploads\/2019\/10\/jesse-collins-lrmo2hlFYE4-unsplash.jpg","datePublished":"2019-10-22T16:23:56+00:00","dateModified":"2020-02-19T22:53:14+00:00","description":"Online srovn\u00e1n\u00ed poji\u0161\u0165oven. Jednodu\u0161e a rychle do 2 minut. Zelen\u00e1 karta ihned na V\u00e1\u0161 email. \u00daspora a\u017e 70 %.","breadcrumb":{"@id":"https:\/\/e-booking.cz\/povinne-ruceni\/#breadcrumb"},"inLanguage":"es","potentialAction":[{"@type":"ReadAction","target":["https:\/\/e-booking.cz\/povinne-ruceni\/"]}]},{"@type":"ImageObject","inLanguage":"es","@id":"https:\/\/e-booking.cz\/povinne-ruceni\/#primaryimage","url":"https:\/\/e-booking.cz\/wp-content\/uploads\/2019\/10\/jesse-collins-lrmo2hlFYE4-unsplash.jpg","contentUrl":"https:\/\/e-booking.cz\/wp-content\/uploads\/2019\/10\/jesse-collins-lrmo2hlFYE4-unsplash.jpg","width":6000,"height":4000},{"@type":"BreadcrumbList","@id":"https:\/\/e-booking.cz\/povinne-ruceni\/#breadcrumb","itemListElement":[{"@type":"ListItem","position":1,"name":"Dom\u016f","item":"https:\/\/e-booking.cz\/es\/"},{"@type":"ListItem","position":2,"name":"Povinn\u00e9 ru\u010den\u00ed"}]},{"@type":"WebSite","@id":"https:\/\/e-booking.cz\/#website","url":"https:\/\/e-booking.cz\/","name":"e-booking.cz","description":"","publisher":{"@id":"https:\/\/e-booking.cz\/#organization"},"potentialAction":[{"@type":"SearchAction","target":{"@type":"EntryPoint","urlTemplate":"https:\/\/e-booking.cz\/?s={search_term_string}"},"query-input":{"@type":"PropertyValueSpecification","valueRequired":true,"valueName":"search_term_string"}}],"inLanguage":"es"},{"@type":"Organization","@id":"https:\/\/e-booking.cz\/#organization","name":"e-booking.cz","url":"https:\/\/e-booking.cz\/","logo":{"@type":"ImageObject","inLanguage":"es","@id":"https:\/\/e-booking.cz\/#\/schema\/logo\/image\/","url":"https:\/\/e-booking.cz\/wp-content\/uploads\/2019\/08\/logo-ebooking-e1565277525708.png","contentUrl":"https:\/\/e-booking.cz\/wp-content\/uploads\/2019\/08\/logo-ebooking-e1565277525708.png","width":130,"height":24,"caption":"e-booking.cz"},"image":{"@id":"https:\/\/e-booking.cz\/#\/schema\/logo\/image\/"},"sameAs":["https:\/\/www.facebook.com\/ebookingcz","https:\/\/x.com\/EBookingcz","https:\/\/www.instagram.com\/ebooking.cz\/"]}]}},"_links":{"self":[{"href":"https:\/\/e-booking.cz\/es\/wp-json\/wp\/v2\/pages\/16052","targetHints":{"allow":["GET"]}}],"collection":[{"href":"https:\/\/e-booking.cz\/es\/wp-json\/wp\/v2\/pages"}],"about":[{"href":"https:\/\/e-booking.cz\/es\/wp-json\/wp\/v2\/types\/page"}],"author":[{"embeddable":true,"href":"https:\/\/e-booking.cz\/es\/wp-json\/wp\/v2\/users\/3"}],"replies":[{"embeddable":true,"href":"https:\/\/e-booking.cz\/es\/wp-json\/wp\/v2\/comments?post=16052"}],"version-history":[{"count":4,"href":"https:\/\/e-booking.cz\/es\/wp-json\/wp\/v2\/pages\/16052\/revisions"}],"predecessor-version":[{"id":24617,"href":"https:\/\/e-booking.cz\/es\/wp-json\/wp\/v2\/pages\/16052\/revisions\/24617"}],"wp:featuredmedia":[{"embeddable":true,"href":"https:\/\/e-booking.cz\/es\/wp-json\/wp\/v2\/media\/16053"}],"wp:attachment":[{"href":"https:\/\/e-booking.cz\/es\/wp-json\/wp\/v2\/media?parent=16052"}],"curies":[{"name":"wp","href":"https:\/\/api.w.org\/{rel}","templated":true}]}}