{"id":15489,"date":"2019-10-14T20:40:16","date_gmt":"2019-10-14T18:40:16","guid":{"rendered":"https:\/\/e-booking.cz\/?page_id=15489"},"modified":"2022-07-16T12:26:02","modified_gmt":"2022-07-16T10:26:02","slug":"contacto","status":"publish","type":"page","link":"https:\/\/e-booking.cz\/es\/contacto\/","title":{"rendered":"Contacto"},"content":{"rendered":"<div class=\"wpb-content-wrapper\"><p>[vc_row][vc_column][vc_column_text]<\/p>\n<h3>Contacte con nosotros<\/h3>\n<p>Cumplimente el siguiente formulario y en breve nos pondremos en contacto con usted.[\/vc_column_text][\/vc_column][\/vc_row][vc_row][vc_column][vc_column_text]<div class=\"frm_forms  with_frm_style frm_style_divi\" id=\"frm_form_8_container\" >\n<form enctype=\"multipart\/form-data\" method=\"post\" class=\"frm-show-form  frm_pro_form \" id=\"form_kontaktujte-nasb12157fb782\" >\n<div class=\"frm_form_fields \">\n<fieldset>\n<legend class=\"frm_screen_reader\">Kontaktujte n\u00e1s<\/legend>\r\n\r\n<div class=\"frm_fields_container\">\n<input type=\"hidden\" name=\"frm_action\" value=\"create\" \/>\n<input type=\"hidden\" name=\"form_id\" value=\"8\" \/>\n<input type=\"hidden\" name=\"frm_hide_fields_8\" id=\"frm_hide_fields_8\" value=\"\" \/>\n<input type=\"hidden\" name=\"form_key\" value=\"kontaktujte-nasb12157fb782\" \/>\n<input type=\"hidden\" name=\"item_meta[0]\" value=\"\" \/>\n<input type=\"hidden\" id=\"frm_submit_entry_8\" name=\"frm_submit_entry_8\" value=\"918571eb6d\" \/><input type=\"hidden\" name=\"_wp_http_referer\" value=\"\/es\/wp-json\/wp\/v2\/pages\/15489\" \/><div id=\"frm_field_89_container\" class=\"frm_form_field form-field  frm_top_container frm4 frm_first\">\r\n    <label for=\"field_iqn9a\" id=\"field_iqn9a_label\" class=\"frm_primary_label\">Nombre\r\n        <span class=\"frm_required\" aria-hidden=\"true\"><\/span>\r\n    <\/label>\r\n    <input  type=\"text\" id=\"field_iqn9a\" name=\"item_meta[89]\" value=\"\"  data-invmsg=\"Text is invalid\" aria-invalid=\"false\"   \/>\r\n    \r\n    \r\n<\/div>\n<div id=\"frm_field_83_container\" class=\"frm_form_field form-field  frm_required_field frm_top_container frm4\">\r\n    <label for=\"field_qh4icy3096087f542\" id=\"field_qh4icy3096087f542_label\" class=\"frm_primary_label\">Primer apellido\r\n        <span class=\"frm_required\">*<\/span>\r\n    <\/label>\r\n    <input  type=\"text\" id=\"field_qh4icy3096087f542\" name=\"item_meta[83]\" value=\"\"  data-reqmsg=\"Toto pole nem\u016f\u017ee b\u00fdt pr\u00e1zdn\u00e9.\" aria-required=\"true\" data-invmsg=\"Name is invalid\" aria-invalid=\"false\"   \/>\r\n    \r\n    \r\n<\/div>\n<div id=\"frm_field_88_container\" class=\"frm_form_field form-field  frm_top_container frm4\">\r\n    <label for=\"field_6xdvh\" id=\"field_6xdvh_label\" class=\"frm_primary_label\">Segundo apellido\r\n        <span class=\"frm_required\" aria-hidden=\"true\"><\/span>\r\n    <\/label>\r\n    <input  type=\"text\" id=\"field_6xdvh\" name=\"item_meta[88]\" value=\"\"  data-invmsg=\"Text is invalid\" aria-invalid=\"false\"   \/>\r\n    \r\n    \r\n<\/div>\n<div id=\"frm_field_84_container\" class=\"frm_form_field form-field  frm_required_field frm_top_container frm_half frm_first\">\r\n    <label for=\"field_29yf4dba68affd2c2\" id=\"field_29yf4dba68affd2c2_label\" class=\"frm_primary_label\">Correo electr\u00f3nico\r\n        <span class=\"frm_required\">*<\/span>\r\n    <\/label>\r\n    <input type=\"email\" id=\"field_29yf4dba68affd2c2\" name=\"item_meta[84]\" value=\"\"  data-reqmsg=\"Toto pole nem\u016f\u017ee b\u00fdt pr\u00e1zdn\u00e9.\" aria-required=\"true\" data-invmsg=\"Please enter a valid email address\" aria-invalid=\"false\"  \/>\r\n    \r\n    \r\n<\/div>\n<div id=\"frm_field_85_container\" class=\"frm_form_field form-field  frm_top_container frm_half frm_alignright\">\r\n    <label for=\"field_sjn1rebaae3d0b3\" id=\"field_sjn1rebaae3d0b3_label\" class=\"frm_primary_label\">Tel\u00e9fono\r\n        <span class=\"frm_required\"><\/span>\r\n    <\/label>\r\n    <input type=\"tel\" id=\"field_sjn1rebaae3d0b3\" name=\"item_meta[85]\" value=\"\"  data-invmsg=\"Phone is invalid\" aria-invalid=\"false\" pattern=\"((\\+\\d{1,3}(-|.| )?\\(?\\d\\)?(-| |.)?\\d{1,5})|(\\(?\\d{2,6}\\)?))(-|.| )?(\\d{3,4})(-|.| )?(\\d{4})(( x| ext)\\d{1,5}){0,1}$\"  \/>\r\n    \r\n    \r\n<\/div>\n<div id=\"frm_field_86_container\" class=\"frm_form_field form-field  frm_required_field frm_top_container frm_full\">\r\n    <label for=\"field_9jv0r1035ae9d1962\" id=\"field_9jv0r1035ae9d1962_label\" class=\"frm_primary_label\">Mensaje\r\n        <span class=\"frm_required\">*<\/span>\r\n    <\/label>\r\n    <textarea name=\"item_meta[86]\" id=\"field_9jv0r1035ae9d1962\" rows=\"5\"  data-reqmsg=\"Toto pole nem\u016f\u017ee b\u00fdt pr\u00e1zdn\u00e9.\" aria-required=\"true\" data-invmsg=\"Mensaje no es v\u00e1lido\" aria-invalid=\"false\"  ><\/textarea>\r\n    \r\n    \r\n<\/div>\n<div id=\"frm_field_422_container\" class=\"frm_form_field form-field \">\n\t<div class=\"frm_submit\">\r\n\r\n<button class=\"frm_button_submit frm_final_submit\" type=\"submit\"   formnovalidate=\"formnovalidate\">ENVIAR<\/button>\r\n\r\n<\/div>\n<\/div>\n\t<input type=\"hidden\" name=\"item_key\" value=\"\" \/>\n\t\t\t<div id=\"frm_field_872_container\">\n\t\t\t<label for=\"field_fp0zm\" >\n\t\t\t\tSi eres humano, deja este campo en blanco.\t\t\t<\/label>\n\t\t\t<input  id=\"field_fp0zm\" type=\"text\" class=\"frm_form_field form-field frm_verify\" name=\"item_meta[872]\" value=\"\"  \/>\n\t\t<\/div>\n\t\t<input name=\"frm_state\" type=\"hidden\" value=\"DQV0vkK1dC9Gywqe1PfPNE3wjZPdfrHq9iYU\/\/7i8U48Cb2GNWoDQuLDeELHaC9Z\" \/><\/div>\n<\/fieldset>\n<\/div>\n\n<p style=\"display: none !important;\" class=\"akismet-fields-container\" data-prefix=\"ak_\"><label>&#916;<textarea name=\"ak_hp_textarea\" cols=\"45\" rows=\"8\" maxlength=\"100\"><\/textarea><\/label><input type=\"hidden\" id=\"ak_js_1\" name=\"ak_js\" value=\"186\"\/><script>document.getElementById( \"ak_js_1\" ).setAttribute( \"value\", ( new Date() ).getTime() );<\/script><\/p><\/form>\n<\/div>\n[\/vc_column_text][vc_empty_space height=\u00bb172px\u00bb][\/vc_column][\/vc_row]<\/p>\n<\/div>","protected":false},"excerpt":{"rendered":"<p>[vc_row][vc_column][vc_column_text] Contacte con nosotros Cumplimente el siguiente formulario y en breve nos pondremos en contacto con usted.[\/vc_column_text][\/vc_column][\/vc_row][vc_row][vc_column][vc_column_text][\/vc_column_text][vc_empty_space height=\u00bb172px\u00bb][\/vc_column][\/vc_row]<\/p>\n","protected":false},"author":3,"featured_media":8504,"parent":0,"menu_order":0,"comment_status":"closed","ping_status":"closed","template":"template-home-modern.php","meta":{"footnotes":""},"class_list":["post-15489","page","type-page","status-publish","has-post-thumbnail","hentry"],"yoast_head":"<!-- This site is optimized with the Yoast SEO Premium plugin v26.1 (Yoast SEO v27.2) - https:\/\/yoast.com\/product\/yoast-seo-premium-wordpress\/ -->\n<title>Contacta con nosotros! Estamos aqu\u00ed para ayudarte - e-booking.cz<\/title>\n<meta name=\"description\" content=\"Contacta con nosotros. Si tienes algua duda, comentario o sugerencia estaremos encantados de atenderle, para ello rellene el siguiente formulario.\" \/>\n<meta name=\"robots\" content=\"index, follow, max-snippet:-1, max-image-preview:large, max-video-preview:-1\" \/>\n<link rel=\"canonical\" href=\"https:\/\/e-booking.cz\/es\/contacto\/\" \/>\n<meta name=\"twitter:card\" content=\"summary_large_image\" \/>\n<meta name=\"twitter:title\" content=\"Contacta con nosotros! Estamos aqu\u00ed para ayudarte - e-booking.cz\" \/>\n<meta name=\"twitter:description\" content=\"Contacta con nosotros. Si tienes algua duda, comentario o sugerencia estaremos encantados de atenderle, para ello rellene el siguiente formulario.\" \/>\n<meta name=\"twitter:image\" content=\"https:\/\/e-booking.cz\/wp-content\/uploads\/2019\/08\/pracovn\u00ed-st\u016fl-blg.jpg\" \/>\n<meta name=\"twitter:site\" content=\"@EBookingcz\" \/>\n<script type=\"application\/ld+json\" class=\"yoast-schema-graph\">{\"@context\":\"https:\/\/schema.org\",\"@graph\":[{\"@type\":\"WebPage\",\"@id\":\"https:\/\/e-booking.cz\/es\/contacto\/\",\"url\":\"https:\/\/e-booking.cz\/es\/contacto\/\",\"name\":\"Contacta con nosotros! Estamos aqu\u00ed para ayudarte - e-booking.cz\",\"isPartOf\":{\"@id\":\"https:\/\/e-booking.cz\/#website\"},\"primaryImageOfPage\":{\"@id\":\"https:\/\/e-booking.cz\/es\/contacto\/#primaryimage\"},\"image\":{\"@id\":\"https:\/\/e-booking.cz\/es\/contacto\/#primaryimage\"},\"thumbnailUrl\":\"https:\/\/e-booking.cz\/wp-content\/uploads\/2019\/08\/pracovn\u00ed-st\u016fl-blg.jpg\",\"datePublished\":\"2019-10-14T18:40:16+00:00\",\"dateModified\":\"2022-07-16T10:26:02+00:00\",\"description\":\"Contacta con nosotros. Si tienes algua duda, comentario o sugerencia estaremos encantados de atenderle, para ello rellene el siguiente formulario.\",\"breadcrumb\":{\"@id\":\"https:\/\/e-booking.cz\/es\/contacto\/#breadcrumb\"},\"inLanguage\":\"es\",\"potentialAction\":[{\"@type\":\"ReadAction\",\"target\":[\"https:\/\/e-booking.cz\/es\/contacto\/\"]}]},{\"@type\":\"ImageObject\",\"inLanguage\":\"es\",\"@id\":\"https:\/\/e-booking.cz\/es\/contacto\/#primaryimage\",\"url\":\"https:\/\/e-booking.cz\/wp-content\/uploads\/2019\/08\/pracovn\u00ed-st\u016fl-blg.jpg\",\"contentUrl\":\"https:\/\/e-booking.cz\/wp-content\/uploads\/2019\/08\/pracovn\u00ed-st\u016fl-blg.jpg\",\"width\":4000,\"height\":2450,\"caption\":\"Pracovn\u00ed st\u016fl blg\"},{\"@type\":\"BreadcrumbList\",\"@id\":\"https:\/\/e-booking.cz\/es\/contacto\/#breadcrumb\",\"itemListElement\":[{\"@type\":\"ListItem\",\"position\":1,\"name\":\"Dom\u016f\",\"item\":\"https:\/\/e-booking.cz\/es\/\"},{\"@type\":\"ListItem\",\"position\":2,\"name\":\"Contacto\"}]},{\"@type\":\"WebSite\",\"@id\":\"https:\/\/e-booking.cz\/#website\",\"url\":\"https:\/\/e-booking.cz\/\",\"name\":\"e-booking.cz\",\"description\":\"\",\"publisher\":{\"@id\":\"https:\/\/e-booking.cz\/#organization\"},\"potentialAction\":[{\"@type\":\"SearchAction\",\"target\":{\"@type\":\"EntryPoint\",\"urlTemplate\":\"https:\/\/e-booking.cz\/?s={search_term_string}\"},\"query-input\":{\"@type\":\"PropertyValueSpecification\",\"valueRequired\":true,\"valueName\":\"search_term_string\"}}],\"inLanguage\":\"es\"},{\"@type\":\"Organization\",\"@id\":\"https:\/\/e-booking.cz\/#organization\",\"name\":\"e-booking.cz\",\"url\":\"https:\/\/e-booking.cz\/\",\"logo\":{\"@type\":\"ImageObject\",\"inLanguage\":\"es\",\"@id\":\"https:\/\/e-booking.cz\/#\/schema\/logo\/image\/\",\"url\":\"https:\/\/e-booking.cz\/wp-content\/uploads\/2019\/08\/logo-ebooking-e1565277525708.png\",\"contentUrl\":\"https:\/\/e-booking.cz\/wp-content\/uploads\/2019\/08\/logo-ebooking-e1565277525708.png\",\"width\":130,\"height\":24,\"caption\":\"e-booking.cz\"},\"image\":{\"@id\":\"https:\/\/e-booking.cz\/#\/schema\/logo\/image\/\"},\"sameAs\":[\"https:\/\/www.facebook.com\/ebookingcz\",\"https:\/\/x.com\/EBookingcz\",\"https:\/\/www.instagram.com\/ebooking.cz\/\"]}]}<\/script>\n<!-- \/ Yoast SEO Premium plugin. -->","yoast_head_json":{"title":"Contacta con nosotros! Estamos aqu\u00ed para ayudarte - e-booking.cz","description":"Contacta con nosotros. Si tienes algua duda, comentario o sugerencia estaremos encantados de atenderle, para ello rellene el siguiente formulario.","robots":{"index":"index","follow":"follow","max-snippet":"max-snippet:-1","max-image-preview":"max-image-preview:large","max-video-preview":"max-video-preview:-1"},"canonical":"https:\/\/e-booking.cz\/es\/contacto\/","twitter_card":"summary_large_image","twitter_title":"Contacta con nosotros! Estamos aqu\u00ed para ayudarte - e-booking.cz","twitter_description":"Contacta con nosotros. Si tienes algua duda, comentario o sugerencia estaremos encantados de atenderle, para ello rellene el siguiente formulario.","twitter_image":"https:\/\/e-booking.cz\/wp-content\/uploads\/2019\/08\/pracovn\u00ed-st\u016fl-blg.jpg","twitter_site":"@EBookingcz","schema":{"@context":"https:\/\/schema.org","@graph":[{"@type":"WebPage","@id":"https:\/\/e-booking.cz\/es\/contacto\/","url":"https:\/\/e-booking.cz\/es\/contacto\/","name":"Contacta con nosotros! Estamos aqu\u00ed para ayudarte - e-booking.cz","isPartOf":{"@id":"https:\/\/e-booking.cz\/#website"},"primaryImageOfPage":{"@id":"https:\/\/e-booking.cz\/es\/contacto\/#primaryimage"},"image":{"@id":"https:\/\/e-booking.cz\/es\/contacto\/#primaryimage"},"thumbnailUrl":"https:\/\/e-booking.cz\/wp-content\/uploads\/2019\/08\/pracovn\u00ed-st\u016fl-blg.jpg","datePublished":"2019-10-14T18:40:16+00:00","dateModified":"2022-07-16T10:26:02+00:00","description":"Contacta con nosotros. Si tienes algua duda, comentario o sugerencia estaremos encantados de atenderle, para ello rellene el siguiente formulario.","breadcrumb":{"@id":"https:\/\/e-booking.cz\/es\/contacto\/#breadcrumb"},"inLanguage":"es","potentialAction":[{"@type":"ReadAction","target":["https:\/\/e-booking.cz\/es\/contacto\/"]}]},{"@type":"ImageObject","inLanguage":"es","@id":"https:\/\/e-booking.cz\/es\/contacto\/#primaryimage","url":"https:\/\/e-booking.cz\/wp-content\/uploads\/2019\/08\/pracovn\u00ed-st\u016fl-blg.jpg","contentUrl":"https:\/\/e-booking.cz\/wp-content\/uploads\/2019\/08\/pracovn\u00ed-st\u016fl-blg.jpg","width":4000,"height":2450,"caption":"Pracovn\u00ed st\u016fl blg"},{"@type":"BreadcrumbList","@id":"https:\/\/e-booking.cz\/es\/contacto\/#breadcrumb","itemListElement":[{"@type":"ListItem","position":1,"name":"Dom\u016f","item":"https:\/\/e-booking.cz\/es\/"},{"@type":"ListItem","position":2,"name":"Contacto"}]},{"@type":"WebSite","@id":"https:\/\/e-booking.cz\/#website","url":"https:\/\/e-booking.cz\/","name":"e-booking.cz","description":"","publisher":{"@id":"https:\/\/e-booking.cz\/#organization"},"potentialAction":[{"@type":"SearchAction","target":{"@type":"EntryPoint","urlTemplate":"https:\/\/e-booking.cz\/?s={search_term_string}"},"query-input":{"@type":"PropertyValueSpecification","valueRequired":true,"valueName":"search_term_string"}}],"inLanguage":"es"},{"@type":"Organization","@id":"https:\/\/e-booking.cz\/#organization","name":"e-booking.cz","url":"https:\/\/e-booking.cz\/","logo":{"@type":"ImageObject","inLanguage":"es","@id":"https:\/\/e-booking.cz\/#\/schema\/logo\/image\/","url":"https:\/\/e-booking.cz\/wp-content\/uploads\/2019\/08\/logo-ebooking-e1565277525708.png","contentUrl":"https:\/\/e-booking.cz\/wp-content\/uploads\/2019\/08\/logo-ebooking-e1565277525708.png","width":130,"height":24,"caption":"e-booking.cz"},"image":{"@id":"https:\/\/e-booking.cz\/#\/schema\/logo\/image\/"},"sameAs":["https:\/\/www.facebook.com\/ebookingcz","https:\/\/x.com\/EBookingcz","https:\/\/www.instagram.com\/ebooking.cz\/"]}]}},"_links":{"self":[{"href":"https:\/\/e-booking.cz\/es\/wp-json\/wp\/v2\/pages\/15489","targetHints":{"allow":["GET"]}}],"collection":[{"href":"https:\/\/e-booking.cz\/es\/wp-json\/wp\/v2\/pages"}],"about":[{"href":"https:\/\/e-booking.cz\/es\/wp-json\/wp\/v2\/types\/page"}],"author":[{"embeddable":true,"href":"https:\/\/e-booking.cz\/es\/wp-json\/wp\/v2\/users\/3"}],"replies":[{"embeddable":true,"href":"https:\/\/e-booking.cz\/es\/wp-json\/wp\/v2\/comments?post=15489"}],"version-history":[{"count":8,"href":"https:\/\/e-booking.cz\/es\/wp-json\/wp\/v2\/pages\/15489\/revisions"}],"predecessor-version":[{"id":46461,"href":"https:\/\/e-booking.cz\/es\/wp-json\/wp\/v2\/pages\/15489\/revisions\/46461"}],"wp:featuredmedia":[{"embeddable":true,"href":"https:\/\/e-booking.cz\/es\/wp-json\/wp\/v2\/media\/8504"}],"wp:attachment":[{"href":"https:\/\/e-booking.cz\/es\/wp-json\/wp\/v2\/media?parent=15489"}],"curies":[{"name":"wp","href":"https:\/\/api.w.org\/{rel}","templated":true}]}}