{"id":15458,"date":"2019-10-14T14:18:23","date_gmt":"2019-10-14T12:18:23","guid":{"rendered":"https:\/\/e-booking.cz\/?page_id=15458"},"modified":"2022-03-19T18:53:26","modified_gmt":"2022-03-19T17:53:26","slug":"vuelos","status":"publish","type":"page","link":"https:\/\/e-booking.cz\/es\/vuelos\/","title":{"rendered":"Vuelos"},"content":{"rendered":"<div class=\"wpb-content-wrapper\"><p>[vc_row][vc_column][vc_column_text]<\/p>\n<h1 class=\"rich-text editor-rich-text__editable block-editor-rich-text__editable has-text-align-center is-selected\" role=\"textbox\" contenteditable=\"true\" aria-multiline=\"true\" aria-label=\"Write heading\u2026\">Busca los vuelos m\u00e1s baratos entre m\u00e1s de mil aerol\u00edneas<\/h1>\n<p>[\/vc_column_text][\/vc_column][\/vc_row][vc_row][vc_column][vc_empty_space][\/vc_column][\/vc_row][vc_row][vc_column][vc_raw_html]JTNDc2NyaXB0JTIwY2hhcnNldCUzRCUyMnV0Zi04JTIyJTIwdHlwZSUzRCUyMnRleHQlMkZqYXZhc2NyaXB0JTIyJTNFJTBBJTIwJTIwJTIwJTIwd2luZG93LlRQX0ZPUk1fU0VUVElOR1MlMjAlM0QlMjB3aW5kb3cuVFBfRk9STV9TRVRUSU5HUyUyMCU3QyU3QyUyMCU3QiU3RCUzQiUwQSUyMCUyMCUyMCUyMHdpbmRvdy5UUF9GT1JNX1NFVFRJTkdTJTVCJTIyYTA1ZjMyYmM5NGYxNjM1ZjcyNDYxNjkxNmJkMjRiM2MlMjIlNUQlMjAlM0QlMjAlN0IlMEElMDklMjJoYW5kbGUlMjIlM0ElMjAlMjJhMDVmMzJiYzk0ZjE2MzVmNzI0NjE2OTE2YmQyNGIzYyUyMiUyQyUwQSUwOSUyMndpZGdldF9uYW1lJTIyJTNBJTIwJTIyZS1ib29raW5nJTIwZXNwJTIyJTJDJTBBJTA5JTIyYm9yZGVyX3JhZGl1cyUyMiUzQSUyMCUyMjglMjIlMkMlMEElMDklMjJhZGRpdGlvbmFsX21hcmtlciUyMiUzQSUyMG51bGwlMkMlMEElMDklMjJ3aWR0aCUyMiUzQSUyMG51bGwlMkMlMEElMDklMjJzaG93X2xvZ28lMjIlM0ElMjBmYWxzZSUyQyUwQSUwOSUyMnNob3dfaG90ZWxzJTIyJTNBJTIwZmFsc2UlMkMlMEElMDklMjJmb3JtX3R5cGUlMjIlM0ElMjAlMjJhdmlhJTIyJTJDJTBBJTA5JTIybG9jYWxlJTIyJTNBJTIwJTIyZXMlMjIlMkMlMEElMDklMjJjdXJyZW5jeSUyMiUzQSUyMCUyMmV1ciUyMiUyQyUwQSUwOSUyMnNpemVzJTIyJTNBJTIwJTIyZGVmYXVsdCUyMiUyQyUwQSUwOSUyMnNlYXJjaF90YXJnZXQlMjIlM0ElMjAlMjJfYmxhbmslMjIlMkMlMEElMDklMjJhY3RpdmVfdGFiJTIyJTNBJTIwJTIyYXZpYSUyMiUyQyUwQSUwOSUyMnNlYXJjaF9ob3N0JTIyJTNBJTIwJTIyc2VhcmNoLmUtYm9va2luZy5jeiUyRmZsaWdodHMlMjIlMkMlMEElMDklMjJob3RlbHNfaG9zdCUyMiUzQSUyMCUyMnNlYXJjaC5ob3RlbGxvb2suY29tJTIyJTJDJTBBJTA5JTIyaG90ZWwlMjIlM0ElMjAlMjIlMjIlMkMlMEElMDklMjJob3RlbF9hbHQlMjIlM0ElMjAlMjIlMjIlMkMlMEElMDklMjJhdmlhX2FsdCUyMiUzQSUyMCUyMiUyMiUyQyUwQSUwOSUyMnJldGFyZ2V0aW5nJTIyJTNBJTIwdHJ1ZSUyQyUwQSUwOSUyMnRyaXBfY2xhc3MlMjIlM0ElMjAlMjJlY29ub215JTIyJTJDJTBBJTA5JTIyZGVwYXJ0X2RhdGUlMjIlM0ElMjBudWxsJTJDJTBBJTA5JTIycmV0dXJuX2RhdGUlMjIlM0ElMjBudWxsJTJDJTBBJTA5JTIyY2hlY2tfaW5fZGF0ZSUyMiUzQSUyMG51bGwlMkMlMEElMDklMjJjaGVja19vdXRfZGF0ZSUyMiUzQSUyMG51bGwlMkMlMEElMDklMjJub190cmFjayUyMiUzQSUyMGZhbHNlJTJDJTBBJTA5JTIycG93ZXJlZF9ieSUyMiUzQSUyMGZhbHNlJTJDJTBBJTA5JTIyaWQlMjIlM0ElMjAyMDk3OTklMkMlMEElMDklMjJtYXJrZXIlMjIlM0ElMjAyNDAwMTAlMkMlMEElMDklMjJvcmlnaW4lMjIlM0ElMjAlN0IlMEElMDklMDklMjJuYW1lJTIyJTNBJTIwJTIyJTIyJTBBJTA5JTdEJTJDJTBBJTA5JTIyZGVzdGluYXRpb24lMjIlM0ElMjAlN0IlMEElMDklMDklMjJuYW1lJTIyJTNBJTIwJTIyJTIyJTBBJTA5JTdEJTJDJTBBJTA5JTIyY29sb3Jfc2NoZW1lJTIyJTNBJTIwJTdCJTBBJTA5JTA5JTIybmFtZSUyMiUzQSUyMCUyMmN1c3RvbSUyMiUyQyUwQSUwOSUwOSUyMmljb25zJTIyJTNBJTIwJTIyaWNvbnNfYmx1ZSUyMiUyQyUwQSUwOSUwOSUyMmJhY2tncm91bmQlMjIlM0ElMjAlMjIlMjMxYTJiNDglMjIlMkMlMEElMDklMDklMjJjb2xvciUyMiUzQSUyMCUyMiUyM2ZmZmZmZiUyMiUyQyUwQSUwOSUwOSUyMmJvcmRlcl9jb2xvciUyMiUzQSUyMCUyMiUyM2MxYzFjMSUyMiUyQyUwQSUwOSUwOSUyMmJ1dHRvbiUyMiUzQSUyMCUyMiUyMzBjYTUzMiUyMiUyQyUwQSUwOSUwOSUyMmJ1dHRvbl90ZXh0X2NvbG9yJTIyJTNBJTIwJTIyJTIzZmZmZmZmJTIyJTJDJTBBJTA5JTA5JTIyaW5wdXRfYm9yZGVyJTIyJTNBJTIwJTIyJTIzZmZmZmZmJTIyJTBBJTA5JTdEJTJDJTBBJTA5JTIyaG90ZWxzX3R5cGUlMjIlM0ElMjAlMjJob3RlbGxvb2tfaG9zdCUyMiUyQyUwQSUwOSUyMmJlc3Rfb2ZmZXIlMjIlM0ElMjAlN0IlMEElMDklMDklMjJsb2NhbGUlMjIlM0ElMjAlMjJlcyUyMiUyQyUwQSUwOSUwOSUyMmN1cnJlbmN5JTIyJTNBJTIwJTIyZXVyJTIyJTJDJTBBJTA5JTA5JTIybWFya2VyJTIyJTNBJTIwMjQwMDEwJTJDJTBBJTA5JTA5JTIyc2VhcmNoX2hvc3QlMjIlM0ElMjAlMjJzZWFyY2guZS1ib29raW5nLmN6JTJGZmxpZ2h0cyUyMiUyQyUwQSUwOSUwOSUyMm9mZmVyc19zd2l0Y2glMjIlM0ElMjBmYWxzZSUyQyUwQSUwOSUwOSUyMmFwaV91cmwlMjIlM0ElMjAlMjIlMkYlMkZtaW5wcmljZXMtamV0cmFkYXIuYXZpYXNhbGVzLnJ1JTJGbWluaW1hbF9wcmljZXMlMkZvZmZlcnMuanNvbiUyMiUyQyUwQSUwOSUwOSUyMnJvdXRlcyUyMiUzQSUyMCU1QiU1RCUwQSUwOSU3RCUyQyUwQSUwOSUyMmhvdGVsX2xvZ29faG9zdCUyMiUzQSUyMG51bGwlMkMlMEElMDklMjJzZWFyY2hfbG9nb19ob3N0JTIyJTNBJTIwJTIyamV0cmFkYXIuZXMlMjIlMkMlMEElMDklMjJob3RlbF9tYXJrZXJfZm9ybWF0JTIyJTNBJTIwbnVsbCUyQyUwQSUwOSUyMmhvdGVsc2NvbWJpbmVkX21hcmtlciUyMiUzQSUyMG51bGwlMkMlMEElMDklMjJyZXNwb25zaXZlJTIyJTNBJTIwdHJ1ZSUyQyUwQSUwOSUyMmhlaWdodCUyMiUzQSUyMDQwOSUwQSU3RCUzQiUwQSUzQyUyRnNjcmlwdCUzRSUwQSUzQ3NjcmlwdCUyMGNoYXJzZXQlM0QlMjJ1dGYtOCUyMiUyMHNyYyUzRCUyMiUyRiUyRm9sZC50cmF2ZWxwYXlvdXRzLmNvbSUyRndpZGdldHMlMkZhMDVmMzJiYzk0ZjE2MzVmNzI0NjE2OTE2YmQyNGIzYy5qcyUzRnYlM0QxOTM5JTIyJTIwYXN5bmMlM0UlM0MlMkZzY3JpcHQlM0UlMEE=[\/vc_raw_html][\/vc_column][\/vc_row][vc_row][vc_column][vc_empty_space][\/vc_column][\/vc_row][vc_row][vc_column][vc_column_text]<\/p>\n<h2>\u00a1<b>Encuentra las mejores<\/b>\u00a0opciones de\u00a0<b>vuelos para<\/b>\u00a0tu pr\u00f3ximo viaje!<\/h2>\n<p>[\/vc_column_text][\/vc_column][\/vc_row][vc_row][vc_column][vc_raw_html]JTNDc2NyaXB0JTIwc3JjJTNEJTIyJTJGJTJGYzExMS50cmF2ZWxwYXlvdXRzLmNvbSUyRmNvbnRlbnQlM0ZjdXJyZW5jeSUzRGV1ciUyNnByb21vX2lkJTNENDU2MyUyNnNobWFya2VyJTNEMjQwMDEwJTI2dHJzJTNEMzE5NDQlMjZsb2NhbGUlM0RlcyUyNmRlcGFydHVyZSUzRCUyNnJldHVybiUzRCUyNnNob3dfaGVhZGVyJTNEdHJ1ZSUyNmxpbWl0JTNEOSUyNmZvcm1fYmFja2dyb3VuZF9jb2xvciUzREZGRkZGRiUyMiUyMGNoYXJzZXQlM0QlMjJ1dGYtOCUyMiUzRSUzQyUyRnNjcmlwdCUzRQ==[\/vc_raw_html][vc_empty_space][vc_raw_html]JTNDc2NyaXB0JTIwY2hhcnNldCUzRCUyMnV0Zi04JTIyJTIwc3JjJTNEJTIyJTJGJTJGd3d3LnRyYXZlbHBheW91dHMuY29tJTJGY2FsZW5kYXJfd2lkZ2V0JTJGaWZyYW1lLmpzJTNGbWFya2VyJTNEMjQwMDEwLiUyNm9yaWdpbiUzRFBSRyUyNmRlc3RpbmF0aW9uJTNETE9OJTI2Y3VycmVuY3klM0RldXIlMjZzZWFyY2hVcmwlM0RzZWFyY2guamV0cmFkYXIuY29tJTI2b25lX3dheSUzRHRydWUlMjZvbmx5X2RpcmVjdCUzRHRydWUlMjZsb2NhbGUlM0RlcyUyNnBlcmlvZCUzRGN1cnJlbnRfbW9udGglMjZyYW5nZSUzRDMlMjUyQzEwJTI2cG93ZXJlZF9ieSUzRGZhbHNlJTIyJTIwYXN5bmMlM0UlM0MlMkZzY3JpcHQlM0U=[\/vc_raw_html][\/vc_column][\/vc_row]<\/p>\n<\/div>","protected":false},"excerpt":{"rendered":"<p>[vc_row][vc_column][vc_column_text] Busca los vuelos m\u00e1s baratos entre m\u00e1s de mil aerol\u00edneas [\/vc_column_text][\/vc_column][\/vc_row][vc_row][vc_column][vc_empty_space][\/vc_column][\/vc_row][vc_row][vc_column][vc_raw_html]JTNDc2NyaXB0JTIwY2hhcnNldCUzRCUyMnV0Zi04JTIyJTIwdHlwZSUzRCUyMnRleHQlMkZqYXZhc2NyaXB0JTIyJTNFJTBBJTIwJTIwJTIwJTIwd2luZG93LlRQX0ZPUk1fU0VUVElOR1MlMjAlM0QlMjB3aW5kb3cuVFBfRk9STV9TRVRUSU5HUyUyMCU3QyU3QyUyMCU3QiU3RCUzQiUwQSUyMCUyMCUyMCUyMHdpbmRvdy5UUF9GT1JNX1NFVFRJTkdTJTVCJTIyYTA1ZjMyYmM5NGYxNjM1ZjcyNDYxNjkxNmJkMjRiM2MlMjIlNUQlMjAlM0QlMjAlN0IlMEElMDklMjJoYW5kbGUlMjIlM0ElMjAlMjJhMDVmMzJiYzk0ZjE2MzVmNzI0NjE2OTE2YmQyNGIzYyUyMiUyQyUwQSUwOSUyMndpZGdldF9uYW1lJTIyJTNBJTIwJTIyZS1ib29raW5nJTIwZXNwJTIyJTJDJTBBJTA5JTIyYm9yZGVyX3JhZGl1cyUyMiUzQSUyMCUyMjglMjIlMkMlMEElMDklMjJhZGRpdGlvbmFsX21hcmtlciUyMiUzQSUyMG51bGwlMkMlMEElMDklMjJ3aWR0aCUyMiUzQSUyMG51bGwlMkMlMEElMDklMjJzaG93X2xvZ28lMjIlM0ElMjBmYWxzZSUyQyUwQSUwOSUyMnNob3dfaG90ZWxzJTIyJTNBJTIwZmFsc2UlMkMlMEElMDklMjJmb3JtX3R5cGUlMjIlM0ElMjAlMjJhdmlhJTIyJTJDJTBBJTA5JTIybG9jYWxlJTIyJTNBJTIwJTIyZXMlMjIlMkMlMEElMDklMjJjdXJyZW5jeSUyMiUzQSUyMCUyMmV1ciUyMiUyQyUwQSUwOSUyMnNpemVzJTIyJTNBJTIwJTIyZGVmYXVsdCUyMiUyQyUwQSUwOSUyMnNlYXJjaF90YXJnZXQlMjIlM0ElMjAlMjJfYmxhbmslMjIlMkMlMEElMDklMjJhY3RpdmVfdGFiJTIyJTNBJTIwJTIyYXZpYSUyMiUyQyUwQSUwOSUyMnNlYXJjaF9ob3N0JTIyJTNBJTIwJTIyc2VhcmNoLmUtYm9va2luZy5jeiUyRmZsaWdodHMlMjIlMkMlMEElMDklMjJob3RlbHNfaG9zdCUyMiUzQSUyMCUyMnNlYXJjaC5ob3RlbGxvb2suY29tJTIyJTJDJTBBJTA5JTIyaG90ZWwlMjIlM0ElMjAlMjIlMjIlMkMlMEElMDklMjJob3RlbF9hbHQlMjIlM0ElMjAlMjIlMjIlMkMlMEElMDklMjJhdmlhX2FsdCUyMiUzQSUyMCUyMiUyMiUyQyUwQSUwOSUyMnJldGFyZ2V0aW5nJTIyJTNBJTIwdHJ1ZSUyQyUwQSUwOSUyMnRyaXBfY2xhc3MlMjIlM0ElMjAlMjJlY29ub215JTIyJTJDJTBBJTA5JTIyZGVwYXJ0X2RhdGUlMjIlM0ElMjBudWxsJTJDJTBBJTA5JTIycmV0dXJuX2RhdGUlMjIlM0ElMjBudWxsJTJDJTBBJTA5JTIyY2hlY2tfaW5fZGF0ZSUyMiUzQSUyMG51bGwlMkMlMEElMDklMjJjaGVja19vdXRfZGF0ZSUyMiUzQSUyMG51bGwlMkMlMEElMDklMjJub190cmFjayUyMiUzQSUyMGZhbHNlJTJDJTBBJTA5JTIycG93ZXJlZF9ieSUyMiUzQSUyMGZhbHNlJTJDJTBBJTA5JTIyaWQlMjIlM0ElMjAyMDk3OTklMkMlMEElMDklMjJtYXJrZXIlMjIlM0ElMjAyNDAwMTAlMkMlMEElMDklMjJvcmlnaW4lMjIlM0ElMjAlN0IlMEElMDklMDklMjJuYW1lJTIyJTNBJTIwJTIyJTIyJTBBJTA5JTdEJTJDJTBBJTA5JTIyZGVzdGluYXRpb24lMjIlM0ElMjAlN0IlMEElMDklMDklMjJuYW1lJTIyJTNBJTIwJTIyJTIyJTBBJTA5JTdEJTJDJTBBJTA5JTIyY29sb3Jfc2NoZW1lJTIyJTNBJTIwJTdCJTBBJTA5JTA5JTIybmFtZSUyMiUzQSUyMCUyMmN1c3RvbSUyMiUyQyUwQSUwOSUwOSUyMmljb25zJTIyJTNBJTIwJTIyaWNvbnNfYmx1ZSUyMiUyQyUwQSUwOSUwOSUyMmJhY2tncm91bmQlMjIlM0ElMjAlMjIlMjMxYTJiNDglMjIlMkMlMEElMDklMDklMjJjb2xvciUyMiUzQSUyMCUyMiUyM2ZmZmZmZiUyMiUyQyUwQSUwOSUwOSUyMmJvcmRlcl9jb2xvciUyMiUzQSUyMCUyMiUyM2MxYzFjMSUyMiUyQyUwQSUwOSUwOSUyMmJ1dHRvbiUyMiUzQSUyMCUyMiUyMzBjYTUzMiUyMiUyQyUwQSUwOSUwOSUyMmJ1dHRvbl90ZXh0X2NvbG9yJTIyJTNBJTIwJTIyJTIzZmZmZmZmJTIyJTJDJTBBJTA5JTA5JTIyaW5wdXRfYm9yZGVyJTIyJTNBJTIwJTIyJTIzZmZmZmZmJTIyJTBBJTA5JTdEJTJDJTBBJTA5JTIyaG90ZWxzX3R5cGUlMjIlM0ElMjAlMjJob3RlbGxvb2tfaG9zdCUyMiUyQyUwQSUwOSUyMmJlc3Rfb2ZmZXIlMjIlM0ElMjAlN0IlMEElMDklMDklMjJsb2NhbGUlMjIlM0ElMjAlMjJlcyUyMiUyQyUwQSUwOSUwOSUyMmN1cnJlbmN5JTIyJTNBJTIwJTIyZXVyJTIyJTJDJTBBJTA5JTA5JTIybWFya2VyJTIyJTNBJTIwMjQwMDEwJTJDJTBBJTA5JTA5JTIyc2VhcmNoX2hvc3QlMjIlM0ElMjAlMjJzZWFyY2guZS1ib29raW5nLmN6JTJGZmxpZ2h0cyUyMiUyQyUwQSUwOSUwOSUyMm9mZmVyc19zd2l0Y2glMjIlM0ElMjBmYWxzZSUyQyUwQSUwOSUwOSUyMmFwaV91cmwlMjIlM0ElMjAlMjIlMkYlMkZtaW5wcmljZXMtamV0cmFkYXIuYXZpYXNhbGVzLnJ1JTJGbWluaW1hbF9wcmljZXMlMkZvZmZlcnMuanNvbiUyMiUyQyUwQSUwOSUwOSUyMnJvdXRlcyUyMiUzQSUyMCU1QiU1RCUwQSUwOSU3RCUyQyUwQSUwOSUyMmhvdGVsX2xvZ29faG9zdCUyMiUzQSUyMG51bGwlMkMlMEElMDklMjJzZWFyY2hfbG9nb19ob3N0JTIyJTNBJTIwJTIyamV0cmFkYXIuZXMlMjIlMkMlMEElMDklMjJob3RlbF9tYXJrZXJfZm9ybWF0JTIyJTNBJTIwbnVsbCUyQyUwQSUwOSUyMmhvdGVsc2NvbWJpbmVkX21hcmtlciUyMiUzQSUyMG51bGwlMkMlMEElMDklMjJyZXNwb25zaXZlJTIyJTNBJTIwdHJ1ZSUyQyUwQSUwOSUyMmhlaWdodCUyMiUzQSUyMDQwOSUwQSU3RCUzQiUwQSUzQyUyRnNjcmlwdCUzRSUwQSUzQ3NjcmlwdCUyMGNoYXJzZXQlM0QlMjJ1dGYtOCUyMiUyMHNyYyUzRCUyMiUyRiUyRm9sZC50cmF2ZWxwYXlvdXRzLmNvbSUyRndpZGdldHMlMkZhMDVmMzJiYzk0ZjE2MzVmNzI0NjE2OTE2YmQyNGIzYy5qcyUzRnYlM0QxOTM5JTIyJTIwYXN5bmMlM0UlM0MlMkZzY3JpcHQlM0UlMEE=[\/vc_raw_html][\/vc_column][\/vc_row][vc_row][vc_column][vc_empty_space][\/vc_column][\/vc_row][vc_row][vc_column][vc_column_text] \u00a1Encuentra las mejores\u00a0opciones de\u00a0vuelos para\u00a0tu pr\u00f3ximo viaje! [\/vc_column_text][\/vc_column][\/vc_row][vc_row][vc_column][vc_raw_html]JTNDc2NyaXB0JTIwc3JjJTNEJTIyJTJGJTJGYzExMS50cmF2ZWxwYXlvdXRzLmNvbSUyRmNvbnRlbnQlM0ZjdXJyZW5jeSUzRGV1ciUyNnByb21vX2lkJTNENDU2MyUyNnNobWFya2VyJTNEMjQwMDEwJTI2dHJzJTNEMzE5NDQlMjZsb2NhbGUlM0RlcyUyNmRlcGFydHVyZSUzRCUyNnJldHVybiUzRCUyNnNob3dfaGVhZGVyJTNEdHJ1ZSUyNmxpbWl0JTNEOSUyNmZvcm1fYmFja2dyb3VuZF9jb2xvciUzREZGRkZGRiUyMiUyMGNoYXJzZXQlM0QlMjJ1dGYtOCUyMiUzRSUzQyUyRnNjcmlwdCUzRQ==[\/vc_raw_html][vc_empty_space][vc_raw_html]JTNDc2NyaXB0JTIwY2hhcnNldCUzRCUyMnV0Zi04JTIyJTIwc3JjJTNEJTIyJTJGJTJGd3d3LnRyYXZlbHBheW91dHMuY29tJTJGY2FsZW5kYXJfd2lkZ2V0JTJGaWZyYW1lLmpzJTNGbWFya2VyJTNEMjQwMDEwLiUyNm9yaWdpbiUzRFBSRyUyNmRlc3RpbmF0aW9uJTNETE9OJTI2Y3VycmVuY3klM0RldXIlMjZzZWFyY2hVcmwlM0RzZWFyY2guamV0cmFkYXIuY29tJTI2b25lX3dheSUzRHRydWUlMjZvbmx5X2RpcmVjdCUzRHRydWUlMjZsb2NhbGUlM0RlcyUyNnBlcmlvZCUzRGN1cnJlbnRfbW9udGglMjZyYW5nZSUzRDMlMjUyQzEwJTI2cG93ZXJlZF9ieSUzRGZhbHNlJTIyJTIwYXN5bmMlM0UlM0MlMkZzY3JpcHQlM0U=[\/vc_raw_html][\/vc_column][\/vc_row]<\/p>\n","protected":false},"author":3,"featured_media":9794,"parent":0,"menu_order":0,"comment_status":"closed","ping_status":"closed","template":"template-home-modern.php","meta":{"footnotes":""},"class_list":["post-15458","page","type-page","status-publish","has-post-thumbnail","hentry"],"yoast_head":"<!-- This site is optimized with the Yoast SEO Premium plugin v26.1 (Yoast SEO v27.2) - https:\/\/yoast.com\/product\/yoast-seo-premium-wordpress\/ -->\n<title>Vuelos baratos | Buscador de vuelos economicos | e-booking.cz<\/title>\n<meta name=\"description\" content=\"e-booking.cz compara y encuentra en pocos segundos vuelos baratos, hoteles y traslados entre miles de aerol\u00edneas, agencias de viaje y buscadores.\" \/>\n<meta name=\"robots\" content=\"index, follow, max-snippet:-1, max-image-preview:large, max-video-preview:-1\" \/>\n<link rel=\"canonical\" href=\"https:\/\/e-booking.cz\/es\/vuelos\/\" \/>\n<meta name=\"twitter:card\" content=\"summary_large_image\" \/>\n<meta name=\"twitter:title\" content=\"Vuelos baratos | Buscador de vuelos economicos | e-booking.cz\" \/>\n<meta name=\"twitter:description\" content=\"e-booking.cz compara y encuentra en pocos segundos vuelos baratos, hoteles y traslados entre miles de aerol\u00edneas, agencias de viaje y buscadores.\" \/>\n<meta name=\"twitter:image\" content=\"https:\/\/e-booking.cz\/wp-content\/uploads\/2019\/08\/letadlo-p\u0159i-z\u00e1padu-slunce.jpg\" \/>\n<meta name=\"twitter:site\" content=\"@EBookingcz\" \/>\n<meta name=\"twitter:label1\" content=\"Tiempo de lectura\" \/>\n\t<meta name=\"twitter:data1\" content=\"2 minutos\" \/>\n<script type=\"application\/ld+json\" class=\"yoast-schema-graph\">{\"@context\":\"https:\/\/schema.org\",\"@graph\":[{\"@type\":\"WebPage\",\"@id\":\"https:\/\/e-booking.cz\/es\/vuelos\/\",\"url\":\"https:\/\/e-booking.cz\/es\/vuelos\/\",\"name\":\"Vuelos baratos | Buscador de vuelos economicos | e-booking.cz\",\"isPartOf\":{\"@id\":\"https:\/\/e-booking.cz\/#website\"},\"primaryImageOfPage\":{\"@id\":\"https:\/\/e-booking.cz\/es\/vuelos\/#primaryimage\"},\"image\":{\"@id\":\"https:\/\/e-booking.cz\/es\/vuelos\/#primaryimage\"},\"thumbnailUrl\":\"https:\/\/e-booking.cz\/wp-content\/uploads\/2019\/08\/letadlo-p\u0159i-z\u00e1padu-slunce.jpg\",\"datePublished\":\"2019-10-14T12:18:23+00:00\",\"dateModified\":\"2022-03-19T17:53:26+00:00\",\"description\":\"e-booking.cz compara y encuentra en pocos segundos vuelos baratos, hoteles y traslados entre miles de aerol\u00edneas, agencias de viaje y buscadores.\",\"breadcrumb\":{\"@id\":\"https:\/\/e-booking.cz\/es\/vuelos\/#breadcrumb\"},\"inLanguage\":\"es\",\"potentialAction\":[{\"@type\":\"ReadAction\",\"target\":[\"https:\/\/e-booking.cz\/es\/vuelos\/\"]}]},{\"@type\":\"ImageObject\",\"inLanguage\":\"es\",\"@id\":\"https:\/\/e-booking.cz\/es\/vuelos\/#primaryimage\",\"url\":\"https:\/\/e-booking.cz\/wp-content\/uploads\/2019\/08\/letadlo-p\u0159i-z\u00e1padu-slunce.jpg\",\"contentUrl\":\"https:\/\/e-booking.cz\/wp-content\/uploads\/2019\/08\/letadlo-p\u0159i-z\u00e1padu-slunce.jpg\",\"width\":1920,\"height\":1149,\"caption\":\"letadlo p\u0159i z\u00e1padu slunce\"},{\"@type\":\"BreadcrumbList\",\"@id\":\"https:\/\/e-booking.cz\/es\/vuelos\/#breadcrumb\",\"itemListElement\":[{\"@type\":\"ListItem\",\"position\":1,\"name\":\"Dom\u016f\",\"item\":\"https:\/\/e-booking.cz\/es\/\"},{\"@type\":\"ListItem\",\"position\":2,\"name\":\"Vuelos\"}]},{\"@type\":\"WebSite\",\"@id\":\"https:\/\/e-booking.cz\/#website\",\"url\":\"https:\/\/e-booking.cz\/\",\"name\":\"e-booking.cz\",\"description\":\"\",\"publisher\":{\"@id\":\"https:\/\/e-booking.cz\/#organization\"},\"potentialAction\":[{\"@type\":\"SearchAction\",\"target\":{\"@type\":\"EntryPoint\",\"urlTemplate\":\"https:\/\/e-booking.cz\/?s={search_term_string}\"},\"query-input\":{\"@type\":\"PropertyValueSpecification\",\"valueRequired\":true,\"valueName\":\"search_term_string\"}}],\"inLanguage\":\"es\"},{\"@type\":\"Organization\",\"@id\":\"https:\/\/e-booking.cz\/#organization\",\"name\":\"e-booking.cz\",\"url\":\"https:\/\/e-booking.cz\/\",\"logo\":{\"@type\":\"ImageObject\",\"inLanguage\":\"es\",\"@id\":\"https:\/\/e-booking.cz\/#\/schema\/logo\/image\/\",\"url\":\"https:\/\/e-booking.cz\/wp-content\/uploads\/2019\/08\/logo-ebooking-e1565277525708.png\",\"contentUrl\":\"https:\/\/e-booking.cz\/wp-content\/uploads\/2019\/08\/logo-ebooking-e1565277525708.png\",\"width\":130,\"height\":24,\"caption\":\"e-booking.cz\"},\"image\":{\"@id\":\"https:\/\/e-booking.cz\/#\/schema\/logo\/image\/\"},\"sameAs\":[\"https:\/\/www.facebook.com\/ebookingcz\",\"https:\/\/x.com\/EBookingcz\",\"https:\/\/www.instagram.com\/ebooking.cz\/\"]}]}<\/script>\n<!-- \/ Yoast SEO Premium plugin. -->","yoast_head_json":{"title":"Vuelos baratos | Buscador de vuelos economicos | e-booking.cz","description":"e-booking.cz compara y encuentra en pocos segundos vuelos baratos, hoteles y traslados entre miles de aerol\u00edneas, agencias de viaje y buscadores.","robots":{"index":"index","follow":"follow","max-snippet":"max-snippet:-1","max-image-preview":"max-image-preview:large","max-video-preview":"max-video-preview:-1"},"canonical":"https:\/\/e-booking.cz\/es\/vuelos\/","twitter_card":"summary_large_image","twitter_title":"Vuelos baratos | Buscador de vuelos economicos | e-booking.cz","twitter_description":"e-booking.cz compara y encuentra en pocos segundos vuelos baratos, hoteles y traslados entre miles de aerol\u00edneas, agencias de viaje y buscadores.","twitter_image":"https:\/\/e-booking.cz\/wp-content\/uploads\/2019\/08\/letadlo-p\u0159i-z\u00e1padu-slunce.jpg","twitter_site":"@EBookingcz","twitter_misc":{"Tiempo de lectura":"2 minutos"},"schema":{"@context":"https:\/\/schema.org","@graph":[{"@type":"WebPage","@id":"https:\/\/e-booking.cz\/es\/vuelos\/","url":"https:\/\/e-booking.cz\/es\/vuelos\/","name":"Vuelos baratos | Buscador de vuelos economicos | e-booking.cz","isPartOf":{"@id":"https:\/\/e-booking.cz\/#website"},"primaryImageOfPage":{"@id":"https:\/\/e-booking.cz\/es\/vuelos\/#primaryimage"},"image":{"@id":"https:\/\/e-booking.cz\/es\/vuelos\/#primaryimage"},"thumbnailUrl":"https:\/\/e-booking.cz\/wp-content\/uploads\/2019\/08\/letadlo-p\u0159i-z\u00e1padu-slunce.jpg","datePublished":"2019-10-14T12:18:23+00:00","dateModified":"2022-03-19T17:53:26+00:00","description":"e-booking.cz compara y encuentra en pocos segundos vuelos baratos, hoteles y traslados entre miles de aerol\u00edneas, agencias de viaje y buscadores.","breadcrumb":{"@id":"https:\/\/e-booking.cz\/es\/vuelos\/#breadcrumb"},"inLanguage":"es","potentialAction":[{"@type":"ReadAction","target":["https:\/\/e-booking.cz\/es\/vuelos\/"]}]},{"@type":"ImageObject","inLanguage":"es","@id":"https:\/\/e-booking.cz\/es\/vuelos\/#primaryimage","url":"https:\/\/e-booking.cz\/wp-content\/uploads\/2019\/08\/letadlo-p\u0159i-z\u00e1padu-slunce.jpg","contentUrl":"https:\/\/e-booking.cz\/wp-content\/uploads\/2019\/08\/letadlo-p\u0159i-z\u00e1padu-slunce.jpg","width":1920,"height":1149,"caption":"letadlo p\u0159i z\u00e1padu slunce"},{"@type":"BreadcrumbList","@id":"https:\/\/e-booking.cz\/es\/vuelos\/#breadcrumb","itemListElement":[{"@type":"ListItem","position":1,"name":"Dom\u016f","item":"https:\/\/e-booking.cz\/es\/"},{"@type":"ListItem","position":2,"name":"Vuelos"}]},{"@type":"WebSite","@id":"https:\/\/e-booking.cz\/#website","url":"https:\/\/e-booking.cz\/","name":"e-booking.cz","description":"","publisher":{"@id":"https:\/\/e-booking.cz\/#organization"},"potentialAction":[{"@type":"SearchAction","target":{"@type":"EntryPoint","urlTemplate":"https:\/\/e-booking.cz\/?s={search_term_string}"},"query-input":{"@type":"PropertyValueSpecification","valueRequired":true,"valueName":"search_term_string"}}],"inLanguage":"es"},{"@type":"Organization","@id":"https:\/\/e-booking.cz\/#organization","name":"e-booking.cz","url":"https:\/\/e-booking.cz\/","logo":{"@type":"ImageObject","inLanguage":"es","@id":"https:\/\/e-booking.cz\/#\/schema\/logo\/image\/","url":"https:\/\/e-booking.cz\/wp-content\/uploads\/2019\/08\/logo-ebooking-e1565277525708.png","contentUrl":"https:\/\/e-booking.cz\/wp-content\/uploads\/2019\/08\/logo-ebooking-e1565277525708.png","width":130,"height":24,"caption":"e-booking.cz"},"image":{"@id":"https:\/\/e-booking.cz\/#\/schema\/logo\/image\/"},"sameAs":["https:\/\/www.facebook.com\/ebookingcz","https:\/\/x.com\/EBookingcz","https:\/\/www.instagram.com\/ebooking.cz\/"]}]}},"_links":{"self":[{"href":"https:\/\/e-booking.cz\/es\/wp-json\/wp\/v2\/pages\/15458","targetHints":{"allow":["GET"]}}],"collection":[{"href":"https:\/\/e-booking.cz\/es\/wp-json\/wp\/v2\/pages"}],"about":[{"href":"https:\/\/e-booking.cz\/es\/wp-json\/wp\/v2\/types\/page"}],"author":[{"embeddable":true,"href":"https:\/\/e-booking.cz\/es\/wp-json\/wp\/v2\/users\/3"}],"replies":[{"embeddable":true,"href":"https:\/\/e-booking.cz\/es\/wp-json\/wp\/v2\/comments?post=15458"}],"version-history":[{"count":15,"href":"https:\/\/e-booking.cz\/es\/wp-json\/wp\/v2\/pages\/15458\/revisions"}],"predecessor-version":[{"id":38415,"href":"https:\/\/e-booking.cz\/es\/wp-json\/wp\/v2\/pages\/15458\/revisions\/38415"}],"wp:featuredmedia":[{"embeddable":true,"href":"https:\/\/e-booking.cz\/es\/wp-json\/wp\/v2\/media\/9794"}],"wp:attachment":[{"href":"https:\/\/e-booking.cz\/es\/wp-json\/wp\/v2\/media?parent=15458"}],"curies":[{"name":"wp","href":"https:\/\/api.w.org\/{rel}","templated":true}]}}