{"id":10307,"date":"2019-09-04T16:42:58","date_gmt":"2019-09-04T14:42:58","guid":{"rendered":"https:\/\/e-booking.cz\/?page_id=10307"},"modified":"2025-08-20T17:23:24","modified_gmt":"2025-08-20T15:23:24","slug":"parkovani","status":"publish","type":"page","link":"https:\/\/e-booking.cz\/es\/parkovani\/","title":{"rendered":"Parkov\u00e1n\u00ed"},"content":{"rendered":"<div class=\"wpb-content-wrapper\"><p>[vc_row full_width=\u00bbstretch_row_content\u00bb css=\u00bb.vc_custom_1755702839964{background-color: #0CA532 !important;}\u00bb][vc_column][vc_column_text css=\u00bb\u00bb]<\/p>\n<h2><span style=\"color: #ffffff;\">Porovnejte a objednejte nejlevn\u011bj\u0161\u00ed parkov\u00e1n\u00ed u v\u00fdznamn\u00fdch leti\u0161\u0165. Zaparkujte na Leti\u0161ti Praha od 850 K\u010d\/t\u00fdden.<\/span><\/h2>\n<p>[\/vc_column_text][vc_empty_space][vc_raw_html css=\u00bb\u00bb]JTNDaWZyYW1lJTIwJTBBJTIwJTIwc3JjJTNEJTIyaHR0cHMlM0ElMkYlMkZ3d3cucGFya3ZpYS5jb20lMkZjcy1DWiUyRmFmZmlsaWF0ZSUyRmVib29raW5nY3olMkZxdW90ZSUyMiUyMCUwQSUyMCUyMHdpZHRoJTNEJTIyMTAwJTI1JTIyJTIwJTBBJTIwJTIwaGVpZ2h0JTNEJTIyMjUwJTIyJTIwJTBBJTIwJTIwc3R5bGUlM0QlMjJib3JkZXIlM0ElMjAxcHglMjBzb2xpZCUyMCUyM2NjYyUzQiUyMGJvcmRlci1yYWRpdXMlM0ElMjAxMnB4JTNCJTIwb3ZlcmZsb3clM0ElMjBoaWRkZW4lM0IlMjIlM0UlMEElM0MlMkZpZnJhbWUlM0U=[\/vc_raw_html][\/vc_column][\/vc_row][vc_row][vc_column][vc_empty_space][\/vc_column][\/vc_row][vc_row][vc_column width=\u00bb1\/2&#8243;][vc_message message_box_style=\u00bbsolid-icon\u00bb message_box_color=\u00bbgreen\u00bb icon_fontawesome=\u00bbfa fa-check\u00bb]<\/p>\n<ul>\n<li>\n<h5>rezervujte si parkov\u00e1n\u00ed <strong>snadno, rychle, srozumiteln\u011b a bezpe\u010dn\u011b.<\/strong><\/h5>\n<\/li>\n<li>\n<h5><strong>levn\u011bji<\/strong> ne\u017e ofici\u00e1ln\u00ed leti\u0161tn\u00ed parkovi\u0161t\u011b<\/h5>\n<\/li>\n<li>\n<h5><strong>bez z\u00e1lohy<\/strong> a rezerva\u010dn\u00edho poplatku p\u0159i rezervaci online<\/h5>\n<\/li>\n<li>\n<h5><strong>zm\u011bna rezervace ZDARMA<\/strong> a\u017e 24 hodin do p\u0159\u00edjezdu<\/h5>\n<\/li>\n<li>\n<h5>cena v\u010detn\u011b <strong>p\u0159epravy na leti\u0161t\u011b a zp\u00e1tky<\/strong> na parkovi\u0161t\u011b<\/h5>\n<\/li>\n<\/ul>\n<p>[\/vc_message][\/vc_column][vc_column width=\u00bb1\/2&#8243;][vc_message message_box_style=\u00bboutline\u00bb message_box_color=\u00bbgreen\u00bb icon_fontawesome=\u00bbfa fa-phone\u00bb]<\/p>\n<h2>Pot\u0159ebujete pomoci s rezervac\u00ed?<\/h2>\n<p>&nbsp;<\/p>\n<p><b>Zavolejte na n\u00e1\u0161 z\u00e1kaznick\u00fd servis:<\/b>\u00a0+420 228 881 345<\/p>\n<p><b>Po\u0161lete n\u00e1m email:<\/b><a target=\"_top\" rel=\"noopener noreferrer\">\u00a0sluzby.zakaznikum-cz@parkvia.com<\/a>[\/vc_message][\/vc_column][\/vc_row][vc_row][vc_column]<div class=\"st-faq-new st-faq\">\r\n\t<h3>Nej\u010dast\u011bj\u0161\u00ed ot\u00e1zky ke slu\u017eb\u011b parkov\u00e1n\u00ed<\/h3>\r\n\t\t\t\t\t\t\t\t<div class=\"item active\">\r\n\t\t\t\t\t<div class=\"header\">\r\n\t\t\t\t\t\t<i class=\"input-icon st-border-radius field-icon fa\"><svg height=\"18px\" width=\"18px\" version=\"1.1\" xmlns=\"http:\/\/www.w3.org\/2000\/svg\" xmlns:xlink=\"http:\/\/www.w3.org\/1999\/xlink\" x=\"0px\" y=\"0px\"\r\n     viewBox=\"0 0 24 24\" style=\"enable-background:new 0 0 24 24;\" xml:space=\"preserve\">\r\n\r\n<g fill=\"#5E6D77\">\r\n    <path d=\"M5.25,24c-0.116,0-0.232-0.027-0.336-0.079C4.659,23.793,4.5,23.536,4.5,23.25V19.5H2.25C1.009,19.5,0,18.491,0,17.25v-15\r\n        C0,1.009,1.009,0,2.25,0h19.5C22.991,0,24,1.009,24,2.25v15c0,1.241-1.009,2.25-2.25,2.25H11.5l-5.8,4.35\r\n        C5.571,23.947,5.411,24,5.25,24z M2.25,1.5C1.836,1.5,1.5,1.836,1.5,2.25v15C1.5,17.664,1.836,18,2.25,18h3\r\n        C5.664,18,6,18.336,6,18.75v3l4.8-3.6c0.129-0.097,0.289-0.15,0.45-0.15h10.5c0.414,0,0.75-0.336,0.75-0.75v-15\r\n        c0-0.414-0.336-0.75-0.75-0.75H2.25z\"\/>\r\n    <path d=\"M12,12c-0.414,0-0.75-0.336-0.75-0.75v-0.256c-0.001-0.952,0.602-1.805,1.5-2.122c0.897-0.317,1.5-1.17,1.5-2.121\r\n        c0-0.6-0.234-1.165-0.66-1.59c-0.425-0.426-0.99-0.66-1.59-0.66c-0.601,0-1.166,0.234-1.591,0.659\r\n        C9.984,5.584,9.75,6.149,9.75,6.75C9.75,7.164,9.414,7.5,9,7.5S8.25,7.163,8.25,6.75c0-2.067,1.683-3.749,3.75-3.749\r\n        c1.002,0,1.944,0.39,2.652,1.099c0.708,0.709,1.098,1.65,1.098,2.652c0,1.586-1.005,3.006-2.5,3.535\r\n        c-0.299,0.106-0.5,0.39-0.5,0.708v0.256C12.75,11.664,12.414,12,12,12z\"\/>\r\n    <circle cx=\"12\" cy=\"14.625\" r=\"1.125\"\/>\r\n<\/g>\r\n<\/svg><\/i>\t\t\t\t\t\t<h5>Mohu si rezervovat parkov\u00e1n\u00ed kdy\u017e nem\u00e1m tisk\u00e1rnu?<\/h5>\r\n\t\t\t\t\t\t<span class=\"arrow\">\r\n\t\t\t\t\t\t\t<i class=\"fa fa-angle-down\"><\/i>\r\n\t\t\t\t\t\t<\/span>\r\n\t\t\t\t\t<\/div>\r\n\r\n\t\t\t\t\t\t\t\t\t\t\t<div class=\"body\">\r\n\t\t\t\t\t\t\tAno, samoz\u0159ejm\u011b si m\u016f\u017eete objednat parkov\u00e1n\u00ed, i kdy\u017e moment\u00e1ln\u011b nem\u00e1te tisk\u00e1rnu k dispozici. Po dokon\u010den\u00ed rezervace obdr\u017e\u00edte email a\/nebo SMS zpr\u00e1vu s rezerva\u010dn\u00edm \u010d\u00edslem. Poskytovatel parkovac\u00edch slu\u017eeb bude taky informov\u00e1n o Va\u0161i rezervaci. Pokud je na rezerva\u010dn\u00edm l\u00edstku unik\u00e1tn\u00ed \u010d\u00e1rov\u00fd k\u00f3d, mus\u00edte si rezerva\u010dn\u00ed l\u00edstek vytisknout a prok\u00e1zat se j\u00edm p\u0159i vjezdu na parkovi\u0161t\u011b.\t\t\t\t\t\t<\/div>\r\n\t\t\t\t\t\t\t\t\t<\/div>\r\n\t\t\t\t\t\t\t\t<div class=\"item \">\r\n\t\t\t\t\t<div class=\"header\">\r\n\t\t\t\t\t\t<i class=\"input-icon st-border-radius field-icon fa\"><svg height=\"18px\" width=\"18px\" version=\"1.1\" xmlns=\"http:\/\/www.w3.org\/2000\/svg\" xmlns:xlink=\"http:\/\/www.w3.org\/1999\/xlink\" x=\"0px\" y=\"0px\"\r\n     viewBox=\"0 0 24 24\" style=\"enable-background:new 0 0 24 24;\" xml:space=\"preserve\">\r\n\r\n<g fill=\"#5E6D77\">\r\n    <path d=\"M5.25,24c-0.116,0-0.232-0.027-0.336-0.079C4.659,23.793,4.5,23.536,4.5,23.25V19.5H2.25C1.009,19.5,0,18.491,0,17.25v-15\r\n        C0,1.009,1.009,0,2.25,0h19.5C22.991,0,24,1.009,24,2.25v15c0,1.241-1.009,2.25-2.25,2.25H11.5l-5.8,4.35\r\n        C5.571,23.947,5.411,24,5.25,24z M2.25,1.5C1.836,1.5,1.5,1.836,1.5,2.25v15C1.5,17.664,1.836,18,2.25,18h3\r\n        C5.664,18,6,18.336,6,18.75v3l4.8-3.6c0.129-0.097,0.289-0.15,0.45-0.15h10.5c0.414,0,0.75-0.336,0.75-0.75v-15\r\n        c0-0.414-0.336-0.75-0.75-0.75H2.25z\"\/>\r\n    <path d=\"M12,12c-0.414,0-0.75-0.336-0.75-0.75v-0.256c-0.001-0.952,0.602-1.805,1.5-2.122c0.897-0.317,1.5-1.17,1.5-2.121\r\n        c0-0.6-0.234-1.165-0.66-1.59c-0.425-0.426-0.99-0.66-1.59-0.66c-0.601,0-1.166,0.234-1.591,0.659\r\n        C9.984,5.584,9.75,6.149,9.75,6.75C9.75,7.164,9.414,7.5,9,7.5S8.25,7.163,8.25,6.75c0-2.067,1.683-3.749,3.75-3.749\r\n        c1.002,0,1.944,0.39,2.652,1.099c0.708,0.709,1.098,1.65,1.098,2.652c0,1.586-1.005,3.006-2.5,3.535\r\n        c-0.299,0.106-0.5,0.39-0.5,0.708v0.256C12.75,11.664,12.414,12,12,12z\"\/>\r\n    <circle cx=\"12\" cy=\"14.625\" r=\"1.125\"\/>\r\n<\/g>\r\n<\/svg><\/i>\t\t\t\t\t\t<h5>Mohu dodate\u010dn\u011b zm\u011bnit svoji rezervaci?<\/h5>\r\n\t\t\t\t\t\t<span class=\"arrow\">\r\n\t\t\t\t\t\t\t<i class=\"fa fa-angle-down\"><\/i>\r\n\t\t\t\t\t\t<\/span>\r\n\t\t\t\t\t<\/div>\r\n\r\n\t\t\t\t\t\t\t\t\t\t\t<div class=\"body\">\r\n\t\t\t\t\t\t\tAno. Zm\u011bnu rezervace m\u016f\u017eete ud\u011blat online p\u0159ihl\u00e1\u0161en\u00edm se do u\u017eivatelsk\u00e9 sekce M\u016fj \u00fa\u010det a V\u00e1\u0161 po\u017eadavek bude zpracov\u00e1n automaticky. Zm\u011bna rezervace je bezplatn\u00e1 a\u017e do 24 hodin p\u0159ed za\u010d\u00e1tkem rezervovan\u00e9ho parkov\u00e1n\u00ed.\t\t\t\t\t\t<\/div>\r\n\t\t\t\t\t\t\t\t\t<\/div>\r\n\t\t\t\t\t\t\t\t<div class=\"item \">\r\n\t\t\t\t\t<div class=\"header\">\r\n\t\t\t\t\t\t<i class=\"input-icon st-border-radius field-icon fa\"><svg height=\"18px\" width=\"18px\" version=\"1.1\" xmlns=\"http:\/\/www.w3.org\/2000\/svg\" xmlns:xlink=\"http:\/\/www.w3.org\/1999\/xlink\" x=\"0px\" y=\"0px\"\r\n     viewBox=\"0 0 24 24\" style=\"enable-background:new 0 0 24 24;\" xml:space=\"preserve\">\r\n\r\n<g fill=\"#5E6D77\">\r\n    <path d=\"M5.25,24c-0.116,0-0.232-0.027-0.336-0.079C4.659,23.793,4.5,23.536,4.5,23.25V19.5H2.25C1.009,19.5,0,18.491,0,17.25v-15\r\n        C0,1.009,1.009,0,2.25,0h19.5C22.991,0,24,1.009,24,2.25v15c0,1.241-1.009,2.25-2.25,2.25H11.5l-5.8,4.35\r\n        C5.571,23.947,5.411,24,5.25,24z M2.25,1.5C1.836,1.5,1.5,1.836,1.5,2.25v15C1.5,17.664,1.836,18,2.25,18h3\r\n        C5.664,18,6,18.336,6,18.75v3l4.8-3.6c0.129-0.097,0.289-0.15,0.45-0.15h10.5c0.414,0,0.75-0.336,0.75-0.75v-15\r\n        c0-0.414-0.336-0.75-0.75-0.75H2.25z\"\/>\r\n    <path d=\"M12,12c-0.414,0-0.75-0.336-0.75-0.75v-0.256c-0.001-0.952,0.602-1.805,1.5-2.122c0.897-0.317,1.5-1.17,1.5-2.121\r\n        c0-0.6-0.234-1.165-0.66-1.59c-0.425-0.426-0.99-0.66-1.59-0.66c-0.601,0-1.166,0.234-1.591,0.659\r\n        C9.984,5.584,9.75,6.149,9.75,6.75C9.75,7.164,9.414,7.5,9,7.5S8.25,7.163,8.25,6.75c0-2.067,1.683-3.749,3.75-3.749\r\n        c1.002,0,1.944,0.39,2.652,1.099c0.708,0.709,1.098,1.65,1.098,2.652c0,1.586-1.005,3.006-2.5,3.535\r\n        c-0.299,0.106-0.5,0.39-0.5,0.708v0.256C12.75,11.664,12.414,12,12,12z\"\/>\r\n    <circle cx=\"12\" cy=\"14.625\" r=\"1.125\"\/>\r\n<\/g>\r\n<\/svg><\/i>\t\t\t\t\t\t<h5>Jak zru\u0161\u00edm parkov\u00e1n\u00ed?<\/h5>\r\n\t\t\t\t\t\t<span class=\"arrow\">\r\n\t\t\t\t\t\t\t<i class=\"fa fa-angle-down\"><\/i>\r\n\t\t\t\t\t\t<\/span>\r\n\t\t\t\t\t<\/div>\r\n\r\n\t\t\t\t\t\t\t\t\t\t\t<div class=\"body\">\r\n\t\t\t\t\t\t\tRezervaci m\u016f\u017eete zru\u0161it online p\u0159ihl\u00e1\u0161en\u00edm se do u\u017eivatelsk\u00e9 sekce M\u016fj \u00fa\u010det nejpozd\u011bji 24 hodin p\u0159ed za\u010d\u00e1tkem rezervovan\u00e9ho \u010dasu parkov\u00e1n\u00ed. Nezapome\u0148te p\u0159itom pros\u00edm uv\u00e9st referen\u010dn\u00ed \u010d\u00edslo rezervace.\t\t\t\t\t\t<\/div>\r\n\t\t\t\t\t\t\t\t\t<\/div>\r\n\t\t\t\t\t\t\t\t<div class=\"item \">\r\n\t\t\t\t\t<div class=\"header\">\r\n\t\t\t\t\t\t<i class=\"input-icon st-border-radius field-icon fa\"><svg height=\"18px\" width=\"18px\" version=\"1.1\" xmlns=\"http:\/\/www.w3.org\/2000\/svg\" xmlns:xlink=\"http:\/\/www.w3.org\/1999\/xlink\" x=\"0px\" y=\"0px\"\r\n     viewBox=\"0 0 24 24\" style=\"enable-background:new 0 0 24 24;\" xml:space=\"preserve\">\r\n\r\n<g fill=\"#5E6D77\">\r\n    <path d=\"M5.25,24c-0.116,0-0.232-0.027-0.336-0.079C4.659,23.793,4.5,23.536,4.5,23.25V19.5H2.25C1.009,19.5,0,18.491,0,17.25v-15\r\n        C0,1.009,1.009,0,2.25,0h19.5C22.991,0,24,1.009,24,2.25v15c0,1.241-1.009,2.25-2.25,2.25H11.5l-5.8,4.35\r\n        C5.571,23.947,5.411,24,5.25,24z M2.25,1.5C1.836,1.5,1.5,1.836,1.5,2.25v15C1.5,17.664,1.836,18,2.25,18h3\r\n        C5.664,18,6,18.336,6,18.75v3l4.8-3.6c0.129-0.097,0.289-0.15,0.45-0.15h10.5c0.414,0,0.75-0.336,0.75-0.75v-15\r\n        c0-0.414-0.336-0.75-0.75-0.75H2.25z\"\/>\r\n    <path d=\"M12,12c-0.414,0-0.75-0.336-0.75-0.75v-0.256c-0.001-0.952,0.602-1.805,1.5-2.122c0.897-0.317,1.5-1.17,1.5-2.121\r\n        c0-0.6-0.234-1.165-0.66-1.59c-0.425-0.426-0.99-0.66-1.59-0.66c-0.601,0-1.166,0.234-1.591,0.659\r\n        C9.984,5.584,9.75,6.149,9.75,6.75C9.75,7.164,9.414,7.5,9,7.5S8.25,7.163,8.25,6.75c0-2.067,1.683-3.749,3.75-3.749\r\n        c1.002,0,1.944,0.39,2.652,1.099c0.708,0.709,1.098,1.65,1.098,2.652c0,1.586-1.005,3.006-2.5,3.535\r\n        c-0.299,0.106-0.5,0.39-0.5,0.708v0.256C12.75,11.664,12.414,12,12,12z\"\/>\r\n    <circle cx=\"12\" cy=\"14.625\" r=\"1.125\"\/>\r\n<\/g>\r\n<\/svg><\/i>\t\t\t\t\t\t<h5>Jak se dostanu z a na leti\u0161t\u011b?<\/h5>\r\n\t\t\t\t\t\t<span class=\"arrow\">\r\n\t\t\t\t\t\t\t<i class=\"fa fa-angle-down\"><\/i>\r\n\t\t\t\t\t\t<\/span>\r\n\t\t\t\t\t<\/div>\r\n\r\n\t\t\t\t\t\t\t\t\t\t\t<div class=\"body\">\r\n\t\t\t\t\t\t\tParkVia nab\u00edz\u00ed rezervace parkovac\u00edch m\u00edst na parkovi\u0161t\u00edch v t\u011bsn\u00e9 bl\u00edzkosti leti\u0161t\u011b. Ka\u017ed\u00e1 rezervace zahrnuje v cen\u011b parkovn\u00e9ho p\u0159epravu na leti\u0161t\u011b a zp\u00e1tky na parkovi\u0161t\u011b, a\u0165 u\u017e kyvadlov\u00fdm autobusem, minibusem nebo tax\u00edkem. Pro v\u00edc informac\u00ed o jednotliv\u00fdch parkovi\u0161t\u00edch a zp\u016fsobech p\u0159epravy, pros\u00edm klikn\u011bte na ikonu parkovi\u0161t\u011b, n\u00e1sledn\u011b se V\u00e1m zobraz\u00ed podrobn\u00fd popis dan\u00e9ho parkovi\u0161t\u011b\t\t\t\t\t\t<\/div>\r\n\t\t\t\t\t\t\t\t\t<\/div>\r\n\t\t\t\t\t\t\t<\/div>\r\n[\/vc_column][\/vc_row]<\/p>\n<\/div>","protected":false},"excerpt":{"rendered":"<p>[vc_row full_width=\u00bbstretch_row_content\u00bb css=\u00bb.vc_custom_1755702839964{background-color: #0CA532 !important;}\u00bb][vc_column][vc_column_text css=\u00bb\u00bb] Porovnejte a objednejte nejlevn\u011bj\u0161\u00ed parkov\u00e1n\u00ed u v\u00fdznamn\u00fdch leti\u0161\u0165. Zaparkujte na Leti\u0161ti Praha od 850 K\u010d\/t\u00fdden. [\/vc_column_text][vc_empty_space][vc_raw_html css=\u00bb\u00bb]JTNDaWZyYW1lJTIwJTBBJTIwJTIwc3JjJTNEJTIyaHR0cHMlM0ElMkYlMkZ3d3cucGFya3ZpYS5jb20lMkZjcy1DWiUyRmFmZmlsaWF0ZSUyRmVib29raW5nY3olMkZxdW90ZSUyMiUyMCUwQSUyMCUyMHdpZHRoJTNEJTIyMTAwJTI1JTIyJTIwJTBBJTIwJTIwaGVpZ2h0JTNEJTIyMjUwJTIyJTIwJTBBJTIwJTIwc3R5bGUlM0QlMjJib3JkZXIlM0ElMjAxcHglMjBzb2xpZCUyMCUyM2NjYyUzQiUyMGJvcmRlci1yYWRpdXMlM0ElMjAxMnB4JTNCJTIwb3ZlcmZsb3clM0ElMjBoaWRkZW4lM0IlMjIlM0UlMEElM0MlMkZpZnJhbWUlM0U=[\/vc_raw_html][\/vc_column][\/vc_row][vc_row][vc_column][vc_empty_space][\/vc_column][\/vc_row][vc_row][vc_column width=\u00bb1\/2&#8243;][vc_message message_box_style=\u00bbsolid-icon\u00bb message_box_color=\u00bbgreen\u00bb icon_fontawesome=\u00bbfa fa-check\u00bb] rezervujte si parkov\u00e1n\u00ed snadno, rychle, srozumiteln\u011b a bezpe\u010dn\u011b. levn\u011bji ne\u017e ofici\u00e1ln\u00ed leti\u0161tn\u00ed parkovi\u0161t\u011b bez z\u00e1lohy a rezerva\u010dn\u00edho poplatku p\u0159i rezervaci online zm\u011bna rezervace ZDARMA a\u017e 24 hodin [&hellip;]<\/p>\n","protected":false},"author":3,"featured_media":54019,"parent":0,"menu_order":0,"comment_status":"closed","ping_status":"closed","template":"template-home-modern.php","meta":{"footnotes":""},"class_list":["post-10307","page","type-page","status-publish","has-post-thumbnail","hentry"],"yoast_head":"<!-- This site is optimized with the Yoast SEO Premium plugin v26.1 (Yoast SEO v27.2) - https:\/\/yoast.com\/product\/yoast-seo-premium-wordpress\/ -->\n<title>Nejlevn\u011bj\u0161\u00ed Parkov\u00e1n\u00ed u leti\u0161t\u011b - e-booking.cz<\/title>\n<meta name=\"description\" content=\"Najd\u011bte a objednejte pohodln\u00e9 parkov\u00e1n\u00ed u leti\u0161t\u011b. Praha od 650 K\u010d na t\u00fdden, Mnichov od 41 \u20ac na t\u00fdden a V\u00edde\u0148 od 39,92 \u20ac. Zru\u0161en\u00ed a transfery zdarma.\" \/>\n<meta name=\"robots\" content=\"index, follow, max-snippet:-1, max-image-preview:large, max-video-preview:-1\" \/>\n<link rel=\"canonical\" href=\"https:\/\/e-booking.cz\/parkovani\/\" \/>\n<meta name=\"twitter:card\" content=\"summary_large_image\" \/>\n<meta name=\"twitter:title\" content=\"Nejlevn\u011bj\u0161\u00ed Parkov\u00e1n\u00ed u leti\u0161t\u011b - e-booking.cz\" \/>\n<meta name=\"twitter:description\" content=\"Najd\u011bte a objednejte pohodln\u00e9 parkov\u00e1n\u00ed u leti\u0161t\u011b. Praha od 650 K\u010d na t\u00fdden, Mnichov od 41 \u20ac na t\u00fdden a V\u00edde\u0148 od 39,92 \u20ac. Zru\u0161en\u00ed a transfery zdarma.\" \/>\n<meta name=\"twitter:image\" content=\"https:\/\/e-booking.cz\/wp-content\/uploads\/2024\/01\/iStock-1410978490-scaled.jpg\" \/>\n<meta name=\"twitter:site\" content=\"@EBookingcz\" \/>\n<meta name=\"twitter:label1\" content=\"Tiempo de lectura\" \/>\n\t<meta name=\"twitter:data1\" content=\"1 minuto\" \/>\n<script type=\"application\/ld+json\" class=\"yoast-schema-graph\">{\"@context\":\"https:\/\/schema.org\",\"@graph\":[{\"@type\":\"WebPage\",\"@id\":\"https:\/\/e-booking.cz\/parkovani\/\",\"url\":\"https:\/\/e-booking.cz\/parkovani\/\",\"name\":\"Nejlevn\u011bj\u0161\u00ed Parkov\u00e1n\u00ed u leti\u0161t\u011b - e-booking.cz\",\"isPartOf\":{\"@id\":\"https:\/\/e-booking.cz\/#website\"},\"primaryImageOfPage\":{\"@id\":\"https:\/\/e-booking.cz\/parkovani\/#primaryimage\"},\"image\":{\"@id\":\"https:\/\/e-booking.cz\/parkovani\/#primaryimage\"},\"thumbnailUrl\":\"https:\/\/e-booking.cz\/wp-content\/uploads\/2024\/01\/iStock-1410978490-scaled.jpg\",\"datePublished\":\"2019-09-04T14:42:58+00:00\",\"dateModified\":\"2025-08-20T15:23:24+00:00\",\"description\":\"Najd\u011bte a objednejte pohodln\u00e9 parkov\u00e1n\u00ed u leti\u0161t\u011b. Praha od 650 K\u010d na t\u00fdden, Mnichov od 41 \u20ac na t\u00fdden a V\u00edde\u0148 od 39,92 \u20ac. Zru\u0161en\u00ed a transfery zdarma.\",\"breadcrumb\":{\"@id\":\"https:\/\/e-booking.cz\/parkovani\/#breadcrumb\"},\"inLanguage\":\"es\",\"potentialAction\":[{\"@type\":\"ReadAction\",\"target\":[\"https:\/\/e-booking.cz\/parkovani\/\"]}]},{\"@type\":\"ImageObject\",\"inLanguage\":\"es\",\"@id\":\"https:\/\/e-booking.cz\/parkovani\/#primaryimage\",\"url\":\"https:\/\/e-booking.cz\/wp-content\/uploads\/2024\/01\/iStock-1410978490-scaled.jpg\",\"contentUrl\":\"https:\/\/e-booking.cz\/wp-content\/uploads\/2024\/01\/iStock-1410978490-scaled.jpg\",\"width\":2560,\"height\":2560,\"caption\":\"Young beautiful woman traveling by car in the mountains using smartphone at sunset\"},{\"@type\":\"BreadcrumbList\",\"@id\":\"https:\/\/e-booking.cz\/parkovani\/#breadcrumb\",\"itemListElement\":[{\"@type\":\"ListItem\",\"position\":1,\"name\":\"Dom\u016f\",\"item\":\"https:\/\/e-booking.cz\/es\/\"},{\"@type\":\"ListItem\",\"position\":2,\"name\":\"Parkov\u00e1n\u00ed\"}]},{\"@type\":\"WebSite\",\"@id\":\"https:\/\/e-booking.cz\/#website\",\"url\":\"https:\/\/e-booking.cz\/\",\"name\":\"e-booking.cz\",\"description\":\"\",\"publisher\":{\"@id\":\"https:\/\/e-booking.cz\/#organization\"},\"potentialAction\":[{\"@type\":\"SearchAction\",\"target\":{\"@type\":\"EntryPoint\",\"urlTemplate\":\"https:\/\/e-booking.cz\/?s={search_term_string}\"},\"query-input\":{\"@type\":\"PropertyValueSpecification\",\"valueRequired\":true,\"valueName\":\"search_term_string\"}}],\"inLanguage\":\"es\"},{\"@type\":\"Organization\",\"@id\":\"https:\/\/e-booking.cz\/#organization\",\"name\":\"e-booking.cz\",\"url\":\"https:\/\/e-booking.cz\/\",\"logo\":{\"@type\":\"ImageObject\",\"inLanguage\":\"es\",\"@id\":\"https:\/\/e-booking.cz\/#\/schema\/logo\/image\/\",\"url\":\"https:\/\/e-booking.cz\/wp-content\/uploads\/2019\/08\/logo-ebooking-e1565277525708.png\",\"contentUrl\":\"https:\/\/e-booking.cz\/wp-content\/uploads\/2019\/08\/logo-ebooking-e1565277525708.png\",\"width\":130,\"height\":24,\"caption\":\"e-booking.cz\"},\"image\":{\"@id\":\"https:\/\/e-booking.cz\/#\/schema\/logo\/image\/\"},\"sameAs\":[\"https:\/\/www.facebook.com\/ebookingcz\",\"https:\/\/x.com\/EBookingcz\",\"https:\/\/www.instagram.com\/ebooking.cz\/\"]}]}<\/script>\n<!-- \/ Yoast SEO Premium plugin. -->","yoast_head_json":{"title":"Nejlevn\u011bj\u0161\u00ed Parkov\u00e1n\u00ed u leti\u0161t\u011b - e-booking.cz","description":"Najd\u011bte a objednejte pohodln\u00e9 parkov\u00e1n\u00ed u leti\u0161t\u011b. Praha od 650 K\u010d na t\u00fdden, Mnichov od 41 \u20ac na t\u00fdden a V\u00edde\u0148 od 39,92 \u20ac. Zru\u0161en\u00ed a transfery zdarma.","robots":{"index":"index","follow":"follow","max-snippet":"max-snippet:-1","max-image-preview":"max-image-preview:large","max-video-preview":"max-video-preview:-1"},"canonical":"https:\/\/e-booking.cz\/parkovani\/","twitter_card":"summary_large_image","twitter_title":"Nejlevn\u011bj\u0161\u00ed Parkov\u00e1n\u00ed u leti\u0161t\u011b - e-booking.cz","twitter_description":"Najd\u011bte a objednejte pohodln\u00e9 parkov\u00e1n\u00ed u leti\u0161t\u011b. Praha od 650 K\u010d na t\u00fdden, Mnichov od 41 \u20ac na t\u00fdden a V\u00edde\u0148 od 39,92 \u20ac. Zru\u0161en\u00ed a transfery zdarma.","twitter_image":"https:\/\/e-booking.cz\/wp-content\/uploads\/2024\/01\/iStock-1410978490-scaled.jpg","twitter_site":"@EBookingcz","twitter_misc":{"Tiempo de lectura":"1 minuto"},"schema":{"@context":"https:\/\/schema.org","@graph":[{"@type":"WebPage","@id":"https:\/\/e-booking.cz\/parkovani\/","url":"https:\/\/e-booking.cz\/parkovani\/","name":"Nejlevn\u011bj\u0161\u00ed Parkov\u00e1n\u00ed u leti\u0161t\u011b - e-booking.cz","isPartOf":{"@id":"https:\/\/e-booking.cz\/#website"},"primaryImageOfPage":{"@id":"https:\/\/e-booking.cz\/parkovani\/#primaryimage"},"image":{"@id":"https:\/\/e-booking.cz\/parkovani\/#primaryimage"},"thumbnailUrl":"https:\/\/e-booking.cz\/wp-content\/uploads\/2024\/01\/iStock-1410978490-scaled.jpg","datePublished":"2019-09-04T14:42:58+00:00","dateModified":"2025-08-20T15:23:24+00:00","description":"Najd\u011bte a objednejte pohodln\u00e9 parkov\u00e1n\u00ed u leti\u0161t\u011b. Praha od 650 K\u010d na t\u00fdden, Mnichov od 41 \u20ac na t\u00fdden a V\u00edde\u0148 od 39,92 \u20ac. Zru\u0161en\u00ed a transfery zdarma.","breadcrumb":{"@id":"https:\/\/e-booking.cz\/parkovani\/#breadcrumb"},"inLanguage":"es","potentialAction":[{"@type":"ReadAction","target":["https:\/\/e-booking.cz\/parkovani\/"]}]},{"@type":"ImageObject","inLanguage":"es","@id":"https:\/\/e-booking.cz\/parkovani\/#primaryimage","url":"https:\/\/e-booking.cz\/wp-content\/uploads\/2024\/01\/iStock-1410978490-scaled.jpg","contentUrl":"https:\/\/e-booking.cz\/wp-content\/uploads\/2024\/01\/iStock-1410978490-scaled.jpg","width":2560,"height":2560,"caption":"Young beautiful woman traveling by car in the mountains using smartphone at sunset"},{"@type":"BreadcrumbList","@id":"https:\/\/e-booking.cz\/parkovani\/#breadcrumb","itemListElement":[{"@type":"ListItem","position":1,"name":"Dom\u016f","item":"https:\/\/e-booking.cz\/es\/"},{"@type":"ListItem","position":2,"name":"Parkov\u00e1n\u00ed"}]},{"@type":"WebSite","@id":"https:\/\/e-booking.cz\/#website","url":"https:\/\/e-booking.cz\/","name":"e-booking.cz","description":"","publisher":{"@id":"https:\/\/e-booking.cz\/#organization"},"potentialAction":[{"@type":"SearchAction","target":{"@type":"EntryPoint","urlTemplate":"https:\/\/e-booking.cz\/?s={search_term_string}"},"query-input":{"@type":"PropertyValueSpecification","valueRequired":true,"valueName":"search_term_string"}}],"inLanguage":"es"},{"@type":"Organization","@id":"https:\/\/e-booking.cz\/#organization","name":"e-booking.cz","url":"https:\/\/e-booking.cz\/","logo":{"@type":"ImageObject","inLanguage":"es","@id":"https:\/\/e-booking.cz\/#\/schema\/logo\/image\/","url":"https:\/\/e-booking.cz\/wp-content\/uploads\/2019\/08\/logo-ebooking-e1565277525708.png","contentUrl":"https:\/\/e-booking.cz\/wp-content\/uploads\/2019\/08\/logo-ebooking-e1565277525708.png","width":130,"height":24,"caption":"e-booking.cz"},"image":{"@id":"https:\/\/e-booking.cz\/#\/schema\/logo\/image\/"},"sameAs":["https:\/\/www.facebook.com\/ebookingcz","https:\/\/x.com\/EBookingcz","https:\/\/www.instagram.com\/ebooking.cz\/"]}]}},"_links":{"self":[{"href":"https:\/\/e-booking.cz\/es\/wp-json\/wp\/v2\/pages\/10307","targetHints":{"allow":["GET"]}}],"collection":[{"href":"https:\/\/e-booking.cz\/es\/wp-json\/wp\/v2\/pages"}],"about":[{"href":"https:\/\/e-booking.cz\/es\/wp-json\/wp\/v2\/types\/page"}],"author":[{"embeddable":true,"href":"https:\/\/e-booking.cz\/es\/wp-json\/wp\/v2\/users\/3"}],"replies":[{"embeddable":true,"href":"https:\/\/e-booking.cz\/es\/wp-json\/wp\/v2\/comments?post=10307"}],"version-history":[{"count":19,"href":"https:\/\/e-booking.cz\/es\/wp-json\/wp\/v2\/pages\/10307\/revisions"}],"predecessor-version":[{"id":62643,"href":"https:\/\/e-booking.cz\/es\/wp-json\/wp\/v2\/pages\/10307\/revisions\/62643"}],"wp:featuredmedia":[{"embeddable":true,"href":"https:\/\/e-booking.cz\/es\/wp-json\/wp\/v2\/media\/54019"}],"wp:attachment":[{"href":"https:\/\/e-booking.cz\/es\/wp-json\/wp\/v2\/media?parent=10307"}],"curies":[{"name":"wp","href":"https:\/\/api.w.org\/{rel}","templated":true}]}}