{"id":10023,"date":"2019-09-01T18:58:21","date_gmt":"2019-09-01T16:58:21","guid":{"rendered":"https:\/\/e-booking.cz\/?page_id=10023"},"modified":"2022-05-01T13:13:14","modified_gmt":"2022-05-01T11:13:14","slug":"malaga","status":"publish","type":"page","link":"https:\/\/e-booking.cz\/es\/malaga\/","title":{"rendered":"M\u00e1laga Apartm\u00e1ny"},"content":{"rendered":"<div class=\"wpb-content-wrapper\"><p>[vc_row][vc_column][vc_column_text]<\/p>\n<h1>Na\u0161e apartm\u00e1ny v M\u00e1laze<\/h1>\n<h3>Pokud se chyst\u00e1te na jih \u0160pan\u011blska nab\u00edz\u00edme V\u00e1m ubytov\u00e1n\u00ed v na\u0161ich apartm\u00e1nech, kter\u00e9 le\u017e\u00ed v centru m\u011bsta, jsou pln\u011b vybaven\u00e9 a za p\u0159\u00edjemn\u00e9 ceny.<\/h3>\n<p>[\/vc_column_text][vc_empty_space][vc_video link=\u00bbhttps:\/\/www.youtube.com\/watch?v=0VLNn6TOXjc\u00bb][vc_empty_space][\/vc_column][\/vc_row][vc_row][vc_column][vc_column_text]<\/p>\n<h2>Pro\u010d n\u00e1s bav\u00ed M\u00e1laga?<\/h2>\n<ul>\n<li>Je to <strong>nejji\u017en\u011bji polo\u017een\u00e9 v\u011bt\u0161\u00ed m\u011bsto v Evrop\u011b<\/strong>.<\/li>\n<li>M\u00e1 300+ slune\u010dn\u00fdch dn\u00ed a i v zim\u011b se tam teplota pohybuje kolem 20 stup\u0148\u016f, na slun\u00ed\u010dku p\u0159es den se ob\u010das vy\u0161plh\u00e1 i k t\u0159\u00edc\u00edtce!<\/li>\n<li><strong>M\u011bsto m\u00e1 pl\u00e1\u017ee a historick\u00e9 centrum<\/strong>, kter\u00e9 m\u00e1 sv\u00e9ho ducha.<\/li>\n<li><strong>Spousta typick\u00fdch \u0161pan\u011blsk\u00fdch tapas bar\u016f<\/strong>, cafateri\u00ed.<\/li>\n<li>Centrum bez dopravy a plno mo\u017enost\u00ed z\u00e1bavy.<\/li>\n<li>Levn\u00e9 a lok\u00e1ln\u00ed suroviny na trz\u00edch (avok\u00e1da, pomeran\u010de, mandarinky, raj\u010data, listov\u00e1 zelenina).<\/li>\n<li>Vhodn\u00e1 m\u00edsta pro skateboarding.<\/li>\n<li><strong>Dobr\u00fd v\u00fdchoz\u00ed bod pro v\u00fdlety<\/strong> do okoln\u00edch m\u011bst.<\/li>\n<\/ul>\n<p>[\/vc_column_text][\/vc_column][\/vc_row][vc_row][vc_column][vc_separator][vc_row_inner][vc_column_inner][vc_masonry_media_grid grid_id=\u00bbvc_gid:1651403579454-7e2de3ae-eb3a-2&#8243; include=\u00bb10052,30339,30342,30345,30348,30351&#8243;][\/vc_column_inner][\/vc_row_inner][\/vc_column][\/vc_row][vc_row][vc_column][vc_separator][\/vc_column][\/vc_row][vc_row][vc_column width=\u00bb1\/2&#8243;][vc_column_text]<\/p>\n<h2>\u00c1tico Centro M\u00e1laga<\/h2>\n<p>[\/vc_column_text][\/vc_column][vc_column width=\u00bb1\/2&#8243;][vc_message message_box_style=\u00bbsolid-icon\u00bb message_box_color=\u00bborange\u00bb icon_fontawesome=\u00bbfa fa-thumb-tack\u00bb]Calle Feij\u00f3o 14, M\u00e1laga \u2013 centrum, 29009 M\u00e1laga, \u0160pan\u011blsko[\/vc_message][\/vc_column][\/vc_row][vc_row][vc_column][vc_empty_space][vc_column_text]V \u00c1tico Centro M\u00e1laga se budete c\u00edtit jako doma- najdete zde v\u0161e co pot\u0159ebujete. Nab\u00edz\u00ed rychl\u00e9 p\u0159ipojen\u00ed k Internetu, \u010desk\u00e9 TV programy, chytrou TV s mo\u017enost\u00ed p\u0159ehr\u00e1v\u00e1n\u00ed po\u0159ad\u016f z You Tube a dal\u0161\u00edch aplikac\u00ed.<\/p>\n<p>Pohodlnou dovolenou si zde u\u017eij\u00ed dv\u011b osoby, ale nab\u00edz\u00edme i dal\u0161\u00ed p\u0159ist\u00fdlky.<\/p>\n<p>Apartm\u00e1n le\u017e\u00ed v klidn\u00e9 \u010d\u00e1sti m\u011bsta, pouze 400 metr\u016f od muzea Carmen Thyssenov\u00e9. Nab\u00edz\u00ed terasu, bezplatn\u00e9 Wi-Fi ve v\u0161ech prostor\u00e1ch a neplacen\u00e9 soukrom\u00e9 parkovi\u0161t\u011b.<\/p>\n<p>Kuchy\u0148 je vybavena mikrovlnnou troubou, toustova\u010dem, k\u00e1vovarem a varnou konvic\u00ed. Nov\u011b rekonstruovan\u00e1 koupelna se sprchou. Ru\u010dn\u00edky a lo\u017en\u00ed pr\u00e1dlo jsou zahrnuty v cen\u011b.<\/p>\n<p>\u00c1tico Centro M\u00e1laga le\u017e\u00ed 600 metr\u016f od n\u00e1kupn\u00ed ulice Calle Larios a 700 metr\u016f od katedr\u00e1ly v M\u00e1laze. V centru m\u011bsta jste za 3 minuty p\u011b\u0161\u00ed ch\u016fze. Na pl\u00e1\u017ei budete do 15 minut, nebo na kolob\u011b\u017ece za 7 minut.[\/vc_column_text][\/vc_column][\/vc_row][vc_row][vc_column width=\u00bb2\/3&#8243;][vc_gmaps link=\u00bb#E-8_JTNDaWZyYW1lJTIwc3JjJTNEJTIyaHR0cHMlM0ElMkYlMkZ3d3cuZ29vZ2xlLmNvbSUyRm1hcHMlMkZlbWJlZCUzRnBiJTNEJTIxMW0xOCUyMTFtMTIlMjExbTMlMjExZDMxOTguMDEzMzM0NjkzOTcxJTIxMmQtNC40MjkwMTI2ODQ5NDg5NDUlMjEzZDM2LjcyMjI0MDk3OTk2NDU5NiUyMTJtMyUyMTFmMCUyMTJmMCUyMTNmMCUyMTNtMiUyMTFpMTAyNCUyMTJpNzY4JTIxNGYxMy4xJTIxM20zJTIxMW0yJTIxMXMweGQ3MmY3YmQ2ZjIxMTBkMyUyNTNBMHg0YTQzZjlhMTNiY2MyNTJjJTIxMnp3NEYwYVdOdklFTmxiblJ5YnlCTnc2RnNZV2RoJTIxNWUwJTIxM20yJTIxMXNjcyUyMTJzZXMlMjE0djE1Njc1MzM2MDk3MDElMjE1bTIlMjExc2NzJTIxMnNlcyUyMiUyMHdpZHRoJTNEJTIyNjAwJTIyJTIwaGVpZ2h0JTNEJTIyNDUwJTIyJTIwZnJhbWVib3JkZXIlM0QlMjIwJTIyJTIwc3R5bGUlM0QlMjJib3JkZXIlM0EwJTNCJTIyJTIwYWxsb3dmdWxsc2NyZWVuJTNEJTIyJTIyJTNFJTNDJTJGaWZyYW1lJTNF\u00bb size=\u00bb300&#8243;][\/vc_column][vc_column width=\u00bb1\/3&#8243;][vc_images_carousel images=\u00bb10037,36654,10034,10040,10174,10171,10168,10165,10159,10162,10156&#8243; img_size=\u00bb307&#215;307&#8243; onclick=\u00bblink_no\u00bb autoplay=\u00bbyes\u00bb wrap=\u00bbyes\u00bb][\/vc_column][\/vc_row][vc_row][vc_column][vc_message message_box_style=\u00bbsolid-icon\u00bb message_box_color=\u00bbgreen\u00bb icon_fontawesome=\u00bb\u00bb]B\u011bhem rezervace uplatn\u011bte dodate\u010dnou slevu 30%: <strong>ATICO30<\/strong>[\/vc_message][vc_raw_html]JTNDJTIxLS0lMjBib29raW5nV2lkZ2V0JTIwcmVxdWlyZXMlMjBqUXVlcnklMjBhbmQlMjBqUXVlcnlVSSUyMC0tJTNFJTBBJTNDJTIxLS0lMjBJbmNsdWRlJTIwdGhlJTIwZm9sbG93aW5nJTIwbGluZSUyME9OQ0UlMjBPTkxZJTIwb24lMjB0aGUlMjBwYWdlJTJDJTIwcHJlZmVyYWJseSUyMGluJTIwdGhlJTIwZG9jdW1lbnQlMjBoZWFkJTIwLS0lM0UlMEElM0NzY3JpcHQlMjBzcmMlM0QlMjdodHRwcyUzQSUyRiUyRm1lZGlhLnhtbGNhbC5jb20lMkZ3aWRnZXQlMkYxLjAwJTJGanMlMkZib29rV2lkZ2V0Lm1pbi5qcyUyNyUzRSUzQyUyRnNjcmlwdCUzRSUwQSUwQSUzQyUyMS0tJTIwUGxhY2UlMjB0aGlzJTIwZGl2JTIwb24lMjB5b3VyJTIwcGFnZSUyMHdoZXJlJTIweW91JTIwd2FudCUyMHRoZSUyMHdpZGdldCUyMHRvJTIwc2hvdyUyMC0tJTNFJTBBJTNDZGl2JTIwaWQlM0QlMjdib29rV2lkZ2V0LTMyMDczLTU2NTM2LTEzMDQ0Mi0xNTY4MjI4OTMwJTI3JTNFJTIwJTNDJTJGZGl2JTNFJTBBJTBBJTNDJTIxLS0lMjBUaGUlMjBmb2xsb3dpbmclMjB3aWxsJTIwaW5pdGlhbGl6ZSUyMHRoZSUyMHdpZGdldCUyMGluJTIwdGhlJTIwYWJvdmUlMjBkaXYlMjAtLSUzRSUwQSUzQ3NjcmlwdCUzRSUwQWpRdWVyeSUyOGRvY3VtZW50JTI5LnJlYWR5JTI4ZnVuY3Rpb24lMjglMjklMjAlN0IlMEElMDlqUXVlcnklMjglMjclMjNib29rV2lkZ2V0LTMyMDczLTU2NTM2LTEzMDQ0Mi0xNTY4MjI4OTMwJTI3JTI5LmJvb2tXaWRnZXQlMjglN0IlMEElMDklMDlyb29taWQlM0ExMzA0NDIlMkMlMEElMDklMDlkYXRlRm9ybWF0JTNBJTI3ZGQlMkZtbSUyRnl5JTI3JTJDJTBBJTA5JTA5ZGVmYXVsdE51bUFkdWx0JTNBMiUyQyUwQSUwOSUwOWRlZmF1bHROdW1OaWdodCUzQTMlMkMlMEElMDklMDlmb3JtQWN0aW9uJTNBJTI3aHR0cHMlM0ElMkYlMkZ3d3cuYmVkczI0LmNvbSUyRmJvb2tpbmcucGhwJTI3JTJDJTBBJTA5JTA5bWF4QWR1bHQlM0EyJTJDJTBBJTA5JTA5bWF4Q2hpbGQlM0ExJTJDJTBBJTA5JTA5bnVtTW9udGglM0EzJTJDJTBBJTA5JTA5cmVmZXJlciUzQSUyN2UtYm9va2luZyUyNyUyQyUwQSUwOSUwOXdlZWtGaXJzdERheSUzQTElMkMlMEElMDklMDl3aWRnZXRMYW5nJTNBJTI3Y3MlMjclMkMlMEElMDklMDl3aWRnZXRUaXRsZSUzQSUyN0thbGVuZCVDMyVBMSVDNSU5OSUyMHZvbG4lQzMlQkRjaCUyMHRlcm0lQzMlQURuJUM1JUFGJTI3JTJDJTBBJTA5JTA5d2lkZ2V0VHlwZSUzQSUyN0F2YWlsYWJpbGl0eUNhbGVuZGFyJTI3JTJDJTBBJTA5JTA5d2lkdGglM0ElMjcxMDAlMjUlMjclMEElMDklN0QlMjklM0IlMEElN0QlMjklM0IlMEElM0MlMkZzY3JpcHQlM0UlMEE=[\/vc_raw_html][\/vc_column][\/vc_row][vc_row][vc_column][vc_separator][\/vc_column][\/vc_row][vc_row][vc_column][vc_message message_box_style=\u00bb3d\u00bb message_box_color=\u00bbgreen\u00bb icon_fontawesome=\u00bb\u00bb]<\/p>\n<h2><span style=\"color: #339966;\">Levn\u00e9 letenky do M\u00e1lagy<\/span><\/h2>\n<p>[\/vc_message][vc_raw_js]JTNDc2NyaXB0JTIwc3JjJTNEJTIyJTJGJTJGYzExMS50cmF2ZWxwYXlvdXRzLmNvbSUyRmNvbnRlbnQlM0Zwcm9tb19pZCUzRDQ0NzglMjZzaG1hcmtlciUzRDI0MDAxMCUyNmxvY2FsZSUzRGN6JTI2Y3VycmVuY3klM0RjemslMjZzdG9wcyUzRDAlMjZzaG93X2hlYWRlciUzRGZhbHNlJTI2bGltaXQlM0QzJTI2cHJpbWFyeV9jb2xvciUzRDBDQTUzMiUyNnRvX25hbWUlM0RBR1AlMjZmcm9tX25hbWUlM0RQUkclMjIlMjBjaGFyc2V0JTNEJTIydXRmLTglMjIlM0UlM0MlMkZzY3JpcHQlM0U=[\/vc_raw_js][vc_empty_space][\/vc_column][\/vc_row][vc_row][vc_column][vc_column_text]<\/p>\n<h2>Co nav\u0161t\u00edvit v M\u00e1laze?<\/h2>\n<p>[\/vc_column_text][\/vc_column][\/vc_row][vc_row][vc_column][vc_raw_html]JTNDZGl2JTIwZGF0YS1neWctaHJlZiUzRCUyMmh0dHBzJTNBJTJGJTJGd2lkZ2V0LmdldHlvdXJndWlkZS5jb20lMkZkZWZhdWx0JTJGYWN0aXZpdGVzLmZyYW1lJTIyJTIwZGF0YS1neWctbG9jYWxlLWNvZGUlM0QlMjJlbi1VUyUyMiUyMGRhdGEtZ3lnLXdpZGdldCUzRCUyMmFjdGl2aXRpZXMlMjIlMjBkYXRhLWd5Zy1udW1iZXItb2YtaXRlbXMlM0QlMjI0JTIyJTIwZGF0YS1neWctY3VycmVuY3klM0QlMjJDWkslMjIlMjBkYXRhLWd5Zy1zZWUtbW9yZSUzRCUyMnRydWUlMjIlMjBkYXRhLWd5Zy1wYXJ0bmVyLWlkJTNEJTIyVEVaWjcwNiUyMiUyMGRhdGEtZ3lnLXBsYWNlbWVudCUzRCUyMmNvbnRlbnQtZW5kJTIyJTIwZGF0YS1neWctdG91ci1pZHMlM0QlMjIzODU3MiUyQzQyMTklMkM0MDMxNSUyQzEwOTQwJTIyJTNFJTNDJTJGZGl2JTNF[\/vc_raw_html][\/vc_column][\/vc_row][vc_row][vc_column][vc_message message_box_style=\u00bb3d\u00bb message_box_color=\u00bbgreen\u00bb icon_fontawesome=\u00bb\u00bb]<\/p>\n<h2><span style=\"color: #339966;\">V\u00fdhodn\u00e9 p\u016fj\u010den\u00ed vozidla<\/span><\/h2>\n<p>[\/vc_message][\/vc_column][\/vc_row][vc_row][vc_column][vc_raw_html]JTNDc2NyaXB0JTIwYXN5bmMlMjBkZWZlciUyMHNyYyUzRCUyMmh0dHBzJTNBJTJGJTJGd2lkZ2V0LmdldHlvdXJndWlkZS5jb20lMkZ2MiUyRndpZGdldC5qcyUyMiUzRSUzQyUyRnNjcmlwdCUzRQ==[\/vc_raw_html][vc_raw_js]JTNDc2NyaXB0JTIwc3JjJTNEJTIyJTJGJTJGYzEzMC50cmF2ZWxwYXlvdXRzLmNvbSUyRmNvbnRlbnQlM0Zwcm9tb19pZCUzRDQwNDMlMjZzaG1hcmtlciUzRDI0MDAxMCUyNnJlc3VsdHMlM0QzJTI2d2lkdGglM0QxMDAlMjUyNSUyNmhlaWdodCUzRDQ4MCUyNmxvY2FsZSUzRGNzJTI2Y3VyJTNEQ1pLJTI2cGlja3VwX2RhdGUlM0QxJTI2cGlja3VwX21vbnRoJTNEMSUyNnBpY2t1cF95ZWFyJTNEMjAyMCUyNnBpY2t1cF9ob3VyJTNEMTAlMjZwaWNrdXBfbWluJTNEMDAlMjZyZXR1cm5fZGF0ZSUzRDElMjZyZXR1cm5fbW9udGglM0QxJTI2cmV0dXJuX3llYXIlM0QyMDIwJTI2cmV0dXJuX2hvdXIlM0QxMCUyNnJldHVybl9taW4lM0QwMCUyNmlhdGElM0RBR1AlMjIlMjBjaGFyc2V0JTNEJTIydXRmLTglMjIlM0UlM0MlMkZzY3JpcHQlM0U=[\/vc_raw_js][vc_empty_space height=\u00bb82px\u00bb][vc_message message_box_style=\u00bb3d\u00bb message_box_color=\u00bbgreen\u00bb icon_fontawesome=\u00bb\u00bb]<\/p>\n<h2><span style=\"color: #339966;\">Kontaktujte n\u00e1s p\u0159\u00edmo: <a href=\"mailto:reservacion.malaga@gmail.com\">reservacion.malaga@gmail.com<\/a> nebo <a href=\"mailto:info@e-booking.cz\">info@e-booking.cz<\/a><\/span><\/h2>\n<p>[\/vc_message][\/vc_column][\/vc_row]<\/p>\n<\/div>","protected":false},"excerpt":{"rendered":"<p>[vc_row][vc_column][vc_column_text] Na\u0161e apartm\u00e1ny v M\u00e1laze Pokud se chyst\u00e1te na jih \u0160pan\u011blska nab\u00edz\u00edme V\u00e1m ubytov\u00e1n\u00ed v na\u0161ich apartm\u00e1nech, kter\u00e9 le\u017e\u00ed v centru m\u011bsta, jsou pln\u011b vybaven\u00e9 a za p\u0159\u00edjemn\u00e9 ceny. [\/vc_column_text][vc_empty_space][vc_video link=\u00bbhttps:\/\/www.youtube.com\/watch?v=0VLNn6TOXjc\u00bb][vc_empty_space][\/vc_column][\/vc_row][vc_row][vc_column][vc_column_text] Pro\u010d n\u00e1s bav\u00ed M\u00e1laga? Je to nejji\u017en\u011bji polo\u017een\u00e9 v\u011bt\u0161\u00ed m\u011bsto v Evrop\u011b. M\u00e1 300+ slune\u010dn\u00fdch dn\u00ed a i v zim\u011b se tam teplota pohybuje [&hellip;]<\/p>\n","protected":false},"author":3,"featured_media":30482,"parent":0,"menu_order":0,"comment_status":"closed","ping_status":"closed","template":"template-home-modern.php","meta":{"footnotes":""},"class_list":["post-10023","page","type-page","status-publish","has-post-thumbnail","hentry"],"yoast_head":"<!-- This site is optimized with the Yoast SEO Premium plugin v26.1 (Yoast SEO v27.2) - https:\/\/yoast.com\/product\/yoast-seo-premium-wordpress\/ -->\n<title>M\u00e1laga Apartm\u00e1ny \u010desk\u00fd majitel - Exklusivn\u011b na: e-booking.cz<\/title>\n<meta name=\"description\" content=\"Pro\u010d n\u00e1s bav\u00ed M\u00e1laga?Je to nejji\u017en\u011bji polo\u017een\u00e9 v\u011bt\u0161\u00ed m\u011bsto v Evrop\u011b. Je tady kr\u00e1sn\u011b po cel\u00fd rok. M\u011bsto m\u00e1 pl\u00e1\u017ee a historick\u00e9 centrum, kter\u00e9 m\u00e1 sv\u00e9ho ducha.\" \/>\n<meta name=\"robots\" content=\"index, follow, max-snippet:-1, max-image-preview:large, max-video-preview:-1\" \/>\n<link rel=\"canonical\" href=\"https:\/\/e-booking.cz\/malaga\/\" \/>\n<meta name=\"twitter:card\" content=\"summary_large_image\" \/>\n<meta name=\"twitter:title\" content=\"M\u00e1laga Apartm\u00e1ny \u010desk\u00fd majitel - Exklusivn\u011b na: e-booking.cz\" \/>\n<meta name=\"twitter:description\" content=\"Pro\u010d n\u00e1s bav\u00ed M\u00e1laga?Je to nejji\u017en\u011bji polo\u017een\u00e9 v\u011bt\u0161\u00ed m\u011bsto v Evrop\u011b. Je tady kr\u00e1sn\u011b po cel\u00fd rok. M\u011bsto m\u00e1 pl\u00e1\u017ee a historick\u00e9 centrum, kter\u00e9 m\u00e1 sv\u00e9ho ducha.\" \/>\n<meta name=\"twitter:image\" content=\"https:\/\/e-booking.cz\/wp-content\/uploads\/2020\/07\/city-sunset-coast-cathedral-58737.jpg\" \/>\n<meta name=\"twitter:site\" content=\"@EBookingcz\" \/>\n<meta name=\"twitter:label1\" content=\"Tiempo de lectura\" \/>\n\t<meta name=\"twitter:data1\" content=\"5 minutos\" \/>\n<script type=\"application\/ld+json\" class=\"yoast-schema-graph\">{\"@context\":\"https:\/\/schema.org\",\"@graph\":[{\"@type\":\"WebPage\",\"@id\":\"https:\/\/e-booking.cz\/malaga\/\",\"url\":\"https:\/\/e-booking.cz\/malaga\/\",\"name\":\"M\u00e1laga Apartm\u00e1ny \u010desk\u00fd majitel - Exklusivn\u011b na: e-booking.cz\",\"isPartOf\":{\"@id\":\"https:\/\/e-booking.cz\/#website\"},\"primaryImageOfPage\":{\"@id\":\"https:\/\/e-booking.cz\/malaga\/#primaryimage\"},\"image\":{\"@id\":\"https:\/\/e-booking.cz\/malaga\/#primaryimage\"},\"thumbnailUrl\":\"https:\/\/e-booking.cz\/wp-content\/uploads\/2020\/07\/city-sunset-coast-cathedral-58737.jpg\",\"datePublished\":\"2019-09-01T16:58:21+00:00\",\"dateModified\":\"2022-05-01T11:13:14+00:00\",\"description\":\"Pro\u010d n\u00e1s bav\u00ed M\u00e1laga?Je to nejji\u017en\u011bji polo\u017een\u00e9 v\u011bt\u0161\u00ed m\u011bsto v Evrop\u011b. Je tady kr\u00e1sn\u011b po cel\u00fd rok. M\u011bsto m\u00e1 pl\u00e1\u017ee a historick\u00e9 centrum, kter\u00e9 m\u00e1 sv\u00e9ho ducha.\",\"breadcrumb\":{\"@id\":\"https:\/\/e-booking.cz\/malaga\/#breadcrumb\"},\"inLanguage\":\"es\",\"potentialAction\":[{\"@type\":\"ReadAction\",\"target\":[\"https:\/\/e-booking.cz\/malaga\/\"]}]},{\"@type\":\"ImageObject\",\"inLanguage\":\"es\",\"@id\":\"https:\/\/e-booking.cz\/malaga\/#primaryimage\",\"url\":\"https:\/\/e-booking.cz\/wp-content\/uploads\/2020\/07\/city-sunset-coast-cathedral-58737.jpg\",\"contentUrl\":\"https:\/\/e-booking.cz\/wp-content\/uploads\/2020\/07\/city-sunset-coast-cathedral-58737.jpg\",\"width\":1920,\"height\":686},{\"@type\":\"BreadcrumbList\",\"@id\":\"https:\/\/e-booking.cz\/malaga\/#breadcrumb\",\"itemListElement\":[{\"@type\":\"ListItem\",\"position\":1,\"name\":\"Dom\u016f\",\"item\":\"https:\/\/e-booking.cz\/es\/\"},{\"@type\":\"ListItem\",\"position\":2,\"name\":\"M\u00e1laga Apartm\u00e1ny\"}]},{\"@type\":\"WebSite\",\"@id\":\"https:\/\/e-booking.cz\/#website\",\"url\":\"https:\/\/e-booking.cz\/\",\"name\":\"e-booking.cz\",\"description\":\"\",\"publisher\":{\"@id\":\"https:\/\/e-booking.cz\/#organization\"},\"potentialAction\":[{\"@type\":\"SearchAction\",\"target\":{\"@type\":\"EntryPoint\",\"urlTemplate\":\"https:\/\/e-booking.cz\/?s={search_term_string}\"},\"query-input\":{\"@type\":\"PropertyValueSpecification\",\"valueRequired\":true,\"valueName\":\"search_term_string\"}}],\"inLanguage\":\"es\"},{\"@type\":\"Organization\",\"@id\":\"https:\/\/e-booking.cz\/#organization\",\"name\":\"e-booking.cz\",\"url\":\"https:\/\/e-booking.cz\/\",\"logo\":{\"@type\":\"ImageObject\",\"inLanguage\":\"es\",\"@id\":\"https:\/\/e-booking.cz\/#\/schema\/logo\/image\/\",\"url\":\"https:\/\/e-booking.cz\/wp-content\/uploads\/2019\/08\/logo-ebooking-e1565277525708.png\",\"contentUrl\":\"https:\/\/e-booking.cz\/wp-content\/uploads\/2019\/08\/logo-ebooking-e1565277525708.png\",\"width\":130,\"height\":24,\"caption\":\"e-booking.cz\"},\"image\":{\"@id\":\"https:\/\/e-booking.cz\/#\/schema\/logo\/image\/\"},\"sameAs\":[\"https:\/\/www.facebook.com\/ebookingcz\",\"https:\/\/x.com\/EBookingcz\",\"https:\/\/www.instagram.com\/ebooking.cz\/\"]}]}<\/script>\n<!-- \/ Yoast SEO Premium plugin. -->","yoast_head_json":{"title":"M\u00e1laga Apartm\u00e1ny \u010desk\u00fd majitel - Exklusivn\u011b na: e-booking.cz","description":"Pro\u010d n\u00e1s bav\u00ed M\u00e1laga?Je to nejji\u017en\u011bji polo\u017een\u00e9 v\u011bt\u0161\u00ed m\u011bsto v Evrop\u011b. Je tady kr\u00e1sn\u011b po cel\u00fd rok. M\u011bsto m\u00e1 pl\u00e1\u017ee a historick\u00e9 centrum, kter\u00e9 m\u00e1 sv\u00e9ho ducha.","robots":{"index":"index","follow":"follow","max-snippet":"max-snippet:-1","max-image-preview":"max-image-preview:large","max-video-preview":"max-video-preview:-1"},"canonical":"https:\/\/e-booking.cz\/malaga\/","twitter_card":"summary_large_image","twitter_title":"M\u00e1laga Apartm\u00e1ny \u010desk\u00fd majitel - Exklusivn\u011b na: e-booking.cz","twitter_description":"Pro\u010d n\u00e1s bav\u00ed M\u00e1laga?Je to nejji\u017en\u011bji polo\u017een\u00e9 v\u011bt\u0161\u00ed m\u011bsto v Evrop\u011b. Je tady kr\u00e1sn\u011b po cel\u00fd rok. M\u011bsto m\u00e1 pl\u00e1\u017ee a historick\u00e9 centrum, kter\u00e9 m\u00e1 sv\u00e9ho ducha.","twitter_image":"https:\/\/e-booking.cz\/wp-content\/uploads\/2020\/07\/city-sunset-coast-cathedral-58737.jpg","twitter_site":"@EBookingcz","twitter_misc":{"Tiempo de lectura":"5 minutos"},"schema":{"@context":"https:\/\/schema.org","@graph":[{"@type":"WebPage","@id":"https:\/\/e-booking.cz\/malaga\/","url":"https:\/\/e-booking.cz\/malaga\/","name":"M\u00e1laga Apartm\u00e1ny \u010desk\u00fd majitel - Exklusivn\u011b na: e-booking.cz","isPartOf":{"@id":"https:\/\/e-booking.cz\/#website"},"primaryImageOfPage":{"@id":"https:\/\/e-booking.cz\/malaga\/#primaryimage"},"image":{"@id":"https:\/\/e-booking.cz\/malaga\/#primaryimage"},"thumbnailUrl":"https:\/\/e-booking.cz\/wp-content\/uploads\/2020\/07\/city-sunset-coast-cathedral-58737.jpg","datePublished":"2019-09-01T16:58:21+00:00","dateModified":"2022-05-01T11:13:14+00:00","description":"Pro\u010d n\u00e1s bav\u00ed M\u00e1laga?Je to nejji\u017en\u011bji polo\u017een\u00e9 v\u011bt\u0161\u00ed m\u011bsto v Evrop\u011b. Je tady kr\u00e1sn\u011b po cel\u00fd rok. M\u011bsto m\u00e1 pl\u00e1\u017ee a historick\u00e9 centrum, kter\u00e9 m\u00e1 sv\u00e9ho ducha.","breadcrumb":{"@id":"https:\/\/e-booking.cz\/malaga\/#breadcrumb"},"inLanguage":"es","potentialAction":[{"@type":"ReadAction","target":["https:\/\/e-booking.cz\/malaga\/"]}]},{"@type":"ImageObject","inLanguage":"es","@id":"https:\/\/e-booking.cz\/malaga\/#primaryimage","url":"https:\/\/e-booking.cz\/wp-content\/uploads\/2020\/07\/city-sunset-coast-cathedral-58737.jpg","contentUrl":"https:\/\/e-booking.cz\/wp-content\/uploads\/2020\/07\/city-sunset-coast-cathedral-58737.jpg","width":1920,"height":686},{"@type":"BreadcrumbList","@id":"https:\/\/e-booking.cz\/malaga\/#breadcrumb","itemListElement":[{"@type":"ListItem","position":1,"name":"Dom\u016f","item":"https:\/\/e-booking.cz\/es\/"},{"@type":"ListItem","position":2,"name":"M\u00e1laga Apartm\u00e1ny"}]},{"@type":"WebSite","@id":"https:\/\/e-booking.cz\/#website","url":"https:\/\/e-booking.cz\/","name":"e-booking.cz","description":"","publisher":{"@id":"https:\/\/e-booking.cz\/#organization"},"potentialAction":[{"@type":"SearchAction","target":{"@type":"EntryPoint","urlTemplate":"https:\/\/e-booking.cz\/?s={search_term_string}"},"query-input":{"@type":"PropertyValueSpecification","valueRequired":true,"valueName":"search_term_string"}}],"inLanguage":"es"},{"@type":"Organization","@id":"https:\/\/e-booking.cz\/#organization","name":"e-booking.cz","url":"https:\/\/e-booking.cz\/","logo":{"@type":"ImageObject","inLanguage":"es","@id":"https:\/\/e-booking.cz\/#\/schema\/logo\/image\/","url":"https:\/\/e-booking.cz\/wp-content\/uploads\/2019\/08\/logo-ebooking-e1565277525708.png","contentUrl":"https:\/\/e-booking.cz\/wp-content\/uploads\/2019\/08\/logo-ebooking-e1565277525708.png","width":130,"height":24,"caption":"e-booking.cz"},"image":{"@id":"https:\/\/e-booking.cz\/#\/schema\/logo\/image\/"},"sameAs":["https:\/\/www.facebook.com\/ebookingcz","https:\/\/x.com\/EBookingcz","https:\/\/www.instagram.com\/ebooking.cz\/"]}]}},"_links":{"self":[{"href":"https:\/\/e-booking.cz\/es\/wp-json\/wp\/v2\/pages\/10023","targetHints":{"allow":["GET"]}}],"collection":[{"href":"https:\/\/e-booking.cz\/es\/wp-json\/wp\/v2\/pages"}],"about":[{"href":"https:\/\/e-booking.cz\/es\/wp-json\/wp\/v2\/types\/page"}],"author":[{"embeddable":true,"href":"https:\/\/e-booking.cz\/es\/wp-json\/wp\/v2\/users\/3"}],"replies":[{"embeddable":true,"href":"https:\/\/e-booking.cz\/es\/wp-json\/wp\/v2\/comments?post=10023"}],"version-history":[{"count":36,"href":"https:\/\/e-booking.cz\/es\/wp-json\/wp\/v2\/pages\/10023\/revisions"}],"predecessor-version":[{"id":39002,"href":"https:\/\/e-booking.cz\/es\/wp-json\/wp\/v2\/pages\/10023\/revisions\/39002"}],"wp:featuredmedia":[{"embeddable":true,"href":"https:\/\/e-booking.cz\/es\/wp-json\/wp\/v2\/media\/30482"}],"wp:attachment":[{"href":"https:\/\/e-booking.cz\/es\/wp-json\/wp\/v2\/media?parent=10023"}],"curies":[{"name":"wp","href":"https:\/\/api.w.org\/{rel}","templated":true}]}}