{"id":59606,"date":"2018-11-21T13:21:27","date_gmt":"2018-11-21T13:21:27","guid":{"rendered":"https:\/\/e-booking.cz\/domu-2\/"},"modified":"2025-11-19T12:25:20","modified_gmt":"2025-11-19T11:25:20","slug":"domu-2","status":"publish","type":"page","link":"https:\/\/e-booking.cz\/en\/","title":{"rendered":"Dom\u016f"},"content":{"rendered":"<div class=\"wpb-content-wrapper\"><p>[vc_row full_width=&#8221;stretch_row_content&#8221; full_height=&#8221;yes&#8221; equal_height=&#8221;yes&#8221; content_placement=&#8221;middle&#8221; css=&#8221;.vc_custom_1724253430178{border-bottom-width: 40px !important;background-image: url(https:\/\/e-booking.cz\/wp-content\/uploads\/2024\/03\/iStock-1300077585-scaled.jpg?id=55892) !important;background-position: center !important;background-repeat: no-repeat !important;background-size: cover !important;}&#8221;][vc_column css=&#8221;.vc_custom_1676983684372{border-radius: 35px !important;}&#8221;]    <div class=\"search-form-wrapper auto-height-form-search normal mix st-search-form-custom_1st-search-form-custom_2st-search-form-custom_7st-search-form-custom_8\">\n                    <h1 class=\"st-heading text-center\">Your journey starts here<\/h1>            <div class=\"sub-heading text-center\">Search. Compare. Book. Enjoy. How easy!<\/div><ul class=\"nav nav-tabs\" role=\"tablist\"><li role=\"custom_1\" class=\"active\"><a href=\"#custom_1\" aria-controls=\"custom_1\" role=\"tab\" data-toggle=\"tab\">Flights<\/a><\/li><li role=\"custom_2\" class=\"\"><a href=\"#custom_2\" aria-controls=\"custom_2\" role=\"tab\" data-toggle=\"tab\">Stays<\/a><\/li><li role=\"custom_7\" class=\"\"><a href=\"#custom_7\" aria-controls=\"custom_7\" role=\"tab\" data-toggle=\"tab\">Car Hire<\/a><\/li><li role=\"custom_8\" class=\"\"><a href=\"#custom_8\" aria-controls=\"custom_8\" role=\"tab\" data-toggle=\"tab\">eSIM<\/a><\/li><\/ul><div class=\"tab-content\"><div role=\"tabpanel\" class=\"tab-pane active\" id=\"custom_1\"><div class=\"tab-content-inner in_tab\" >\n<script async src=\"https:\/\/tp.media\/content?currency=eur&trs=31944&shmarker=240010&show_hotels=false&powered_by=false&locale=en&searchUrl=search.e-booking.cz%2Fflights&color_button=%230ca532&color_icons=%230ca532&dark=%231A2B48&light=%23FFFFFF&secondary=%231a2b48&special=%231A2B48&color_focused=%23FFFFFf&border_radius=10&no_labels=true&plain=true&promo_id=7879&campaign_id=100\" charset=\"utf-8\"><\/script><\/div>\n<\/div><div role=\"tabpanel\" class=\"tab-pane \" id=\"custom_2\"><div class=\"tab-content-inner in_tab\" >\n<script async src=\"https:\/\/tpwdg.com\/content?trs=31944&shmarker=240010&locale=en&sustainable=false&deals=false&border_radius=0&plain=true&powered_by=false&promo_id=2693&campaign_id=84\" charset=\"utf-8\"><\/script><\/div>\n<\/div><div role=\"tabpanel\" class=\"tab-pane \" id=\"custom_7\"><div class=\"tab-content-inner in_tab\" >\n<script async src=\"https:\/\/tp.media\/content?trs=31944&shmarker=240010&locale=en&powered_by=false&border_radius=0&plain=true&show_logo=true&color_background=%231a2b48&color_button=%230ca532&promo_id=4578&campaign_id=130\" charset=\"utf-8\"><\/script><\/div>\n<\/div><div role=\"tabpanel\" class=\"tab-pane \" id=\"custom_8\"><div class=\"tab-content-inner in_tab\" >\n<script async src=\"https:\/\/tp.media\/content?trs=31944&shmarker=240010&locale=en&powered_by=false&color_button=%230ca532&color_focused=%230ca532&secondary=%231A2B48&dark=%23FFFFFF&light=%23FFFFFF&special=%231a2b48&border_radius=6&plain=true&no_labels=&promo_id=8588&campaign_id=541\" charset=\"utf-8\"><\/script><\/div>\n<\/div><\/div>                <\/div>\n    [vc_empty_space height=&#8221;82px&#8221;][\/vc_column][\/vc_row][vc_row full_width=&#8221;stretch_row&#8221; css=&#8221;.vc_custom_1724253418624{background-position: center !important;background-repeat: no-repeat !important;background-size: cover !important;}&#8221;][vc_column][vc_empty_space height=&#8221;82px&#8221;][vc_row_inner equal_height=&#8221;yes&#8221; content_placement=&#8221;middle&#8221;][vc_column_inner width=&#8221;1\/3&#8243;]<div class=\"st-featured-item image-top-3\">\r\n    <div class=\"image\">\r\n            <\/div>\r\n    <div class=\"content\">\r\n        <h3 class=\"title\">Hotels for everyone<\/h3>\r\n        <div class=\"desc\">The widest selection of hotels, apartments, and villas in the world.<\/div>\r\n    <\/div>\r\n<\/div>\r\n[\/vc_column_inner][vc_column_inner width=&#8221;1\/3&#8243;]<div class=\"st-featured-item image-top-3\">\r\n    <div class=\"image\">\r\n            <\/div>\r\n    <div class=\"content\">\r\n        <h3 class=\"title\">Pay Later<\/h3>\r\n        <div class=\"desc\">Book your stay now, pay later or upon arrival.<\/div>\r\n    <\/div>\r\n<\/div>\r\n[\/vc_column_inner][vc_column_inner width=&#8221;1\/3&#8243;]<div class=\"st-featured-item image-top-3\">\r\n    <div class=\"image\">\r\n            <\/div>\r\n    <div class=\"content\">\r\n        <h3 class=\"title\">Free Cancellation<\/h3>\r\n        <div class=\"desc\">Use filters to find accommodations offering free cancellation<\/div>\r\n    <\/div>\r\n<\/div>\r\n[\/vc_column_inner][\/vc_row_inner][vc_empty_space height=&#8221;42px&#8221;][\/vc_column][\/vc_row][vc_row full_width=&#8221;stretch_row_content&#8221; equal_height=&#8221;yes&#8221; css=&#8221;.vc_custom_1728758653476{margin-top: 6rem !important;background-image: url(https:\/\/e-booking.cz\/wp-content\/uploads\/2024\/10\/iStock-865940234-scaled.jpg?id=59922) !important;background-position: center !important;background-repeat: no-repeat !important;background-size: cover !important;}&#8221;][vc_column width=&#8221;1\/2&#8243; css=&#8221;.vc_custom_1725107649059{margin-left: -100px !important;background-color: #013B94 !important;}&#8221;]<div class=\"st-offer-new item has-matchHeight\">\r\n    <div class=\"featured-text btn btn-primary\">Seasonal Offers<\/div><h2 class=\"item-title\">Booking.com: Stays with 15% off and more<\/h2><p class=\"item-sub-title\">Only until 7 January 2025<\/p><a href=\"https:\/\/bit.ly\/36nZgRL\" class=\"btn btn-default\" target=&quot;_blank&quot;>Search<\/a>    <div class=\"img-cover \"><\/div>\r\n<\/div>\r\n[\/vc_column][vc_column width=&#8221;1\/2&#8243;][\/vc_column][\/vc_row][vc_row full_width=&#8221;stretch_row_content&#8221; css=&#8221;.vc_custom_1724931938532{background-color: #EEEEEE !important;background-position: center !important;background-repeat: no-repeat !important;background-size: cover !important;}&#8221;][vc_column][vc_empty_space][\/vc_column][\/vc_row][vc_row full_width=&#8221;stretch_row_content&#8221; css=&#8221;.vc_custom_1724930975300{background-color: #EEEEEE !important;background-position: center !important;background-repeat: no-repeat !important;background-size: cover !important;}&#8221;][vc_column][vc_empty_space][vc_column_text css=&#8221;&#8221;]<\/p>\n<h2 style=\"text-align: center;\">Popular hotels<\/h2>\n<p>[\/vc_column_text][vc_separator color=&#8221;green&#8221; style=&#8221;double&#8221;][vc_row_inner][vc_column_inner width=&#8221;1\/4&#8243;][vc_single_image image=&#8221;46848&#8243; img_size=&#8221;full&#8221;][vc_column_text css=&#8221;&#8221;]<\/p>\n<h5>Apartm\u00e1ny Ladn\u00e1****<\/h5>\n<p>[\/vc_column_text][vc_btn title=&#8221;Book now&#8221; style=&#8221;outline&#8221; color=&#8221;green&#8221; align=&#8221;center&#8221; css=&#8221;&#8221; button_block=&#8221;true&#8221; link=&#8221;url:https%3A%2F%2Fbooking.tpx.gr%2FpRWNnqGp|target:_blank&#8221;][\/vc_column_inner][vc_column_inner width=&#8221;1\/4&#8243;][vc_single_image image=&#8221;46853&#8243; img_size=&#8221;full&#8221;][vc_column_text css=&#8221;&#8221;]<\/p>\n<h5>Chateau Mcely*****<\/h5>\n<p>[\/vc_column_text][vc_btn title=&#8221;Book now&#8221; style=&#8221;outline&#8221; color=&#8221;green&#8221; align=&#8221;center&#8221; css=&#8221;&#8221; button_block=&#8221;true&#8221; link=&#8221;url:https%3A%2F%2Fbooking.tpx.gr%2FU3uaf8dO|target:_blank&#8221;][\/vc_column_inner][vc_column_inner width=&#8221;1\/4&#8243;][vc_single_image image=&#8221;63268&#8243; img_size=&#8221;full&#8221; css=&#8221;&#8221;][vc_column_text css=&#8221;&#8221;]<\/p>\n<h5>Resort \u010cap\u00ed Hn\u00edzdo<\/h5>\n<p>[\/vc_column_text][vc_btn title=&#8221;Book now&#8221; style=&#8221;outline&#8221; color=&#8221;green&#8221; align=&#8221;center&#8221; css=&#8221;&#8221; button_block=&#8221;true&#8221; link=&#8221;url:https%3A%2F%2Fbooking.tpx.gr%2FSJtCms9P|target:_blank&#8221;][\/vc_column_inner][vc_column_inner width=&#8221;1\/4&#8243;][vc_single_image image=&#8221;46862&#8243; img_size=&#8221;full&#8221;][vc_column_text css=&#8221;&#8221;]<\/p>\n<h5>PROSECCO RESIDENCE MARKO<\/h5>\n<p>[\/vc_column_text][vc_btn title=&#8221;Book now&#8221; style=&#8221;outline&#8221; color=&#8221;green&#8221; align=&#8221;center&#8221; css=&#8221;&#8221; button_block=&#8221;true&#8221; link=&#8221;url:https%3A%2F%2Fbooking.tpx.gr%2FZjNg04AZ|target:_blank&#8221;][\/vc_column_inner][\/vc_row_inner][vc_empty_space][\/vc_column][\/vc_row][vc_row full_width=&#8221;stretch_row_content&#8221; equal_height=&#8221;yes&#8221; content_placement=&#8221;middle&#8221; css=&#8221;.vc_custom_1725119721663{background-color: #0ca532 !important;background-position: center !important;background-repeat: no-repeat !important;background-size: cover !important;}&#8221;][vc_column]<div class=\"st-offer-new item has-matchHeight\">\r\n    <div class=\"featured-text btn btn-primary\">Special offer<\/div><h2 class=\"item-title\">Payments of stays by the employer (FKSP)<\/h2><p class=\"item-sub-title\">Does your employer contribute to holiday stays? Combine seasonal discounts, Genius loyalty discounts by Booking.com, mobile device discounts, and FKSP contributions into one booking.<\/p><a href=\"https:\/\/e-booking.cz\/en\/fksp\/\" class=\"btn btn-default\" >More<\/a>    <div class=\"img-cover \"><\/div>\r\n<\/div>\r\n[\/vc_column][\/vc_row][vc_row full_width=&#8221;stretch_row_content&#8221; css=&#8221;.vc_custom_1724872719688{padding-top: 5rem !important;}&#8221;][vc_column][vc_row_inner css=&#8221;.vc_custom_1724874792658{background-position: center !important;background-repeat: no-repeat !important;background-size: cover !important;}&#8221;][vc_column_inner][vc_column_text css=&#8221;&#8221;]<\/p>\n<h2 class=\"f49c3e3e97 fb4fcd9c72 css-1vmdt0v\" style=\"text-align: center;\">Attractions, activities and experiences<\/h2>\n<p>[\/vc_column_text][\/vc_column_inner][\/vc_row_inner][vc_separator color=&#8221;green&#8221; style=&#8221;double&#8221;][vc_raw_js]JTNDc2NyaXB0JTIwYXN5bmMlMjBzcmMlM0QlMjJodHRwcyUzQSUyRiUyRmM4OS50cmF2ZWxwYXlvdXRzLmNvbSUyRmNvbnRlbnQlM0ZjdXJyZW5jeSUzREVVUiUyNnRycyUzRDMxOTQ0JTI2c2htYXJrZXIlM0QyNDAwMTAlMjZwcm9kdWN0JTNEOTc0MDgyJTI1MkM5ODE0NzIlMjUyQzkxODI1NiUyNTJDOTc0MTU1JTI2bGFuZ3VhZ2UlM0RlbiUyNmxheW91dCUzRHZlcnRpY2FsJTI2cG93ZXJlZF9ieSUzRGZhbHNlJTI2cHJvbW9faWQlM0QzOTQ4JTIyJTIwY2hhcnNldCUzRCUyMnV0Zi04JTIyJTNFJTNDJTJGc2NyaXB0JTNF[\/vc_raw_js][vc_btn title=&#8221;More&#8221; style=&#8221;outline&#8221; color=&#8221;green&#8221; size=&#8221;lg&#8221; align=&#8221;center&#8221; css=&#8221;&#8221; button_block=&#8221;true&#8221; link=&#8221;url:https%3A%2F%2Fe-booking.cz%2Fen%2Fattractions%2F|title:More|target:_blank&#8221;][vc_empty_space][vc_raw_js]JTNDc2NyaXB0JTIwc3JjJTNEJTIyaHR0cHMlM0ElMkYlMkZzdGF0aWMuZWxmc2lnaHQuY29tJTJGcGxhdGZvcm0lMkZwbGF0Zm9ybS5qcyUyMiUyMGRhdGEtdXNlLXNlcnZpY2UtY29yZSUyMGRlZmVyJTNFJTNDJTJGc2NyaXB0JTNFJTBBJTNDZGl2JTIwY2xhc3MlM0QlMjJlbGZzaWdodC1hcHAtNWI1ZDJkNzgtNDRhMS00MWVmLThhMDItNDQwZjM2MjJmN2ZhJTIyJTNFJTNDJTJGZGl2JTNF[\/vc_raw_js][\/vc_column][\/vc_row]<\/p>\n<\/div>","protected":false},"excerpt":{"rendered":"<p>[vc_row full_width=&#8221;stretch_row_content&#8221; full_height=&#8221;yes&#8221; equal_height=&#8221;yes&#8221; content_placement=&#8221;middle&#8221; css=&#8221;.vc_custom_1724253430178{border-bottom-width: 40px !important;background-image: url(https:\/\/e-booking.cz\/wp-content\/uploads\/2024\/03\/iStock-1300077585-scaled.jpg?id=55892) !important;background-position: center !important;background-repeat: no-repeat !important;background-size: cover !important;}&#8221;][vc_column css=&#8221;.vc_custom_1676983684372{border-radius: 35px !important;}&#8221;][vc_empty_space height=&#8221;82px&#8221;][\/vc_column][\/vc_row][vc_row full_width=&#8221;stretch_row&#8221; css=&#8221;.vc_custom_1724253418624{background-position: center !important;background-repeat: no-repeat !important;background-size: cover !important;}&#8221;][vc_column][vc_empty_space height=&#8221;82px&#8221;][vc_row_inner equal_height=&#8221;yes&#8221; content_placement=&#8221;middle&#8221;][vc_column_inner width=&#8221;1\/3&#8243;][\/vc_column_inner][vc_column_inner width=&#8221;1\/3&#8243;][\/vc_column_inner][vc_column_inner width=&#8221;1\/3&#8243;][\/vc_column_inner][\/vc_row_inner][vc_empty_space height=&#8221;42px&#8221;][\/vc_column][\/vc_row][vc_row full_width=&#8221;stretch_row_content&#8221; equal_height=&#8221;yes&#8221; css=&#8221;.vc_custom_1728758653476{margin-top: 6rem !important;background-image: url(https:\/\/e-booking.cz\/wp-content\/uploads\/2024\/10\/iStock-865940234-scaled.jpg?id=59922) !important;background-position: center !important;background-repeat: no-repeat !important;background-size: cover !important;}&#8221;][vc_column width=&#8221;1\/2&#8243; css=&#8221;.vc_custom_1725107649059{margin-left: -100px !important;background-color: #013B94 !important;}&#8221;][\/vc_column][vc_column width=&#8221;1\/2&#8243;][\/vc_column][\/vc_row][vc_row [&hellip;]<\/p>\n","protected":false},"author":3,"featured_media":12880,"parent":0,"menu_order":0,"comment_status":"closed","ping_status":"closed","template":"template-home-modern.php","meta":{"footnotes":""},"class_list":["post-59606","page","type-page","status-publish","has-post-thumbnail","hentry"],"yoast_head":"<!-- This site is optimized with the Yoast SEO Premium plugin v26.1 (Yoast SEO v27.2) - https:\/\/yoast.com\/product\/yoast-seo-premium-wordpress\/ -->\n<title>Cheap Hotel Deals | e-booking.cz<\/title>\n<meta name=\"description\" content=\"e-booking.cz has the biggest choice of budget hotels at the best price. Get free cancellation on thousands of rooms and exclusive rates.\" \/>\n<meta name=\"robots\" content=\"index, follow, max-snippet:-1, max-image-preview:large, max-video-preview:-1\" \/>\n<link rel=\"canonical\" href=\"https:\/\/e-booking.cz\/en\/\" \/>\n<meta name=\"twitter:card\" content=\"summary_large_image\" \/>\n<meta name=\"twitter:title\" content=\"Cheap Hotel Deals | e-booking.cz\" \/>\n<meta name=\"twitter:description\" content=\"e-booking.cz has the biggest choice of budget hotels at the best price. Get free cancellation on thousands of rooms and exclusive rates.\" \/>\n<meta name=\"twitter:image\" content=\"https:\/\/e-booking.cz\/wp-content\/uploads\/2023\/01\/iStock-1315226476-scaled.jpg\" \/>\n<meta name=\"twitter:site\" content=\"@EBookingcz\" \/>\n<meta name=\"twitter:label1\" content=\"Est. reading time\" \/>\n\t<meta name=\"twitter:data1\" content=\"3 minutes\" \/>\n<script type=\"application\/ld+json\" class=\"yoast-schema-graph\">{\"@context\":\"https:\/\/schema.org\",\"@graph\":[{\"@type\":\"WebPage\",\"@id\":\"https:\/\/e-booking.cz\/en\/\",\"url\":\"https:\/\/e-booking.cz\/en\/\",\"name\":\"Cheap Hotel Deals | e-booking.cz\",\"isPartOf\":{\"@id\":\"https:\/\/e-booking.cz\/#website\"},\"primaryImageOfPage\":{\"@id\":\"https:\/\/e-booking.cz\/en\/#primaryimage\"},\"image\":{\"@id\":\"https:\/\/e-booking.cz\/en\/#primaryimage\"},\"thumbnailUrl\":\"https:\/\/e-booking.cz\/wp-content\/uploads\/2019\/09\/sleva-ryanair-e-booking.jpg\",\"datePublished\":\"2018-11-21T13:21:27+00:00\",\"dateModified\":\"2025-11-19T11:25:20+00:00\",\"description\":\"e-booking.cz has the biggest choice of budget hotels at the best price. Get free cancellation on thousands of rooms and exclusive rates.\",\"breadcrumb\":{\"@id\":\"https:\/\/e-booking.cz\/en\/#breadcrumb\"},\"inLanguage\":\"en-US\",\"potentialAction\":[{\"@type\":\"ReadAction\",\"target\":[\"https:\/\/e-booking.cz\/en\/\"]}]},{\"@type\":\"ImageObject\",\"inLanguage\":\"en-US\",\"@id\":\"https:\/\/e-booking.cz\/en\/#primaryimage\",\"url\":\"https:\/\/e-booking.cz\/wp-content\/uploads\/2019\/09\/sleva-ryanair-e-booking.jpg\",\"contentUrl\":\"https:\/\/e-booking.cz\/wp-content\/uploads\/2019\/09\/sleva-ryanair-e-booking.jpg\",\"width\":653,\"height\":436},{\"@type\":\"BreadcrumbList\",\"@id\":\"https:\/\/e-booking.cz\/en\/#breadcrumb\",\"itemListElement\":[{\"@type\":\"ListItem\",\"position\":1,\"name\":\"Dom\u016f\",\"item\":\"https:\/\/e-booking.cz\/en\/\"},{\"@type\":\"ListItem\",\"position\":2,\"name\":\"Dom\u016f\"}]},{\"@type\":\"WebSite\",\"@id\":\"https:\/\/e-booking.cz\/#website\",\"url\":\"https:\/\/e-booking.cz\/\",\"name\":\"e-booking.cz\",\"description\":\"\",\"publisher\":{\"@id\":\"https:\/\/e-booking.cz\/#organization\"},\"potentialAction\":[{\"@type\":\"SearchAction\",\"target\":{\"@type\":\"EntryPoint\",\"urlTemplate\":\"https:\/\/e-booking.cz\/?s={search_term_string}\"},\"query-input\":{\"@type\":\"PropertyValueSpecification\",\"valueRequired\":true,\"valueName\":\"search_term_string\"}}],\"inLanguage\":\"en-US\"},{\"@type\":\"Organization\",\"@id\":\"https:\/\/e-booking.cz\/#organization\",\"name\":\"e-booking.cz\",\"url\":\"https:\/\/e-booking.cz\/\",\"logo\":{\"@type\":\"ImageObject\",\"inLanguage\":\"en-US\",\"@id\":\"https:\/\/e-booking.cz\/#\/schema\/logo\/image\/\",\"url\":\"https:\/\/e-booking.cz\/wp-content\/uploads\/2019\/08\/logo-ebooking-e1565277525708.png\",\"contentUrl\":\"https:\/\/e-booking.cz\/wp-content\/uploads\/2019\/08\/logo-ebooking-e1565277525708.png\",\"width\":130,\"height\":24,\"caption\":\"e-booking.cz\"},\"image\":{\"@id\":\"https:\/\/e-booking.cz\/#\/schema\/logo\/image\/\"},\"sameAs\":[\"https:\/\/www.facebook.com\/ebookingcz\",\"https:\/\/x.com\/EBookingcz\",\"https:\/\/www.instagram.com\/ebooking.cz\/\"]}]}<\/script>\n<!-- \/ Yoast SEO Premium plugin. -->","yoast_head_json":{"title":"Cheap Hotel Deals | e-booking.cz","description":"e-booking.cz has the biggest choice of budget hotels at the best price. Get free cancellation on thousands of rooms and exclusive rates.","robots":{"index":"index","follow":"follow","max-snippet":"max-snippet:-1","max-image-preview":"max-image-preview:large","max-video-preview":"max-video-preview:-1"},"canonical":"https:\/\/e-booking.cz\/en\/","twitter_card":"summary_large_image","twitter_title":"Cheap Hotel Deals | e-booking.cz","twitter_description":"e-booking.cz has the biggest choice of budget hotels at the best price. Get free cancellation on thousands of rooms and exclusive rates.","twitter_image":"https:\/\/e-booking.cz\/wp-content\/uploads\/2023\/01\/iStock-1315226476-scaled.jpg","twitter_site":"@EBookingcz","twitter_misc":{"Est. reading time":"3 minutes"},"schema":{"@context":"https:\/\/schema.org","@graph":[{"@type":"WebPage","@id":"https:\/\/e-booking.cz\/en\/","url":"https:\/\/e-booking.cz\/en\/","name":"Cheap Hotel Deals | e-booking.cz","isPartOf":{"@id":"https:\/\/e-booking.cz\/#website"},"primaryImageOfPage":{"@id":"https:\/\/e-booking.cz\/en\/#primaryimage"},"image":{"@id":"https:\/\/e-booking.cz\/en\/#primaryimage"},"thumbnailUrl":"https:\/\/e-booking.cz\/wp-content\/uploads\/2019\/09\/sleva-ryanair-e-booking.jpg","datePublished":"2018-11-21T13:21:27+00:00","dateModified":"2025-11-19T11:25:20+00:00","description":"e-booking.cz has the biggest choice of budget hotels at the best price. Get free cancellation on thousands of rooms and exclusive rates.","breadcrumb":{"@id":"https:\/\/e-booking.cz\/en\/#breadcrumb"},"inLanguage":"en-US","potentialAction":[{"@type":"ReadAction","target":["https:\/\/e-booking.cz\/en\/"]}]},{"@type":"ImageObject","inLanguage":"en-US","@id":"https:\/\/e-booking.cz\/en\/#primaryimage","url":"https:\/\/e-booking.cz\/wp-content\/uploads\/2019\/09\/sleva-ryanair-e-booking.jpg","contentUrl":"https:\/\/e-booking.cz\/wp-content\/uploads\/2019\/09\/sleva-ryanair-e-booking.jpg","width":653,"height":436},{"@type":"BreadcrumbList","@id":"https:\/\/e-booking.cz\/en\/#breadcrumb","itemListElement":[{"@type":"ListItem","position":1,"name":"Dom\u016f","item":"https:\/\/e-booking.cz\/en\/"},{"@type":"ListItem","position":2,"name":"Dom\u016f"}]},{"@type":"WebSite","@id":"https:\/\/e-booking.cz\/#website","url":"https:\/\/e-booking.cz\/","name":"e-booking.cz","description":"","publisher":{"@id":"https:\/\/e-booking.cz\/#organization"},"potentialAction":[{"@type":"SearchAction","target":{"@type":"EntryPoint","urlTemplate":"https:\/\/e-booking.cz\/?s={search_term_string}"},"query-input":{"@type":"PropertyValueSpecification","valueRequired":true,"valueName":"search_term_string"}}],"inLanguage":"en-US"},{"@type":"Organization","@id":"https:\/\/e-booking.cz\/#organization","name":"e-booking.cz","url":"https:\/\/e-booking.cz\/","logo":{"@type":"ImageObject","inLanguage":"en-US","@id":"https:\/\/e-booking.cz\/#\/schema\/logo\/image\/","url":"https:\/\/e-booking.cz\/wp-content\/uploads\/2019\/08\/logo-ebooking-e1565277525708.png","contentUrl":"https:\/\/e-booking.cz\/wp-content\/uploads\/2019\/08\/logo-ebooking-e1565277525708.png","width":130,"height":24,"caption":"e-booking.cz"},"image":{"@id":"https:\/\/e-booking.cz\/#\/schema\/logo\/image\/"},"sameAs":["https:\/\/www.facebook.com\/ebookingcz","https:\/\/x.com\/EBookingcz","https:\/\/www.instagram.com\/ebooking.cz\/"]}]}},"_links":{"self":[{"href":"https:\/\/e-booking.cz\/en\/wp-json\/wp\/v2\/pages\/59606","targetHints":{"allow":["GET"]}}],"collection":[{"href":"https:\/\/e-booking.cz\/en\/wp-json\/wp\/v2\/pages"}],"about":[{"href":"https:\/\/e-booking.cz\/en\/wp-json\/wp\/v2\/types\/page"}],"author":[{"embeddable":true,"href":"https:\/\/e-booking.cz\/en\/wp-json\/wp\/v2\/users\/3"}],"replies":[{"embeddable":true,"href":"https:\/\/e-booking.cz\/en\/wp-json\/wp\/v2\/comments?post=59606"}],"version-history":[{"count":6,"href":"https:\/\/e-booking.cz\/en\/wp-json\/wp\/v2\/pages\/59606\/revisions"}],"predecessor-version":[{"id":63384,"href":"https:\/\/e-booking.cz\/en\/wp-json\/wp\/v2\/pages\/59606\/revisions\/63384"}],"wp:featuredmedia":[{"embeddable":true,"href":"https:\/\/e-booking.cz\/en\/wp-json\/wp\/v2\/media\/12880"}],"wp:attachment":[{"href":"https:\/\/e-booking.cz\/en\/wp-json\/wp\/v2\/media?parent=59606"}],"curies":[{"name":"wp","href":"https:\/\/api.w.org\/{rel}","templated":true}]}}