{"id":59539,"date":"2023-04-05T14:41:36","date_gmt":"2023-04-05T12:41:36","guid":{"rendered":"https:\/\/e-booking.cz\/atrakce\/"},"modified":"2025-05-20T21:31:26","modified_gmt":"2025-05-20T19:31:26","slug":"attractions","status":"publish","type":"page","link":"https:\/\/e-booking.cz\/en\/attractions\/","title":{"rendered":"Atrakce"},"content":{"rendered":"<div class=\"wpb-content-wrapper\"><p>[vc_row full_width=&#8221;stretch_row_content_no_spaces&#8221; full_height=&#8221;yes&#8221; content_placement=&#8221;middle&#8221; css=&#8221;.vc_custom_1693678566446{background: #000000 url(https:\/\/e-booking.cz\/wp-content\/uploads\/2023\/09\/turistickC3A1-matka-a-jejC3AD-malC3A1-dcera-si-uC5BEC3ADvajC3AD-vC3BDhled-na-krC3A1snC3A9-panorC3A1ma-lisabonu.jpg_s1024x1024wisk20cymTOeGpBKClOYbBVhnJk6rQBpAVzO3XK6X8u7krVbHE-1.jpg?id=52076) !important;background-position: center !important;background-repeat: no-repeat !important;background-size: cover !important;}&#8221;][vc_column][vc_empty_space height=&#8221;42px&#8221;][tm_carousel_father theme=&#8221;content-over-slider&#8221; effect=&#8221;true&#8221; arrowclr=&#8221;#1a2b48&#8243; dotclr=&#8221;#000000&#8243; padding=&#8221;39&#8243; mbl_height=&#8221;200&#8243;][tm_carousel_son align=&#8221;left&#8221; titlesize=&#8221;65&#8243; fontweight=&#8221;bold&#8221; btn_visibility=&#8221;show&#8221; btn_height=&#8221;25&#8243; btn_width=&#8221;77&#8243; btn_border_style=&#8221;8px solid #fff&#8221; alt=&#8221;Rezervujte si skv\u011bl\u00e9 atrakce levn\u011bji&#8221; title=&#8221;Discover new attractions and experiences&#8221; titleclr=&#8221;#ffffff&#8221; btn_text=&#8221;Search&#8221; btn_clr=&#8221;#ffffff&#8221; btn_bg=&#8221;#0ca532&#8243; btn_url=&#8221;url:https%3A%2F%2Ftiqets.tp.st%2Foiq5AeXR|target:_blank&#8221;]<\/p>\n<h4><span style=\"color: #ffffff;\">Book tickets online in minutes,<\/span><br \/>\n<span style=\"color: #ffffff;\">cancellation on many attractions<\/span><\/h4>\n<p>[\/tm_carousel_son][\/tm_carousel_father][\/vc_column][\/vc_row][vc_row][vc_column][vc_empty_space height=&#8221;52px&#8221;][vc_row_inner css=&#8221;.vc_custom_1673792424250{background-position: center !important;background-repeat: no-repeat !important;background-size: cover !important;}&#8221;][vc_column_inner width=&#8221;1\/3&#8243;]<div class=\"st-featured-item image-top-3\">\r\n    <div class=\"image\">\r\n            <\/div>\r\n    <div class=\"content\">\r\n        <h3 class=\"title\">Stay flexible<\/h3>\r\n        <div class=\"desc\">Flexible cancellation options on all venues<\/div>\r\n    <\/div>\r\n<\/div>\r\n[\/vc_column_inner][vc_column_inner width=&#8221;1\/3&#8243;]<div class=\"st-featured-item image-top-3\">\r\n    <div class=\"image\">\r\n            <\/div>\r\n    <div class=\"content\">\r\n        <h3 class=\"title\">Book with confidence<\/h3>\r\n        <div class=\"desc\">Easy booking and skip-the-line entry on your phone<\/div>\r\n    <\/div>\r\n<\/div>\r\n[\/vc_column_inner][vc_column_inner width=&#8221;1\/3&#8243;]<div class=\"st-featured-item image-top-3\">\r\n    <div class=\"image\">\r\n            <\/div>\r\n    <div class=\"content\">\r\n        <h3 class=\"title\">Enjoy culture your way<\/h3>\r\n        <div class=\"desc\">The best experiences at museums and attractions worldwide<\/div>\r\n    <\/div>\r\n<\/div>\r\n[\/vc_column_inner][\/vc_row_inner][vc_empty_space][\/vc_column][\/vc_row][vc_row full_width=&#8221;stretch_row_content&#8221; css=&#8221;.vc_custom_1680720434044{background-color: #e5e5e5 !important;background-position: center !important;background-repeat: no-repeat !important;background-size: cover !important;}&#8221;][vc_column][vc_raw_js]JTNDc2NyaXB0JTIwYXN5bmMlMjBzcmMlM0QlMjJodHRwcyUzQSUyRiUyRmM4OS50cmF2ZWxwYXlvdXRzLmNvbSUyRmNvbnRlbnQlM0ZjdXJyZW5jeSUzREVVUiUyNnRycyUzRDMxOTQ0JTI2c2htYXJrZXIlM0QyNDAwMTAlMjZwcm9kdWN0JTNEMTAxMzk3OSUyNTJDMTA1NTQwMSUyNTJDMTA3Njc0OCUyNTJDOTc0MDgzJTI2bGFuZ3VhZ2UlM0RlbiUyNmxheW91dCUzRHZlcnRpY2FsJTI2cG93ZXJlZF9ieSUzRGZhbHNlJTI2cHJvbW9faWQlM0QzOTQ4JTIyJTIwY2hhcnNldCUzRCUyMnV0Zi04JTIyJTNFJTNDJTJGc2NyaXB0JTNF[\/vc_raw_js][\/vc_column][\/vc_row][vc_row full_width=&#8221;stretch_row_content&#8221; css=&#8221;.vc_custom_1680698446138{background-color: #a0efbd !important;background-position: center !important;background-repeat: no-repeat !important;background-size: cover !important;}&#8221;][vc_column][vc_empty_space][vc_column_text css=&#8221;&#8221;]<\/p>\n<div class=\"wpb_text_column wpb_content_element \">\n<div class=\"wpb_wrapper\">\n<h2 class=\"text-heading-md mt-0 mb-1 \">Welcome to the world of the most popular attractions on the planet.<\/h2>\n<p class=\"text-base mt-0 mb-4\">Choose tickets that match your taste \u2013 whether you&#8217;re craving a cultural experience, a thrill ride, or family fun.<br data-start=\"184\" data-end=\"187\" \/>Plan your trip or dream vacation easily and skip the lines.<\/p>\n<\/div>\n<\/div>\n<p>[\/vc_column_text][vc_empty_space][\/vc_column][\/vc_row][vc_row][vc_column][vc_empty_space][vc_column_text css=&#8221;&#8221;]<\/p>\n<h2 class=\"text-heading-md mt-0 mb-3\">Discover most popular places to visit<\/h2>\n<p>[\/vc_column_text][vc_tta_tabs][vc_tta_section title=&#8221;Berl\u00edn&#8221; tab_id=&#8221;1680722101044-240e6910-7ed1&#8243;][vc_raw_js]JTNDc2NyaXB0JTIwc3JjJTNEJTIyaHR0cHMlM0ElMkYlMkZjODkudHJhdmVscGF5b3V0cy5jb20lMkZjb250ZW50JTNGdHJzJTNEMzE5NDQlMjZzaG1hcmtlciUzRDI0MDAxMCUyNmxhbmd1YWdlJTNEZW4lMjZjdXJyZW5jeSUzRENaSyUyNmxvY2FsZSUzRDY1MTQ0JTI2bGF5b3V0JTNEaG9yaXpvbnRhbCUyNmNhcmRzJTNEMTIlMjZwb3dlcmVkX2J5JTNEZmFsc2UlMjZwcm9tb19pZCUzRDM5NDclMjIlMjBjaGFyc2V0JTNEJTIydXRmLTglMjIlM0UlM0MlMkZzY3JpcHQlM0U=[\/vc_raw_js][\/vc_tta_section][vc_tta_section title=&#8221;Prague&#8221; tab_id=&#8221;1680818221085-d90cad7f-406b&#8221;][vc_raw_js]JTNDc2NyaXB0JTIwc3JjJTNEJTIyaHR0cHMlM0ElMkYlMkZjODkudHJhdmVscGF5b3V0cy5jb20lMkZjb250ZW50JTNGdHJzJTNEMzE5NDQlMjZzaG1hcmtlciUzRDI0MDAxMCUyNmxhbmd1YWdlJTNEZW4lMjZjdXJyZW5jeSUzRENaSyUyNmxvY2FsZSUzRDY0MTYyJTI2bGF5b3V0JTNEaG9yaXpvbnRhbCUyNmNhcmRzJTNEMTIlMjZwb3dlcmVkX2J5JTNEZmFsc2UlMjZwcm9tb19pZCUzRDM5NDclMjIlMjBjaGFyc2V0JTNEJTIydXRmLTglMjIlM0UlM0MlMkZzY3JpcHQlM0U=[\/vc_raw_js][\/vc_tta_section][vc_tta_section title=&#8221;Rome&#8221; tab_id=&#8221;1680722101081-698bdcf9-5c59&#8243;][vc_raw_js]JTNDc2NyaXB0JTIwc3JjJTNEJTIyaHR0cHMlM0ElMkYlMkZjODkudHJhdmVscGF5b3V0cy5jb20lMkZjb250ZW50JTNGdHJzJTNEMzE5NDQlMjZzaG1hcmtlciUzRDI0MDAxMCUyNmxhbmd1YWdlJTNEZW4lMjZjdXJyZW5jeSUzRENaSyUyNmxvY2FsZSUzRDcxNjMxJTI2bGF5b3V0JTNEaG9yaXpvbnRhbCUyNmNhcmRzJTNEMTIlMjZwb3dlcmVkX2J5JTNEZmFsc2UlMjZwcm9tb19pZCUzRDM5NDclMjIlMjBjaGFyc2V0JTNEJTIydXRmLTglMjIlM0UlM0MlMkZzY3JpcHQlM0U=[\/vc_raw_js][\/vc_tta_section][vc_tta_section title=&#8221;Barcelona&#8221; tab_id=&#8221;1680722659485-bbca3165-95a4&#8243;][vc_raw_js]JTNDc2NyaXB0JTIwc3JjJTNEJTIyaHR0cHMlM0ElMkYlMkZjODkudHJhdmVscGF5b3V0cy5jb20lMkZjb250ZW50JTNGdHJzJTNEMzE5NDQlMjZzaG1hcmtlciUzRDI0MDAxMCUyNmxhbmd1YWdlJTNEZW4lMjZjdXJyZW5jeSUzRFVTRCUyNmxvY2FsZSUzRDY2MzQyJTI2bGF5b3V0JTNEaG9yaXpvbnRhbCUyNmNhcmRzJTNEMTIlMjZwb3dlcmVkX2J5JTNEZmFsc2UlMjZwcm9tb19pZCUzRDM5NDclMjIlMjBjaGFyc2V0JTNEJTIydXRmLTglMjIlM0UlM0MlMkZzY3JpcHQlM0U=[\/vc_raw_js][\/vc_tta_section][vc_tta_section title=&#8221;Paris&#8221; tab_id=&#8221;1680722720827-7126e2ca-a21e&#8221;][vc_raw_js]JTNDc2NyaXB0JTIwc3JjJTNEJTIyaHR0cHMlM0ElMkYlMkZjODkudHJhdmVscGF5b3V0cy5jb20lMkZjb250ZW50JTNGdHJzJTNEMzE5NDQlMjZzaG1hcmtlciUzRDI0MDAxMCUyNmxhbmd1YWdlJTNEZW4lMjZjdXJyZW5jeSUzRENaSyUyNmxvY2FsZSUzRDY2NzQ2JTI2bGF5b3V0JTNEaG9yaXpvbnRhbCUyNmNhcmRzJTNEMTIlMjZwb3dlcmVkX2J5JTNEZmFsc2UlMjZwcm9tb19pZCUzRDM5NDclMjIlMjBjaGFyc2V0JTNEJTIydXRmLTglMjIlM0UlM0MlMkZzY3JpcHQlM0U=[\/vc_raw_js][\/vc_tta_section][vc_tta_section title=&#8221;Dubai&#8221; tab_id=&#8221;1680722790205-e5573445-db72&#8243;][vc_raw_js]JTNDc2NyaXB0JTIwc3JjJTNEJTIyaHR0cHMlM0ElMkYlMkZjODkudHJhdmVscGF5b3V0cy5jb20lMkZjb250ZW50JTNGdHJzJTNEMzE5NDQlMjZzaG1hcmtlciUzRDI0MDAxMCUyNmxhbmd1YWdlJTNEZW4lMjZjdXJyZW5jeSUzRENaSyUyNmxvY2FsZSUzRDYwMDA1JTI2bGF5b3V0JTNEaG9yaXpvbnRhbCUyNmNhcmRzJTNEMTIlMjZwb3dlcmVkX2J5JTNEZmFsc2UlMjZwcm9tb19pZCUzRDM5NDclMjIlMjBjaGFyc2V0JTNEJTIydXRmLTglMjIlM0UlM0MlMkZzY3JpcHQlM0U=[\/vc_raw_js][\/vc_tta_section][vc_tta_section title=&#8221;Lisboa&#8221; tab_id=&#8221;1680722862783-f8fc4cad-e33c&#8221;][vc_raw_js]JTNDc2NyaXB0JTIwc3JjJTNEJTIyaHR0cHMlM0ElMkYlMkZjODkudHJhdmVscGF5b3V0cy5jb20lMkZjb250ZW50JTNGdHJzJTNEMzE5NDQlMjZzaG1hcmtlciUzRDI0MDAxMCUyNmxhbmd1YWdlJTNEZW4lMjZjdXJyZW5jeSUzRENaSyUyNmxvY2FsZSUzRDc2NTI4JTI2bGF5b3V0JTNEaG9yaXpvbnRhbCUyNmNhcmRzJTNEMTIlMjZwb3dlcmVkX2J5JTNEZmFsc2UlMjZwcm9tb19pZCUzRDM5NDclMjIlMjBjaGFyc2V0JTNEJTIydXRmLTglMjIlM0UlM0MlMkZzY3JpcHQlM0U=[\/vc_raw_js][\/vc_tta_section][vc_tta_section title=&#8221;M\u00e1laga&#8221; tab_id=&#8221;1680722981075-4b19b1c6-6f90&#8243;][vc_raw_js]JTNDc2NyaXB0JTIwc3JjJTNEJTIyaHR0cHMlM0ElMkYlMkZjODkudHJhdmVscGF5b3V0cy5jb20lMkZjb250ZW50JTNGdHJzJTNEMzE5NDQlMjZzaG1hcmtlciUzRDI0MDAxMCUyNmxhbmd1YWdlJTNEZW4lMjZjdXJyZW5jeSUzRENaSyUyNmxvY2FsZSUzRDMyJTI2bGF5b3V0JTNEaG9yaXpvbnRhbCUyNmNhcmRzJTNEMTIlMjZwb3dlcmVkX2J5JTNEZmFsc2UlMjZwcm9tb19pZCUzRDM5NDclMjIlMjBjaGFyc2V0JTNEJTIydXRmLTglMjIlM0UlM0MlMkZzY3JpcHQlM0U=[\/vc_raw_js][\/vc_tta_section][vc_tta_section title=&#8221;New York&#8221; tab_id=&#8221;1680723150854-f5715158-1a86&#8243;][vc_raw_js]JTNDc2NyaXB0JTIwc3JjJTNEJTIyaHR0cHMlM0ElMkYlMkZjODkudHJhdmVscGF5b3V0cy5jb20lMkZjb250ZW50JTNGdHJzJTNEMzE5NDQlMjZzaG1hcmtlciUzRDI0MDAxMCUyNmxhbmd1YWdlJTNEZW4lMjZjdXJyZW5jeSUzRENaSyUyNmxvY2FsZSUzRDI2MDkzMiUyNmxheW91dCUzRGhvcml6b250YWwlMjZjYXJkcyUzRDEyJTI2cG93ZXJlZF9ieSUzRGZhbHNlJTI2cHJvbW9faWQlM0QzOTQ3JTIyJTIwY2hhcnNldCUzRCUyMnV0Zi04JTIyJTNFJTNDJTJGc2NyaXB0JTNF[\/vc_raw_js][\/vc_tta_section][vc_tta_section title=&#8221;Miami&#8221; tab_id=&#8221;1680723217904-dd0ad848-8611&#8243;][vc_raw_js]JTNDc2NyaXB0JTIwc3JjJTNEJTIyaHR0cHMlM0ElMkYlMkZjODkudHJhdmVscGF5b3V0cy5jb20lMkZjb250ZW50JTNGdHJzJTNEMzE5NDQlMjZzaG1hcmtlciUzRDI0MDAxMCUyNmxhbmd1YWdlJTNEZW4lMjZjdXJyZW5jeSUzRENaSyUyNmxvY2FsZSUzRDc5ODY4JTI2bGF5b3V0JTNEaG9yaXpvbnRhbCUyNmNhcmRzJTNEMTIlMjZwb3dlcmVkX2J5JTNEZmFsc2UlMjZwcm9tb19pZCUzRDM5NDclMjIlMjBjaGFyc2V0JTNEJTIydXRmLTglMjIlM0UlM0MlMkZzY3JpcHQlM0U=[\/vc_raw_js][\/vc_tta_section][vc_tta_section title=&#8221;Rio de Janeiro&#8221; tab_id=&#8221;1680723287409-96d8d756-8deb&#8221;][vc_raw_js]JTNDc2NyaXB0JTIwc3JjJTNEJTIyaHR0cHMlM0ElMkYlMkZjODkudHJhdmVscGF5b3V0cy5jb20lMkZjb250ZW50JTNGdHJzJTNEMzE5NDQlMjZzaG1hcmtlciUzRDI0MDAxMCUyNmxhbmd1YWdlJTNEZW4lMjZjdXJyZW5jeSUzRENaSyUyNmxvY2FsZSUzRDYxNTM1JTI2bGF5b3V0JTNEaG9yaXpvbnRhbCUyNmNhcmRzJTNEMTIlMjZwb3dlcmVkX2J5JTNEZmFsc2UlMjZwcm9tb19pZCUzRDM5NDclMjIlMjBjaGFyc2V0JTNEJTIydXRmLTglMjIlM0UlM0MlMkZzY3JpcHQlM0U=[\/vc_raw_js][\/vc_tta_section][\/vc_tta_tabs][\/vc_column][\/vc_row][vc_row][vc_column width=&#8221;1\/3&#8243;][vc_btn title=&#8221;Vatican Museums&#8221; style=&#8221;outline&#8221; color=&#8221;green&#8221; size=&#8221;lg&#8221; align=&#8221;center&#8221; css=&#8221;&#8221; button_block=&#8221;true&#8221; link=&#8221;url:https%3A%2F%2Ftiqets.tp.st%2FBvBIdh76|target:_blank&#8221;][\/vc_column][vc_column width=&#8221;1\/3&#8243;][vc_btn title=&#8221;Disneyland\u00ae&#8221; style=&#8221;outline&#8221; color=&#8221;green&#8221; size=&#8221;lg&#8221; align=&#8221;center&#8221; css=&#8221;&#8221; button_block=&#8221;true&#8221; link=&#8221;url:https%3A%2F%2Ftiqets.tp.st%2FshIUL9S8|target:_blank&#8221;][\/vc_column][vc_column width=&#8221;1\/3&#8243;][vc_btn title=&#8221;Energylandia in Poland&#8221; style=&#8221;outline&#8221; color=&#8221;green&#8221; size=&#8221;lg&#8221; align=&#8221;center&#8221; css=&#8221;&#8221; button_block=&#8221;true&#8221; link=&#8221;url:https%3A%2F%2Ftiqets.tp.st%2FUXYgv97U|target:_blank&#8221;][\/vc_column][\/vc_row]<\/p>\n<\/div>","protected":false},"excerpt":{"rendered":"<p>[vc_row full_width=&#8221;stretch_row_content_no_spaces&#8221; full_height=&#8221;yes&#8221; content_placement=&#8221;middle&#8221; css=&#8221;.vc_custom_1693678566446{background: #000000 url(https:\/\/e-booking.cz\/wp-content\/uploads\/2023\/09\/turistickC3A1-matka-a-jejC3AD-malC3A1-dcera-si-uC5BEC3ADvajC3AD-vC3BDhled-na-krC3A1snC3A9-panorC3A1ma-lisabonu.jpg_s1024x1024wisk20cymTOeGpBKClOYbBVhnJk6rQBpAVzO3XK6X8u7krVbHE-1.jpg?id=52076) !important;background-position: center !important;background-repeat: no-repeat !important;background-size: cover !important;}&#8221;][vc_column][vc_empty_space height=&#8221;42px&#8221;][tm_carousel_father theme=&#8221;content-over-slider&#8221; effect=&#8221;true&#8221; arrowclr=&#8221;#1a2b48&#8243; dotclr=&#8221;#000000&#8243; padding=&#8221;39&#8243; mbl_height=&#8221;200&#8243;][tm_carousel_son align=&#8221;left&#8221; titlesize=&#8221;65&#8243; fontweight=&#8221;bold&#8221; btn_visibility=&#8221;show&#8221; btn_height=&#8221;25&#8243; btn_width=&#8221;77&#8243; btn_border_style=&#8221;8px solid #fff&#8221; alt=&#8221;Rezervujte si skv\u011bl\u00e9 atrakce levn\u011bji&#8221; title=&#8221;Discover new attractions and experiences&#8221; titleclr=&#8221;#ffffff&#8221; btn_text=&#8221;Search&#8221; btn_clr=&#8221;#ffffff&#8221; btn_bg=&#8221;#0ca532&#8243; btn_url=&#8221;url:https%3A%2F%2Ftiqets.tp.st%2Foiq5AeXR|target:_blank&#8221;] Book tickets online in minutes, cancellation on many attractions [\/tm_carousel_son][\/tm_carousel_father][\/vc_column][\/vc_row][vc_row][vc_column][vc_empty_space [&hellip;]<\/p>\n","protected":false},"author":3,"featured_media":49579,"parent":0,"menu_order":0,"comment_status":"open","ping_status":"closed","template":"template-home-modern.php","meta":{"footnotes":""},"class_list":["post-59539","page","type-page","status-publish","has-post-thumbnail","hentry"],"yoast_head":"<!-- This site is optimized with the Yoast SEO Premium plugin v26.1 (Yoast SEO v27.2) - https:\/\/yoast.com\/product\/yoast-seo-premium-wordpress\/ -->\n<title>e-booking.cz: Discover new attractions and experiences<\/title>\n<meta name=\"description\" content=\"Online reservation of experiences and tickets will save you time and worry. You have all the main attractions in one place.\" \/>\n<meta name=\"robots\" content=\"index, follow, max-snippet:-1, max-image-preview:large, max-video-preview:-1\" \/>\n<link rel=\"canonical\" href=\"https:\/\/e-booking.cz\/en\/attractions\/\" \/>\n<meta name=\"twitter:card\" content=\"summary_large_image\" \/>\n<meta name=\"twitter:title\" content=\"e-booking.cz: Discover new attractions and experiences\" \/>\n<meta name=\"twitter:description\" content=\"Online reservation of experiences and tickets will save you time and worry. You have all the main attractions in one place.\" \/>\n<meta name=\"twitter:image\" content=\"https:\/\/e-booking.cz\/wp-content\/uploads\/2023\/04\/iStock-1185244699-scaled.jpg\" \/>\n<meta name=\"twitter:site\" content=\"@EBookingcz\" \/>\n<meta name=\"twitter:label1\" content=\"Est. reading time\" \/>\n\t<meta name=\"twitter:data1\" content=\"2 minutes\" \/>\n<script type=\"application\/ld+json\" class=\"yoast-schema-graph\">{\"@context\":\"https:\/\/schema.org\",\"@graph\":[{\"@type\":\"WebPage\",\"@id\":\"https:\/\/e-booking.cz\/en\/attractions\/\",\"url\":\"https:\/\/e-booking.cz\/en\/attractions\/\",\"name\":\"e-booking.cz: Discover new attractions and experiences\",\"isPartOf\":{\"@id\":\"https:\/\/e-booking.cz\/#website\"},\"primaryImageOfPage\":{\"@id\":\"https:\/\/e-booking.cz\/en\/attractions\/#primaryimage\"},\"image\":{\"@id\":\"https:\/\/e-booking.cz\/en\/attractions\/#primaryimage\"},\"thumbnailUrl\":\"https:\/\/e-booking.cz\/wp-content\/uploads\/2023\/04\/iStock-1185244699-scaled.jpg\",\"datePublished\":\"2023-04-05T12:41:36+00:00\",\"dateModified\":\"2025-05-20T19:31:26+00:00\",\"description\":\"Online reservation of experiences and tickets will save you time and worry. You have all the main attractions in one place.\",\"breadcrumb\":{\"@id\":\"https:\/\/e-booking.cz\/en\/attractions\/#breadcrumb\"},\"inLanguage\":\"en-US\",\"potentialAction\":[{\"@type\":\"ReadAction\",\"target\":[\"https:\/\/e-booking.cz\/en\/attractions\/\"]}]},{\"@type\":\"ImageObject\",\"inLanguage\":\"en-US\",\"@id\":\"https:\/\/e-booking.cz\/en\/attractions\/#primaryimage\",\"url\":\"https:\/\/e-booking.cz\/wp-content\/uploads\/2023\/04\/iStock-1185244699-scaled.jpg\",\"contentUrl\":\"https:\/\/e-booking.cz\/wp-content\/uploads\/2023\/04\/iStock-1185244699-scaled.jpg\",\"width\":2560,\"height\":2560,\"caption\":\"Cartoon man traveler character creating content for travel blog or vlog. Guy with backpack shooting video or taking selfie with landmarks, attractions, beautiful places. Vector flat Illustration\"},{\"@type\":\"BreadcrumbList\",\"@id\":\"https:\/\/e-booking.cz\/en\/attractions\/#breadcrumb\",\"itemListElement\":[{\"@type\":\"ListItem\",\"position\":1,\"name\":\"Dom\u016f\",\"item\":\"https:\/\/e-booking.cz\/en\/\"},{\"@type\":\"ListItem\",\"position\":2,\"name\":\"Atrakce\"}]},{\"@type\":\"WebSite\",\"@id\":\"https:\/\/e-booking.cz\/#website\",\"url\":\"https:\/\/e-booking.cz\/\",\"name\":\"e-booking.cz\",\"description\":\"\",\"publisher\":{\"@id\":\"https:\/\/e-booking.cz\/#organization\"},\"potentialAction\":[{\"@type\":\"SearchAction\",\"target\":{\"@type\":\"EntryPoint\",\"urlTemplate\":\"https:\/\/e-booking.cz\/?s={search_term_string}\"},\"query-input\":{\"@type\":\"PropertyValueSpecification\",\"valueRequired\":true,\"valueName\":\"search_term_string\"}}],\"inLanguage\":\"en-US\"},{\"@type\":\"Organization\",\"@id\":\"https:\/\/e-booking.cz\/#organization\",\"name\":\"e-booking.cz\",\"url\":\"https:\/\/e-booking.cz\/\",\"logo\":{\"@type\":\"ImageObject\",\"inLanguage\":\"en-US\",\"@id\":\"https:\/\/e-booking.cz\/#\/schema\/logo\/image\/\",\"url\":\"https:\/\/e-booking.cz\/wp-content\/uploads\/2019\/08\/logo-ebooking-e1565277525708.png\",\"contentUrl\":\"https:\/\/e-booking.cz\/wp-content\/uploads\/2019\/08\/logo-ebooking-e1565277525708.png\",\"width\":130,\"height\":24,\"caption\":\"e-booking.cz\"},\"image\":{\"@id\":\"https:\/\/e-booking.cz\/#\/schema\/logo\/image\/\"},\"sameAs\":[\"https:\/\/www.facebook.com\/ebookingcz\",\"https:\/\/x.com\/EBookingcz\",\"https:\/\/www.instagram.com\/ebooking.cz\/\"]}]}<\/script>\n<!-- \/ Yoast SEO Premium plugin. -->","yoast_head_json":{"title":"e-booking.cz: Discover new attractions and experiences","description":"Online reservation of experiences and tickets will save you time and worry. You have all the main attractions in one place.","robots":{"index":"index","follow":"follow","max-snippet":"max-snippet:-1","max-image-preview":"max-image-preview:large","max-video-preview":"max-video-preview:-1"},"canonical":"https:\/\/e-booking.cz\/en\/attractions\/","twitter_card":"summary_large_image","twitter_title":"e-booking.cz: Discover new attractions and experiences","twitter_description":"Online reservation of experiences and tickets will save you time and worry. You have all the main attractions in one place.","twitter_image":"https:\/\/e-booking.cz\/wp-content\/uploads\/2023\/04\/iStock-1185244699-scaled.jpg","twitter_site":"@EBookingcz","twitter_misc":{"Est. reading time":"2 minutes"},"schema":{"@context":"https:\/\/schema.org","@graph":[{"@type":"WebPage","@id":"https:\/\/e-booking.cz\/en\/attractions\/","url":"https:\/\/e-booking.cz\/en\/attractions\/","name":"e-booking.cz: Discover new attractions and experiences","isPartOf":{"@id":"https:\/\/e-booking.cz\/#website"},"primaryImageOfPage":{"@id":"https:\/\/e-booking.cz\/en\/attractions\/#primaryimage"},"image":{"@id":"https:\/\/e-booking.cz\/en\/attractions\/#primaryimage"},"thumbnailUrl":"https:\/\/e-booking.cz\/wp-content\/uploads\/2023\/04\/iStock-1185244699-scaled.jpg","datePublished":"2023-04-05T12:41:36+00:00","dateModified":"2025-05-20T19:31:26+00:00","description":"Online reservation of experiences and tickets will save you time and worry. You have all the main attractions in one place.","breadcrumb":{"@id":"https:\/\/e-booking.cz\/en\/attractions\/#breadcrumb"},"inLanguage":"en-US","potentialAction":[{"@type":"ReadAction","target":["https:\/\/e-booking.cz\/en\/attractions\/"]}]},{"@type":"ImageObject","inLanguage":"en-US","@id":"https:\/\/e-booking.cz\/en\/attractions\/#primaryimage","url":"https:\/\/e-booking.cz\/wp-content\/uploads\/2023\/04\/iStock-1185244699-scaled.jpg","contentUrl":"https:\/\/e-booking.cz\/wp-content\/uploads\/2023\/04\/iStock-1185244699-scaled.jpg","width":2560,"height":2560,"caption":"Cartoon man traveler character creating content for travel blog or vlog. Guy with backpack shooting video or taking selfie with landmarks, attractions, beautiful places. Vector flat Illustration"},{"@type":"BreadcrumbList","@id":"https:\/\/e-booking.cz\/en\/attractions\/#breadcrumb","itemListElement":[{"@type":"ListItem","position":1,"name":"Dom\u016f","item":"https:\/\/e-booking.cz\/en\/"},{"@type":"ListItem","position":2,"name":"Atrakce"}]},{"@type":"WebSite","@id":"https:\/\/e-booking.cz\/#website","url":"https:\/\/e-booking.cz\/","name":"e-booking.cz","description":"","publisher":{"@id":"https:\/\/e-booking.cz\/#organization"},"potentialAction":[{"@type":"SearchAction","target":{"@type":"EntryPoint","urlTemplate":"https:\/\/e-booking.cz\/?s={search_term_string}"},"query-input":{"@type":"PropertyValueSpecification","valueRequired":true,"valueName":"search_term_string"}}],"inLanguage":"en-US"},{"@type":"Organization","@id":"https:\/\/e-booking.cz\/#organization","name":"e-booking.cz","url":"https:\/\/e-booking.cz\/","logo":{"@type":"ImageObject","inLanguage":"en-US","@id":"https:\/\/e-booking.cz\/#\/schema\/logo\/image\/","url":"https:\/\/e-booking.cz\/wp-content\/uploads\/2019\/08\/logo-ebooking-e1565277525708.png","contentUrl":"https:\/\/e-booking.cz\/wp-content\/uploads\/2019\/08\/logo-ebooking-e1565277525708.png","width":130,"height":24,"caption":"e-booking.cz"},"image":{"@id":"https:\/\/e-booking.cz\/#\/schema\/logo\/image\/"},"sameAs":["https:\/\/www.facebook.com\/ebookingcz","https:\/\/x.com\/EBookingcz","https:\/\/www.instagram.com\/ebooking.cz\/"]}]}},"_links":{"self":[{"href":"https:\/\/e-booking.cz\/en\/wp-json\/wp\/v2\/pages\/59539","targetHints":{"allow":["GET"]}}],"collection":[{"href":"https:\/\/e-booking.cz\/en\/wp-json\/wp\/v2\/pages"}],"about":[{"href":"https:\/\/e-booking.cz\/en\/wp-json\/wp\/v2\/types\/page"}],"author":[{"embeddable":true,"href":"https:\/\/e-booking.cz\/en\/wp-json\/wp\/v2\/users\/3"}],"replies":[{"embeddable":true,"href":"https:\/\/e-booking.cz\/en\/wp-json\/wp\/v2\/comments?post=59539"}],"version-history":[{"count":4,"href":"https:\/\/e-booking.cz\/en\/wp-json\/wp\/v2\/pages\/59539\/revisions"}],"predecessor-version":[{"id":61597,"href":"https:\/\/e-booking.cz\/en\/wp-json\/wp\/v2\/pages\/59539\/revisions\/61597"}],"wp:featuredmedia":[{"embeddable":true,"href":"https:\/\/e-booking.cz\/en\/wp-json\/wp\/v2\/media\/49579"}],"wp:attachment":[{"href":"https:\/\/e-booking.cz\/en\/wp-json\/wp\/v2\/media?parent=59539"}],"curies":[{"name":"wp","href":"https:\/\/api.w.org\/{rel}","templated":true}]}}