{"id":51722,"date":"2023-08-21T23:06:10","date_gmt":"2023-08-21T21:06:10","guid":{"rendered":"https:\/\/e-booking.cz\/?page_id=51722"},"modified":"2025-07-25T22:58:12","modified_gmt":"2025-07-25T20:58:12","slug":"newsletter","status":"publish","type":"page","link":"https:\/\/e-booking.cz\/en\/newsletter\/","title":{"rendered":"Newsletter"},"content":{"rendered":"<div class=\"wpb-content-wrapper\"><p>[vc_row full_width=&#8221;stretch_row_content&#8221; full_height=&#8221;yes&#8221; css=&#8221;.vc_custom_1692695702608{background-image: url(https:\/\/e-booking.cz\/wp-content\/uploads\/2023\/08\/iStock-1425456217-scaled.jpg?id=51769) !important;background-position: center !important;background-repeat: no-repeat !important;background-size: cover !important;}&#8221;][vc_column][vc_empty_space height=&#8221;55px&#8221;][vc_column_text]<\/p>\n<h1><span style=\"color: #ffffff;\">Marketingov\u00e1 sd\u011blen\u00ed<\/span><\/h1>\n<p>&nbsp;<\/p>\n<div>\n<h4><span style=\"color: #ffffff;\"><strong>Sledujte novinky a odeb\u00edrejte newsletter e-booking.cz!<\/strong><\/span><\/h4>\n<h4><span style=\"color: #ffffff;\">Odeb\u00edrejte zaj\u00edmav\u00e9 tipy, nejv\u00fdhodn\u011bj\u0161\u00ed nab\u00eddky, speci\u00e1ln\u00ed bonusy \u010di d\u016fle\u017eit\u00e9 informace z cestovn\u00ed agentury e-boking.cz p\u0159\u00edmo do va\u0161\u00ed emailov\u00e9 schr\u00e1nky zdarma.<\/span><\/h4>\n<h5><span style=\"color: #ffffff;\">Mo\u017enost odhl\u00e1sit se m\u00e1te kdykoli.<\/span><\/h5>\n<\/div>\n<p>[\/vc_column_text][vc_empty_space height=&#8221;55px&#8221;][\/vc_column][\/vc_row][vc_row full_width=&#8221;stretch_row_content&#8221; css=&#8221;.vc_custom_1692651599472{background-color: #efd45b !important;background-position: center !important;background-repeat: no-repeat !important;background-size: cover !important;}&#8221;][vc_column][vc_empty_space height=&#8221;55px&#8221;][vc_separator][vc_column_text]<\/p>\n<h3 style=\"text-align: center;\">Newsletter e-booking.cz<\/h3>\n<p style=\"text-align: center;\">P\u0159ihlaste se k odb\u011bru a ji\u017e V\u00e1m neunikne \u017e\u00e1dn\u00e1 novinka, zaj\u00edmav\u00e1 nab\u00eddka, tip na dovolenou \u010di d\u016fle\u017eit\u00e1 informace.<\/p>\n<hr \/>\n<p>[\/vc_column_text][vc_column_text css=&#8221;&#8221;]<script>(function() {\n\twindow.mc4wp = window.mc4wp || {\n\t\tlisteners: [],\n\t\tforms: {\n\t\t\ton: function(evt, cb) {\n\t\t\t\twindow.mc4wp.listeners.push(\n\t\t\t\t\t{\n\t\t\t\t\t\tevent   : evt,\n\t\t\t\t\t\tcallback: cb\n\t\t\t\t\t}\n\t\t\t\t);\n\t\t\t}\n\t\t}\n\t}\n})();\n<\/script><!-- Mailchimp for WordPress v4.12.0 - https:\/\/wordpress.org\/plugins\/mailchimp-for-wp\/ --><form id=\"mc4wp-form-1\" class=\"mc4wp-form mc4wp-form-62188 mc4wp-form-theme mc4wp-form-theme-light\" method=\"post\" data-id=\"62188\" data-name=\"\" ><div class=\"mc4wp-form-fields\"><p>\r\n\t<label for=\"email\">V\u00e1\u0161 e-mail: \r\n\t\t<input type=\"email\" id=\"email\" name=\"EMAIL\" placeholder=\"zadejte platn\u00fd e-mail\" required>\r\n\t<\/label>\r\n<\/p>\r\n\r\n<p>\r\n\t<input type=\"submit\" value=\"Registrovat\">\r\n<\/p><\/div><label style=\"display: none !important;\">Leave this field empty if you're human: <input type=\"text\" name=\"_mc4wp_honeypot\" value=\"\" tabindex=\"-1\" autocomplete=\"off\" \/><\/label><input type=\"hidden\" name=\"_mc4wp_timestamp\" value=\"1776184550\" \/><input type=\"hidden\" name=\"_mc4wp_form_id\" value=\"62188\" \/><input type=\"hidden\" name=\"_mc4wp_form_element_id\" value=\"mc4wp-form-1\" \/><div class=\"mc4wp-response\"><\/div><\/form><!-- \/ Mailchimp for WordPress Plugin -->[\/vc_column_text][\/vc_column][\/vc_row][vc_row][vc_column][vc_empty_space height=&#8221;42px&#8221;][vc_raw_js]JTNDc2NyaXB0JTIwc3JjJTNEJTIyaHR0cHMlM0ElMkYlMkZzdGF0aWMuZWxmc2lnaHQuY29tJTJGcGxhdGZvcm0lMkZwbGF0Zm9ybS5qcyUyMiUyMGRhdGEtdXNlLXNlcnZpY2UtY29yZSUyMGRlZmVyJTNFJTNDJTJGc2NyaXB0JTNFJTBBJTNDZGl2JTIwY2xhc3MlM0QlMjJlbGZzaWdodC1hcHAtNWI1ZDJkNzgtNDRhMS00MWVmLThhMDItNDQwZjM2MjJmN2ZhJTIyJTNFJTNDJTJGZGl2JTNF[\/vc_raw_js][\/vc_column][\/vc_row]<\/p>\n<\/div>","protected":false},"excerpt":{"rendered":"<p>[vc_row full_width=&#8221;stretch_row_content&#8221; full_height=&#8221;yes&#8221; css=&#8221;.vc_custom_1692695702608{background-image: url(https:\/\/e-booking.cz\/wp-content\/uploads\/2023\/08\/iStock-1425456217-scaled.jpg?id=51769) !important;background-position: center !important;background-repeat: no-repeat !important;background-size: cover !important;}&#8221;][vc_column][vc_empty_space height=&#8221;55px&#8221;][vc_column_text] Marketingov\u00e1 sd\u011blen\u00ed &nbsp; Sledujte novinky a odeb\u00edrejte newsletter e-booking.cz! Odeb\u00edrejte zaj\u00edmav\u00e9 tipy, nejv\u00fdhodn\u011bj\u0161\u00ed nab\u00eddky, speci\u00e1ln\u00ed bonusy \u010di d\u016fle\u017eit\u00e9 informace z cestovn\u00ed agentury e-boking.cz p\u0159\u00edmo do va\u0161\u00ed emailov\u00e9 schr\u00e1nky zdarma. Mo\u017enost odhl\u00e1sit se m\u00e1te kdykoli. [\/vc_column_text][vc_empty_space height=&#8221;55px&#8221;][\/vc_column][\/vc_row][vc_row full_width=&#8221;stretch_row_content&#8221; css=&#8221;.vc_custom_1692651599472{background-color: #efd45b !important;background-position: center !important;background-repeat: [&hellip;]<\/p>\n","protected":false},"author":3,"featured_media":51723,"parent":0,"menu_order":0,"comment_status":"open","ping_status":"closed","template":"template-home-modern.php","meta":{"footnotes":""},"class_list":["post-51722","page","type-page","status-publish","has-post-thumbnail","hentry"],"yoast_head":"<!-- This site is optimized with the Yoast SEO Premium plugin v26.1 (Yoast SEO v27.2) - https:\/\/yoast.com\/product\/yoast-seo-premium-wordpress\/ -->\n<title>e-booking.cz: Odeb\u00edrejte zaj\u00edmav\u00e9 tipy a nejv\u00fdhodn\u011bj\u0161\u00ed nab\u00eddky<\/title>\n<meta name=\"description\" content=\"Odeb\u00edrejte zaj\u00edmav\u00e9 tipy, nejv\u00fdhodn\u011bj\u0161\u00ed nab\u00eddky, speci\u00e1ln\u00ed bonusy \u010di d\u016fle\u017eit\u00e9 informace z cestovn\u00edho ruchu.\" \/>\n<meta name=\"robots\" content=\"index, follow, max-snippet:-1, max-image-preview:large, max-video-preview:-1\" \/>\n<link rel=\"canonical\" href=\"https:\/\/e-booking.cz\/newsletter\/\" \/>\n<meta name=\"twitter:card\" content=\"summary_large_image\" \/>\n<meta name=\"twitter:title\" content=\"e-booking.cz: Odeb\u00edrejte zaj\u00edmav\u00e9 tipy a nejv\u00fdhodn\u011bj\u0161\u00ed nab\u00eddky\" \/>\n<meta name=\"twitter:description\" content=\"Odeb\u00edrejte zaj\u00edmav\u00e9 tipy, nejv\u00fdhodn\u011bj\u0161\u00ed nab\u00eddky, speci\u00e1ln\u00ed bonusy \u010di d\u016fle\u017eit\u00e9 informace z cestovn\u00edho ruchu.\" \/>\n<meta name=\"twitter:image\" content=\"https:\/\/e-booking.cz\/wp-content\/uploads\/2023\/08\/iStock-1094258532-scaled.jpg\" \/>\n<meta name=\"twitter:site\" content=\"@EBookingcz\" \/>\n<meta name=\"twitter:label1\" content=\"Est. reading time\" \/>\n\t<meta name=\"twitter:data1\" content=\"1 minute\" \/>\n<script type=\"application\/ld+json\" class=\"yoast-schema-graph\">{\"@context\":\"https:\/\/schema.org\",\"@graph\":[{\"@type\":\"WebPage\",\"@id\":\"https:\/\/e-booking.cz\/newsletter\/\",\"url\":\"https:\/\/e-booking.cz\/newsletter\/\",\"name\":\"e-booking.cz: Odeb\u00edrejte zaj\u00edmav\u00e9 tipy a nejv\u00fdhodn\u011bj\u0161\u00ed nab\u00eddky\",\"isPartOf\":{\"@id\":\"https:\/\/e-booking.cz\/#website\"},\"primaryImageOfPage\":{\"@id\":\"https:\/\/e-booking.cz\/newsletter\/#primaryimage\"},\"image\":{\"@id\":\"https:\/\/e-booking.cz\/newsletter\/#primaryimage\"},\"thumbnailUrl\":\"https:\/\/e-booking.cz\/wp-content\/uploads\/2023\/08\/iStock-1094258532-scaled.jpg\",\"datePublished\":\"2023-08-21T21:06:10+00:00\",\"dateModified\":\"2025-07-25T20:58:12+00:00\",\"description\":\"Odeb\u00edrejte zaj\u00edmav\u00e9 tipy, nejv\u00fdhodn\u011bj\u0161\u00ed nab\u00eddky, speci\u00e1ln\u00ed bonusy \u010di d\u016fle\u017eit\u00e9 informace z cestovn\u00edho ruchu.\",\"breadcrumb\":{\"@id\":\"https:\/\/e-booking.cz\/newsletter\/#breadcrumb\"},\"inLanguage\":\"en-US\",\"potentialAction\":[{\"@type\":\"ReadAction\",\"target\":[\"https:\/\/e-booking.cz\/newsletter\/\"]}]},{\"@type\":\"ImageObject\",\"inLanguage\":\"en-US\",\"@id\":\"https:\/\/e-booking.cz\/newsletter\/#primaryimage\",\"url\":\"https:\/\/e-booking.cz\/wp-content\/uploads\/2023\/08\/iStock-1094258532-scaled.jpg\",\"contentUrl\":\"https:\/\/e-booking.cz\/wp-content\/uploads\/2023\/08\/iStock-1094258532-scaled.jpg\",\"width\":2560,\"height\":2560,\"caption\":\"Email marketing and newsletter concept. Hand of man sending message and laptop with e-mail icon\"},{\"@type\":\"BreadcrumbList\",\"@id\":\"https:\/\/e-booking.cz\/newsletter\/#breadcrumb\",\"itemListElement\":[{\"@type\":\"ListItem\",\"position\":1,\"name\":\"Dom\u016f\",\"item\":\"https:\/\/e-booking.cz\/en\/\"},{\"@type\":\"ListItem\",\"position\":2,\"name\":\"Newsletter\"}]},{\"@type\":\"WebSite\",\"@id\":\"https:\/\/e-booking.cz\/#website\",\"url\":\"https:\/\/e-booking.cz\/\",\"name\":\"e-booking.cz\",\"description\":\"\",\"publisher\":{\"@id\":\"https:\/\/e-booking.cz\/#organization\"},\"potentialAction\":[{\"@type\":\"SearchAction\",\"target\":{\"@type\":\"EntryPoint\",\"urlTemplate\":\"https:\/\/e-booking.cz\/?s={search_term_string}\"},\"query-input\":{\"@type\":\"PropertyValueSpecification\",\"valueRequired\":true,\"valueName\":\"search_term_string\"}}],\"inLanguage\":\"en-US\"},{\"@type\":\"Organization\",\"@id\":\"https:\/\/e-booking.cz\/#organization\",\"name\":\"e-booking.cz\",\"url\":\"https:\/\/e-booking.cz\/\",\"logo\":{\"@type\":\"ImageObject\",\"inLanguage\":\"en-US\",\"@id\":\"https:\/\/e-booking.cz\/#\/schema\/logo\/image\/\",\"url\":\"https:\/\/e-booking.cz\/wp-content\/uploads\/2019\/08\/logo-ebooking-e1565277525708.png\",\"contentUrl\":\"https:\/\/e-booking.cz\/wp-content\/uploads\/2019\/08\/logo-ebooking-e1565277525708.png\",\"width\":130,\"height\":24,\"caption\":\"e-booking.cz\"},\"image\":{\"@id\":\"https:\/\/e-booking.cz\/#\/schema\/logo\/image\/\"},\"sameAs\":[\"https:\/\/www.facebook.com\/ebookingcz\",\"https:\/\/x.com\/EBookingcz\",\"https:\/\/www.instagram.com\/ebooking.cz\/\"]}]}<\/script>\n<!-- \/ Yoast SEO Premium plugin. -->","yoast_head_json":{"title":"e-booking.cz: Odeb\u00edrejte zaj\u00edmav\u00e9 tipy a nejv\u00fdhodn\u011bj\u0161\u00ed nab\u00eddky","description":"Odeb\u00edrejte zaj\u00edmav\u00e9 tipy, nejv\u00fdhodn\u011bj\u0161\u00ed nab\u00eddky, speci\u00e1ln\u00ed bonusy \u010di d\u016fle\u017eit\u00e9 informace z cestovn\u00edho ruchu.","robots":{"index":"index","follow":"follow","max-snippet":"max-snippet:-1","max-image-preview":"max-image-preview:large","max-video-preview":"max-video-preview:-1"},"canonical":"https:\/\/e-booking.cz\/newsletter\/","twitter_card":"summary_large_image","twitter_title":"e-booking.cz: Odeb\u00edrejte zaj\u00edmav\u00e9 tipy a nejv\u00fdhodn\u011bj\u0161\u00ed nab\u00eddky","twitter_description":"Odeb\u00edrejte zaj\u00edmav\u00e9 tipy, nejv\u00fdhodn\u011bj\u0161\u00ed nab\u00eddky, speci\u00e1ln\u00ed bonusy \u010di d\u016fle\u017eit\u00e9 informace z cestovn\u00edho ruchu.","twitter_image":"https:\/\/e-booking.cz\/wp-content\/uploads\/2023\/08\/iStock-1094258532-scaled.jpg","twitter_site":"@EBookingcz","twitter_misc":{"Est. reading time":"1 minute"},"schema":{"@context":"https:\/\/schema.org","@graph":[{"@type":"WebPage","@id":"https:\/\/e-booking.cz\/newsletter\/","url":"https:\/\/e-booking.cz\/newsletter\/","name":"e-booking.cz: Odeb\u00edrejte zaj\u00edmav\u00e9 tipy a nejv\u00fdhodn\u011bj\u0161\u00ed nab\u00eddky","isPartOf":{"@id":"https:\/\/e-booking.cz\/#website"},"primaryImageOfPage":{"@id":"https:\/\/e-booking.cz\/newsletter\/#primaryimage"},"image":{"@id":"https:\/\/e-booking.cz\/newsletter\/#primaryimage"},"thumbnailUrl":"https:\/\/e-booking.cz\/wp-content\/uploads\/2023\/08\/iStock-1094258532-scaled.jpg","datePublished":"2023-08-21T21:06:10+00:00","dateModified":"2025-07-25T20:58:12+00:00","description":"Odeb\u00edrejte zaj\u00edmav\u00e9 tipy, nejv\u00fdhodn\u011bj\u0161\u00ed nab\u00eddky, speci\u00e1ln\u00ed bonusy \u010di d\u016fle\u017eit\u00e9 informace z cestovn\u00edho ruchu.","breadcrumb":{"@id":"https:\/\/e-booking.cz\/newsletter\/#breadcrumb"},"inLanguage":"en-US","potentialAction":[{"@type":"ReadAction","target":["https:\/\/e-booking.cz\/newsletter\/"]}]},{"@type":"ImageObject","inLanguage":"en-US","@id":"https:\/\/e-booking.cz\/newsletter\/#primaryimage","url":"https:\/\/e-booking.cz\/wp-content\/uploads\/2023\/08\/iStock-1094258532-scaled.jpg","contentUrl":"https:\/\/e-booking.cz\/wp-content\/uploads\/2023\/08\/iStock-1094258532-scaled.jpg","width":2560,"height":2560,"caption":"Email marketing and newsletter concept. Hand of man sending message and laptop with e-mail icon"},{"@type":"BreadcrumbList","@id":"https:\/\/e-booking.cz\/newsletter\/#breadcrumb","itemListElement":[{"@type":"ListItem","position":1,"name":"Dom\u016f","item":"https:\/\/e-booking.cz\/en\/"},{"@type":"ListItem","position":2,"name":"Newsletter"}]},{"@type":"WebSite","@id":"https:\/\/e-booking.cz\/#website","url":"https:\/\/e-booking.cz\/","name":"e-booking.cz","description":"","publisher":{"@id":"https:\/\/e-booking.cz\/#organization"},"potentialAction":[{"@type":"SearchAction","target":{"@type":"EntryPoint","urlTemplate":"https:\/\/e-booking.cz\/?s={search_term_string}"},"query-input":{"@type":"PropertyValueSpecification","valueRequired":true,"valueName":"search_term_string"}}],"inLanguage":"en-US"},{"@type":"Organization","@id":"https:\/\/e-booking.cz\/#organization","name":"e-booking.cz","url":"https:\/\/e-booking.cz\/","logo":{"@type":"ImageObject","inLanguage":"en-US","@id":"https:\/\/e-booking.cz\/#\/schema\/logo\/image\/","url":"https:\/\/e-booking.cz\/wp-content\/uploads\/2019\/08\/logo-ebooking-e1565277525708.png","contentUrl":"https:\/\/e-booking.cz\/wp-content\/uploads\/2019\/08\/logo-ebooking-e1565277525708.png","width":130,"height":24,"caption":"e-booking.cz"},"image":{"@id":"https:\/\/e-booking.cz\/#\/schema\/logo\/image\/"},"sameAs":["https:\/\/www.facebook.com\/ebookingcz","https:\/\/x.com\/EBookingcz","https:\/\/www.instagram.com\/ebooking.cz\/"]}]}},"_links":{"self":[{"href":"https:\/\/e-booking.cz\/en\/wp-json\/wp\/v2\/pages\/51722","targetHints":{"allow":["GET"]}}],"collection":[{"href":"https:\/\/e-booking.cz\/en\/wp-json\/wp\/v2\/pages"}],"about":[{"href":"https:\/\/e-booking.cz\/en\/wp-json\/wp\/v2\/types\/page"}],"author":[{"embeddable":true,"href":"https:\/\/e-booking.cz\/en\/wp-json\/wp\/v2\/users\/3"}],"replies":[{"embeddable":true,"href":"https:\/\/e-booking.cz\/en\/wp-json\/wp\/v2\/comments?post=51722"}],"version-history":[{"count":20,"href":"https:\/\/e-booking.cz\/en\/wp-json\/wp\/v2\/pages\/51722\/revisions"}],"predecessor-version":[{"id":62189,"href":"https:\/\/e-booking.cz\/en\/wp-json\/wp\/v2\/pages\/51722\/revisions\/62189"}],"wp:featuredmedia":[{"embeddable":true,"href":"https:\/\/e-booking.cz\/en\/wp-json\/wp\/v2\/media\/51723"}],"wp:attachment":[{"href":"https:\/\/e-booking.cz\/en\/wp-json\/wp\/v2\/media?parent=51722"}],"curies":[{"name":"wp","href":"https:\/\/api.w.org\/{rel}","templated":true}]}}