{"id":51505,"date":"2023-08-15T23:09:22","date_gmt":"2023-08-15T21:09:22","guid":{"rendered":"https:\/\/e-booking.cz\/voucher-payment-successful-11\/"},"modified":"2023-08-15T23:09:22","modified_gmt":"2023-08-15T21:09:22","slug":"voucher-payment-successful-11","status":"publish","type":"page","link":"https:\/\/e-booking.cz\/en\/voucher-payment-successful-11\/","title":{"rendered":"Voucher Payment Successful"},"content":{"rendered":"<div class=\"success\"><h1 style=\"text-align: center;\">D\u011bkujeme za objedn\u00e1vku!<\/h1>\r\n<h3>\u00a0<\/h3>\r\n<h3 style=\"text-align: center;\">Potvrzen\u00ed bylo \u00fasp\u011b\u0161n\u011b odesl\u00e1no na adresu .\u00a0<\/h3>\r\n<p>&nbsp;<\/p>\r\n<p style=\"text-align: center;\">Pokud jste e-mail neobdr\u017eeli ani po n\u011bkolika minut\u00e1ch, zkontrolujte slo\u017eku se spamem.<\/p><\/div>\n","protected":false},"excerpt":{"rendered":"D\u011bkujeme za objedn\u00e1vku! \u00a0 Potvrzen\u00ed bylo \u00fasp\u011b\u0161n\u011b odesl\u00e1no na adresu .\u00a0 &nbsp; Pokud jste e-mail neobdr\u017eeli ani po n\u011bkolika minut\u00e1ch, zkontrolujte slo\u017eku se spamem.","protected":false},"author":3,"featured_media":0,"parent":0,"menu_order":0,"comment_status":"closed","ping_status":"closed","template":"","meta":{"footnotes":""},"class_list":["post-51505","page","type-page","status-publish","has-post-thumbnail","hentry"],"yoast_head":"<!-- This site is optimized with the Yoast SEO Premium plugin v26.1 (Yoast SEO v27.2) - https:\/\/yoast.com\/product\/yoast-seo-premium-wordpress\/ -->\n<title>Voucher Payment Successful - e-booking.cz<\/title>\n<meta name=\"robots\" content=\"index, follow, max-snippet:-1, max-image-preview:large, max-video-preview:-1\" \/>\n<link rel=\"canonical\" href=\"https:\/\/e-booking.cz\/voucher-payment-successful-11\/\" \/>\n<meta name=\"twitter:card\" content=\"summary_large_image\" \/>\n<meta name=\"twitter:title\" content=\"Voucher Payment Successful - e-booking.cz\" \/>\n<meta name=\"twitter:site\" content=\"@EBookingcz\" \/>\n<script type=\"application\/ld+json\" class=\"yoast-schema-graph\">{\"@context\":\"https:\/\/schema.org\",\"@graph\":[{\"@type\":\"WebPage\",\"@id\":\"https:\/\/e-booking.cz\/voucher-payment-successful-11\/\",\"url\":\"https:\/\/e-booking.cz\/voucher-payment-successful-11\/\",\"name\":\"Voucher Payment Successful - e-booking.cz\",\"isPartOf\":{\"@id\":\"https:\/\/e-booking.cz\/#website\"},\"datePublished\":\"2023-08-15T21:09:22+00:00\",\"breadcrumb\":{\"@id\":\"https:\/\/e-booking.cz\/voucher-payment-successful-11\/#breadcrumb\"},\"inLanguage\":\"en-US\",\"potentialAction\":[{\"@type\":\"ReadAction\",\"target\":[\"https:\/\/e-booking.cz\/voucher-payment-successful-11\/\"]}]},{\"@type\":\"BreadcrumbList\",\"@id\":\"https:\/\/e-booking.cz\/voucher-payment-successful-11\/#breadcrumb\",\"itemListElement\":[{\"@type\":\"ListItem\",\"position\":1,\"name\":\"Dom\u016f\",\"item\":\"https:\/\/e-booking.cz\/en\/\"},{\"@type\":\"ListItem\",\"position\":2,\"name\":\"Voucher Payment Successful\"}]},{\"@type\":\"WebSite\",\"@id\":\"https:\/\/e-booking.cz\/#website\",\"url\":\"https:\/\/e-booking.cz\/\",\"name\":\"e-booking.cz\",\"description\":\"\",\"publisher\":{\"@id\":\"https:\/\/e-booking.cz\/#organization\"},\"potentialAction\":[{\"@type\":\"SearchAction\",\"target\":{\"@type\":\"EntryPoint\",\"urlTemplate\":\"https:\/\/e-booking.cz\/?s={search_term_string}\"},\"query-input\":{\"@type\":\"PropertyValueSpecification\",\"valueRequired\":true,\"valueName\":\"search_term_string\"}}],\"inLanguage\":\"en-US\"},{\"@type\":\"Organization\",\"@id\":\"https:\/\/e-booking.cz\/#organization\",\"name\":\"e-booking.cz\",\"url\":\"https:\/\/e-booking.cz\/\",\"logo\":{\"@type\":\"ImageObject\",\"inLanguage\":\"en-US\",\"@id\":\"https:\/\/e-booking.cz\/#\/schema\/logo\/image\/\",\"url\":\"https:\/\/e-booking.cz\/wp-content\/uploads\/2019\/08\/logo-ebooking-e1565277525708.png\",\"contentUrl\":\"https:\/\/e-booking.cz\/wp-content\/uploads\/2019\/08\/logo-ebooking-e1565277525708.png\",\"width\":130,\"height\":24,\"caption\":\"e-booking.cz\"},\"image\":{\"@id\":\"https:\/\/e-booking.cz\/#\/schema\/logo\/image\/\"},\"sameAs\":[\"https:\/\/www.facebook.com\/ebookingcz\",\"https:\/\/x.com\/EBookingcz\",\"https:\/\/www.instagram.com\/ebooking.cz\/\"]}]}<\/script>\n<!-- \/ Yoast SEO Premium plugin. -->","yoast_head_json":{"title":"Voucher Payment Successful - e-booking.cz","robots":{"index":"index","follow":"follow","max-snippet":"max-snippet:-1","max-image-preview":"max-image-preview:large","max-video-preview":"max-video-preview:-1"},"canonical":"https:\/\/e-booking.cz\/voucher-payment-successful-11\/","twitter_card":"summary_large_image","twitter_title":"Voucher Payment Successful - e-booking.cz","twitter_site":"@EBookingcz","schema":{"@context":"https:\/\/schema.org","@graph":[{"@type":"WebPage","@id":"https:\/\/e-booking.cz\/voucher-payment-successful-11\/","url":"https:\/\/e-booking.cz\/voucher-payment-successful-11\/","name":"Voucher Payment Successful - e-booking.cz","isPartOf":{"@id":"https:\/\/e-booking.cz\/#website"},"datePublished":"2023-08-15T21:09:22+00:00","breadcrumb":{"@id":"https:\/\/e-booking.cz\/voucher-payment-successful-11\/#breadcrumb"},"inLanguage":"en-US","potentialAction":[{"@type":"ReadAction","target":["https:\/\/e-booking.cz\/voucher-payment-successful-11\/"]}]},{"@type":"BreadcrumbList","@id":"https:\/\/e-booking.cz\/voucher-payment-successful-11\/#breadcrumb","itemListElement":[{"@type":"ListItem","position":1,"name":"Dom\u016f","item":"https:\/\/e-booking.cz\/en\/"},{"@type":"ListItem","position":2,"name":"Voucher Payment Successful"}]},{"@type":"WebSite","@id":"https:\/\/e-booking.cz\/#website","url":"https:\/\/e-booking.cz\/","name":"e-booking.cz","description":"","publisher":{"@id":"https:\/\/e-booking.cz\/#organization"},"potentialAction":[{"@type":"SearchAction","target":{"@type":"EntryPoint","urlTemplate":"https:\/\/e-booking.cz\/?s={search_term_string}"},"query-input":{"@type":"PropertyValueSpecification","valueRequired":true,"valueName":"search_term_string"}}],"inLanguage":"en-US"},{"@type":"Organization","@id":"https:\/\/e-booking.cz\/#organization","name":"e-booking.cz","url":"https:\/\/e-booking.cz\/","logo":{"@type":"ImageObject","inLanguage":"en-US","@id":"https:\/\/e-booking.cz\/#\/schema\/logo\/image\/","url":"https:\/\/e-booking.cz\/wp-content\/uploads\/2019\/08\/logo-ebooking-e1565277525708.png","contentUrl":"https:\/\/e-booking.cz\/wp-content\/uploads\/2019\/08\/logo-ebooking-e1565277525708.png","width":130,"height":24,"caption":"e-booking.cz"},"image":{"@id":"https:\/\/e-booking.cz\/#\/schema\/logo\/image\/"},"sameAs":["https:\/\/www.facebook.com\/ebookingcz","https:\/\/x.com\/EBookingcz","https:\/\/www.instagram.com\/ebooking.cz\/"]}]}},"_links":{"self":[{"href":"https:\/\/e-booking.cz\/en\/wp-json\/wp\/v2\/pages\/51505","targetHints":{"allow":["GET"]}}],"collection":[{"href":"https:\/\/e-booking.cz\/en\/wp-json\/wp\/v2\/pages"}],"about":[{"href":"https:\/\/e-booking.cz\/en\/wp-json\/wp\/v2\/types\/page"}],"author":[{"embeddable":true,"href":"https:\/\/e-booking.cz\/en\/wp-json\/wp\/v2\/users\/3"}],"replies":[{"embeddable":true,"href":"https:\/\/e-booking.cz\/en\/wp-json\/wp\/v2\/comments?post=51505"}],"version-history":[{"count":0,"href":"https:\/\/e-booking.cz\/en\/wp-json\/wp\/v2\/pages\/51505\/revisions"}],"wp:attachment":[{"href":"https:\/\/e-booking.cz\/en\/wp-json\/wp\/v2\/media?parent=51505"}],"curies":[{"name":"wp","href":"https:\/\/api.w.org\/{rel}","templated":true}]}}