{"id":28201,"date":"2020-06-04T00:31:23","date_gmt":"2020-06-03T22:31:23","guid":{"rendered":"https:\/\/e-booking.cz\/?page_id=28201"},"modified":"2025-07-26T23:12:52","modified_gmt":"2025-07-26T21:12:52","slug":"footer","status":"publish","type":"page","link":"https:\/\/e-booking.cz\/en\/footer\/","title":{"rendered":"Footer"},"content":{"rendered":"<div class=\"wpb-content-wrapper\"><p>[vc_row full_width=&#8221;stretch_row_content&#8221;][vc_column]<div class=\"mailchimp\">\r\n    <div class=\"container\">\r\n        <div class=\"row\">\r\n            <div class=\"col-xs-12 col-lg-10 col-lg-offset-1\">\r\n                <div class=\"row\">\r\n                    <div class=\"col-xs-12  col-md-7 col-lg-6\">\r\n                        <div class=\"media \">\r\n                            <div class=\"media-left pr30 hidden-xs\">\r\n                                                                <img decoding=\"async\" class=\"media-object st_1776155918\"\r\n                                    src=\"https:\/\/e-booking.cz\/wp-content\/themes\/traveler\/v2\/images\/svg\/ico_email_subscribe.svg\"\r\n                                    alt=\"\">\r\n                            <\/div>\r\n                            <div class=\"media-body\">\r\n                                                                    <h4 class=\"media-heading st-heading-section f24\">Objednat newsletter<\/h4>\r\n                                                                                                        <p class=\"f16 c-grey\">Budete m\u00edt dokonal\u00fd p\u0159ehled o nejlep\u0161\u00edch hotelov\u00fdch nab\u00eddk\u00e1ch.<\/p>\r\n                                                                <\/div>\r\n                        <\/div>\r\n                    <\/div>\r\n                    <div class=\"col-xs-12 col-md-5 col-lg-6\">\r\n                                                        <form action=\"#\" class=\"subcribe-form\">\r\n                                    <div class=\"form-group\">\r\n                                        <input type=\"text\" class=\"form-control\" placeholder=\"Your Email\">\r\n                                        <input type=\"submit\" name=\"submit\" value=\"Subscribe\">\r\n                                    <\/div>\r\n                                <\/form>\r\n                                \r\n                    <\/div>\r\n                <\/div>\r\n            <\/div>\r\n        <\/div>\r\n    <\/div>\r\n<\/div>\r\n[\/vc_column][\/vc_row][vc_row full_width=&#8221;stretch_row_content&#8221; css=&#8221;.vc_custom_1661521099938{background-color: #1a2b48 !important;}&#8221;][vc_column width=&#8221;1\/3&#8243;][vc_empty_space height=&#8221;30px&#8221;][social_vc_father][social_vc_son style=&#8221;effect5&#8243; margin=&#8221;&#8221; url=&#8221;url:https%3A%2F%2Fwww.facebook.com%2Febookingcz|target:_blank&#8221; size=&#8221;40&#8243; radius=&#8221;10px&#8221; icon=&#8221;fab fa-facebook-square&#8221; clr=&#8221;#ffffff&#8221; hoverbg=&#8221;#81d742&#8243;][social_vc_son style=&#8221;effect5&#8243; url=&#8221;url:https%3A%2F%2Ftwitter.com%2FEBookingcz|target:_blank&#8221; size=&#8221;40&#8243; radius=&#8221;10px&#8221; icon=&#8221;fab fa-twitter-square&#8221; clr=&#8221;#ffffff&#8221; hoverbg=&#8221;#81d742&#8243;][social_vc_son style=&#8221;effect5&#8243; margin=&#8221;&#8221; url=&#8221;url:https%3A%2F%2Fwww.instagram.com%2Febooking.cz%2F|target:_blank&#8221; size=&#8221;40&#8243; radius=&#8221;10px&#8221; icon=&#8221;fab fa-instagram&#8221; clr=&#8221;#ffffff&#8221; hoverbg=&#8221;#81d742&#8243;][social_vc_son style=&#8221;effect5&#8243; margin=&#8221;8&#8243; url=&#8221;url:https%3A%2F%2Fg.page%2Fr%2FCaqMcjSCt_2xEBM%2Freview|target:_blank&#8221; size=&#8221;40&#8243; radius=&#8221;10px&#8221; icon=&#8221;fab fa-google&#8221; clr=&#8221;#ffffff&#8221; hoverbg=&#8221;#81d742&#8243;][social_vc_son style=&#8221;effect5&#8243; margin=&#8221;8&#8243; url=&#8221;url:https%3A%2F%2Fe-booking.cz%2Fnewsletter%2F|title:Newsletter|target:_blank&#8221; size=&#8221;40&#8243; radius=&#8221;10px&#8221; icon=&#8221;fas fa-envelope&#8221; clr=&#8221;#ffffff&#8221; hoverbg=&#8221;#81d742&#8243;][\/social_vc_father][\/vc_column][vc_column width=&#8221;1\/3&#8243;][vc_empty_space height=&#8221;40px&#8221;][vc_column_text css=&#8221;&#8221;]<span style=\"color: #ffffff;\"><a style=\"color: #ffffff;\" href=\"https:\/\/e-booking.cz\/platba\/\">Platba objedn\u00e1vky on-line<\/a><\/span><\/p>\n<p><span style=\"color: #ffffff;\"><a style=\"color: #ffffff;\" href=\"https:\/\/e-booking.cz\/kontakt\/\">Kontakt, Zm\u011bna rezervace, Odstoupen\u00ed<\/a><\/span><\/p>\n<p><span style=\"color: #ffffff;\"><a style=\"color: #ffffff;\" href=\"https:\/\/e-booking.cz\/partneri\/\">Na\u0161i obchodn\u00ed partne\u0159i<\/a><\/span>[\/vc_column_text][\/vc_column][vc_column width=&#8221;1\/3&#8243;][vc_empty_space height=&#8221;40px&#8221;][vc_column_text]<span style=\"color: #ffffff;\"><a style=\"color: #ffffff;\" href=\"https:\/\/e-booking.cz\/podminky\/\">Obchodn\u00ed podm\u00ednky cestovn\u00ed slu\u017eby<\/a><\/span><\/p>\n<p><span style=\"color: #ffffff;\"><a style=\"color: #ffffff;\" href=\"https:\/\/e-booking.cz\/ochrana-osobnich-udaju\/\">Z\u00e1sady ochrany osobn\u00edch \u00fadaj\u016f<\/a><\/span><\/p>\n<p><span style=\"color: #ffffff;\"><a style=\"color: #ffffff;\" href=\"https:\/\/e-booking.cz\/cookie\/\">Informace o vyu\u017e\u00edv\u00e1n\u00ed soubor\u016f cookie<\/a><\/span>[\/vc_column_text][\/vc_column][\/vc_row]<\/p>\n<\/div>","protected":false},"excerpt":{"rendered":"<p>[vc_row full_width=&#8221;stretch_row_content&#8221;][vc_column][\/vc_column][\/vc_row][vc_row full_width=&#8221;stretch_row_content&#8221; css=&#8221;.vc_custom_1661521099938{background-color: #1a2b48 !important;}&#8221;][vc_column width=&#8221;1\/3&#8243;][vc_empty_space height=&#8221;30px&#8221;][social_vc_father][social_vc_son style=&#8221;effect5&#8243; margin=&#8221;&#8221; url=&#8221;url:https%3A%2F%2Fwww.facebook.com%2Febookingcz|target:_blank&#8221; size=&#8221;40&#8243; radius=&#8221;10px&#8221; icon=&#8221;fab fa-facebook-square&#8221; clr=&#8221;#ffffff&#8221; hoverbg=&#8221;#81d742&#8243;][social_vc_son style=&#8221;effect5&#8243; url=&#8221;url:https%3A%2F%2Ftwitter.com%2FEBookingcz|target:_blank&#8221; size=&#8221;40&#8243; radius=&#8221;10px&#8221; icon=&#8221;fab fa-twitter-square&#8221; clr=&#8221;#ffffff&#8221; hoverbg=&#8221;#81d742&#8243;][social_vc_son style=&#8221;effect5&#8243; margin=&#8221;&#8221; url=&#8221;url:https%3A%2F%2Fwww.instagram.com%2Febooking.cz%2F|target:_blank&#8221; size=&#8221;40&#8243; radius=&#8221;10px&#8221; icon=&#8221;fab fa-instagram&#8221; clr=&#8221;#ffffff&#8221; hoverbg=&#8221;#81d742&#8243;][social_vc_son style=&#8221;effect5&#8243; margin=&#8221;8&#8243; url=&#8221;url:https%3A%2F%2Fg.page%2Fr%2FCaqMcjSCt_2xEBM%2Freview|target:_blank&#8221; size=&#8221;40&#8243; radius=&#8221;10px&#8221; icon=&#8221;fab fa-google&#8221; clr=&#8221;#ffffff&#8221; hoverbg=&#8221;#81d742&#8243;][social_vc_son style=&#8221;effect5&#8243; margin=&#8221;8&#8243; url=&#8221;url:https%3A%2F%2Fe-booking.cz%2Fnewsletter%2F|title:Newsletter|target:_blank&#8221; size=&#8221;40&#8243; radius=&#8221;10px&#8221; icon=&#8221;fas fa-envelope&#8221; clr=&#8221;#ffffff&#8221; hoverbg=&#8221;#81d742&#8243;][\/social_vc_father][\/vc_column][vc_column width=&#8221;1\/3&#8243;][vc_empty_space height=&#8221;40px&#8221;][vc_column_text css=&#8221;&#8221;]Platba [&hellip;]<\/p>\n","protected":false},"author":3,"featured_media":0,"parent":0,"menu_order":0,"comment_status":"closed","ping_status":"closed","template":"template-home-modern.php","meta":{"footnotes":""},"class_list":["post-28201","page","type-page","status-publish","has-post-thumbnail","hentry"],"yoast_head":"<!-- This site is optimized with the Yoast SEO Premium plugin v26.1 (Yoast SEO v27.2) - https:\/\/yoast.com\/product\/yoast-seo-premium-wordpress\/ -->\n<title>Footer - e-booking.cz<\/title>\n<meta name=\"robots\" content=\"index, follow, max-snippet:-1, max-image-preview:large, max-video-preview:-1\" \/>\n<link rel=\"canonical\" href=\"https:\/\/e-booking.cz\/footer\/\" \/>\n<meta name=\"twitter:card\" content=\"summary_large_image\" \/>\n<meta name=\"twitter:title\" content=\"Footer - e-booking.cz\" \/>\n<meta name=\"twitter:site\" content=\"@EBookingcz\" \/>\n<meta name=\"twitter:label1\" content=\"Est. reading time\" \/>\n\t<meta name=\"twitter:data1\" content=\"1 minute\" \/>\n<script type=\"application\/ld+json\" class=\"yoast-schema-graph\">{\"@context\":\"https:\/\/schema.org\",\"@graph\":[{\"@type\":\"WebPage\",\"@id\":\"https:\/\/e-booking.cz\/footer\/\",\"url\":\"https:\/\/e-booking.cz\/footer\/\",\"name\":\"Footer - e-booking.cz\",\"isPartOf\":{\"@id\":\"https:\/\/e-booking.cz\/#website\"},\"datePublished\":\"2020-06-03T22:31:23+00:00\",\"dateModified\":\"2025-07-26T21:12:52+00:00\",\"breadcrumb\":{\"@id\":\"https:\/\/e-booking.cz\/footer\/#breadcrumb\"},\"inLanguage\":\"en-US\",\"potentialAction\":[{\"@type\":\"ReadAction\",\"target\":[\"https:\/\/e-booking.cz\/footer\/\"]}]},{\"@type\":\"BreadcrumbList\",\"@id\":\"https:\/\/e-booking.cz\/footer\/#breadcrumb\",\"itemListElement\":[{\"@type\":\"ListItem\",\"position\":1,\"name\":\"Dom\u016f\",\"item\":\"https:\/\/e-booking.cz\/en\/\"},{\"@type\":\"ListItem\",\"position\":2,\"name\":\"Footer\"}]},{\"@type\":\"WebSite\",\"@id\":\"https:\/\/e-booking.cz\/#website\",\"url\":\"https:\/\/e-booking.cz\/\",\"name\":\"e-booking.cz\",\"description\":\"\",\"publisher\":{\"@id\":\"https:\/\/e-booking.cz\/#organization\"},\"potentialAction\":[{\"@type\":\"SearchAction\",\"target\":{\"@type\":\"EntryPoint\",\"urlTemplate\":\"https:\/\/e-booking.cz\/?s={search_term_string}\"},\"query-input\":{\"@type\":\"PropertyValueSpecification\",\"valueRequired\":true,\"valueName\":\"search_term_string\"}}],\"inLanguage\":\"en-US\"},{\"@type\":\"Organization\",\"@id\":\"https:\/\/e-booking.cz\/#organization\",\"name\":\"e-booking.cz\",\"url\":\"https:\/\/e-booking.cz\/\",\"logo\":{\"@type\":\"ImageObject\",\"inLanguage\":\"en-US\",\"@id\":\"https:\/\/e-booking.cz\/#\/schema\/logo\/image\/\",\"url\":\"https:\/\/e-booking.cz\/wp-content\/uploads\/2019\/08\/logo-ebooking-e1565277525708.png\",\"contentUrl\":\"https:\/\/e-booking.cz\/wp-content\/uploads\/2019\/08\/logo-ebooking-e1565277525708.png\",\"width\":130,\"height\":24,\"caption\":\"e-booking.cz\"},\"image\":{\"@id\":\"https:\/\/e-booking.cz\/#\/schema\/logo\/image\/\"},\"sameAs\":[\"https:\/\/www.facebook.com\/ebookingcz\",\"https:\/\/x.com\/EBookingcz\",\"https:\/\/www.instagram.com\/ebooking.cz\/\"]}]}<\/script>\n<!-- \/ Yoast SEO Premium plugin. -->","yoast_head_json":{"title":"Footer - e-booking.cz","robots":{"index":"index","follow":"follow","max-snippet":"max-snippet:-1","max-image-preview":"max-image-preview:large","max-video-preview":"max-video-preview:-1"},"canonical":"https:\/\/e-booking.cz\/footer\/","twitter_card":"summary_large_image","twitter_title":"Footer - e-booking.cz","twitter_site":"@EBookingcz","twitter_misc":{"Est. reading time":"1 minute"},"schema":{"@context":"https:\/\/schema.org","@graph":[{"@type":"WebPage","@id":"https:\/\/e-booking.cz\/footer\/","url":"https:\/\/e-booking.cz\/footer\/","name":"Footer - e-booking.cz","isPartOf":{"@id":"https:\/\/e-booking.cz\/#website"},"datePublished":"2020-06-03T22:31:23+00:00","dateModified":"2025-07-26T21:12:52+00:00","breadcrumb":{"@id":"https:\/\/e-booking.cz\/footer\/#breadcrumb"},"inLanguage":"en-US","potentialAction":[{"@type":"ReadAction","target":["https:\/\/e-booking.cz\/footer\/"]}]},{"@type":"BreadcrumbList","@id":"https:\/\/e-booking.cz\/footer\/#breadcrumb","itemListElement":[{"@type":"ListItem","position":1,"name":"Dom\u016f","item":"https:\/\/e-booking.cz\/en\/"},{"@type":"ListItem","position":2,"name":"Footer"}]},{"@type":"WebSite","@id":"https:\/\/e-booking.cz\/#website","url":"https:\/\/e-booking.cz\/","name":"e-booking.cz","description":"","publisher":{"@id":"https:\/\/e-booking.cz\/#organization"},"potentialAction":[{"@type":"SearchAction","target":{"@type":"EntryPoint","urlTemplate":"https:\/\/e-booking.cz\/?s={search_term_string}"},"query-input":{"@type":"PropertyValueSpecification","valueRequired":true,"valueName":"search_term_string"}}],"inLanguage":"en-US"},{"@type":"Organization","@id":"https:\/\/e-booking.cz\/#organization","name":"e-booking.cz","url":"https:\/\/e-booking.cz\/","logo":{"@type":"ImageObject","inLanguage":"en-US","@id":"https:\/\/e-booking.cz\/#\/schema\/logo\/image\/","url":"https:\/\/e-booking.cz\/wp-content\/uploads\/2019\/08\/logo-ebooking-e1565277525708.png","contentUrl":"https:\/\/e-booking.cz\/wp-content\/uploads\/2019\/08\/logo-ebooking-e1565277525708.png","width":130,"height":24,"caption":"e-booking.cz"},"image":{"@id":"https:\/\/e-booking.cz\/#\/schema\/logo\/image\/"},"sameAs":["https:\/\/www.facebook.com\/ebookingcz","https:\/\/x.com\/EBookingcz","https:\/\/www.instagram.com\/ebooking.cz\/"]}]}},"_links":{"self":[{"href":"https:\/\/e-booking.cz\/en\/wp-json\/wp\/v2\/pages\/28201","targetHints":{"allow":["GET"]}}],"collection":[{"href":"https:\/\/e-booking.cz\/en\/wp-json\/wp\/v2\/pages"}],"about":[{"href":"https:\/\/e-booking.cz\/en\/wp-json\/wp\/v2\/types\/page"}],"author":[{"embeddable":true,"href":"https:\/\/e-booking.cz\/en\/wp-json\/wp\/v2\/users\/3"}],"replies":[{"embeddable":true,"href":"https:\/\/e-booking.cz\/en\/wp-json\/wp\/v2\/comments?post=28201"}],"version-history":[{"count":51,"href":"https:\/\/e-booking.cz\/en\/wp-json\/wp\/v2\/pages\/28201\/revisions"}],"predecessor-version":[{"id":62225,"href":"https:\/\/e-booking.cz\/en\/wp-json\/wp\/v2\/pages\/28201\/revisions\/62225"}],"wp:attachment":[{"href":"https:\/\/e-booking.cz\/en\/wp-json\/wp\/v2\/media?parent=28201"}],"curies":[{"name":"wp","href":"https:\/\/api.w.org\/{rel}","templated":true}]}}