{"id":22583,"date":"2020-01-26T22:25:23","date_gmt":"2020-01-26T21:25:23","guid":{"rendered":"https:\/\/e-booking.cz\/?page_id=22583"},"modified":"2025-02-27T16:35:45","modified_gmt":"2025-02-27T15:35:45","slug":"zpozdeny-let","status":"publish","type":"page","link":"https:\/\/e-booking.cz\/en\/letenky\/zpozdeny-let\/","title":{"rendered":"Kompenzace"},"content":{"rendered":"<div class=\"wpb-content-wrapper\"><p>[vc_row][vc_column][vc_empty_space height=&#8221;72px&#8221;][vc_column_text]<\/p>\n<h1 class=\"chakra-heading css-1wtwzxd\"><span style=\"color: #003366;\">M\u011bl v\u00e1\u0161 let zpo\u017ed\u011bn\u00ed nebo byl zru\u0161en?<\/span><\/h1>\n<p>[\/vc_column_text][vc_column_text]<span style=\"font-size: 14pt;\"><strong>P\u0159i zpo\u017ed\u011bn\u00ed letu o v\u00edce ne\u017e 3 hodiny \u010di p\u0159i jeho zru\u0161en\u00ed m\u00e1te n\u00e1rok a\u017e na 600 EUR a to a\u017e 3 roky zp\u011btn\u011b!<\/strong>\u00a0Na kompenzaci m\u00e1te pr\u00e1vo\u00a0tak\u00e9 v p\u0159\u00edpad\u011b, \u017ee jste nestihli navazuj\u00edc\u00ed let. N\u00e1roky vypl\u00fdvaj\u00ed z na\u0159\u00edzen\u00ed Evropsk\u00e9ho parlamentu a Rady EU.\u00a0N\u00e1hradu \u0161kody \u017e\u00e1dejte i p\u0159i po\u0161kozen\u00ed nebo ztracen\u00ed va\u0161eho zavazadla.<\/span><\/p>\n<p><span style=\"font-size: 14pt;\"><strong>Obra\u0165te se na n\u00e1s a my v\u00e1m z\u00edsk\u00e1me maxim\u00e1ln\u00ed mo\u017enou kompenzaci!<\/strong><\/span>[\/vc_column_text][vc_empty_space][\/vc_column][\/vc_row][vc_row][vc_column][vc_raw_js]JTNDc2NyaXB0JTIwYXN5bmMlMjBzcmMlM0QlMjJodHRwcyUzQSUyRiUyRmMxMjAudHJhdmVscGF5b3V0cy5jb20lMkZjb250ZW50JTNGdHJzJTNEMzE5NDQlMjZzaG1hcmtlciUzRDI0MDAxMCUyNmxhbmclM0RlbiUyNnBvd2VyZWRfYnklM0RmYWxzZSUyNnByb21vX2lkJTNEODY3OSUyMiUyMGNoYXJzZXQlM0QlMjJ1dGYtOCUyMiUzRSUzQyUyRnNjcmlwdCUzRQ==[\/vc_raw_js][vc_empty_space][vc_cta h2=&#8221;\u017d\u00e1dejte od\u0161kodn\u011bn\u00ed a\u017e do v\u00fd\u0161e 600 \u20ac s AirHelp.com&#8221; h4=&#8221;Pokud nevyhrajeme, nebudete platit \u017e\u00e1dn\u00e9 poplatky!&#8221; style=&#8221;custom&#8221; add_button=&#8221;right&#8221; btn_title=&#8221;Zkontrolovat kompenzaci&#8221; btn_style=&#8221;custom&#8221; btn_custom_background=&#8221;#0CA532&#8243; btn_custom_text=&#8221;#FFFFFF&#8221; css=&#8221;&#8221; btn_link=&#8221;url:https%3A%2F%2Fairhelp.tp.st%2F3XIS4e8N|target:_blank&#8221; custom_background=&#8221;#EA7E65&#8243; custom_text=&#8221;#FFFFFF&#8221;]<span style=\"color: #ffffff;\">Jsme nejv\u011bt\u0161\u00ed sv\u011btov\u00e1 firma vy\u0159izuj\u00edc\u00ed kompenzace za lety a p\u016fsob\u00edme ve\u00a0v\u00edce zem\u00edch a um\u00edme pomoci ve\u00a0v\u00edce situac\u00edch ne\u017e kdokoli jin\u00fd.<\/span>[\/vc_cta][vc_empty_space][\/vc_column][\/vc_row][vc_row][vc_column width=&#8221;1\/3&#8243;][vc_pricing_table heading=&#8221;Zru\u0161en\u00e9 lety&#8221; subheading=&#8221;Byl v\u00e1\u0161 let zru\u0161en bez ozn\u00e1men\u00ed s dostate\u010dn\u00fdm p\u0159edstihem?&#8221; currency=&#8221;\u20ac&#8221; price=&#8221;600&#8243; period=&#8221;&#8221; markers_color=&#8221;#0ca532&#8243; btn_title=&#8221;Zjistit n\u00e1rok&#8221; btn_style=&#8221;modern&#8221; btn_color=&#8221;green&#8221; css=&#8221;.vc_custom_1737486881525{background-color: #ECECEC !important;}&#8221; btn_link=&#8221;url:https%3A%2F%2Fairhelp.tp.st%2F3XIS4e8N|target:_blank&#8221;]<\/p>\n<ul class=\"wpb-plan-features\">\n<li>Vy\u0159\u00edd\u00edme celou va\u0161i reklamaci, od zah\u00e1jen\u00ed a\u017e po od\u0161kodn\u011bn\u00ed.<\/li>\n<li>P\u0159iprav\u00edme s v\u00e1mi nezbytn\u00e9 dokumenty a pod\u00e1me je za v\u00e1s.<\/li>\n<li>Sv\u00e9 dokumenty jednodu\u0161e ode\u0161lete on-line \u2013 my se o n\u011b postar\u00e1me.<\/li>\n<li>Pokud nevyhrajeme, nebudete platit \u017e\u00e1dn\u00e9 poplatky.<\/li>\n<\/ul>\n<p>[\/vc_pricing_table][vc_empty_space height=&#8221;22px&#8221;][\/vc_column][vc_column width=&#8221;1\/3&#8243;][vc_pricing_table heading=&#8221;Zpo\u017ed\u011bn\u00ed letu&#8221; subheading=&#8221;P\u0159i zpo\u017ed\u011bn\u00ed v\u00edce ne\u017e 3 hodiny, na\u0161i odborn\u00edci v\u00e1m pomohou z\u00edskat kompenzaci&#8221; currency=&#8221;\u20ac&#8221; price=&#8221;600&#8243; period=&#8221;&#8221; markers_color=&#8221;#0ca532&#8243; btn_title=&#8221;Zjistit n\u00e1rok&#8221; btn_style=&#8221;modern&#8221; btn_color=&#8221;green&#8221; css=&#8221;.vc_custom_1737486893049{background-color: #ECECEC !important;}&#8221; btn_link=&#8221;url:https%3A%2F%2Fairhelp.tp.st%2F3XIS4e8N|target:_blank&#8221;]<\/p>\n<ul class=\"wpb-plan-features\">\n<li>Vy\u0159\u00edd\u00edme celou va\u0161i reklamaci, od zah\u00e1jen\u00ed a\u017e po od\u0161kodn\u011bn\u00ed.<\/li>\n<li>P\u0159iprav\u00edme s v\u00e1mi nezbytn\u00e9 dokumenty a pod\u00e1me je za v\u00e1s.<\/li>\n<li>Sv\u00e9 dokumenty jednodu\u0161e ode\u0161lete on-line \u2013 my se o n\u011b postar\u00e1me.<\/li>\n<li>Pokud nevyhrajeme, nebudete platit \u017e\u00e1dn\u00e9 poplatky.<\/li>\n<\/ul>\n<p>[\/vc_pricing_table][vc_empty_space height=&#8221;22px&#8221;][\/vc_column][vc_column width=&#8221;1\/3&#8243;][vc_pricing_table heading=&#8221;Zme\u0161kan\u00e9 spoje&#8221; subheading=&#8221;V\u00e1\u0161 let v kone\u010dn\u00e9 destinaci p\u0159ist\u00e1l s v\u00edce ne\u017e 3 hod. zpo\u017ed\u011bn\u00edm?&#8221; currency=&#8221;\u20ac&#8221; price=&#8221;600&#8243; period=&#8221;&#8221; markers_color=&#8221;#0ca532&#8243; btn_title=&#8221;Zjistit n\u00e1rok&#8221; btn_style=&#8221;modern&#8221; btn_color=&#8221;green&#8221; css=&#8221;.vc_custom_1737486914936{background-color: #ECECEC !important;}&#8221; btn_link=&#8221;url:https%3A%2F%2Fairhelp.tp.st%2F3XIS4e8N|target:_blank&#8221;]<\/p>\n<ul class=\"wpb-plan-features\">\n<li>Vy\u0159\u00edd\u00edme celou va\u0161i reklamaci, od zah\u00e1jen\u00ed a\u017e po od\u0161kodn\u011bn\u00ed.<\/li>\n<li>P\u0159iprav\u00edme s v\u00e1mi nezbytn\u00e9 dokumenty a pod\u00e1me je za v\u00e1s.<\/li>\n<li>Sv\u00e9 dokumenty jednodu\u0161e ode\u0161lete on-line \u2013 my se o n\u011b postar\u00e1me.<\/li>\n<li>Pokud nevyhrajeme, nebudete platit \u017e\u00e1dn\u00e9 poplatky.<\/li>\n<\/ul>\n<p>[\/vc_pricing_table][\/vc_column][\/vc_row][vc_row][vc_column][vc_toggle title=&#8221;Va\u0161e n\u00e1roky&#8221; color=&#8221;orange&#8221; size=&#8221;lg&#8221; open=&#8221;true&#8221; custom_use_theme_fonts=&#8221;yes&#8221; use_custom_heading=&#8221;true&#8221;]<\/p>\n<div class=\"wpb_text_column wpb_content_element \">\n<div class=\"wpb_wrapper\">\n<h4>Zpo\u017ed\u011bn\u00fd let<\/h4>\n<\/div>\n<\/div>\n<div class=\"wpb_text_column wpb_content_element \">\n<div class=\"wpb_wrapper\">\n<p>N\u00e1rok na kompenzaci vznik\u00e1 ka\u017ed\u00e9mu cestuj\u00edc\u00edmu ve chv\u00edli, kdy je jeho\u00a0<strong>let\u00a0opo\u017ed\u011bn o 3 hodiny a v\u00edce<\/strong>. V\u00fdjimkou je pouze zpo\u017ed\u011bn\u00ed letu z d\u016fvodu tzv.\u00a0<strong>mimo\u0159\u00e1dn\u00fdch okolnost\u00ed<\/strong>, tedy takov\u00fdch, kter\u00fdm dopravce nebyl schopen zabr\u00e1nit. V\u00fd\u0161e od\u0161kodn\u011bn\u00ed se v leteck\u00e9 doprav\u011b pohybuje\u00a0<strong>od 250 do 600 \u20ac\u00a0<\/strong>a reklamaci je mo\u017en\u00e9 prov\u00e9st a\u017e\u00a0<strong>3 roky zp\u011btn\u011b<\/strong>.<\/p>\n<hr \/>\n<\/div>\n<div class=\"wpb_text_column wpb_content_element \">\n<div class=\"wpb_wrapper\">\n<h4>Zru\u0161en\u00fd let<\/h4>\n<\/div>\n<\/div>\n<div class=\"wpb_text_column wpb_content_element \">\n<div class=\"wpb_wrapper\">\n<p>P\u0159i zru\u0161en\u00ed letu v\u00a0<strong>posledn\u00edch 14 dnech m\u00e1te n\u00e1rok na od\u0161kodn\u011bn\u00ed 250 \u2013\u00a0600 \u20ac<\/strong>. V\u00fd\u0161e od\u0161kodn\u011bn\u00ed se stanovuje podle d\u00e9lky zru\u0161en\u00e9ho letu. Leteck\u00e9 spole\u010dnosti se z\u0159\u00edkaj\u00ed odpov\u011bdnosti pouze p\u0159i mimo\u0159\u00e1dn\u00fdch okolnostech. P\u0159i zru\u0161en\u00ed letu v\u0161ak v\u017edy m\u00e1te n\u00e1rok na vr\u00e1cen\u00ed pen\u011bz za letenku.<\/p>\n<hr \/>\n<\/div>\n<div class=\"wpb_text_column wpb_content_element \">\n<div class=\"wpb_wrapper\">\n<h4>Nestihnut\u00ed navazuj\u00edc\u00edho letu<\/h4>\n<\/div>\n<\/div>\n<div class=\"wpb_text_column wpb_content_element \">\n<div class=\"wpb_wrapper\">\n<p>V p\u0159\u00edpad\u011b zme\u0161k\u00e1n\u00ed navazuj\u00edc\u00edho letu kv\u016fli zpo\u017ed\u011bn\u00ed nebo zru\u0161en\u00ed letu p\u0159ede\u0161l\u00e9ho, m\u00e1te\u00a0<strong>n\u00e1rok na finan\u010dn\u00ed komepenzaci a\u017e 600 \u20ac<\/strong>! Lety v\u0161ak musej\u00ed b\u00fdt zakoupeny na jednu letenku \u010di\u00a0 jednu rezervaci. V p\u0159\u00edpad\u011b, \u017ee dojde k mimo\u0159\u00e1dn\u00fdm okolnostem, n\u00e1rok na do\u0161kodn\u011bn\u00ed nevznik\u00e1, leteck\u00e1 spole\u010dnost v\u0161ak cestuj\u00edc\u00edmu mus\u00ed zajistit n\u00e1hradn\u00ed let a p\u0159\u00edpadn\u00e9 ubytovan\u00ed.<\/p>\n<hr \/>\n<\/div>\n<div class=\"wpb_text_column wpb_content_element \">\n<div class=\"wpb_wrapper\">\n<h4>Odep\u0159en\u00ed n\u00e1stupu na palubu letadla<\/h4>\n<\/div>\n<\/div>\n<div class=\"wpb_text_column wpb_content_element \">\n<div class=\"wpb_wrapper\">\n<p>Pokud dopravce vylou\u010d\u00ed cestuj\u00edc\u00edho z p\u0159epravy jen proto, \u017ee ji\u017e na palub\u011b nen\u00ed m\u00edsto, m\u00e1 cesatuj\u00edc\u00ed<strong>\u00a0n\u00e1rok na od\u0161kodn\u011bn\u00ed 250 \u2013\u00a0600 \u20ac<\/strong>.<\/p>\n<\/div>\n<\/div>\n<\/div>\n<\/div>\n<\/div>\n<p>[\/vc_toggle][\/vc_column][\/vc_row][vc_row][vc_column][vc_empty_space][\/vc_column][\/vc_row][vc_row][vc_column][vc_tta_pageable no_fill_content_area=&#8221;1&#8243; autoplay=&#8221;5&#8243; active_section=&#8221;1&#8243; pagination_style=&#8221;flat-square&#8221; pagination_color=&#8221;green&#8221; title=&#8221;Jak slu\u017eba funguje?&#8221;][vc_tta_section title=&#8221;Posoud\u00edme V\u00e1\u0161 p\u0159\u00edpad&#8221; tab_id=&#8221;1580080207065-6a4e6565-0102&#8243;][vc_column_text]<\/p>\n<div class=\"wpb_text_column wpb_content_element \">\n<div class=\"wpb_wrapper\">\n<h4 class=\"howitworks-company-header\"><span style=\"font-size: 18pt;\">Posoud\u00edme V\u00e1\u0161 p\u0159\u00edpad a p\u0159iprav\u00edme \u017e\u00e1dost aerolince<\/span><\/h4>\n<\/div>\n<\/div>\n<div class=\"wpb_text_column wpb_content_element \">\n<div class=\"wpb_wrapper\">\n<p><span style=\"font-size: 12pt;\">Na\u0161i pr\u00e1vn\u00edci posoud\u00ed Va\u0161i pr\u00e1vn\u00ed pozici a p\u0159iprav\u00ed podp\u016frn\u00e9 argumenty pro Va\u0161i pohled\u00e1vku<\/span><\/p>\n<\/div>\n<\/div>\n<p>[\/vc_column_text][\/vc_tta_section][vc_tta_section title=&#8221;Zajist\u00edme v\u0161echno pap\u00edrov\u00e1n\u00ed&#8221; tab_id=&#8221;1580080207101-fd9cf89b-5a68&#8243;][vc_column_text]<\/p>\n<div class=\"wpb_text_column wpb_content_element \">\n<div class=\"wpb_wrapper\">\n<h4 class=\"howitworks-company-header\"><span style=\"font-size: 18pt;\">Zajist\u00edme v\u0161echno pap\u00edrov\u00e1n\u00ed<\/span><\/h4>\n<\/div>\n<\/div>\n<div class=\"wpb_text_column wpb_content_element \">\n<div class=\"wpb_wrapper\">\n<p><span style=\"font-size: 12pt;\">P\u0159iprav\u00edme v\u0161echny pot\u0159ebn\u00e9 dokumenty, pod\u00e1me \u017e\u00e1dost aerolince a obstar\u00e1me v\u0161echnu dal\u0161\u00ed komunikaci s aerolinkou, abychom vy\u0159e\u0161ili V\u00e1\u0161 p\u0159\u00edpad<\/span><\/p>\n<\/div>\n<\/div>\n<p>[\/vc_column_text][\/vc_tta_section][vc_tta_section title=&#8221;Vyplat\u00edme V\u00e1m pen\u00edze&#8221; tab_id=&#8221;1580080305326-2860666c-6dd5&#8243;][vc_column_text]<\/p>\n<div class=\"wpb_text_column wpb_content_element \">\n<div class=\"wpb_wrapper\">\n<h4 class=\"howitworks-company-header\"><span style=\"font-size: 18pt;\">Pod\u00e1me pohled\u00e1vku k soudu<\/span><\/h4>\n<\/div>\n<\/div>\n<div class=\"wpb_text_column wpb_content_element \">\n<div class=\"wpb_wrapper\">\n<p><span style=\"font-size: 12pt;\">Pokud aerolinka odm\u00edtne zaplatit, m\u016f\u017eeme za\u010d\u00edt soudn\u00ed proces. V takov\u00e9m p\u0159\u00edpad\u011b uhrad\u00edme v\u0161echny poplatky a dodate\u010dn\u00e9 n\u00e1klady.<\/span><\/p>\n<\/div>\n<\/div>\n<p>[\/vc_column_text][\/vc_tta_section][\/vc_tta_pageable][vc_empty_space][\/vc_column][\/vc_row][vc_row][vc_column][vc_message message_box_style=&#8221;solid&#8221; message_box_color=&#8221;green&#8221; css=&#8221;&#8221;]<\/p>\n<h2 id=\"pomahame-resit-problemy-s-lety\" class=\"chakra-heading css-en-w53jk3\">Pom\u00e1h\u00e1me \u0159e\u0161it probl\u00e9my s\u00a0lety<\/h2>\n<p class=\"chakra-text css-en-guv8xc\"><b>Pom\u00e1h\u00e1me \u0159e\u0161it probl\u00e9my cestuj\u00edc\u00edch v leteck\u00e9 doprav\u011b<\/b><\/p>\n<p class=\"chakra-text css-en-guv8xc\">Proto je tak snadn\u00e9 po\u017eadovat kompenzaci ve v\u00fd\u0161i a\u017e 600 \u20ac za zpo\u017ed\u011bn\u00e9 a zru\u0161en\u00e9 lety. A na\u0161im \u010dlen\u016fm AirHelp+ poskytujeme mnoho dal\u0161\u00edch slu\u017eeb p\u0159i p\u0159eru\u0161en\u00ed provozu.<\/p>\n<p><b>Rozs\u00e1hl\u00e1 data a nejnov\u011bj\u0161\u00ed technologie n\u00e1m umo\u017e\u0148uj\u00ed zkontrolovat tis\u00edce let\u016f ka\u017ed\u00fd den.<\/b><\/p>\n<p>B\u011bhem n\u011bkolika minut tedy z\u00edsk\u00e1te bezplatn\u011b informace o\u00a0tom, jakou kompenzaci m\u016f\u017eete po\u017eadovat.<br \/>\nSpolupracujeme s\u00a0cestovn\u00edmi kancel\u00e1\u0159emi, leteck\u00fdmi spole\u010dnostmi a\u00a0vl\u00e1dami na\u00a0zlep\u0161ov\u00e1n\u00ed p\u00e9\u010de o\u00a0cestuj\u00edc\u00ed.[\/vc_message][\/vc_column][\/vc_row]<\/p>\n<\/div>","protected":false},"excerpt":{"rendered":"<p>[vc_row][vc_column][vc_empty_space height=&#8221;72px&#8221;][vc_column_text] M\u011bl v\u00e1\u0161 let zpo\u017ed\u011bn\u00ed nebo byl zru\u0161en? [\/vc_column_text][vc_column_text]P\u0159i zpo\u017ed\u011bn\u00ed letu o v\u00edce ne\u017e 3 hodiny \u010di p\u0159i jeho zru\u0161en\u00ed m\u00e1te n\u00e1rok a\u017e na 600 EUR a to a\u017e 3 roky zp\u011btn\u011b!\u00a0Na kompenzaci m\u00e1te pr\u00e1vo\u00a0tak\u00e9 v p\u0159\u00edpad\u011b, \u017ee jste nestihli navazuj\u00edc\u00ed let. N\u00e1roky vypl\u00fdvaj\u00ed z na\u0159\u00edzen\u00ed Evropsk\u00e9ho parlamentu a Rady EU.\u00a0N\u00e1hradu \u0161kody \u017e\u00e1dejte i [&hellip;]<\/p>\n","protected":false},"author":3,"featured_media":22267,"parent":48736,"menu_order":0,"comment_status":"closed","ping_status":"closed","template":"template-home-modern.php","meta":{"footnotes":""},"class_list":["post-22583","page","type-page","status-publish","has-post-thumbnail","hentry"],"yoast_head":"<!-- This site is optimized with the Yoast SEO Premium plugin v26.1 (Yoast SEO v27.2) - https:\/\/yoast.com\/product\/yoast-seo-premium-wordpress\/ -->\n<title>Zpo\u017ed\u011bn\u00fd let? Z\u00edskejte kompenzaci a\u017e 600 EUR\u200e.<\/title>\n<meta name=\"description\" content=\"Nahl\u00e1sit zru\u0161en\u00fd nebo zpo\u017ed\u011bn\u00fd let. Z\u00edskejte a\u017e na 600 \u20ac. Zdarma zkontrolujte sv\u016fj n\u00e1rok nyn\u00ed. Bez z\u00e1vazku, \u017e\u00e1dn\u00e1 v\u00fdhra, \u017e\u00e1dn\u00fd poplatek.\" \/>\n<meta name=\"robots\" content=\"index, follow, max-snippet:-1, max-image-preview:large, max-video-preview:-1\" \/>\n<link rel=\"canonical\" href=\"https:\/\/e-booking.cz\/letenky\/zpozdeny-let\/\" \/>\n<meta name=\"twitter:card\" content=\"summary_large_image\" \/>\n<meta name=\"twitter:title\" content=\"Zpo\u017ed\u011bn\u00fd let? Z\u00edskejte kompenzaci a\u017e 600 EUR\u200e.\" \/>\n<meta name=\"twitter:description\" content=\"Zpo\u017ed\u011bn\u00fd \u010di zru\u0161en\u00fd let, ztr\u00e1ta zavazadla? Ve v\u0161ech p\u0159\u00edpadech m\u00e1te n\u00e1rok na kompenzaci. Zkontrolujte sv\u016fj let b\u011bhem 2 minut. D\u00edky n\u00e1m dopravce pochop\u00ed, \u017ee je pr\u00e1vo na va\u0161\u00ed stran\u011b. Posouzen\u00ed p\u0159\u00edpadu zdarma.\" \/>\n<meta name=\"twitter:image\" content=\"https:\/\/e-booking.cz\/wp-content\/uploads\/2020\/01\/jeshoots-com-mSESwdMZr-A-unsplash-1.jpg\" \/>\n<meta name=\"twitter:site\" content=\"@EBookingcz\" \/>\n<meta name=\"twitter:label1\" content=\"Est. reading time\" \/>\n\t<meta name=\"twitter:data1\" content=\"4 minutes\" \/>\n<script type=\"application\/ld+json\" class=\"yoast-schema-graph\">{\"@context\":\"https:\/\/schema.org\",\"@graph\":[{\"@type\":\"WebPage\",\"@id\":\"https:\/\/e-booking.cz\/letenky\/zpozdeny-let\/\",\"url\":\"https:\/\/e-booking.cz\/letenky\/zpozdeny-let\/\",\"name\":\"Zpo\u017ed\u011bn\u00fd let? Z\u00edskejte kompenzaci a\u017e 600 EUR\u200e.\",\"isPartOf\":{\"@id\":\"https:\/\/e-booking.cz\/#website\"},\"primaryImageOfPage\":{\"@id\":\"https:\/\/e-booking.cz\/letenky\/zpozdeny-let\/#primaryimage\"},\"image\":{\"@id\":\"https:\/\/e-booking.cz\/letenky\/zpozdeny-let\/#primaryimage\"},\"thumbnailUrl\":\"https:\/\/e-booking.cz\/wp-content\/uploads\/2020\/01\/jeshoots-com-mSESwdMZr-A-unsplash-1.jpg\",\"datePublished\":\"2020-01-26T21:25:23+00:00\",\"dateModified\":\"2025-02-27T15:35:45+00:00\",\"description\":\"Nahl\u00e1sit zru\u0161en\u00fd nebo zpo\u017ed\u011bn\u00fd let. Z\u00edskejte a\u017e na 600 \u20ac. Zdarma zkontrolujte sv\u016fj n\u00e1rok nyn\u00ed. Bez z\u00e1vazku, \u017e\u00e1dn\u00e1 v\u00fdhra, \u017e\u00e1dn\u00fd poplatek.\",\"breadcrumb\":{\"@id\":\"https:\/\/e-booking.cz\/letenky\/zpozdeny-let\/#breadcrumb\"},\"inLanguage\":\"en-US\",\"potentialAction\":[{\"@type\":\"ReadAction\",\"target\":[\"https:\/\/e-booking.cz\/letenky\/zpozdeny-let\/\"]}]},{\"@type\":\"ImageObject\",\"inLanguage\":\"en-US\",\"@id\":\"https:\/\/e-booking.cz\/letenky\/zpozdeny-let\/#primaryimage\",\"url\":\"https:\/\/e-booking.cz\/wp-content\/uploads\/2020\/01\/jeshoots-com-mSESwdMZr-A-unsplash-1.jpg\",\"contentUrl\":\"https:\/\/e-booking.cz\/wp-content\/uploads\/2020\/01\/jeshoots-com-mSESwdMZr-A-unsplash-1.jpg\",\"width\":5400,\"height\":3600},{\"@type\":\"BreadcrumbList\",\"@id\":\"https:\/\/e-booking.cz\/letenky\/zpozdeny-let\/#breadcrumb\",\"itemListElement\":[{\"@type\":\"ListItem\",\"position\":1,\"name\":\"Dom\u016f\",\"item\":\"https:\/\/e-booking.cz\/en\/\"},{\"@type\":\"ListItem\",\"position\":2,\"name\":\"Letenky\",\"item\":\"https:\/\/e-booking.cz\/letenky\/\"},{\"@type\":\"ListItem\",\"position\":3,\"name\":\"Kompenzace\"}]},{\"@type\":\"WebSite\",\"@id\":\"https:\/\/e-booking.cz\/#website\",\"url\":\"https:\/\/e-booking.cz\/\",\"name\":\"e-booking.cz\",\"description\":\"\",\"publisher\":{\"@id\":\"https:\/\/e-booking.cz\/#organization\"},\"potentialAction\":[{\"@type\":\"SearchAction\",\"target\":{\"@type\":\"EntryPoint\",\"urlTemplate\":\"https:\/\/e-booking.cz\/?s={search_term_string}\"},\"query-input\":{\"@type\":\"PropertyValueSpecification\",\"valueRequired\":true,\"valueName\":\"search_term_string\"}}],\"inLanguage\":\"en-US\"},{\"@type\":\"Organization\",\"@id\":\"https:\/\/e-booking.cz\/#organization\",\"name\":\"e-booking.cz\",\"url\":\"https:\/\/e-booking.cz\/\",\"logo\":{\"@type\":\"ImageObject\",\"inLanguage\":\"en-US\",\"@id\":\"https:\/\/e-booking.cz\/#\/schema\/logo\/image\/\",\"url\":\"https:\/\/e-booking.cz\/wp-content\/uploads\/2019\/08\/logo-ebooking-e1565277525708.png\",\"contentUrl\":\"https:\/\/e-booking.cz\/wp-content\/uploads\/2019\/08\/logo-ebooking-e1565277525708.png\",\"width\":130,\"height\":24,\"caption\":\"e-booking.cz\"},\"image\":{\"@id\":\"https:\/\/e-booking.cz\/#\/schema\/logo\/image\/\"},\"sameAs\":[\"https:\/\/www.facebook.com\/ebookingcz\",\"https:\/\/x.com\/EBookingcz\",\"https:\/\/www.instagram.com\/ebooking.cz\/\"]}]}<\/script>\n<!-- \/ Yoast SEO Premium plugin. -->","yoast_head_json":{"title":"Zpo\u017ed\u011bn\u00fd let? Z\u00edskejte kompenzaci a\u017e 600 EUR\u200e.","description":"Nahl\u00e1sit zru\u0161en\u00fd nebo zpo\u017ed\u011bn\u00fd let. Z\u00edskejte a\u017e na 600 \u20ac. Zdarma zkontrolujte sv\u016fj n\u00e1rok nyn\u00ed. Bez z\u00e1vazku, \u017e\u00e1dn\u00e1 v\u00fdhra, \u017e\u00e1dn\u00fd poplatek.","robots":{"index":"index","follow":"follow","max-snippet":"max-snippet:-1","max-image-preview":"max-image-preview:large","max-video-preview":"max-video-preview:-1"},"canonical":"https:\/\/e-booking.cz\/letenky\/zpozdeny-let\/","twitter_card":"summary_large_image","twitter_title":"Zpo\u017ed\u011bn\u00fd let? Z\u00edskejte kompenzaci a\u017e 600 EUR\u200e.","twitter_description":"Zpo\u017ed\u011bn\u00fd \u010di zru\u0161en\u00fd let, ztr\u00e1ta zavazadla? Ve v\u0161ech p\u0159\u00edpadech m\u00e1te n\u00e1rok na kompenzaci. Zkontrolujte sv\u016fj let b\u011bhem 2 minut. D\u00edky n\u00e1m dopravce pochop\u00ed, \u017ee je pr\u00e1vo na va\u0161\u00ed stran\u011b. Posouzen\u00ed p\u0159\u00edpadu zdarma.","twitter_image":"https:\/\/e-booking.cz\/wp-content\/uploads\/2020\/01\/jeshoots-com-mSESwdMZr-A-unsplash-1.jpg","twitter_site":"@EBookingcz","twitter_misc":{"Est. reading time":"4 minutes"},"schema":{"@context":"https:\/\/schema.org","@graph":[{"@type":"WebPage","@id":"https:\/\/e-booking.cz\/letenky\/zpozdeny-let\/","url":"https:\/\/e-booking.cz\/letenky\/zpozdeny-let\/","name":"Zpo\u017ed\u011bn\u00fd let? Z\u00edskejte kompenzaci a\u017e 600 EUR\u200e.","isPartOf":{"@id":"https:\/\/e-booking.cz\/#website"},"primaryImageOfPage":{"@id":"https:\/\/e-booking.cz\/letenky\/zpozdeny-let\/#primaryimage"},"image":{"@id":"https:\/\/e-booking.cz\/letenky\/zpozdeny-let\/#primaryimage"},"thumbnailUrl":"https:\/\/e-booking.cz\/wp-content\/uploads\/2020\/01\/jeshoots-com-mSESwdMZr-A-unsplash-1.jpg","datePublished":"2020-01-26T21:25:23+00:00","dateModified":"2025-02-27T15:35:45+00:00","description":"Nahl\u00e1sit zru\u0161en\u00fd nebo zpo\u017ed\u011bn\u00fd let. Z\u00edskejte a\u017e na 600 \u20ac. Zdarma zkontrolujte sv\u016fj n\u00e1rok nyn\u00ed. Bez z\u00e1vazku, \u017e\u00e1dn\u00e1 v\u00fdhra, \u017e\u00e1dn\u00fd poplatek.","breadcrumb":{"@id":"https:\/\/e-booking.cz\/letenky\/zpozdeny-let\/#breadcrumb"},"inLanguage":"en-US","potentialAction":[{"@type":"ReadAction","target":["https:\/\/e-booking.cz\/letenky\/zpozdeny-let\/"]}]},{"@type":"ImageObject","inLanguage":"en-US","@id":"https:\/\/e-booking.cz\/letenky\/zpozdeny-let\/#primaryimage","url":"https:\/\/e-booking.cz\/wp-content\/uploads\/2020\/01\/jeshoots-com-mSESwdMZr-A-unsplash-1.jpg","contentUrl":"https:\/\/e-booking.cz\/wp-content\/uploads\/2020\/01\/jeshoots-com-mSESwdMZr-A-unsplash-1.jpg","width":5400,"height":3600},{"@type":"BreadcrumbList","@id":"https:\/\/e-booking.cz\/letenky\/zpozdeny-let\/#breadcrumb","itemListElement":[{"@type":"ListItem","position":1,"name":"Dom\u016f","item":"https:\/\/e-booking.cz\/en\/"},{"@type":"ListItem","position":2,"name":"Letenky","item":"https:\/\/e-booking.cz\/letenky\/"},{"@type":"ListItem","position":3,"name":"Kompenzace"}]},{"@type":"WebSite","@id":"https:\/\/e-booking.cz\/#website","url":"https:\/\/e-booking.cz\/","name":"e-booking.cz","description":"","publisher":{"@id":"https:\/\/e-booking.cz\/#organization"},"potentialAction":[{"@type":"SearchAction","target":{"@type":"EntryPoint","urlTemplate":"https:\/\/e-booking.cz\/?s={search_term_string}"},"query-input":{"@type":"PropertyValueSpecification","valueRequired":true,"valueName":"search_term_string"}}],"inLanguage":"en-US"},{"@type":"Organization","@id":"https:\/\/e-booking.cz\/#organization","name":"e-booking.cz","url":"https:\/\/e-booking.cz\/","logo":{"@type":"ImageObject","inLanguage":"en-US","@id":"https:\/\/e-booking.cz\/#\/schema\/logo\/image\/","url":"https:\/\/e-booking.cz\/wp-content\/uploads\/2019\/08\/logo-ebooking-e1565277525708.png","contentUrl":"https:\/\/e-booking.cz\/wp-content\/uploads\/2019\/08\/logo-ebooking-e1565277525708.png","width":130,"height":24,"caption":"e-booking.cz"},"image":{"@id":"https:\/\/e-booking.cz\/#\/schema\/logo\/image\/"},"sameAs":["https:\/\/www.facebook.com\/ebookingcz","https:\/\/x.com\/EBookingcz","https:\/\/www.instagram.com\/ebooking.cz\/"]}]}},"_links":{"self":[{"href":"https:\/\/e-booking.cz\/en\/wp-json\/wp\/v2\/pages\/22583","targetHints":{"allow":["GET"]}}],"collection":[{"href":"https:\/\/e-booking.cz\/en\/wp-json\/wp\/v2\/pages"}],"about":[{"href":"https:\/\/e-booking.cz\/en\/wp-json\/wp\/v2\/types\/page"}],"author":[{"embeddable":true,"href":"https:\/\/e-booking.cz\/en\/wp-json\/wp\/v2\/users\/3"}],"replies":[{"embeddable":true,"href":"https:\/\/e-booking.cz\/en\/wp-json\/wp\/v2\/comments?post=22583"}],"version-history":[{"count":34,"href":"https:\/\/e-booking.cz\/en\/wp-json\/wp\/v2\/pages\/22583\/revisions"}],"predecessor-version":[{"id":22684,"href":"https:\/\/e-booking.cz\/en\/wp-json\/wp\/v2\/pages\/22583\/revisions\/22684"}],"up":[{"embeddable":true,"href":"https:\/\/e-booking.cz\/en\/wp-json\/wp\/v2\/pages\/48736"}],"wp:featuredmedia":[{"embeddable":true,"href":"https:\/\/e-booking.cz\/en\/wp-json\/wp\/v2\/media\/22267"}],"wp:attachment":[{"href":"https:\/\/e-booking.cz\/en\/wp-json\/wp\/v2\/media?parent=22583"}],"curies":[{"name":"wp","href":"https:\/\/api.w.org\/{rel}","templated":true}]}}