{"id":15312,"date":"2019-10-12T14:24:35","date_gmt":"2019-10-12T12:24:35","guid":{"rendered":"https:\/\/e-booking.cz\/?page_id=15312"},"modified":"2024-09-14T23:51:04","modified_gmt":"2024-09-14T21:51:04","slug":"contact-us","status":"publish","type":"page","link":"https:\/\/e-booking.cz\/en\/contact-us\/","title":{"rendered":"Contact Us"},"content":{"rendered":"<div class=\"wpb-content-wrapper\"><p>[vc_row][vc_column][vc_column_text]<\/p>\n<h1 id=\"jspModalContent-title\" class=\"h1 modal-title no-outline\" tabindex=\"-1\">Contact us<\/h1>\n<p>[\/vc_column_text][\/vc_column][\/vc_row][vc_row][vc_column][vc_column_text]<\/p>\n<h3>Here&#8217;s how you can\u00a0contact\u00a0us.<\/h3>\n<p>[\/vc_column_text][\/vc_column][\/vc_row][vc_row][vc_column width=&#8221;1\/3&#8243;][vc_column_text css=&#8221;&#8221;]<div class=\"frm_forms  with_frm_style frm_style_divi\" id=\"frm_form_20_container\" >\n<form enctype=\"multipart\/form-data\" method=\"post\" class=\"frm-show-form  frm_pro_form \" id=\"form_kontaktujte-nas22\" >\n<div class=\"frm_form_fields \">\n<fieldset>\n<legend class=\"frm_screen_reader\">Str\u00e1nka KONTAKT EN<\/legend>\r\n\r\n<div class=\"frm_fields_container\">\n<input type=\"hidden\" name=\"frm_action\" value=\"create\" \/>\n<input type=\"hidden\" name=\"form_id\" value=\"20\" \/>\n<input type=\"hidden\" name=\"frm_hide_fields_20\" id=\"frm_hide_fields_20\" value=\"\" \/>\n<input type=\"hidden\" name=\"form_key\" value=\"kontaktujte-nas22\" \/>\n<input type=\"hidden\" name=\"item_meta[0]\" value=\"\" \/>\n<input type=\"hidden\" id=\"frm_submit_entry_20\" name=\"frm_submit_entry_20\" value=\"19cd592401\" \/><input type=\"hidden\" name=\"_wp_http_referer\" value=\"\/en\/wp-json\/wp\/v2\/pages\/15312\" \/><div id=\"frm_field_379_container\" class=\"frm_form_field form-field  frm_required_field frm_top_container\">\r\n    <div  id=\"field_makzu7_label\" class=\"frm_primary_label\">First and Last Name\r\n        <span class=\"frm_required\" aria-hidden=\"true\">*<\/span>\r\n    <\/div>\r\n    <fieldset aria-labelledby=\"field_makzu7_label\">\n\t<legend class=\"frm_screen_reader frm_hidden\">\n\t\tFirst and Last Name\t<\/legend>\n\n\t<div  class=\"frm_combo_inputs_container\" id=\"frm_combo_inputs_container_379\" data-name-layout=\"first_last\">\n\t\t\t\t\t<div\n\t\t\t\tid=\"frm_field_379-first_container\"\n\t\t\t\tclass=\"frm_form_field form-field frm_form_subfield-first  frm6\"\n\t\t\t\tdata-sub-field-name=\"first\"\n\t\t\t>\n\t\t\t\t<label for=\"field_makzu7_first\" class=\"frm_screen_reader frm_hidden\">\n\t\t\t\t\tFirst and Last Name\t\t\t\t<\/label>\n\n\t\t\t\t<input  type=\"text\" id=\"field_makzu7_first\" value=\"\" name=\"item_meta[379][first]\" autocomplete=\"given-name\" data-reqmsg=\"Toto pole nem\u016f\u017ee b\u00fdt pr\u00e1zdn\u00e9.\" aria-required=\"true\" data-invmsg=\"First and Last Name is invalid\" aria-invalid=\"false\"  \/>\t\t\t<\/div>\n\t\t\t\t\t\t<div\n\t\t\t\tid=\"frm_field_379-last_container\"\n\t\t\t\tclass=\"frm_form_field form-field frm_form_subfield-last  frm6\"\n\t\t\t\tdata-sub-field-name=\"last\"\n\t\t\t>\n\t\t\t\t<label for=\"field_makzu7_last\" class=\"frm_screen_reader frm_hidden\">\n\t\t\t\t\tFirst and Last Name\t\t\t\t<\/label>\n\n\t\t\t\t<input  type=\"text\" id=\"field_makzu7_last\" value=\"\" name=\"item_meta[379][last]\" autocomplete=\"family-name\" data-reqmsg=\"Toto pole nem\u016f\u017ee b\u00fdt pr\u00e1zdn\u00e9.\" aria-required=\"true\" data-invmsg=\"First and Last Name is invalid\" aria-invalid=\"false\"  \/>\t\t\t<\/div>\n\t\t\t\t<\/div>\n<\/fieldset>\n\r\n    \r\n    \r\n<\/div>\n<div id=\"frm_field_380_container\" class=\"frm_form_field form-field  frm_required_field frm_top_container frm6 frm_first\">\r\n    <label for=\"field_29yf4d42\" id=\"field_29yf4d42_label\" class=\"frm_primary_label\">E-mail\r\n        <span class=\"frm_required\">*<\/span>\r\n    <\/label>\r\n    <input type=\"email\" id=\"field_29yf4d42\" name=\"item_meta[380]\" value=\"\"  data-reqmsg=\"Toto pole nem\u016f\u017ee b\u00fdt pr\u00e1zdn\u00e9.\" aria-required=\"true\" data-invmsg=\"Pros\u00edme uve\u010fte spr\u00e1vnou adresu\" aria-invalid=\"false\"  \/>\r\n    \r\n    \r\n<\/div>\n<div id=\"frm_field_381_container\" class=\"frm_form_field form-field  frm_required_field frm_top_container frm6 frm_alignright\">\r\n    <label for=\"field_sjn1r7\" id=\"field_sjn1r7_label\" class=\"frm_primary_label\">Phone\r\n        <span class=\"frm_required\">*<\/span>\r\n    <\/label>\r\n    <input type=\"tel\" id=\"field_sjn1r7\" name=\"item_meta[381]\" value=\"\"  data-reqmsg=\"Toto pole nem\u016f\u017ee b\u00fdt pr\u00e1zdn\u00e9.\" aria-required=\"true\" data-invmsg=\"\u010c\u00edslo je chybn\u00e9\" aria-invalid=\"false\" pattern=\"((\\+\\d{1,3}(-|.| )?\\(?\\d\\)?(-| |.)?\\d{1,5})|(\\(?\\d{2,6}\\)?))(-|.| )?(\\d{3,4})(-|.| )?(\\d{4})(( x| ext)\\d{1,5}){0,1}$\"  \/>\r\n    \r\n    \r\n<\/div>\n<div id=\"frm_field_382_container\" class=\"frm_form_field form-field  frm_required_field frm_top_container frm_full\">\r\n    <label for=\"field_9jv0r132\" id=\"field_9jv0r132_label\" class=\"frm_primary_label\">Your Message\r\n        <span class=\"frm_required\">*<\/span>\r\n    <\/label>\r\n    <textarea name=\"item_meta[382]\" id=\"field_9jv0r132\" rows=\"5\"  data-reqmsg=\"Toto pole nem\u016f\u017ee b\u00fdt pr\u00e1zdn\u00e9.\" aria-required=\"true\" data-invmsg=\"Your Message is invalid\" aria-invalid=\"false\"  ><\/textarea>\r\n    \r\n    \r\n<\/div>\n<div id=\"frm_field_384_container\" class=\"frm_form_field form-field  frm_required_field frm_top_container vertical_radio\">\r\n    <div  id=\"field_6lhi66_label\" class=\"frm_primary_label\">By sending a message through the contact form on the website, you consent to the processing of your personal data (name, phone number, email) for the purpose of responding to your inquiry. The form is not intended for questions regarding Booking.com reservations.\r\n        <span class=\"frm_required\" aria-hidden=\"true\">*<\/span>\r\n    <\/div>\r\n    <div class=\"frm_opt_container\" aria-labelledby=\"field_6lhi66_label\" role=\"radiogroup\" aria-required=\"true\">\t\t<div class=\"frm_radio\" id=\"frm_radio_384-0\">\t\t\t<label  for=\"field_6lhi66-0\">\n\t\t\t\t\t<input type=\"radio\" name=\"item_meta[384]\" id=\"field_6lhi66-0\" value=\"I agree to the terms of service\"\n\t\t data-reqmsg=\"Toto pole nem\u016f\u017ee b\u00fdt pr\u00e1zdn\u00e9.\" data-invmsg=\"By sending a message through the contact form on the website, you consent to the processing of your personal data (name, phone number, email) for the purpose of responding to your inquiry. The form is not intended for questions regarding Booking.com reservations. is invalid\"   \/> I agree to the terms of service<\/label><\/div>\n<\/div>\r\n    \r\n    \r\n<\/div>\n<div id=\"frm_field_385_container\" class=\"frm_form_field form-field \">\r\n\t<div class=\"frm_submit\">\r\n\r\n<button class=\"frm_button_submit frm_final_submit\" type=\"submit\"   formnovalidate=\"formnovalidate\">Send message<\/button>\r\n\r\n<\/div>\r\n<\/div>\n\t<input type=\"hidden\" name=\"item_key\" value=\"\" \/>\n\t\t\t<div id=\"frm_field_872_container\">\n\t\t\t<label for=\"field_6cxsx\" >\n\t\t\t\tIf you are human, leave this field blank.\t\t\t<\/label>\n\t\t\t<input  id=\"field_6cxsx\" type=\"text\" class=\"frm_form_field form-field frm_verify\" name=\"item_meta[872]\" value=\"\"  \/>\n\t\t<\/div>\n\t\t<input name=\"frm_state\" type=\"hidden\" value=\"DQV0vkK1dC9Gywqe1PfPNHclVgPEEyu6Tjy8168Vvak8Cb2GNWoDQuLDeELHaC9Z\" \/><\/div>\n<\/fieldset>\n<\/div>\n\n<p style=\"display: none !important;\" class=\"akismet-fields-container\" data-prefix=\"ak_\"><label>&#916;<textarea name=\"ak_hp_textarea\" cols=\"45\" rows=\"8\" maxlength=\"100\"><\/textarea><\/label><input type=\"hidden\" id=\"ak_js_1\" name=\"ak_js\" value=\"158\"\/><script>document.getElementById( \"ak_js_1\" ).setAttribute( \"value\", ( new Date() ).getTime() );<\/script><\/p><\/form>\n<\/div>\n[\/vc_column_text][\/vc_column][vc_column width=&#8221;1\/3&#8243;][vc_empty_space height=&#8221;92px&#8221;][\/vc_column][vc_column width=&#8221;1\/3&#8243;][vc_empty_space height=&#8221;172px&#8221;]<div class=\"st-contact-info\">\r\n    <div class=\"info-bg\">\r\n            <\/div>\r\n    <div class=\"info-content\">\r\n                <h3>e-booking.cz<\/h3>\r\n                        <div class=\"sub\">\r\n            <\/p>\n<p class=\"p1\"><b>eShopper Czech s.r.o.<\/b><\/p>\n<p class=\"p1\">Vale\u010dovsk\u00e1 837\/1<\/p>\n<p class=\"p3\">19000 Praha 9 CZ<\/p>\n<p>I\u010c: 10843906<\/p>\n<p class=\"p3\">DI\u010c: CZ10843906<\/p>\n<p>Phone: +420 704 733 655 (Working days 10:00 AM &#8211; 4:00 PM)<\/p>\n<p>e-mail: info@e-booking.cz            <!--<p>Tell. + 00 222 444 33<\/p>\r\n            <p>Email. hello@yoursite.com<\/p>\r\n            <p class=\"address\">1355 Market St, Suite 900San, Francisco, CA 94103 United States<\/p>-->\r\n        <\/div>\r\n            <\/div>\r\n<\/div>[\/vc_column][\/vc_row]<\/p>\n<\/div>","protected":false},"excerpt":{"rendered":"<p>[vc_row][vc_column][vc_column_text] Contact us [\/vc_column_text][\/vc_column][\/vc_row][vc_row][vc_column][vc_column_text] Here&#8217;s how you can\u00a0contact\u00a0us. [\/vc_column_text][\/vc_column][\/vc_row][vc_row][vc_column width=&#8221;1\/3&#8243;][vc_column_text css=&#8221;&#8221;][\/vc_column_text][\/vc_column][vc_column width=&#8221;1\/3&#8243;][vc_empty_space height=&#8221;92px&#8221;][\/vc_column][vc_column width=&#8221;1\/3&#8243;][vc_empty_space height=&#8221;172px&#8221;][\/vc_column][\/vc_row]<\/p>\n","protected":false},"author":3,"featured_media":8503,"parent":0,"menu_order":0,"comment_status":"closed","ping_status":"closed","template":"template-home-modern.php","meta":{"footnotes":""},"class_list":["post-15312","page","type-page","status-publish","has-post-thumbnail","hentry"],"yoast_head":"<!-- This site is optimized with the Yoast SEO Premium plugin v26.1 (Yoast SEO v27.2) - https:\/\/yoast.com\/product\/yoast-seo-premium-wordpress\/ -->\n<title>Do you have questions? | Contact Us - e-booking.cz<\/title>\n<meta name=\"description\" content=\"Do you have questions regarding accommodation, organization of weddings or corporate events? Then don&#039;t hesitate to contact us \u2013 we&#039;re here for you.\" \/>\n<meta name=\"robots\" content=\"index, follow, max-snippet:-1, max-image-preview:large, max-video-preview:-1\" \/>\n<link rel=\"canonical\" href=\"https:\/\/e-booking.cz\/en\/contact-us\/\" \/>\n<meta name=\"twitter:card\" content=\"summary_large_image\" \/>\n<meta name=\"twitter:title\" content=\"Do you have questions? | Contact Us - e-booking.cz\" \/>\n<meta name=\"twitter:description\" content=\"Do you have questions regarding accommodation, organization of weddings or corporate events? Then don&#039;t hesitate to contact us \u2013 we&#039;re here for you.\" \/>\n<meta name=\"twitter:image\" content=\"https:\/\/e-booking.cz\/wp-content\/uploads\/2019\/08\/pracovn\u00ed-st\u016fl-blg.jpg\" \/>\n<meta name=\"twitter:site\" content=\"@EBookingcz\" \/>\n<meta name=\"twitter:label1\" content=\"Est. reading time\" \/>\n\t<meta name=\"twitter:data1\" content=\"1 minute\" \/>\n<script type=\"application\/ld+json\" class=\"yoast-schema-graph\">{\"@context\":\"https:\/\/schema.org\",\"@graph\":[{\"@type\":\"WebPage\",\"@id\":\"https:\/\/e-booking.cz\/en\/contact-us\/\",\"url\":\"https:\/\/e-booking.cz\/en\/contact-us\/\",\"name\":\"Do you have questions? | Contact Us - e-booking.cz\",\"isPartOf\":{\"@id\":\"https:\/\/e-booking.cz\/#website\"},\"primaryImageOfPage\":{\"@id\":\"https:\/\/e-booking.cz\/en\/contact-us\/#primaryimage\"},\"image\":{\"@id\":\"https:\/\/e-booking.cz\/en\/contact-us\/#primaryimage\"},\"thumbnailUrl\":\"https:\/\/e-booking.cz\/wp-content\/uploads\/2019\/08\/pracovn\u00ed-st\u016fl-blg.jpg\",\"datePublished\":\"2019-10-12T12:24:35+00:00\",\"dateModified\":\"2024-09-14T21:51:04+00:00\",\"description\":\"Do you have questions regarding accommodation, organization of weddings or corporate events? Then don't hesitate to contact us \u2013 we're here for you.\",\"breadcrumb\":{\"@id\":\"https:\/\/e-booking.cz\/en\/contact-us\/#breadcrumb\"},\"inLanguage\":\"en-US\",\"potentialAction\":[{\"@type\":\"ReadAction\",\"target\":[\"https:\/\/e-booking.cz\/en\/contact-us\/\"]}]},{\"@type\":\"ImageObject\",\"inLanguage\":\"en-US\",\"@id\":\"https:\/\/e-booking.cz\/en\/contact-us\/#primaryimage\",\"url\":\"https:\/\/e-booking.cz\/wp-content\/uploads\/2019\/08\/pracovn\u00ed-st\u016fl-blg.jpg\",\"contentUrl\":\"https:\/\/e-booking.cz\/wp-content\/uploads\/2019\/08\/pracovn\u00ed-st\u016fl-blg.jpg\",\"width\":4000,\"height\":2450,\"caption\":\"Pracovn\u00ed st\u016fl blg\"},{\"@type\":\"BreadcrumbList\",\"@id\":\"https:\/\/e-booking.cz\/en\/contact-us\/#breadcrumb\",\"itemListElement\":[{\"@type\":\"ListItem\",\"position\":1,\"name\":\"Dom\u016f\",\"item\":\"https:\/\/e-booking.cz\/en\/\"},{\"@type\":\"ListItem\",\"position\":2,\"name\":\"Contact Us\"}]},{\"@type\":\"WebSite\",\"@id\":\"https:\/\/e-booking.cz\/#website\",\"url\":\"https:\/\/e-booking.cz\/\",\"name\":\"e-booking.cz\",\"description\":\"\",\"publisher\":{\"@id\":\"https:\/\/e-booking.cz\/#organization\"},\"potentialAction\":[{\"@type\":\"SearchAction\",\"target\":{\"@type\":\"EntryPoint\",\"urlTemplate\":\"https:\/\/e-booking.cz\/?s={search_term_string}\"},\"query-input\":{\"@type\":\"PropertyValueSpecification\",\"valueRequired\":true,\"valueName\":\"search_term_string\"}}],\"inLanguage\":\"en-US\"},{\"@type\":\"Organization\",\"@id\":\"https:\/\/e-booking.cz\/#organization\",\"name\":\"e-booking.cz\",\"url\":\"https:\/\/e-booking.cz\/\",\"logo\":{\"@type\":\"ImageObject\",\"inLanguage\":\"en-US\",\"@id\":\"https:\/\/e-booking.cz\/#\/schema\/logo\/image\/\",\"url\":\"https:\/\/e-booking.cz\/wp-content\/uploads\/2019\/08\/logo-ebooking-e1565277525708.png\",\"contentUrl\":\"https:\/\/e-booking.cz\/wp-content\/uploads\/2019\/08\/logo-ebooking-e1565277525708.png\",\"width\":130,\"height\":24,\"caption\":\"e-booking.cz\"},\"image\":{\"@id\":\"https:\/\/e-booking.cz\/#\/schema\/logo\/image\/\"},\"sameAs\":[\"https:\/\/www.facebook.com\/ebookingcz\",\"https:\/\/x.com\/EBookingcz\",\"https:\/\/www.instagram.com\/ebooking.cz\/\"]}]}<\/script>\n<!-- \/ Yoast SEO Premium plugin. -->","yoast_head_json":{"title":"Do you have questions? | Contact Us - e-booking.cz","description":"Do you have questions regarding accommodation, organization of weddings or corporate events? Then don't hesitate to contact us \u2013 we're here for you.","robots":{"index":"index","follow":"follow","max-snippet":"max-snippet:-1","max-image-preview":"max-image-preview:large","max-video-preview":"max-video-preview:-1"},"canonical":"https:\/\/e-booking.cz\/en\/contact-us\/","twitter_card":"summary_large_image","twitter_title":"Do you have questions? | Contact Us - e-booking.cz","twitter_description":"Do you have questions regarding accommodation, organization of weddings or corporate events? Then don't hesitate to contact us \u2013 we're here for you.","twitter_image":"https:\/\/e-booking.cz\/wp-content\/uploads\/2019\/08\/pracovn\u00ed-st\u016fl-blg.jpg","twitter_site":"@EBookingcz","twitter_misc":{"Est. reading time":"1 minute"},"schema":{"@context":"https:\/\/schema.org","@graph":[{"@type":"WebPage","@id":"https:\/\/e-booking.cz\/en\/contact-us\/","url":"https:\/\/e-booking.cz\/en\/contact-us\/","name":"Do you have questions? | Contact Us - e-booking.cz","isPartOf":{"@id":"https:\/\/e-booking.cz\/#website"},"primaryImageOfPage":{"@id":"https:\/\/e-booking.cz\/en\/contact-us\/#primaryimage"},"image":{"@id":"https:\/\/e-booking.cz\/en\/contact-us\/#primaryimage"},"thumbnailUrl":"https:\/\/e-booking.cz\/wp-content\/uploads\/2019\/08\/pracovn\u00ed-st\u016fl-blg.jpg","datePublished":"2019-10-12T12:24:35+00:00","dateModified":"2024-09-14T21:51:04+00:00","description":"Do you have questions regarding accommodation, organization of weddings or corporate events? Then don't hesitate to contact us \u2013 we're here for you.","breadcrumb":{"@id":"https:\/\/e-booking.cz\/en\/contact-us\/#breadcrumb"},"inLanguage":"en-US","potentialAction":[{"@type":"ReadAction","target":["https:\/\/e-booking.cz\/en\/contact-us\/"]}]},{"@type":"ImageObject","inLanguage":"en-US","@id":"https:\/\/e-booking.cz\/en\/contact-us\/#primaryimage","url":"https:\/\/e-booking.cz\/wp-content\/uploads\/2019\/08\/pracovn\u00ed-st\u016fl-blg.jpg","contentUrl":"https:\/\/e-booking.cz\/wp-content\/uploads\/2019\/08\/pracovn\u00ed-st\u016fl-blg.jpg","width":4000,"height":2450,"caption":"Pracovn\u00ed st\u016fl blg"},{"@type":"BreadcrumbList","@id":"https:\/\/e-booking.cz\/en\/contact-us\/#breadcrumb","itemListElement":[{"@type":"ListItem","position":1,"name":"Dom\u016f","item":"https:\/\/e-booking.cz\/en\/"},{"@type":"ListItem","position":2,"name":"Contact Us"}]},{"@type":"WebSite","@id":"https:\/\/e-booking.cz\/#website","url":"https:\/\/e-booking.cz\/","name":"e-booking.cz","description":"","publisher":{"@id":"https:\/\/e-booking.cz\/#organization"},"potentialAction":[{"@type":"SearchAction","target":{"@type":"EntryPoint","urlTemplate":"https:\/\/e-booking.cz\/?s={search_term_string}"},"query-input":{"@type":"PropertyValueSpecification","valueRequired":true,"valueName":"search_term_string"}}],"inLanguage":"en-US"},{"@type":"Organization","@id":"https:\/\/e-booking.cz\/#organization","name":"e-booking.cz","url":"https:\/\/e-booking.cz\/","logo":{"@type":"ImageObject","inLanguage":"en-US","@id":"https:\/\/e-booking.cz\/#\/schema\/logo\/image\/","url":"https:\/\/e-booking.cz\/wp-content\/uploads\/2019\/08\/logo-ebooking-e1565277525708.png","contentUrl":"https:\/\/e-booking.cz\/wp-content\/uploads\/2019\/08\/logo-ebooking-e1565277525708.png","width":130,"height":24,"caption":"e-booking.cz"},"image":{"@id":"https:\/\/e-booking.cz\/#\/schema\/logo\/image\/"},"sameAs":["https:\/\/www.facebook.com\/ebookingcz","https:\/\/x.com\/EBookingcz","https:\/\/www.instagram.com\/ebooking.cz\/"]}]}},"_links":{"self":[{"href":"https:\/\/e-booking.cz\/en\/wp-json\/wp\/v2\/pages\/15312","targetHints":{"allow":["GET"]}}],"collection":[{"href":"https:\/\/e-booking.cz\/en\/wp-json\/wp\/v2\/pages"}],"about":[{"href":"https:\/\/e-booking.cz\/en\/wp-json\/wp\/v2\/types\/page"}],"author":[{"embeddable":true,"href":"https:\/\/e-booking.cz\/en\/wp-json\/wp\/v2\/users\/3"}],"replies":[{"embeddable":true,"href":"https:\/\/e-booking.cz\/en\/wp-json\/wp\/v2\/comments?post=15312"}],"version-history":[{"count":8,"href":"https:\/\/e-booking.cz\/en\/wp-json\/wp\/v2\/pages\/15312\/revisions"}],"predecessor-version":[{"id":59484,"href":"https:\/\/e-booking.cz\/en\/wp-json\/wp\/v2\/pages\/15312\/revisions\/59484"}],"wp:featuredmedia":[{"embeddable":true,"href":"https:\/\/e-booking.cz\/en\/wp-json\/wp\/v2\/media\/8503"}],"wp:attachment":[{"href":"https:\/\/e-booking.cz\/en\/wp-json\/wp\/v2\/media?parent=15312"}],"curies":[{"name":"wp","href":"https:\/\/api.w.org\/{rel}","templated":true}]}}